{"id":42628,"date":"2025-12-23T05:26:22","date_gmt":"2025-12-23T13:26:22","guid":{"rendered":"https:\/\/tangooled.com\/?post_type=product&#038;p=42628"},"modified":"2026-01-27T20:09:10","modified_gmt":"2026-01-28T04:09:10","slug":"outside-corner-tile-led-strip-profile-for-12mm-light-tape","status":"publish","type":"product","link":"https:\/\/tangooled.com\/pt\/product\/outside-corner-tile-led-strip-profile-for-12mm-light-tape\/","title":{"rendered":"Perfil de tira LED em canto externo para fita de luz de 12mm"},"content":{"rendered":"<div class=\"wp-block-group is-vertical is-layout-flex wp-container-core-group-is-layout-d255d7c4 wp-block-group-is-layout-flex\" style=\"padding-top:var(--wp--preset--spacing--80);padding-bottom:var(--wp--preset--spacing--80)\">\n<p>Our DWP07 Outside corner tile LED profile will make your tiled corners glow. This high-quality aluminum\u00a0profile is made to hold and protect your 12mm light tape while making the corners of your outdoor tiles seem clean and smooth. It is 46.8mm broad and 21.5mm deep. The profile is made of durable anodized aluminum, which functions as a heat sink to keep your LEDs cool and safe. The inbuilt opal diffuser makes the light gentle and dot-free, which makes it great for kitchens, baths, staircases, and other tiled areas.<\/p>\n<\/div>\n\n\n\n<div class=\"wp-block-group has-background is-vertical is-layout-flex wp-container-core-group-is-layout-d255d7c4 wp-block-group-is-layout-flex\" style=\"background-color:#f1f1f1;padding-top:var(--wp--preset--spacing--80);padding-bottom:var(--wp--preset--spacing--80)\">\n<div class=\"wp-block-group is-vertical is-layout-flex wp-container-core-group-is-layout-8cf370e7 wp-block-group-is-layout-flex\">\n<h2 class=\"wp-block-heading\" style=\"padding-top:var(--wp--preset--spacing--40);padding-bottom:var(--wp--preset--spacing--40);font-size:25px;font-style:normal;font-weight:600;text-transform:capitalize\">Por que voc\u00ea precisa deste perfil de LED para canto externo<\/h2>\n\n\n\n<ul class=\"wp-block-list\">\n<li>Evita que os cantos dos azulejos fiquem lascados e quebrados.<\/li>\n\n\n\n<li>D\u00e1 aos seus contornos de ilumina\u00e7\u00e3o uma apar\u00eancia moderna e elegante.<\/li>\n\n\n\n<li>A flange perfurada adere efetivamente na argamassa de azulejos, tornando-a muito robusta.<\/li>\n\n\n\n<li>Pode ser usado em locais secos ou molhados.<\/li>\n\n\n\n<li>Faz a ilumina\u00e7\u00e3o no seu banheiro, cozinha, escada ou parede parecer n\u00edtida e brilhante.<\/li>\n\n\n\n<li>Funciona com muitos tipos de fita LED SMD ou COB para criar um brilho sem pontos.<\/li>\n<\/ul>\n<\/div>\n<\/div>\n\n\n\n<div class=\"wp-block-group is-vertical is-layout-flex wp-container-core-group-is-layout-d255d7c4 wp-block-group-is-layout-flex\" style=\"padding-top:var(--wp--preset--spacing--80);padding-bottom:var(--wp--preset--spacing--80)\">\n<hr class=\"wp-block-separator has-alpha-channel-opacity\"\/>\n\n\n\n<div class=\"wp-block-media-text has-media-on-the-right is-stacked-on-mobile\" style=\"grid-template-columns:auto 40%\"><div class=\"wp-block-media-text__content\">\n<h2 class=\"wp-block-heading\" style=\"padding-top:var(--wp--preset--spacing--40);padding-bottom:var(--wp--preset--spacing--40);font-size:25px;font-style:normal;font-weight:600;text-transform:capitalize\">Como Instalar<\/h2>\n\n\n\n<ul class=\"wp-block-list\">\n<li>Certifique-se de que o canto do azulejo esteja limpo e seco.<\/li>\n\n\n\n<li>Use cola para azulejos ou argamassa fina para instalar a flange perfurada no lugar.<\/li>\n\n\n\n<li>Aguarde a cola secar antes de colocar a fita LED no canal.<\/li>\n\n\n\n<li>Coloque a tampa difusora opalina no perfil encaixando-a.<\/li>\n\n\n\n<li>Use as tampas nas extremidades para fechar. Se a \u00e1rea estiver \u00famida, use silicone para vedar as bordas.<\/li>\n\n\n\n<li>Conecte as tiras de LED \u00e0 energia e utilize dimmers ou controles inteligentes para resultados \u00f3timos.<\/li>\n<\/ul>\n<\/div><figure class=\"wp-block-media-text__media\"><img loading=\"lazy\" decoding=\"async\" width=\"500\" height=\"500\" src=\"https:\/\/tangooled.com\/wp-content\/uploads\/2025\/12\/dwp07-ins.webp\" alt=\"outside corner tile led strip profile for 12mm light tape\" class=\"wp-image-42805 size-full\" srcset=\"https:\/\/tangooled.com\/wp-content\/uploads\/2025\/12\/dwp07-ins.webp 500w, https:\/\/tangooled.com\/wp-content\/uploads\/2025\/12\/dwp07-ins-300x300.webp 300w, https:\/\/tangooled.com\/wp-content\/uploads\/2025\/12\/dwp07-ins-150x150.webp 150w\" sizes=\"auto, (max-width: 500px) 100vw, 500px\" \/><\/figure><\/div>\n<\/div>\n\n\n\n<div class=\"wp-block-group has-background is-vertical is-layout-flex wp-container-core-group-is-layout-b429018a wp-block-group-is-layout-flex\" style=\"background-color:#f1f1f1f2;padding-top:var(--wp--preset--spacing--70);padding-bottom:var(--wp--preset--spacing--70)\">\n<h2 class=\"wp-block-heading\" style=\"padding-top:var(--wp--preset--spacing--40);padding-bottom:var(--wp--preset--spacing--40);font-size:25px;font-style:normal;font-weight:600\">Onde usar o perfil de LED para canto externo<\/h2>\n\n\n\n<p>Voc\u00ea pode usar este perfil de LED para canto externo em v\u00e1rias \u00e1reas onde azulejo e luz se encontram:<\/p>\n\n\n\n<ul class=\"wp-block-list\">\n<li>Banheiros e chuveiros: Adicione luz aos cantos das paredes do chuveiro ou nichos.<\/li>\n\n\n\n<li>Bancadas na cozinha: Adicione luz \u00e0s bordas da bancada.<\/li>\n\n\n\n<li>Degraus azulejados: Coloque-os nas laterais das escadas para torn\u00e1-las mais seguras e bonitas.<\/li>\n\n\n\n<li>Caracter\u00edsticas e nichos na parede: Exiba cantos azulejados em paredes ou mostre nichos.<\/li>\n\n\n\n<li>Rodap\u00e9s: Fa\u00e7a as bordas do azulejo iluminarem onde se encontram com o ch\u00e3o ou a parede.<\/li>\n<\/ul>\n<\/div>\n\n\n\n<div class=\"wp-block-group is-vertical is-layout-flex wp-container-core-group-is-layout-d255d7c4 wp-block-group-is-layout-flex\" style=\"padding-top:var(--wp--preset--spacing--80);padding-bottom:var(--wp--preset--spacing--80)\">\n<h2 class=\"wp-block-heading\" style=\"padding-top:var(--wp--preset--spacing--40);padding-bottom:var(--wp--preset--spacing--40);font-size:25px;font-style:normal;font-weight:600;text-transform:capitalize\">Produtos relacionados e mais informa\u00e7\u00f5es<\/h2>\n\n\n\n<ul class=\"wp-block-list\">\n<li><a href=\"https:\/\/tangooled.com\/pt\/product\/black-led-diffuser-aluminum-channel-for-12mm-tape-lights\/\"><mark style=\"background-color:rgba(0, 0, 0, 0)\" class=\"has-inline-color has-vivid-red-color\">Canal de alum\u00ednio preto com difusor para fitas LED de 12mm<\/mark><\/a>- perfeito para acabamentos pretos elegantes.<\/li>\n\n\n\n<li><a href=\"https:\/\/tangooled.com\/pt\/product\/18x18mm-led-strip-corner-profile-for-12mm-led-strips\/\"><mark style=\"background-color:rgba(0, 0, 0, 0)\" class=\"has-inline-color has-vivid-red-color\">Perfil de canto de tira LED 18x18mm para fita de 12mm<\/mark><\/a>- outra \u00f3tima op\u00e7\u00e3o de complemento.<\/li>\n\n\n\n<li><a href=\"https:\/\/tangooled.com\/pt\/product\/aluminum-drywall-led-skirting-profile-for-12mm-tape-light\/\"><mark style=\"background-color:rgba(0, 0, 0, 0)\" class=\"has-inline-color has-vivid-red-color\">Perfil de alum\u00ednio para ilumina\u00e7\u00e3o LED de drywall para fita de 12mm<\/mark><\/a> \u2013 for use around drywall edges.<\/li>\n\n\n\n<li><a href=\"https:\/\/tangooled.com\/pt\/product\/led-profile-under-cabinet-corner-lighting-for-led-strip-12mm\/\"><mark style=\"background-color:rgba(0, 0, 0, 0)\" class=\"has-inline-color has-vivid-red-color\">Perfil LED para ilumina\u00e7\u00e3o em canto sob arm\u00e1rio para fita LED de 12mm<\/mark><\/a> \u2013 good for kitchen cabinet accent lighting.<\/li>\n<\/ul>\n<\/div>\n\n\n\n<div class=\"wp-block-group has-background\" style=\"background-color:#f1f1f1;padding-top:var(--wp--preset--spacing--80);padding-bottom:var(--wp--preset--spacing--80)\"><div class=\"wp-block-group__inner-container is-layout-constrained wp-block-group-is-layout-constrained\">\n<h2 class=\"wp-block-heading\" style=\"padding-top:var(--wp--preset--spacing--40);padding-bottom:var(--wp--preset--spacing--40);font-size:25px;font-style:normal;font-weight:600;text-transform:capitalize\">Resumo<\/h2>\n\n\n\n<p style=\"padding-right:var(--wp--preset--spacing--50);padding-left:var(--wp--preset--spacing--50)\">Este perfil de LED para canto externo para fita de luz de 12mm \u00e9 a melhor maneira de iluminar cantos de azulejos de forma organizada e duradoura. Ele protege os azulejos, melhora a efici\u00eancia das LEDs e tem uma apar\u00eancia maravilhosa em resid\u00eancias e com\u00e9rcios. A instala\u00e7\u00e3o \u00e9 f\u00e1cil e duradoura, gra\u00e7as ao seu corpo de alum\u00ednio forte, difusor suave e flange amig\u00e1vel para azulejos. Para os melhores efeitos, use-o com fitas de LED de alta qualidade e certifique-se de ved\u00e1-lo bem em locais \u00famidos.<\/p>\n<\/div><\/div>\n\n\n\n<p><\/p>","protected":false},"featured_media":13733,"template":"","meta":{"_acf_changed":true,"_seopress_robots_primary_cat":"none","_seopress_titles_title":"Outside Corner Tile LED Profile | 12mm LED Tile Trim Channel DWP07 | TANGOOLED","_seopress_titles_desc":"The DWP07 is a premium outside corner tile led profile designed for 12mm light tapes. This aluminum tile trim profile protects tile edges while providing seamless corner lighting in bathrooms and kitchens.","_seopress_robots_index":""},"pcb-width":[228],"product-cat":[197],"class_list":{"0":"post-42628","1":"product","2":"type-product","3":"status-publish","4":"has-post-thumbnail","6":"pcb-width-6-12mm","7":"product-cat-plaster-in-profile"},"acf":[],"_links":{"self":[{"href":"https:\/\/tangooled.com\/pt\/wp-json\/wp\/v2\/product\/42628","targetHints":{"allow":["GET"]}}],"collection":[{"href":"https:\/\/tangooled.com\/pt\/wp-json\/wp\/v2\/product"}],"about":[{"href":"https:\/\/tangooled.com\/pt\/wp-json\/wp\/v2\/types\/product"}],"wp:featuredmedia":[{"embeddable":true,"href":"https:\/\/tangooled.com\/pt\/wp-json\/wp\/v2\/media\/13733"}],"wp:attachment":[{"href":"https:\/\/tangooled.com\/pt\/wp-json\/wp\/v2\/media?parent=42628"}],"wp:term":[{"taxonomy":"pcb-width","embeddable":true,"href":"https:\/\/tangooled.com\/pt\/wp-json\/wp\/v2\/pcb-width?post=42628"},{"taxonomy":"product-cat","embeddable":true,"href":"https:\/\/tangooled.com\/pt\/wp-json\/wp\/v2\/product-cat?post=42628"}],"curies":[{"name":"wp","href":"https:\/\/api.w.org\/{rel}","templated":true}]}}