{"id":42606,"date":"2025-12-23T02:20:43","date_gmt":"2025-12-23T10:20:43","guid":{"rendered":"https:\/\/tangooled.com\/?post_type=product&#038;p=42606"},"modified":"2026-02-01T22:12:19","modified_gmt":"2026-02-02T06:12:19","slug":"ceiling-plaster-in-led-profile-for-9mm-deep-groove","status":"publish","type":"product","link":"https:\/\/tangooled.com\/pt\/product\/ceiling-plaster-in-led-profile-for-9mm-deep-groove\/","title":{"rendered":"gesso no perfil LED para ranhura de 9 mm de profundidade"},"content":{"rendered":"<div class=\"wp-block-group is-vertical is-layout-flex wp-container-core-group-is-layout-d255d7c4 wp-block-group-is-layout-flex\" style=\"padding-top:var(--wp--preset--spacing--80);padding-bottom:var(--wp--preset--spacing--80)\">\n<p>Our 9mm deep plaster in LED profile is aimed to make ceilings look clean and modern by adding lighting that doesn&#8217;t have seams or trim. The profile is 56.6mm wide and 13.1mm deep, so it fits well into walls and plasterboard and entirely covers the fixture. It is composed of high-quality anodized aluminum 6063-T5 and has a wide flange so it may be flush-mounted. It also helps keep LED strips cool and makes them last longer by acting as a heat sink. The opal diffuser softens the light and removes dots, making it great for usage in architecture.<\/p>\n<\/div>\n\n\n\n<div class=\"wp-block-group has-background is-vertical is-layout-flex wp-container-core-group-is-layout-d255d7c4 wp-block-group-is-layout-flex\" style=\"background-color:#f1f1f1;padding-top:var(--wp--preset--spacing--80);padding-bottom:var(--wp--preset--spacing--80)\">\n<div class=\"wp-block-group is-vertical is-layout-flex wp-container-core-group-is-layout-8cf370e7 wp-block-group-is-layout-flex\">\n<h2 class=\"wp-block-heading\" style=\"padding-top:var(--wp--preset--spacing--40);padding-bottom:var(--wp--preset--spacing--40);font-size:25px;font-style:normal;font-weight:600;text-transform:capitalize\">Por que escolher nosso perfil LED de gesso de 9 mm?<\/h2>\n\n\n\n<ul class=\"wp-block-list\">\n<li>Funciona perfeitamente com placas de gesso ou drywall para ocultar o efeito.<\/li>\n\n\n\n<li>O alum\u00ednio anodizado ajuda a manter o calor melhor.<\/li>\n\n\n\n<li>Vem com tampas de extremidade para um acabamento limpo.<\/li>\n\n\n\n<li>Pode ser usado com fitas LED COB, fitas LED de densidade normal e fitas LED de alta densidade que t\u00eam at\u00e9 12 mm de largura.<\/li>\n\n\n\n<li>Funciona bem com tecnologia RGB+W e regul\u00e1vel, para que voc\u00ea possa mudar o ambiente com suas luzes.<\/li>\n\n\n\n<li>Funciona bem para ilumina\u00e7\u00e3o ambiente, de trabalho e de destaque.<\/li>\n<\/ul>\n<\/div>\n<\/div>\n\n\n\n<div class=\"wp-block-group is-vertical is-layout-flex wp-container-core-group-is-layout-d255d7c4 wp-block-group-is-layout-flex\" style=\"padding-top:var(--wp--preset--spacing--80);padding-bottom:var(--wp--preset--spacing--80)\">\n<hr class=\"wp-block-separator has-alpha-channel-opacity\"\/>\n\n\n\n<div class=\"wp-block-media-text has-media-on-the-right is-stacked-on-mobile\" style=\"grid-template-columns:auto 40%\"><div class=\"wp-block-media-text__content\">\n<h2 class=\"wp-block-heading\" style=\"padding-top:var(--wp--preset--spacing--40);padding-bottom:var(--wp--preset--spacing--40);font-size:25px;font-style:normal;font-weight:600;text-transform:capitalize\">Como este canal de ranhura de teto fino funciona<\/h2>\n\n\n\n<p>Este canal de ranhura de teto fino tem abas com furos que se inserem nas camadas de gesso. Isso facilita o gessamento at\u00e9 a borda, oferecendo um acabamento embutido, sem emendas ou bordas vis\u00edveis. Funciona com o difusor LED opalino para proporcionar linhas de luz LED suaves e sem pontos, perfeito para ilumina\u00e7\u00e3o arquitet\u00f4nica moderna. Combina bem com ilumina\u00e7\u00e3o em covas, efeitos de luz em paredes e outros tipos de ilumina\u00e7\u00e3o indireta.<\/p>\n<\/div><figure class=\"wp-block-media-text__media\"><img loading=\"lazy\" decoding=\"async\" width=\"500\" height=\"500\" src=\"https:\/\/tangooled.com\/wp-content\/uploads\/2025\/12\/dwp06-ins.webp\" alt=\"ceiling plaster in led profile for 9mm deep groove\" class=\"wp-image-42784 size-full\" srcset=\"https:\/\/tangooled.com\/wp-content\/uploads\/2025\/12\/dwp06-ins.webp 500w, https:\/\/tangooled.com\/wp-content\/uploads\/2025\/12\/dwp06-ins-300x300.webp 300w, https:\/\/tangooled.com\/wp-content\/uploads\/2025\/12\/dwp06-ins-150x150.webp 150w\" sizes=\"auto, (max-width: 500px) 100vw, 500px\" \/><\/figure><\/div>\n<\/div>\n\n\n\n<div class=\"wp-block-group has-background is-vertical is-layout-flex wp-container-core-group-is-layout-b429018a wp-block-group-is-layout-flex\" style=\"background-color:#f1f1f1f2;padding-top:var(--wp--preset--spacing--70);padding-bottom:var(--wp--preset--spacing--70)\">\n<h2 class=\"wp-block-heading\" style=\"padding-top:var(--wp--preset--spacing--40);padding-bottom:var(--wp--preset--spacing--40);font-size:25px;font-style:normal;font-weight:600\">Cen\u00e1rios de Uso Ideais<\/h2>\n\n\n\n<p>Nosso perfil LED de gesso de 9 mm \u00e9 perfeito para muitos projetos de ilumina\u00e7\u00e3o, como:<\/p>\n\n\n\n<ul class=\"wp-block-list\">\n<li>Ilumina\u00e7\u00e3o de Teto e Parede Minimalista: Crie linhas de luz discretas e elegantes em casas e escrit\u00f3rios.<\/li>\n\n\n\n<li>Mudan\u00e7as de Parede para Teto: Perfeito para ilumina\u00e7\u00e3o em covas e efeitos de teto flutuante.<\/li>\n\n\n\n<li>Espa\u00e7os Comerciais e de Varejo: Use ilumina\u00e7\u00e3o arquitet\u00f4nica para deixar lojas e showrooms mais agrad\u00e1veis.<\/li>\n\n\n\n<li>Ilumina\u00e7\u00e3o de Destaque: Utilize luz suave e limpa para real\u00e7ar nichos, sancas ou prateleiras.<\/li>\n\n\n\n<li>Ilumina\u00e7\u00e3o de Tarefa: Use-a sobre ilhas de cozinha ou \u00e1reas de trabalho para obter luz que \u00e9 brilhante, mas n\u00e3o excessivamente intensa.<\/li>\n<\/ul>\n<\/div>\n\n\n\n<div class=\"wp-block-group is-vertical is-layout-flex wp-container-core-group-is-layout-d255d7c4 wp-block-group-is-layout-flex\" style=\"padding-top:var(--wp--preset--spacing--80);padding-bottom:var(--wp--preset--spacing--80)\">\n<h2 class=\"wp-block-heading\" style=\"padding-top:var(--wp--preset--spacing--40);padding-bottom:var(--wp--preset--spacing--40);font-size:25px;font-style:normal;font-weight:600;text-transform:capitalize\">Produtos Tangooled Relacionados<\/h2>\n\n\n\n<ul class=\"wp-block-list\">\n<li>Perfil LED de gesso fino para fita de 8 mm<\/li>\n\n\n\n<li>Perfil LED para drywall de 12 mm para ranhura de teto<\/li>\n\n\n\n<li>perfil de luz LED de fita de 18x9mm para instala\u00e7\u00e3o em superf\u00edcie<\/li>\n\n\n\n<li>Perfil LED preto com difusor preto para fita LED de 10mm<\/li>\n<\/ul>\n<\/div>\n\n\n\n<div class=\"wp-block-group has-background\" style=\"background-color:#f1f1f1;padding-top:var(--wp--preset--spacing--80);padding-bottom:var(--wp--preset--spacing--80)\"><div class=\"wp-block-group__inner-container is-layout-constrained wp-block-group-is-layout-constrained\">\n<h2 class=\"wp-block-heading\" style=\"padding-top:var(--wp--preset--spacing--40);padding-bottom:var(--wp--preset--spacing--40);font-size:25px;font-style:normal;font-weight:600;text-transform:capitalize\">Resumo<\/h2>\n\n\n\n<p style=\"padding-right:var(--wp--preset--spacing--50);padding-left:var(--wp--preset--spacing--50)\">Este perfil LED de gesso de 9 mm de profundidade \u00e9 a melhor maneira de instalar luzes LED em tetos e paredes sem acabamentos. Com sua extrus\u00e3o de alum\u00ednio, difusor opalino e instala\u00e7\u00e3o f\u00e1cil, voc\u00ea pode criar uma bela ilumina\u00e7\u00e3o arquitet\u00f4nica. Este perfil funciona bem com tetos feitos de drywall, placas de gesso ou gesso e pode suportar fitas LED de diferentes cores e tipos.<\/p>\n<\/div><\/div>\n\n\n\n<p><\/p>","protected":false},"featured_media":13728,"template":"","meta":{"_acf_changed":true,"_seopress_robots_primary_cat":"none","_seopress_titles_title":"9mm Deep Plaster-in LED Profile | Slim Ceiling Groove Channel DWP06","_seopress_titles_desc":"The DWP06 is a slim 9mm deep plaster in led profile designed for shallow ceiling grooves. This trimless aluminum channel provides a seamless finish in thin plasterboards without structural interference.","_seopress_robots_index":""},"pcb-width":[228],"product-cat":[197],"class_list":{"0":"post-42606","1":"product","2":"type-product","3":"status-publish","4":"has-post-thumbnail","6":"pcb-width-6-12mm","7":"product-cat-plaster-in-profile"},"acf":[],"_links":{"self":[{"href":"https:\/\/tangooled.com\/pt\/wp-json\/wp\/v2\/product\/42606","targetHints":{"allow":["GET"]}}],"collection":[{"href":"https:\/\/tangooled.com\/pt\/wp-json\/wp\/v2\/product"}],"about":[{"href":"https:\/\/tangooled.com\/pt\/wp-json\/wp\/v2\/types\/product"}],"wp:featuredmedia":[{"embeddable":true,"href":"https:\/\/tangooled.com\/pt\/wp-json\/wp\/v2\/media\/13728"}],"wp:attachment":[{"href":"https:\/\/tangooled.com\/pt\/wp-json\/wp\/v2\/media?parent=42606"}],"wp:term":[{"taxonomy":"pcb-width","embeddable":true,"href":"https:\/\/tangooled.com\/pt\/wp-json\/wp\/v2\/pcb-width?post=42606"},{"taxonomy":"product-cat","embeddable":true,"href":"https:\/\/tangooled.com\/pt\/wp-json\/wp\/v2\/product-cat?post=42606"}],"curies":[{"name":"wp","href":"https:\/\/api.w.org\/{rel}","templated":true}]}}