{"id":42605,"date":"2025-12-23T02:16:16","date_gmt":"2025-12-23T10:16:16","guid":{"rendered":"https:\/\/tangooled.com\/?post_type=product&#038;p=42605"},"modified":"2026-01-27T20:02:09","modified_gmt":"2026-01-28T04:02:09","slug":"inner-12mm-width-single-flange-led-plasterboard-profile","status":"publish","type":"product","link":"https:\/\/tangooled.com\/pt\/product\/inner-12mm-width-single-flange-led-plasterboard-profile\/","title":{"rendered":"Perfil interno de gesso LED de flange \u00fanica de 12mm de largura"},"content":{"rendered":"<div class=\"wp-block-group is-vertical is-layout-flex wp-container-core-group-is-layout-d255d7c4 wp-block-group-is-layout-flex\" style=\"padding-top:var(--wp--preset--spacing--80);padding-bottom:var(--wp--preset--spacing--80)\">\n<p>Nosso perfil interno LED de flange \u00fanica de 12mm de largura DWP05 \u00e9 ideal para criar linhas de luz suaves e sem moldura em paredes e tetos. Esta extrus\u00e3o de alum\u00ednio foi projetada para ser embutida, de modo que o canal fique escondido sob o drywall, proporcionando um efeito limpo e moderno. Medindo 36,0mm de largura e 11,3mm de profundidade, o canal interno de 12,2mm se ajusta perfeitamente \u00e0s fitas LED de at\u00e9 12mm de largura. O design exclusivo de flange \u00fanica permite que voc\u00ea aplique massa at\u00e9 a abertura da luz, criando um acabamento de superf\u00edcie nivelado. Feito de alum\u00ednio anodizado 6063-T5 resistente, garante uma excelente dissipa\u00e7\u00e3o de calor e inclui um difusor fosco para uma linha de luz suave.<\/p>\n<\/div>\n\n\n\n<div class=\"wp-block-group has-background is-vertical is-layout-flex wp-container-core-group-is-layout-d255d7c4 wp-block-group-is-layout-flex\" style=\"background-color:#f1f1f1;padding-top:var(--wp--preset--spacing--80);padding-bottom:var(--wp--preset--spacing--80)\">\n<div class=\"wp-block-group is-vertical is-layout-flex wp-container-core-group-is-layout-8cf370e7 wp-block-group-is-layout-flex\">\n<h2 class=\"wp-block-heading\" style=\"padding-top:var(--wp--preset--spacing--40);padding-bottom:var(--wp--preset--spacing--40);font-size:25px;font-style:normal;font-weight:600;text-transform:capitalize\">Por que escolher este perfil de gesso LED de 12mm de largura?<\/h2>\n\n\n\n<ul class=\"wp-block-list\">\n<li>Integra\u00e7\u00e3o sem emendas: O perfil de alum\u00ednio que ser\u00e1 embutido na massa fica totalmente escondido, sem bordas vis\u00edveis.<\/li>\n\n\n\n<li>Luzes LED sem pontos: Use com fitas LED de alta densidade para obter luz suave e constante.<\/li>\n\n\n\n<li>Forte e resistente ao calor: O canal de alum\u00ednio extrudado atua como um dissipador de calor para prolongar a vida \u00fatil dos LEDs.<\/li>\n\n\n\n<li>F\u00e1cil de montar: Basta fur\u00e1-lo ou fix\u00e1-lo ao drywall, cobrir a flange com massa e pintar. Em seguida, coloque a fita LED e encaixe o difusor.<\/li>\n\n\n\n<li>Visual minimalista: Ideal para interiores modernos que exigem um acabamento suave e limpo, sem grandes molduras.<\/li>\n\n\n\n<li>\u00d3timo para perfis de lavagens de parede e designs de canal de ilumina\u00e7\u00e3o em covas.<\/li>\n<\/ul>\n<\/div>\n<\/div>\n\n\n\n<div class=\"wp-block-group is-vertical is-layout-flex wp-container-core-group-is-layout-d255d7c4 wp-block-group-is-layout-flex\" style=\"padding-top:var(--wp--preset--spacing--80);padding-bottom:var(--wp--preset--spacing--80)\">\n<hr class=\"wp-block-separator has-alpha-channel-opacity\"\/>\n\n\n\n<div class=\"wp-block-media-text has-media-on-the-right is-stacked-on-mobile\" style=\"grid-template-columns:auto 40%\"><div class=\"wp-block-media-text__content\">\n<h2 class=\"wp-block-heading\" style=\"padding-top:var(--wp--preset--spacing--40);padding-bottom:var(--wp--preset--spacing--40);font-size:25px;font-style:normal;font-weight:600;text-transform:capitalize\">Como usar o perfil de gesso LED de largura interna de 12mm<\/h2>\n\n\n\n<ul class=\"wp-block-list\">\n<li>Corte a extrus\u00e3o de alum\u00ednio para o comprimento desejado.<\/li>\n\n\n\n<li>Prenda a flange \u00fanica ao drywall ou ao gesso.<\/li>\n\n\n\n<li>Put plaster over the perforated flange to make the LED extrusion look like it&#8217;s flush.<\/li>\n\n\n\n<li>Lixe a superf\u00edcie e pinte-a, escondendo o perfil.<\/li>\n\n\n\n<li>Coloque sua fita LED (de at\u00e9 12mm de largura) dentro do canal.<\/li>\n\n\n\n<li>Prenda o difusor opalino \u00e0 luz para espalh\u00e1-la uniformemente e dar um brilho bonito.<\/li>\n<\/ul>\n<\/div><figure class=\"wp-block-media-text__media\"><img loading=\"lazy\" decoding=\"async\" width=\"500\" height=\"500\" src=\"https:\/\/tangooled.com\/wp-content\/uploads\/2025\/12\/dwp05-ins.webp\" alt=\"Perfil interno de gesso LED de flange \u00fanica de 12mm de largura\" class=\"wp-image-42781 size-full\" srcset=\"https:\/\/tangooled.com\/wp-content\/uploads\/2025\/12\/dwp05-ins.webp 500w, https:\/\/tangooled.com\/wp-content\/uploads\/2025\/12\/dwp05-ins-300x300.webp 300w, https:\/\/tangooled.com\/wp-content\/uploads\/2025\/12\/dwp05-ins-150x150.webp 150w\" sizes=\"auto, (max-width: 500px) 100vw, 500px\" \/><\/figure><\/div>\n<\/div>\n\n\n\n<div class=\"wp-block-group has-background is-vertical is-layout-flex wp-container-core-group-is-layout-b429018a wp-block-group-is-layout-flex\" style=\"background-color:#f1f1f1f2;padding-top:var(--wp--preset--spacing--70);padding-bottom:var(--wp--preset--spacing--70)\">\n<h2 class=\"wp-block-heading\" style=\"padding-top:var(--wp--preset--spacing--40);padding-bottom:var(--wp--preset--spacing--40);font-size:25px;font-style:normal;font-weight:600\">Onde Us\u00e1-lo?<\/h2>\n\n\n\n<ul class=\"wp-block-list\">\n<li>Ilumina\u00e7\u00e3o embutida em paredes e tetos.<\/li>\n\n\n\n<li>Criando perfis de fenda sombra ou perfis LED sem moldura.&nbsp;<\/li>\n\n\n\n<li>Ilumina\u00e7\u00e3o de fundo e de destaque em casas e empresas.<\/li>\n\n\n\n<li>Ilumina\u00e7\u00e3o com acabamento moderno e profissional em escrit\u00f3rios, hot\u00e9is e lojas.&nbsp;<\/li>\n\n\n\n<li>Perfis LED lineares sem emendas para lavagem de paredes e ilumina\u00e7\u00e3o ambiente indireta.<\/li>\n<\/ul>\n<\/div>\n\n\n\n<div class=\"wp-block-group is-vertical is-layout-flex wp-container-core-group-is-layout-d255d7c4 wp-block-group-is-layout-flex\" style=\"padding-top:var(--wp--preset--spacing--80);padding-bottom:var(--wp--preset--spacing--80)\">\n<h2 class=\"wp-block-heading\" style=\"padding-top:var(--wp--preset--spacing--40);padding-bottom:var(--wp--preset--spacing--40);font-size:25px;font-style:normal;font-weight:600;text-transform:capitalize\">Produtos Relacionados Que Voc\u00ea Pode Gostar<\/h2>\n\n\n\n<p>Explore perfis de ilumina\u00e7\u00e3o semelhantes e acess\u00f3rios de nossa cole\u00e7\u00e3o:<\/p>\n\n\n\n<ul class=\"wp-block-list\">\n<li><a href=\"https:\/\/tangooled.com\/pt\/product\/black-led-diffuser-aluminum-channel-for-12mm-tape-lights\/\"><mark style=\"background-color:rgba(0, 0, 0, 0)\" class=\"has-inline-color has-vivid-red-color\">Canal de alum\u00ednio com difusor LED preto para luzes de fita de 12mm<\/mark><\/a><\/li>\n\n\n\n<li><a href=\"https:\/\/tangooled.com\/pt\/product\/aluminum-profile-with-60-degree-lens-led-diffuser\/\"><mark style=\"background-color:rgba(0, 0, 0, 0)\" class=\"has-inline-color has-vivid-red-color\">Perfil de alum\u00ednio com lente de 60 graus difusa LED<\/mark>r<\/a><\/li>\n\n\n\n<li><a href=\"https:\/\/tangooled.com\/pt\/product\/18x18mm-led-strip-corner-profile-for-12mm-led-strips\/\"><mark style=\"background-color:rgba(0, 0, 0, 0)\" class=\"has-inline-color has-vivid-red-color\">Perfil de canto de fita LED 18x18mm para fitas LED de 12mm<\/mark><\/a><\/li>\n<\/ul>\n<\/div>\n\n\n\n<div class=\"wp-block-group has-background\" style=\"background-color:#f1f1f1;padding-top:var(--wp--preset--spacing--80);padding-bottom:var(--wp--preset--spacing--80)\"><div class=\"wp-block-group__inner-container is-layout-constrained wp-block-group-is-layout-constrained\">\n<h2 class=\"wp-block-heading\" style=\"padding-top:var(--wp--preset--spacing--40);padding-bottom:var(--wp--preset--spacing--40);font-size:25px;font-style:normal;font-weight:600;text-transform:capitalize\">Resumo<\/h2>\n\n\n\n<p style=\"padding-right:var(--wp--preset--spacing--50);padding-left:var(--wp--preset--spacing--50)\">Arquitetos, designers e construtores que buscam ilumina\u00e7\u00e3o embutida sem moldura adoram nosso perfil de gesso LED de flange \u00fanica de 12mm de largura. Funciona muito bem com fitas LED de 12mm, permite a dissipa\u00e7\u00e3o de calor adequada e deixa um acabamento superficial limpo e suave que \u00e9 f\u00e1cil de instalar. Use-o para iluminar suas paredes, destacar sua cova ou em qualquer outro projeto de perfil LED linear para tornar sua casa moderna e estilosa.<\/p>\n<\/div><\/div>\n\n\n\n<p><\/p>","protected":false},"featured_media":13723,"template":"","meta":{"_acf_changed":true,"_seopress_robots_primary_cat":"none","_seopress_titles_title":"12mm Inner Width LED Plasterboard Profile | Single Flange DWP05","_seopress_titles_desc":"The DWP05 is a professional single flange led plasterboard profile featuring a 12mm inner width. Designed for edge installations and corner accents, this trimless aluminum channel fits 12mm LED strips perfectly.","_seopress_robots_index":""},"pcb-width":[228],"product-cat":[197],"class_list":{"0":"post-42605","1":"product","2":"type-product","3":"status-publish","4":"has-post-thumbnail","6":"pcb-width-6-12mm","7":"product-cat-plaster-in-profile"},"acf":[],"_links":{"self":[{"href":"https:\/\/tangooled.com\/pt\/wp-json\/wp\/v2\/product\/42605","targetHints":{"allow":["GET"]}}],"collection":[{"href":"https:\/\/tangooled.com\/pt\/wp-json\/wp\/v2\/product"}],"about":[{"href":"https:\/\/tangooled.com\/pt\/wp-json\/wp\/v2\/types\/product"}],"wp:featuredmedia":[{"embeddable":true,"href":"https:\/\/tangooled.com\/pt\/wp-json\/wp\/v2\/media\/13723"}],"wp:attachment":[{"href":"https:\/\/tangooled.com\/pt\/wp-json\/wp\/v2\/media?parent=42605"}],"wp:term":[{"taxonomy":"pcb-width","embeddable":true,"href":"https:\/\/tangooled.com\/pt\/wp-json\/wp\/v2\/pcb-width?post=42605"},{"taxonomy":"product-cat","embeddable":true,"href":"https:\/\/tangooled.com\/pt\/wp-json\/wp\/v2\/product-cat?post=42605"}],"curies":[{"name":"wp","href":"https:\/\/api.w.org\/{rel}","templated":true}]}}