{"id":42603,"date":"2025-12-23T02:13:31","date_gmt":"2025-12-23T10:13:31","guid":{"rendered":"https:\/\/tangooled.com\/?post_type=product&#038;p=42603"},"modified":"2026-01-27T19:51:59","modified_gmt":"2026-01-28T03:51:59","slug":"led-plaster-profile-inside-corner-led-channel","status":"publish","type":"product","link":"https:\/\/tangooled.com\/pt\/product\/led-plaster-profile-inside-corner-led-channel\/","title":{"rendered":"perfil de gesso LED canto interno canal-DWP04"},"content":{"rendered":"<div class=\"wp-block-group is-vertical is-layout-flex wp-container-core-group-is-layout-d255d7c4 wp-block-group-is-layout-flex\" style=\"padding-top:var(--wp--preset--spacing--80);padding-bottom:var(--wp--preset--spacing--80)\">\n<p>O nosso perfil de gesso LED canto interno \u00e9 um dos melhores canais de alum\u00ednio para instalar gesso em cantos internos de drywall e placa de gesso. Este canal de canto interno sem moldura DWP04 oculta todo o hardware e as partes de ilumina\u00e7\u00e3o, proporcionando um fluxo de luz limpo sem bordas ou acabamentos vis\u00edveis. A se\u00e7\u00e3o transversal mostra uma forma de V irregular que se encaixa bem em um canto de 90 graus. As principais especifica\u00e7\u00f5es s\u00e3o 46mm de largura, 25.5mm de profundidade e 9.7mm de largura para a fixa\u00e7\u00e3o da tira interna. \u00c9 utilizado de forma inteligente para iluminar o ponto onde duas paredes se encontram, enviando um feixe de luz suave e indireto que Lava as paredes abaixo. Este design \u00e9 \u00f3timo para adicionar efeitos de ilumina\u00e7\u00e3o suaves aos edif\u00edcios.<\/p>\n<\/div>\n\n\n\n<div class=\"wp-block-group has-background is-vertical is-layout-flex wp-container-core-group-is-layout-d255d7c4 wp-block-group-is-layout-flex\" style=\"background-color:#f1f1f1;padding-top:var(--wp--preset--spacing--80);padding-bottom:var(--wp--preset--spacing--80)\">\n<div class=\"wp-block-group is-vertical is-layout-flex wp-container-core-group-is-layout-8cf370e7 wp-block-group-is-layout-flex\">\n<h2 class=\"wp-block-heading\" style=\"padding-top:var(--wp--preset--spacing--40);padding-bottom:var(--wp--preset--spacing--40);font-size:25px;font-style:normal;font-weight:600;text-transform:capitalize\">Por que escolher o nosso perfil de gesso LED canto interno?<\/h2>\n\n\n\n<ul class=\"wp-block-list\">\n<li>Sem moldura e embutido: O gesso sobre os buracos nas flanges proporciona ao perfil um visual limpo e moderno.<\/li>\n\n\n\n<li>Perfect Inside Corners: Made just for 90\u00b0 internal drywall corners, these are great for walls that meet ceilings or walls that meet walls.<\/li>\n\n\n\n<li>Luz sem pontos: O difusor opalino de PC torna a luz mais suave e elimina pontos brilhantes, deixando-a uniforme.<\/li>\n\n\n\n<li>Alum\u00ednio forte: Ele protege suas tiras LED agindo como um dissipador de calor, fazendo com que durem mais.<\/li>\n\n\n\n<li>F\u00e1cil de montar: Basta aparafus\u00e1-lo ao drywall, cobri-lo com gesso e, em seguida, adicionar as tiras LED e difusor.<\/li>\n<\/ul>\n<\/div>\n<\/div>\n\n\n\n<div class=\"wp-block-group is-vertical is-layout-flex wp-container-core-group-is-layout-d255d7c4 wp-block-group-is-layout-flex\" style=\"padding-top:var(--wp--preset--spacing--80);padding-bottom:var(--wp--preset--spacing--80)\">\n<hr class=\"wp-block-separator has-alpha-channel-opacity\"\/>\n\n\n\n<div class=\"wp-block-media-text has-media-on-the-right is-stacked-on-mobile\" style=\"grid-template-columns:auto 40%\"><div class=\"wp-block-media-text__content\">\n<h2 class=\"wp-block-heading\" style=\"padding-top:var(--wp--preset--spacing--40);padding-bottom:var(--wp--preset--spacing--40);font-size:25px;font-style:normal;font-weight:600;text-transform:capitalize\">Como instalar seu perfil de gesso LED canto interno<\/h2>\n\n\n\n<ul class=\"wp-block-list\">\n<li>Use parafusos para prender firmemente o canal de alum\u00ednio ao canto interno do seu drywall.<\/li>\n\n\n\n<li>Cubra cuidadosamente as flanges com gesso, usando composto de juntas para suavizar as bordas e integr\u00e1-las \u00e0 parede.<\/li>\n\n\n\n<li>Uma vez que o gesso esteja seco e limpo, coloque sua tira LED dentro do canal.<\/li>\n\n\n\n<li>Coloque o difusor opalino na posi\u00e7\u00e3o, certificando-se de que o efeito de luz est\u00e1 perfeito e sem pontos.<\/li>\n<\/ul>\n<\/div><figure class=\"wp-block-media-text__media\"><img loading=\"lazy\" decoding=\"async\" width=\"500\" height=\"500\" src=\"https:\/\/tangooled.com\/wp-content\/uploads\/2025\/12\/dwp04-ins.webp\" alt=\"led plaster profile inside corner led channel\" class=\"wp-image-42779 size-full\" srcset=\"https:\/\/tangooled.com\/wp-content\/uploads\/2025\/12\/dwp04-ins.webp 500w, https:\/\/tangooled.com\/wp-content\/uploads\/2025\/12\/dwp04-ins-300x300.webp 300w, https:\/\/tangooled.com\/wp-content\/uploads\/2025\/12\/dwp04-ins-150x150.webp 150w\" sizes=\"auto, (max-width: 500px) 100vw, 500px\" \/><\/figure><\/div>\n<\/div>\n\n\n\n<div class=\"wp-block-group has-background is-vertical is-layout-flex wp-container-core-group-is-layout-b429018a wp-block-group-is-layout-flex\" style=\"background-color:#f1f1f1f2;padding-top:var(--wp--preset--spacing--70);padding-bottom:var(--wp--preset--spacing--70)\">\n<h2 class=\"wp-block-heading\" style=\"padding-top:var(--wp--preset--spacing--40);padding-bottom:var(--wp--preset--spacing--40);font-size:25px;font-style:normal;font-weight:600\">Aplica\u00e7\u00f5es ideais do canto interno sem moldura DWP04<\/h2>\n\n\n\n<ul class=\"wp-block-list\">\n<li>Cantos arquitet\u00f4nicos: Para um visual moderno, chame a aten\u00e7\u00e3o para cantos limpos no interior das paredes ou tetos.<\/li>\n\n\n\n<li>Corredores e salas de estar: Crie luz ambiente ao longo de linhas que v\u00e3o de parede a parede ou de parede a teto.<\/li>\n\n\n\n<li>Cozinhas e arm\u00e1rios: Use os cantos internos para ilumina\u00e7\u00e3o sob os arm\u00e1rios ou no rodap\u00e9.<\/li>\n\n\n\n<li>Varejo e comercial: Utilize ilumina\u00e7\u00e3o brilhante e uniforme para destacar locais de exibi\u00e7\u00e3o.<\/li>\n\n\n\n<li>Lobbies de hot\u00e9is e hospitalidade: Adicione elementos de ilumina\u00e7\u00e3o discretos e de alto n\u00edvel no interior do hotel.<\/li>\n<\/ul>\n<\/div>\n\n\n\n<div class=\"wp-block-group is-vertical is-layout-flex wp-container-core-group-is-layout-d255d7c4 wp-block-group-is-layout-flex\" style=\"padding-top:var(--wp--preset--spacing--80);padding-bottom:var(--wp--preset--spacing--80)\">\n<h2 class=\"wp-block-heading\" style=\"padding-top:var(--wp--preset--spacing--40);padding-bottom:var(--wp--preset--spacing--40);font-size:25px;font-style:normal;font-weight:600;text-transform:capitalize\">Produtos e solu\u00e7\u00f5es relacionadas<\/h2>\n\n\n\n<ul class=\"wp-block-list\">\n<li> Explorar <a href=\"https:\/\/tangooled.com\/pt\/product\/black-led-diffuser-aluminum-channel-for-12mm-tape-lights\/\"><mark style=\"background-color:rgba(0, 0, 0, 0)\" class=\"has-inline-color has-vivid-red-color\">Canal de Alum\u00ednio Difusor LED Preto para Fitas de 12mm<\/mark><\/a> para um acabamento de superf\u00edcie correspondente em preto.<\/li>\n\n\n\n<li>Veja o nosso <a href=\"https:\/\/tangooled.com\/pt\/product\/led-strip-light-channel-aluminum-profile-with-diffused-cover-6mm-height\/\"><mark style=\"background-color:rgba(0, 0, 0, 0)\" class=\"has-inline-color has-vivid-red-color\">Perfil de Alum\u00ednio para Faixas de Luz LED com Tampa Difusora 6mm de Altura<\/mark><\/a> para perfis planos coordenados.<\/li>\n\n\n\n<li>Veja o<a href=\"https:\/\/tangooled.com\/pt\/product\/plasterboard-led-profile-for-12mm-ceiling-slot\/\"> <mark style=\"background-color:rgba(0, 0, 0, 0)\" class=\"has-inline-color has-vivid-red-color\">Perfil LED para placas de gesso para fenda de 12mm no teto <\/mark><\/a>para op\u00e7\u00f5es de moldura de teto.<\/li>\n\n\n\n<li>Encontre Interior <a href=\"https:\/\/tangooled.com\/pt\/product\/inside-corner-tile-trim-led-aluminum-profile-for-12mm-strips\/\"><mark style=\"background-color:rgba(0, 0, 0, 0)\" class=\"has-inline-color has-vivid-red-color\">Aparador de canto em alum\u00ednio LED para tiras de 12mm<\/mark><\/a> para necessidades de ilumina\u00e7\u00e3o de borda de azulejo.<\/li>\n<\/ul>\n<\/div>\n\n\n\n<div class=\"wp-block-group\" style=\"padding-top:var(--wp--preset--spacing--80);padding-bottom:var(--wp--preset--spacing--80)\"><div class=\"wp-block-group__inner-container is-layout-constrained wp-block-group-is-layout-constrained\">\n<p style=\"font-size:20px\">Voc\u00ea pode criar um design profissional e moderno com ilumina\u00e7\u00e3o oculta que se integra bem com suas paredes e tetos ao usar nosso perfil de gesso LED canto interno. Esta \u00e9 uma&nbsp;op\u00e7\u00e3o&nbsp;ideal&nbsp;para pessoas que desejam uma solu\u00e7\u00e3o de canal LED sem moldura e com luz difusa sem pontos para projetos de ilumina\u00e7\u00e3o arquitet\u00f4nica e de design de interiores.&nbsp;<\/p>\n<\/div><\/div>\n\n\n\n<p><\/p>","protected":false},"featured_media":13718,"template":"","meta":{"_acf_changed":true,"_seopress_robots_primary_cat":"none","_seopress_titles_title":"Inside Corner LED Plaster Profile | Trimless Internal Corner DWP04","_seopress_titles_desc":"The DWP04 is a professional led plaster profile for inside corner applications. This trimless internal corner channel hides the LED source within wall junctions for a seamless upward or downward glow.","_seopress_robots_index":""},"pcb-width":[228],"product-cat":[197],"class_list":{"0":"post-42603","1":"product","2":"type-product","3":"status-publish","4":"has-post-thumbnail","6":"pcb-width-6-12mm","7":"product-cat-plaster-in-profile"},"acf":[],"_links":{"self":[{"href":"https:\/\/tangooled.com\/pt\/wp-json\/wp\/v2\/product\/42603","targetHints":{"allow":["GET"]}}],"collection":[{"href":"https:\/\/tangooled.com\/pt\/wp-json\/wp\/v2\/product"}],"about":[{"href":"https:\/\/tangooled.com\/pt\/wp-json\/wp\/v2\/types\/product"}],"wp:featuredmedia":[{"embeddable":true,"href":"https:\/\/tangooled.com\/pt\/wp-json\/wp\/v2\/media\/13718"}],"wp:attachment":[{"href":"https:\/\/tangooled.com\/pt\/wp-json\/wp\/v2\/media?parent=42603"}],"wp:term":[{"taxonomy":"pcb-width","embeddable":true,"href":"https:\/\/tangooled.com\/pt\/wp-json\/wp\/v2\/pcb-width?post=42603"},{"taxonomy":"product-cat","embeddable":true,"href":"https:\/\/tangooled.com\/pt\/wp-json\/wp\/v2\/product-cat?post=42603"}],"curies":[{"name":"wp","href":"https:\/\/api.w.org\/{rel}","templated":true}]}}