{"id":42600,"date":"2025-12-23T02:08:14","date_gmt":"2025-12-23T10:08:14","guid":{"rendered":"https:\/\/tangooled.com\/?post_type=product&#038;p=42600"},"modified":"2026-01-27T19:51:57","modified_gmt":"2026-01-28T03:51:57","slug":"plasterboard-led-profile-out-corner-lighting-channel","status":"publish","type":"product","link":"https:\/\/tangooled.com\/pt\/product\/plasterboard-led-profile-out-corner-lighting-channel\/","title":{"rendered":"Perfil LED de Gesso para Cantos Externos"},"content":{"rendered":"<div class=\"wp-block-group is-vertical is-layout-flex wp-container-core-group-is-layout-d255d7c4 wp-block-group-is-layout-flex\" style=\"padding-top:var(--wp--preset--spacing--80);padding-bottom:var(--wp--preset--spacing--80)\">\n<p>Want to light up your space with clean, modern style? Our plasterboard LED profile (DWP03) is designed to light the corners of buildings that are 90 degrees outside. This aluminum profile works like a corner bead. It goes straight into your drywall or plasterboard, protecting the edge and keeping your LED strip light in place. Completing this profile is totally &#8220;mudded in.&#8221; It is 46mm wide at its widest point, with a 12.3mm light aperture, and has plaster flanges that are 21mm and 10mm broad. This method gives your wall a smooth, trim-free finish with no visible screws or trim\u2014just a line of light that becomes an integral part of the wall.<\/p>\n<\/div>\n\n\n\n<div class=\"wp-block-group has-background is-vertical is-layout-flex wp-container-core-group-is-layout-d255d7c4 wp-block-group-is-layout-flex\" style=\"background-color:#f1f1f1;padding-top:var(--wp--preset--spacing--80);padding-bottom:var(--wp--preset--spacing--80)\">\n<div class=\"wp-block-group is-vertical is-layout-flex wp-container-core-group-is-layout-8cf370e7 wp-block-group-is-layout-flex\">\n<h2 class=\"wp-block-heading\" style=\"padding-top:var(--wp--preset--spacing--40);padding-bottom:var(--wp--preset--spacing--40);font-size:25px;font-style:normal;font-weight:600;text-transform:capitalize\">Por que escolher o nosso perfil LED para canto externo de gesso?<\/h2>\n\n\n\n<ul class=\"wp-block-list\">\n<li>Constru\u00eddo para durar: O robusto alum\u00ednio anodizado 6063-T5 protege seus cantos de danos.<\/li>\n\n\n\n<li>Sem emendas ou molduras: As flanges perfuradas facilitam a ader\u00eancia do gesso, proporcionando um acabamento liso e bonito.<\/li>\n\n\n\n<li>Dissipador de calor para seus LEDs: O dissipador de alum\u00ednio retira calor da sua fita LED, ajudando as luzes a durarem mais.<\/li>\n\n\n\n<li>Sem pontos: O difusor opal de PC&nbsp;torna a luz mais suave, assim ela brilha de maneira uniforme, sem pontos.<\/li>\n\n\n\n<li>Funciona com muitas fitas LED: Pode suportar&nbsp;fitas&nbsp;de luz que t\u00eam at\u00e9 12mm de largura, como fitas COB.<\/li>\n<\/ul>\n<\/div>\n<\/div>\n\n\n\n<div class=\"wp-block-group is-vertical is-layout-flex wp-container-core-group-is-layout-d255d7c4 wp-block-group-is-layout-flex\" style=\"padding-top:var(--wp--preset--spacing--80);padding-bottom:var(--wp--preset--spacing--80)\">\n<hr class=\"wp-block-separator has-alpha-channel-opacity\"\/>\n\n\n\n<div class=\"wp-block-media-text has-media-on-the-right is-stacked-on-mobile\" style=\"grid-template-columns:auto 40%\"><div class=\"wp-block-media-text__content\">\n<h2 class=\"wp-block-heading\" style=\"padding-top:var(--wp--preset--spacing--40);padding-bottom:var(--wp--preset--spacing--40);font-size:25px;font-style:normal;font-weight:600;text-transform:capitalize\">Como usar o canal de canto externo sem moldura dWP03<\/h2>\n\n\n\n<ul class=\"wp-block-list\">\n<li>Fixar o Perfil: Prenda o canal de alum\u00ednio no quadro do canto do seu drywall.<\/li>\n\n\n\n<li>Gesso: Cubra as flanges com gesso at\u00e9 que fiquem lisas e niveladas com a parede.<\/li>\n\n\n\n<li>Lixar e Pintar: Acabe sua parede como de costume.<\/li>\n\n\n\n<li>Colocar os LEDs: Coloque sua fita LED dentro do canal.<\/li>\n\n\n\n<li>Colocar o Difusor no lugar: Prenda a tampa opal para obter uma luz suave e consistente.<\/li>\n<\/ul>\n<\/div><figure class=\"wp-block-media-text__media\"><img loading=\"lazy\" decoding=\"async\" width=\"500\" height=\"500\" src=\"https:\/\/tangooled.com\/wp-content\/uploads\/2025\/12\/dwp03-ins.webp\" alt=\"plasterboard led profile out corner lighting channel\" class=\"wp-image-42774 size-full\" srcset=\"https:\/\/tangooled.com\/wp-content\/uploads\/2025\/12\/dwp03-ins.webp 500w, https:\/\/tangooled.com\/wp-content\/uploads\/2025\/12\/dwp03-ins-300x300.webp 300w, https:\/\/tangooled.com\/wp-content\/uploads\/2025\/12\/dwp03-ins-150x150.webp 150w\" sizes=\"auto, (max-width: 500px) 100vw, 500px\" \/><\/figure><\/div>\n<\/div>\n\n\n\n<div class=\"wp-block-group has-background is-vertical is-layout-flex wp-container-core-group-is-layout-b429018a wp-block-group-is-layout-flex\" style=\"background-color:#f1f1f1f2;padding-top:var(--wp--preset--spacing--70);padding-bottom:var(--wp--preset--spacing--70)\">\n<h2 class=\"wp-block-heading\" style=\"padding-top:var(--wp--preset--spacing--40);padding-bottom:var(--wp--preset--spacing--40);font-size:25px;font-style:normal;font-weight:600\">Melhores lugares para usar este perfil<\/h2>\n\n\n\n<ul class=\"wp-block-list\">\n<li>Arestas de paredes e colunas: Ilumine os cantos de paredes e colunas em casas e escrit\u00f3rios.<\/li>\n\n\n\n<li>Sof\u00e1s e sancas: Use linhas suaves para chamar a aten\u00e7\u00e3o para as bordas do teto.<\/li>\n\n\n\n<li>Prateleiras embutidas e nichos: Fa\u00e7a moldura e ilumine \u00e1reas de exibi\u00e7\u00e3o.<\/li>\n\n\n\n<li>Para uso em com\u00e9rcio e lar: \u00d3timo para salas de estar elegantes, cozinhas, corredores e recep\u00e7\u00f5es de trabalho.<\/li>\n<\/ul>\n<\/div>\n\n\n\n<div class=\"wp-block-group is-vertical is-layout-flex wp-container-core-group-is-layout-d255d7c4 wp-block-group-is-layout-flex\" style=\"padding-top:var(--wp--preset--spacing--80);padding-bottom:var(--wp--preset--spacing--80)\">\n<h2 class=\"wp-block-heading\" style=\"padding-top:var(--wp--preset--spacing--40);padding-bottom:var(--wp--preset--spacing--40);font-size:25px;font-style:normal;font-weight:600;text-transform:capitalize\">produtos relacionados que voc\u00ea pode gostar<\/h2>\n\n\n\n<ul class=\"wp-block-list\">\n<li><a href=\"https:\/\/tangooled.com\/pt\/product\/black-led-diffuser-aluminum-channel-for-12mm-tape-lights\/\"><mark style=\"background-color:rgba(0, 0, 0, 0)\" class=\"has-inline-color has-vivid-red-color\">Canal de alum\u00ednio com difusor LED preto para luzes de fita de 12mm<\/mark><\/a><\/li>\n\n\n\n<li><a href=\"https:\/\/tangooled.com\/pt\/product\/surface-mount-led-profile-with-frosted-diffuser-for-10mm-rope-lights\/\"><mark style=\"background-color:rgba(0, 0, 0, 0)\" class=\"has-inline-color has-vivid-red-color\">Perfil LED de montagem de superf\u00edcie com difusor fosco para luzes de cord\u00e3o de 10mm<\/mark><\/a><\/li>\n\n\n\n<li><a href=\"https:\/\/tangooled.com\/pt\/product\/18x18mm-led-strip-corner-profile-for-12mm-led-strips\/\"><mark style=\"background-color:rgba(0, 0, 0, 0)\" class=\"has-inline-color has-vivid-red-color\">Perfil de canto de fita LED 18x18mm para fitas LED de 12mm<\/mark><\/a><\/li>\n\n\n\n<li><a href=\"https:\/\/tangooled.com\/pt\/product\/recessed-aluminum-profile-17x8mm-for-led-strip-lighting\/\"><mark style=\"background-color:rgba(0, 0, 0, 0)\" class=\"has-inline-color has-vivid-red-color\">Perfil de alum\u00ednio embutido 17x8mm para ilumina\u00e7\u00e3o com fita LED<\/mark><\/a><\/li>\n\n\n\n<li><a href=\"https:\/\/tangooled.com\/pt\/product\/plasterboard-led-profile-out-corner-lighting-channel\/\"><mark style=\"background-color:rgba(0, 0, 0, 0)\" class=\"has-inline-color has-vivid-red-color\">Canal de ilumina\u00e7\u00e3o de canto externo para perfil LED de gesso<\/mark><\/a><\/li>\n<\/ul>\n<\/div>\n\n\n\n<div class=\"wp-block-group\"><div class=\"wp-block-group__inner-container is-layout-constrained wp-block-group-is-layout-constrained\">\n<p style=\"font-size:20px\">Este perfil LED de gesso para canto externo dar\u00e1 vida \u00e0s suas paredes e proporcionar\u00e1 um perfil de ilumina\u00e7\u00e3o embutido em alum\u00ednio ideal e sem moldura. Fa\u00e7a seu pedido hoje para criar uma bela ilumina\u00e7\u00e3o arquitet\u00f4nica para sua casa que durar\u00e1 e parecer\u00e1 \u00f3tima!<\/p>\n<\/div><\/div>\n\n\n\n<p><\/p>","protected":false},"featured_media":13713,"template":"","meta":{"_acf_changed":true,"_seopress_robots_primary_cat":"none","_seopress_titles_title":"Plasterboard LED Profile for Out Corners | Trimless External Corner DWP03 | TANGOOLED","_seopress_titles_desc":"This DWP03 is a specialized plasterboard led profile for out corner installations. This trimless external corner channel creates a seamless vertical or horizontal light at wall edges.","_seopress_robots_index":""},"pcb-width":[228],"product-cat":[197],"class_list":{"0":"post-42600","1":"product","2":"type-product","3":"status-publish","4":"has-post-thumbnail","6":"pcb-width-6-12mm","7":"product-cat-plaster-in-profile"},"acf":[],"_links":{"self":[{"href":"https:\/\/tangooled.com\/pt\/wp-json\/wp\/v2\/product\/42600","targetHints":{"allow":["GET"]}}],"collection":[{"href":"https:\/\/tangooled.com\/pt\/wp-json\/wp\/v2\/product"}],"about":[{"href":"https:\/\/tangooled.com\/pt\/wp-json\/wp\/v2\/types\/product"}],"wp:featuredmedia":[{"embeddable":true,"href":"https:\/\/tangooled.com\/pt\/wp-json\/wp\/v2\/media\/13713"}],"wp:attachment":[{"href":"https:\/\/tangooled.com\/pt\/wp-json\/wp\/v2\/media?parent=42600"}],"wp:term":[{"taxonomy":"pcb-width","embeddable":true,"href":"https:\/\/tangooled.com\/pt\/wp-json\/wp\/v2\/pcb-width?post=42600"},{"taxonomy":"product-cat","embeddable":true,"href":"https:\/\/tangooled.com\/pt\/wp-json\/wp\/v2\/product-cat?post=42600"}],"curies":[{"name":"wp","href":"https:\/\/api.w.org\/{rel}","templated":true}]}}