{"id":42599,"date":"2025-12-23T02:05:38","date_gmt":"2025-12-23T10:05:38","guid":{"rendered":"https:\/\/tangooled.com\/?post_type=product&#038;p=42599"},"modified":"2026-01-27T19:53:31","modified_gmt":"2026-01-28T03:53:31","slug":"plasterboard-led-profile-for-12mm-ceiling-slot","status":"publish","type":"product","link":"https:\/\/tangooled.com\/pt\/product\/plasterboard-led-profile-for-12mm-ceiling-slot\/","title":{"rendered":"perfil de LED de drywall para slot de teto de 12mm"},"content":{"rendered":"<div class=\"wp-block-group is-vertical is-layout-flex wp-container-core-group-is-layout-d255d7c4 wp-block-group-is-layout-flex\" style=\"padding-top:var(--wp--preset--spacing--80);padding-bottom:var(--wp--preset--spacing--80)\">\n<p>Our DWP02 plasterboard LED profile for 12mm ceiling slot lets you have seamless architectural illumination. This high-quality aluminum extrusion is made to fit well into plasterboard and drywall, giving it a trimless look. This profile is 53mm wide and 13mm deep, and it is made for a 12mm ceiling slot installation as a plasterboard LED profile. The 12.5 mm light opening\u00a0gives a focused downlight, and the wide\u00a0mounting flanges make it easy and safe to install.<\/p>\n\n\n\n<p>O nosso perfil de LED de drywall para slot de teto de 12mm \u00e9 \u00f3timo para criar linhas de luz modernas e elegantes na sua casa ou neg\u00f3cio. Ele se encaixa bem em drywall de 12.5mm, permitindo esconder a fonte de luz no teto ou nas paredes. Este produto ajuda suas luzes LED a parecerem limpas e atraentes.<\/p>\n<\/div>\n\n\n\n<div class=\"wp-block-group has-background is-vertical is-layout-flex wp-container-core-group-is-layout-d255d7c4 wp-block-group-is-layout-flex\" style=\"background-color:#f1f1f1;padding-top:var(--wp--preset--spacing--80);padding-bottom:var(--wp--preset--spacing--80)\">\n<div class=\"wp-block-group is-vertical is-layout-flex wp-container-core-group-is-layout-8cf370e7 wp-block-group-is-layout-flex\">\n<h2 class=\"wp-block-heading\" style=\"padding-top:var(--wp--preset--spacing--40);padding-bottom:var(--wp--preset--spacing--40);font-size:25px;font-style:normal;font-weight:600;text-transform:capitalize\">O que torna este perfil de LED de drywall para slot de teto de 12mm excelente?<\/h2>\n\n\n\n<ul class=\"wp-block-list\">\n<li>Design sem bordas e sem moldura: encaixa-se perfeitamente em drywall sem bordas ou molduras vis\u00edveis.<\/li>\n\n\n\n<li>Material de alum\u00ednio resistente: feito de alum\u00ednio anodizado 6063-T5 de alta qualidade. Mant\u00e9m os seus LEDs frios e funcionando por mais tempo, atuando como um dissipador de calor.<\/li>\n\n\n\n<li>Compat\u00edvel com Fitas LED de 12mm: Funciona com fitas LED de at\u00e9 12mm de largura, o que \u00e9 \u00f3timo para muitas luzes LED normais e de alta densidade.<\/li>\n\n\n\n<li>Tampa Difusora Lisa: A difusora \u00e9 feita de PMMA fosco ou policarbonato. Sem pontos brilhantes, isso torna a luz suave e constante.<\/li>\n\n\n\n<li>F\u00e1cil de instalar: Foi feito para ser coberto com gesso, proporcionando uma apar\u00eancia suave e disfar\u00e7ada.<\/li>\n\n\n\n<li>Comprimentos Dispon\u00edveis: Voc\u00ea pode compr\u00e1-lo em comprimentos de&nbsp;2m ou 3m. Pode ser cortado conforme necess\u00e1rio.<\/li>\n\n\n\n<li>Kit Completo: Vem com um perfil de alum\u00ednio, uma difusora e duas tampas de extremidade (uma com um buraco para um fio).<\/li>\n<\/ul>\n<\/div>\n<\/div>\n\n\n\n<div class=\"wp-block-group is-vertical is-layout-flex wp-container-core-group-is-layout-d255d7c4 wp-block-group-is-layout-flex\" style=\"padding-top:var(--wp--preset--spacing--80);padding-bottom:var(--wp--preset--spacing--80)\">\n<hr class=\"wp-block-separator has-alpha-channel-opacity\"\/>\n\n\n\n<div class=\"wp-block-media-text has-media-on-the-right is-stacked-on-mobile\" style=\"grid-template-columns:auto 40%\"><div class=\"wp-block-media-text__content\">\n<h2 class=\"wp-block-heading\" style=\"padding-top:var(--wp--preset--spacing--40);padding-bottom:var(--wp--preset--spacing--40);font-size:25px;font-style:normal;font-weight:600;text-transform:capitalize\">Guia de Instala\u00e7\u00e3o F\u00e1cil<\/h2>\n\n\n\n<ul class=\"wp-block-list\">\n<li>Fa\u00e7a um slot de 12mm em drywall (para teto ou parede).<\/li>\n\n\n\n<li>Use parafusos ou clipes de montagem para fixar o perfil de alum\u00ednio no slot.<\/li>\n\n\n\n<li>Coloque gesso ou uma camada de acabamento nas margens do drywall e do perfil.<\/li>\n\n\n\n<li>Coloque sua fita de LED de 12mm no canal.<\/li>\n\n\n\n<li>Coloque a tampa da difusora sobre o perfil.<\/li>\n\n\n\n<li>Conecte a fita LED e desfrute de uma ilumina\u00e7\u00e3o suave e sem bordas!&nbsp;<\/li>\n<\/ul>\n<\/div><figure class=\"wp-block-media-text__media\"><img loading=\"lazy\" decoding=\"async\" width=\"500\" height=\"500\" src=\"https:\/\/tangooled.com\/wp-content\/uploads\/2025\/12\/dwp02-ins.webp\" alt=\"perfil de LED de drywall para slot de teto de 12mm\" class=\"wp-image-42769 size-full\" srcset=\"https:\/\/tangooled.com\/wp-content\/uploads\/2025\/12\/dwp02-ins.webp 500w, https:\/\/tangooled.com\/wp-content\/uploads\/2025\/12\/dwp02-ins-300x300.webp 300w, https:\/\/tangooled.com\/wp-content\/uploads\/2025\/12\/dwp02-ins-150x150.webp 150w\" sizes=\"auto, (max-width: 500px) 100vw, 500px\" \/><\/figure><\/div>\n<\/div>\n\n\n\n<div class=\"wp-block-group has-background is-vertical is-layout-flex wp-container-core-group-is-layout-b429018a wp-block-group-is-layout-flex\" style=\"background-color:#f1f1f1f2;padding-top:var(--wp--preset--spacing--70);padding-bottom:var(--wp--preset--spacing--70)\">\n<h2 class=\"wp-block-heading\" style=\"padding-top:var(--wp--preset--spacing--40);padding-bottom:var(--wp--preset--spacing--40);font-size:25px;font-style:normal;font-weight:600;text-transform:capitalize\">Como usar este perfil sem bordas?<\/h2>\n\n\n\n<p>O nosso perfil de LED de drywall para slot de teto de 12mm \u00e9 \u00f3timo para:<\/p>\n\n\n\n<ul class=\"wp-block-list\">\n<li>Ilumina\u00e7\u00e3o linear moderna em tetos e paredes&nbsp;<\/li>\n\n\n\n<li>Fazer covas arquitet\u00f4nicas e slots de luz embutidos<\/li>\n\n\n\n<li>Luzes de teto para cozinhas e banheiros&nbsp;<\/li>\n\n\n\n<li>Luzes elegantes para corredores de hot\u00e9is e neg\u00f3cios&nbsp;<\/li>\n<\/ul>\n<\/div>\n\n\n\n<div class=\"wp-block-group is-vertical is-layout-flex wp-container-core-group-is-layout-d255d7c4 wp-block-group-is-layout-flex\" style=\"padding-top:var(--wp--preset--spacing--80);padding-bottom:var(--wp--preset--spacing--80)\">\n<h2 class=\"wp-block-heading\" style=\"padding-top:var(--wp--preset--spacing--40);padding-bottom:var(--wp--preset--spacing--40);font-size:25px;font-style:normal;font-weight:600;text-transform:capitalize\">Produtos Relacionados da Nossa Linha<\/h2>\n\n\n\n<ul class=\"wp-block-list\">\n<li> <a href=\"https:\/\/tangooled.com\/pt\/product\/black-led-diffuser-aluminum-channel-for-12mm-tape-lights\/\"><mark style=\"background-color:rgba(0, 0, 0, 0)\" class=\"has-inline-color has-vivid-red-color\">Canal de Alum\u00ednio Difusor LED Preto para Fitas de 12mm<\/mark><\/a> \u2013 Stylish black finish alternative for 12mm strips.<\/li>\n\n\n\n<li> <a href=\"https:\/\/tangooled.com\/pt\/product\/led-strip-light-channel-aluminum-profile-with-diffused-cover-6mm-height\/\"><mark style=\"background-color:rgba(0, 0, 0, 0)\" class=\"has-inline-color has-vivid-red-color\">Perfil de Alum\u00ednio para Faixas de Luz LED com Tampa Difusora 6mm de Altura<\/mark><\/a> \u2013 Slim profile option for low height ceilings.<\/li>\n\n\n\n<li><a href=\"https:\/\/tangooled.com\/pt\/product\/18x18mm-led-strip-corner-profile-for-12mm-led-strips\/\"><mark style=\"background-color:rgba(0, 0, 0, 0)\" class=\"has-inline-color has-vivid-red-color\">Perfil de Canto para Fita LED 18x18mm para Fitas LED de 12mm<\/mark><\/a> \u2013 Perfect for corner lighting with 12mm LED tape.<\/li>\n\n\n\n<li><a href=\"https:\/\/tangooled.com\/pt\/product\/plasterboard-led-profile-for-12mm-ceiling-slot\/\"><mark style=\"background-color:rgba(0, 0, 0, 0)\" class=\"has-inline-color has-vivid-red-color\">Perfil LED para placas de gesso para fenda de 12mm no teto<\/mark><\/a> \u2013 Our key product for amazing recessed plasterboard lighting<\/li>\n<\/ul>\n<\/div>\n\n\n\n<div class=\"wp-block-group\" style=\"padding-top:var(--wp--preset--spacing--80);padding-bottom:var(--wp--preset--spacing--80)\"><div class=\"wp-block-group__inner-container is-layout-constrained wp-block-group-is-layout-constrained\">\n<p style=\"font-size:20px\">Escolha o nosso perfil de LED de drywall para slot de teto de 12mm para obter uma ilumina\u00e7\u00e3o linear elegante, oculta e limpa. \u00c9 a adi\u00e7\u00e3o perfeita ao seu arranjo de perfil de alum\u00ednio LED de drywall e oferece uma solu\u00e7\u00e3o de LED embutido que arquitetos e designers adoram.<\/p>\n<\/div><\/div>\n\n\n\n<p><\/p>","protected":false},"featured_media":13708,"template":"","meta":{"_acf_changed":true,"_seopress_robots_primary_cat":"none","_seopress_titles_title":"Plasterboard LED Profile for 12mm Ceiling Slot | Trimless DWP02","_seopress_titles_desc":"This DWP02 plasterboard led profile designed for a 12mm ceiling slot. Achieve a seamless, trimless finish with this aluminum profile optimized for 12mm strips.","_seopress_robots_index":""},"pcb-width":[228],"product-cat":[197],"class_list":{"0":"post-42599","1":"product","2":"type-product","3":"status-publish","4":"has-post-thumbnail","6":"pcb-width-6-12mm","7":"product-cat-plaster-in-profile"},"acf":[],"_links":{"self":[{"href":"https:\/\/tangooled.com\/pt\/wp-json\/wp\/v2\/product\/42599","targetHints":{"allow":["GET"]}}],"collection":[{"href":"https:\/\/tangooled.com\/pt\/wp-json\/wp\/v2\/product"}],"about":[{"href":"https:\/\/tangooled.com\/pt\/wp-json\/wp\/v2\/types\/product"}],"wp:featuredmedia":[{"embeddable":true,"href":"https:\/\/tangooled.com\/pt\/wp-json\/wp\/v2\/media\/13708"}],"wp:attachment":[{"href":"https:\/\/tangooled.com\/pt\/wp-json\/wp\/v2\/media?parent=42599"}],"wp:term":[{"taxonomy":"pcb-width","embeddable":true,"href":"https:\/\/tangooled.com\/pt\/wp-json\/wp\/v2\/pcb-width?post=42599"},{"taxonomy":"product-cat","embeddable":true,"href":"https:\/\/tangooled.com\/pt\/wp-json\/wp\/v2\/product-cat?post=42599"}],"curies":[{"name":"wp","href":"https:\/\/api.w.org\/{rel}","templated":true}]}}