{"id":42421,"date":"2025-12-22T02:04:24","date_gmt":"2025-12-22T10:04:24","guid":{"rendered":"https:\/\/tangooled.com\/?post_type=product&#038;p=42421"},"modified":"2026-02-02T02:05:22","modified_gmt":"2026-02-02T10:05:22","slug":"large-size-led-ring-profile-with-round-diffuser-made-by-100x80-profile","status":"publish","type":"product","link":"https:\/\/tangooled.com\/pt\/product\/large-size-led-ring-profile-with-round-diffuser-made-by-100x80-profile\/","title":{"rendered":"perfil de anel LED de grande tamanho com difusor redondo feito por perfil 100\u00d780"},"content":{"rendered":"<div class=\"wp-block-group is-vertical is-layout-flex wp-container-core-group-is-layout-d255d7c4 wp-block-group-is-layout-flex\" style=\"padding-top:var(--wp--preset--spacing--80);padding-bottom:var(--wp--preset--spacing--80)\">\n<p>O perfil de anel LED grande de 100x80mm foi concebido para dar ao seu ambiente um visual moderno com luz suave e uniforme. Constru\u00eddo em alum\u00ednio robusto, este sistema de ilumina\u00e7\u00e3o \u00e9 ideal para acomodar tiras de LED em um la\u00e7o. Dada a sua escala, \u00e9 perfeitamente adequado para sagu\u00f5es de hot\u00e9is ou \u00e1trios comerciais que requerem ilumina\u00e7\u00e3o ambiental de alta qualidade.<\/p>\n\n\n\n<p>Voc\u00ea pode alterar o di\u00e2metro deste grande lumin\u00e1ria redonda de 600mm para 3000mm. Voc\u00ea pode at\u00e9 mudar a cor do exterior do perfil para combinar exatamente com o interior da sua casa. O TG-C10080 oferece ilumina\u00e7\u00e3o brilhante, de alta qualidade e elegante, que funciona bem em ambientes grandes.<\/p>\n<\/div>\n\n\n\n<div class=\"wp-block-group has-background is-vertical is-layout-flex wp-container-core-group-is-layout-d255d7c4 wp-block-group-is-layout-flex\" style=\"background-color:#f1f1f1;padding-top:var(--wp--preset--spacing--80);padding-bottom:var(--wp--preset--spacing--80)\">\n<div class=\"wp-block-group is-vertical is-layout-flex wp-container-core-group-is-layout-8cf370e7 wp-block-group-is-layout-flex\">\n<h2 class=\"wp-block-heading\" style=\"padding-top:var(--wp--preset--spacing--40);padding-bottom:var(--wp--preset--spacing--40);font-size:25px;font-style:normal;font-weight:600;text-transform:capitalize\">Por que escolher nosso perfil de anel LED grande TG-C10080?<\/h2>\n\n\n\n<ul class=\"wp-block-list\">\n<li>Feito de extrus\u00e3o de alum\u00ednio robusto que dura muito tempo.<\/li>\n\n\n\n<li>Possui um difusor redondo feito de policarbonato para fornecer uma luz suave e homog\u00eanea.<\/li>\n\n\n\n<li>Funciona bem com tiras de LED de at\u00e9 30mm e pode ser usado com drivers regul\u00e1veis como DALI ou 0-10V.<\/li>\n\n\n\n<li>Dispon\u00edvel com acabamentos anodizados em prata ou pintura em p\u00f3 em v\u00e1rias cores.<\/li>\n\n\n\n<li>Pode ser suspenso usando cabos de aeron\u00e1utica ou montado na superf\u00edcie.<\/li>\n\n\n\n<li>Di\u00e2metro personalizado de at\u00e9 5 metros.<\/li>\n\n\n\n<li>\u00d3timo para ilumina\u00e7\u00e3o comercial, ilumina\u00e7\u00e3o arquitet\u00f4nica e pe\u00e7as de ilumina\u00e7\u00e3o impressionantes.<\/li>\n<\/ul>\n<\/div>\n<\/div>\n\n\n\n<div class=\"wp-block-group is-vertical is-layout-flex wp-container-core-group-is-layout-d255d7c4 wp-block-group-is-layout-flex\" style=\"padding-top:var(--wp--preset--spacing--80);padding-bottom:var(--wp--preset--spacing--80)\">\n<h2 class=\"wp-block-heading\" style=\"padding-top:var(--wp--preset--spacing--40);padding-bottom:var(--wp--preset--spacing--40);font-size:25px;font-style:normal;font-weight:600;text-transform:capitalize\">Use este perfil de anel LED grande em muitos lugares<\/h2>\n\n\n\n<p>Nosso perfil de anel LED grande fica \u00f3timo em:<\/p>\n\n\n\n<ul class=\"wp-block-list\">\n<li>Sedes corporativas e sagu\u00f5es de escrit\u00f3rios<\/li>\n\n\n\n<li>\u00c1trios de hot\u00e9is e espa\u00e7os para eventos<\/li>\n\n\n\n<li>Showrooms e espa\u00e7os de varejo como shoppings\u00a0<\/li>\n\n\n\n<li>Universidades e salas de confer\u00eancias\u00a0<\/li>\n\n\n\n<li>Salas de estar modernas com tetos altos<\/li>\n<\/ul>\n<\/div>\n\n\n\n<div class=\"wp-block-group has-background is-vertical is-layout-flex wp-container-core-group-is-layout-b429018a wp-block-group-is-layout-flex\" style=\"background-color:#f1f1f1f2;padding-top:var(--wp--preset--spacing--70);padding-bottom:var(--wp--preset--spacing--70)\">\n<h2 class=\"wp-block-heading\" style=\"padding-top:var(--wp--preset--spacing--40);padding-bottom:var(--wp--preset--spacing--40);font-size:25px;font-style:normal;font-weight:600\">Resumo<\/h2>\n\n\n\n<p style=\"padding-right:var(--wp--preset--spacing--50);padding-left:var(--wp--preset--spacing--50)\">The TG-C10080 large LED ring profile is a modern LED light accessory\u00a0that provides architectural lighting a fresh look. The strong aluminum housing makes it seem professional and makes it durable. This type of light gives off gentle, steady light that is easy to put up, whether you need a statement light in a lobby or ambient light in a showroom.<\/p>\n<\/div>\n\n\n\n<p><\/p>","protected":false},"featured_media":20012,"template":"","meta":{"_acf_changed":true,"_seopress_robots_primary_cat":"none","_seopress_titles_title":"100x80mm Large LED Ring Profile Light Body C10080 | TANGOOLED","_seopress_titles_desc":"The 100x80mm aluminum channel is used to make custom diameter large LED ring profile for LED circular lighting.","_seopress_robots_index":""},"pcb-width":[233],"product-cat":[202],"class_list":{"0":"post-42421","1":"product","2":"type-product","3":"status-publish","4":"has-post-thumbnail","6":"pcb-width-50-90mm","7":"product-cat-circular-profile"},"acf":[],"_links":{"self":[{"href":"https:\/\/tangooled.com\/pt\/wp-json\/wp\/v2\/product\/42421","targetHints":{"allow":["GET"]}}],"collection":[{"href":"https:\/\/tangooled.com\/pt\/wp-json\/wp\/v2\/product"}],"about":[{"href":"https:\/\/tangooled.com\/pt\/wp-json\/wp\/v2\/types\/product"}],"wp:featuredmedia":[{"embeddable":true,"href":"https:\/\/tangooled.com\/pt\/wp-json\/wp\/v2\/media\/20012"}],"wp:attachment":[{"href":"https:\/\/tangooled.com\/pt\/wp-json\/wp\/v2\/media?parent=42421"}],"wp:term":[{"taxonomy":"pcb-width","embeddable":true,"href":"https:\/\/tangooled.com\/pt\/wp-json\/wp\/v2\/pcb-width?post=42421"},{"taxonomy":"product-cat","embeddable":true,"href":"https:\/\/tangooled.com\/pt\/wp-json\/wp\/v2\/product-cat?post=42421"}],"curies":[{"name":"wp","href":"https:\/\/api.w.org\/{rel}","templated":true}]}}