{"id":42395,"date":"2025-12-22T02:01:44","date_gmt":"2025-12-22T10:01:44","guid":{"rendered":"https:\/\/tangooled.com\/?post_type=product&#038;p=42395"},"modified":"2026-02-02T02:04:52","modified_gmt":"2026-02-02T10:04:52","slug":"custom-circular-ring-light-shape-by-50x80mm-aluminum-profile","status":"publish","type":"product","link":"https:\/\/tangooled.com\/pt\/product\/custom-circular-ring-light-shape-by-50x80mm-aluminum-profile\/","title":{"rendered":"Forma personalizada de anel circular de luz por perfil de alum\u00ednio 50x80mm"},"content":{"rendered":"<div class=\"wp-block-group is-vertical is-layout-flex wp-container-core-group-is-layout-d255d7c4 wp-block-group-is-layout-flex\" style=\"padding-top:var(--wp--preset--spacing--80);padding-bottom:var(--wp--preset--spacing--80)\">\n<p>Nossa forma de luz em anel perfil customizada de 50x80mm \u00e9 \u00f3tima para empresas, arquitetos e designers que buscam op\u00e7\u00f5es de ilumina\u00e7\u00e3o mais avan\u00e7adas. Este perfil de anel de alta qualidade \u00e9 feito de alum\u00ednio extrudado 6063-T5, leve e resistente. Voc\u00ea pode personalizar este equipamento de v\u00e1rias maneiras. Por exemplo, \u00e9 poss\u00edvel alterar o di\u00e2metro de 600mm para 3000mm para se adequar \u00e0 sua \u00e1rea. Voc\u00ea tamb\u00e9m pode mudar a cor externa para combinar com sua marca ou necessidades de design. Fazemos do jeito que voc\u00ea quiser para escrit\u00f3rios, hot\u00e9is, lojas e outras iniciativas comerciais.<\/p>\n<\/div>\n\n\n\n<div class=\"wp-block-group has-background is-vertical is-layout-flex wp-container-core-group-is-layout-d255d7c4 wp-block-group-is-layout-flex\" style=\"background-color:#f1f1f1;padding-top:var(--wp--preset--spacing--80);padding-bottom:var(--wp--preset--spacing--80)\">\n<div class=\"wp-block-group is-vertical is-layout-flex wp-container-core-group-is-layout-8cf370e7 wp-block-group-is-layout-flex\">\n<h2 class=\"wp-block-heading\" style=\"padding-top:var(--wp--preset--spacing--40);padding-bottom:var(--wp--preset--spacing--40);font-size:25px;font-style:normal;font-weight:600;text-transform:capitalize\">Por que escolher nossa forma de luz em anel perfil customizada de 50x80mm?<\/h2>\n\n\n\n<ul class=\"wp-block-list\">\n<li>Feito com um robusto corpo de alum\u00ednio que tem 50mm de largura e 80mm de altura, permitindo que se encaixe em muitos espa\u00e7os.<\/li>\n\n\n\n<li>A lumin\u00e1ria LED pendente redonda pode ser feita para se adequar a qualquer tamanho, de 600mm a mais de 5000mm de di\u00e2metro.<\/li>\n\n\n\n<li>Utiliza placas de LED SMD2835 que s\u00e3o muito eficientes, com um difusor de policarbonato fosco para tornar a luz suave e uniforme.&nbsp;<\/li>\n\n\n\n<li>Vem com uma garantia de tr\u00eas anos, para que voc\u00ea tenha certeza de que funcionar\u00e1.<\/li>\n\n\n\n<li>\u00d3tima para empresas e resid\u00eancias, como locais de trabalho, sagu\u00f5es, galerias e restaurantes.<\/li>\n<\/ul>\n<\/div>\n<\/div>\n\n\n\n<div class=\"wp-block-group is-vertical is-layout-flex wp-container-core-group-is-layout-d255d7c4 wp-block-group-is-layout-flex\" style=\"padding-top:var(--wp--preset--spacing--80);padding-bottom:var(--wp--preset--spacing--80)\">\n<h2 class=\"wp-block-heading\" style=\"padding-top:var(--wp--preset--spacing--40);padding-bottom:var(--wp--preset--spacing--40);font-size:25px;font-style:normal;font-weight:600;text-transform:capitalize\">Aplica\u00e7\u00f5es para a forma de luz em anel perfil customizada de 50x80mm<\/h2>\n\n\n\n<ul class=\"wp-block-list\">\n<li>Ilumina\u00e7\u00e3o de escrit\u00f3rio para empresas: um estilo moderno e elegante para ambientes de trabalho em plano aberto e salas de confer\u00eancia.<\/li>\n\n\n\n<li>Ilumina\u00e7\u00e3o no sagu\u00e3o do hotel: um elegante equipamento de luz pendente esf\u00e9rica para receber os h\u00f3spedes.<\/li>\n\n\n\n<li>Ilumina\u00e7\u00e3o de exibi\u00e7\u00e3o na loja: use uma luz forte e clara para chamar a aten\u00e7\u00e3o.<\/li>\n\n\n\n<li>Restaurantes e bares: use luz branca quente para tornar o espa\u00e7o aconchegante ou luz branca fria para torn\u00e1-lo vibrante.<\/li>\n\n\n\n<li>Salas de jantar modernas e grandes espa\u00e7os com p\u00e9 direito alto para uma forte impress\u00e3o.<\/li>\n\n\n\n<li>Espa\u00e7os p\u00fablicos e institucionais: funcionam bem em sagu\u00f5es de universidades, museus e aeroportos.<\/li>\n<\/ul>\n<\/div>\n\n\n\n<div class=\"wp-block-group has-background is-vertical is-layout-flex wp-container-core-group-is-layout-b429018a wp-block-group-is-layout-flex\" style=\"background-color:#f1f1f1f2;padding-top:var(--wp--preset--spacing--70);padding-bottom:var(--wp--preset--spacing--70)\">\n<h2 class=\"wp-block-heading\" style=\"padding-top:var(--wp--preset--spacing--40);padding-bottom:var(--wp--preset--spacing--40);font-size:25px;font-style:normal;font-weight:600\">Produtos Relacionados Que Voc\u00ea Pode Gostar<\/h2>\n\n\n\n<ul class=\"wp-block-list\">\n<li>Confira nosso <a href=\"https:\/\/tangooled.com\/pt\/product\/black-led-profile-with-black-diffuser-for-10mm-led-strip-light\/\"><mark style=\"background-color:rgba(0, 0, 0, 0)\" class=\"has-inline-color has-vivid-red-color\">perfil LED preto com difusor preto para fita de LED de 10mm<\/mark><\/a>, perfeito para instala\u00e7\u00f5es lineares.<\/li>\n\n\n\n<li>Para montagem em superf\u00edcie, veja o <a href=\"https:\/\/tangooled.com\/pt\/product\/surface-mount-led-profile-with-frosted-diffuser-for-10mm-rope-lights\/\"><mark style=\"background-color:rgba(0, 0, 0, 0)\" class=\"has-inline-color has-vivid-red-color\">perfil de LED de montagem em superf\u00edcie com difusor fosco para luzes de corda de 10mm<\/mark><\/a> com difus\u00e3o de luz suave.<\/li>\n\n\n\n<li>Descubra o <a href=\"https:\/\/tangooled.com\/pt\/product\/18x9mm-led-tape-light-profile-for-surface-installation\/\"><mark style=\"background-color:rgba(0, 0, 0, 0)\" class=\"has-inline-color has-vivid-red-color\">perfil de luz LED de fita de 18x9mm para instala\u00e7\u00e3o em superf\u00edcie<\/mark><\/a> para necessidades de ilumina\u00e7\u00e3o compacta.<\/li>\n\n\n\n<li>Para um visual elegante, experimente o <a href=\"https:\/\/tangooled.com\/pt\/product\/aluminum-profile-with-60-degree-lens-led-diffuser\/\"><mark style=\"background-color:rgba(0, 0, 0, 0)\" class=\"has-inline-color has-vivid-red-color\">perfil de alum\u00ednio com difusor de lente LED de 60 graus <\/mark><\/a>para ilumina\u00e7\u00e3o de feixe focado.<\/li>\n<\/ul>\n<\/div>\n\n\n\n<div class=\"wp-block-group\" style=\"padding-top:var(--wp--preset--spacing--80);padding-bottom:var(--wp--preset--spacing--80)\"><div class=\"wp-block-group__inner-container is-layout-constrained wp-block-group-is-layout-constrained\">\n<p>Escolha nossa forma de luz em anel perfil de 50x80mm para iluminar um ambiente de maneira estilosa, forte e deslumbrante. Adicione LEDs com alto CRI para gerar uma ilumina\u00e7\u00e3o moderna em qualquer ambiente. Para come\u00e7ar, entre em contato conosco imediatamente!<\/p>\n<\/div><\/div>\n\n\n\n<p><\/p>","protected":false},"featured_media":20013,"template":"","meta":{"_acf_changed":true,"_seopress_robots_primary_cat":"none","_seopress_titles_title":"Custom 50x80mm Profile Ring Light Shape | Large Halo Body C5080","_seopress_titles_desc":"This C5080 channel is used to make any custom profile ring light shape of different diameters for grand-scale pendants. Features a massive 80mm depth for superior heat sink performance and internal driver storage.","_seopress_robots_index":""},"pcb-width":[231],"product-cat":[202],"class_list":{"0":"post-42395","1":"product","2":"type-product","3":"status-publish","4":"has-post-thumbnail","6":"pcb-width-25-35mm","7":"product-cat-circular-profile"},"acf":[],"_links":{"self":[{"href":"https:\/\/tangooled.com\/pt\/wp-json\/wp\/v2\/product\/42395","targetHints":{"allow":["GET"]}}],"collection":[{"href":"https:\/\/tangooled.com\/pt\/wp-json\/wp\/v2\/product"}],"about":[{"href":"https:\/\/tangooled.com\/pt\/wp-json\/wp\/v2\/types\/product"}],"wp:featuredmedia":[{"embeddable":true,"href":"https:\/\/tangooled.com\/pt\/wp-json\/wp\/v2\/media\/20013"}],"wp:attachment":[{"href":"https:\/\/tangooled.com\/pt\/wp-json\/wp\/v2\/media?parent=42395"}],"wp:term":[{"taxonomy":"pcb-width","embeddable":true,"href":"https:\/\/tangooled.com\/pt\/wp-json\/wp\/v2\/pcb-width?post=42395"},{"taxonomy":"product-cat","embeddable":true,"href":"https:\/\/tangooled.com\/pt\/wp-json\/wp\/v2\/product-cat?post=42395"}],"curies":[{"name":"wp","href":"https:\/\/api.w.org\/{rel}","templated":true}]}}