{"id":42383,"date":"2025-12-22T01:50:53","date_gmt":"2025-12-22T09:50:53","guid":{"rendered":"https:\/\/tangooled.com\/?post_type=product&#038;p=42383"},"modified":"2026-02-02T02:04:30","modified_gmt":"2026-02-02T10:04:30","slug":"led-ring-light-housing-made-by-50x50mm-aluminum-channel","status":"publish","type":"product","link":"https:\/\/tangooled.com\/pt\/product\/led-ring-light-housing-made-by-50x50mm-aluminum-channel\/","title":{"rendered":"habita\u00e7\u00e3o de luz de anel LED feita por canal de alum\u00ednio 50x50mm-C5050"},"content":{"rendered":"<div class=\"wp-block-group is-vertical is-layout-flex wp-container-core-group-is-layout-d255d7c4 wp-block-group-is-layout-flex\" style=\"padding-top:var(--wp--preset--spacing--80);padding-bottom:var(--wp--preset--spacing--80)\">\n<p>A nossa carca\u00e7a de ilumina\u00e7\u00e3o em anel LED de canal de 50x50mm permite gerar uma luz forte e brilhante. Este perfil de alum\u00ednio de 50x50mm \u00e9 feito de uma liga de alum\u00ednio 6063-T5 de alta qualidade, ideal para criar uma fonte de luz em forma de anel que \u00e9 clara e uniforme. Funciona bem em casas, est\u00fadios, lojas e escrit\u00f3rios. Um acabamento liso e prateado em p\u00f3 ou anodizado completa o perfil. O di\u00e2metro deste perfil circular pode variar de 600mm a 3000mm. Voc\u00ea pode tamb\u00e9m variar a apar\u00eancia do revestimento em p\u00f3 escolhendo uma cor que combine bem com o restante da sua casa.<\/p>\n<\/div>\n\n\n\n<div class=\"wp-block-group has-background is-vertical is-layout-flex wp-container-core-group-is-layout-d255d7c4 wp-block-group-is-layout-flex\" style=\"background-color:#f1f1f1;padding-top:var(--wp--preset--spacing--80);padding-bottom:var(--wp--preset--spacing--80)\">\n<div class=\"wp-block-group is-vertical is-layout-flex wp-container-core-group-is-layout-8cf370e7 wp-block-group-is-layout-flex\">\n<h2 class=\"wp-block-heading\" style=\"padding-top:var(--wp--preset--spacing--40);padding-bottom:var(--wp--preset--spacing--40);font-size:25px;font-style:normal;font-weight:600;text-transform:capitalize\">Caracter\u00edsticas e Vantagens Importantes<\/h2>\n\n\n\n<ul class=\"wp-block-list\">\n<li>Size of the profile: 50&#215;50 mm. It works with a lot of COB LEDs and LED strips.\u00a0<\/li>\n\n\n\n<li>O alum\u00ednio 6063-T5, do qual \u00e9 feito, \u00e9 robusto e ajuda a manter a temperatura baixa.<\/li>\n\n\n\n<li>A luz \u00e9 uniforme porque vem com um difusor de policarbonato (fosco) em PC.<\/li>\n\n\n\n<li>Voc\u00ea pode escolher entre um revestimento em p\u00f3 preto e um acabamento prateado anodizado. <\/li>\n\n\n\n<li>Funciona com luzes em anel RGBW, bi-color e outros tipos de luzes.<\/li>\n\n\n\n<li>\u00d3timo para iluminar edif\u00edcios, tirar fotos e realizar semin\u00e1rios.<\/li>\n<\/ul>\n<\/div>\n<\/div>\n\n\n\n<div class=\"wp-block-group is-vertical is-layout-flex wp-container-core-group-is-layout-d255d7c4 wp-block-group-is-layout-flex\" style=\"padding-top:var(--wp--preset--spacing--80);padding-bottom:var(--wp--preset--spacing--80)\">\n<h2 class=\"wp-block-heading\" style=\"padding-top:var(--wp--preset--spacing--40);padding-bottom:var(--wp--preset--spacing--40);font-size:25px;font-style:normal;font-weight:600;text-transform:capitalize\">Feito para M\u00faltiplos Usos<\/h2>\n\n\n\n<p>Esta carca\u00e7a de ilumina\u00e7\u00e3o em anel LED de canal de 50x50mm \u00e9 uma maneira simples de come\u00e7ar muitos projetos de ilumina\u00e7\u00e3o excelentes. Use-a para criar:<\/p>\n\n\n\n<ul class=\"wp-block-list\">\n<li>Salas de reuni\u00f5es e escrit\u00f3rios comerciais<\/li>\n\n\n\n<li>Lobbies e \u00e1trios de hot\u00e9is<\/li>\n\n\n\n<li>Showrooms e boutiques de varejo<\/li>\n\n\n\n<li>Espa\u00e7os de estar e de jantar em casas<\/li>\n\n\n\n<li>Est\u00fadios de arte e espa\u00e7os de trabalho criativos<\/li>\n<\/ul>\n<\/div>\n\n\n\n<div class=\"wp-block-group has-background is-vertical is-layout-flex wp-container-core-group-is-layout-b429018a wp-block-group-is-layout-flex\" style=\"background-color:#f1f1f1f2;padding-top:var(--wp--preset--spacing--70);padding-bottom:var(--wp--preset--spacing--70)\">\n<h2 class=\"wp-block-heading\" style=\"padding-top:var(--wp--preset--spacing--40);padding-bottom:var(--wp--preset--spacing--40);font-size:25px;font-style:normal;font-weight:600\">Funciona com estas fitas de LED<\/h2>\n\n\n\n<ul class=\"wp-block-list\">\n<li>LED strips with a high CRI (Ra > 90) for accurate colors.<\/li>\n\n\n\n<li>Fitas LED brancas em uma \u00fanica cor (3000K, 4000K ou 6000K).<\/li>\n\n\n\n<li>Fitas que mudam de cor de RGB para RGBW.<\/li>\n\n\n\n<li>Fitas com at\u00e9 20mm de largura se encaixam perfeitamente no canal do perfil.<\/li>\n<\/ul>\n<\/div>\n\n\n\n<div class=\"wp-block-group\" style=\"padding-top:var(--wp--preset--spacing--80);padding-bottom:var(--wp--preset--spacing--80)\"><div class=\"wp-block-group__inner-container is-layout-constrained wp-block-group-is-layout-constrained\">\n<p>A carca\u00e7a de ilumina\u00e7\u00e3o em anel LED de canal TG-C5050 de 50x50mm \u00e9 uma excelente op\u00e7\u00e3o. Combina resist\u00eancia, estilo e boa luz. Comece a criar suas pr\u00f3prias luzes em anel profissionais e dur\u00e1veis hoje mesmo!<\/p>\n\n\n\n<p><\/p>\n<\/div><\/div>","protected":false},"featured_media":20011,"template":"","meta":{"_acf_changed":true,"_seopress_robots_primary_cat":"none","_seopress_titles_title":"50x50mm LED Channel Ring Light Housing C5050 | TANGOOLED","_seopress_titles_desc":"The C5050 is a heavy-duty 50x50mm led channel ring light housing for large-scale pendants. The diameters can be customized with the requested sizes.","_seopress_robots_index":""},"pcb-width":[230],"product-cat":[202],"class_list":{"0":"post-42383","1":"product","2":"type-product","3":"status-publish","4":"has-post-thumbnail","6":"pcb-width-20-25mm","7":"product-cat-circular-profile"},"acf":[],"_links":{"self":[{"href":"https:\/\/tangooled.com\/pt\/wp-json\/wp\/v2\/product\/42383","targetHints":{"allow":["GET"]}}],"collection":[{"href":"https:\/\/tangooled.com\/pt\/wp-json\/wp\/v2\/product"}],"about":[{"href":"https:\/\/tangooled.com\/pt\/wp-json\/wp\/v2\/types\/product"}],"wp:featuredmedia":[{"embeddable":true,"href":"https:\/\/tangooled.com\/pt\/wp-json\/wp\/v2\/media\/20011"}],"wp:attachment":[{"href":"https:\/\/tangooled.com\/pt\/wp-json\/wp\/v2\/media?parent=42383"}],"wp:term":[{"taxonomy":"pcb-width","embeddable":true,"href":"https:\/\/tangooled.com\/pt\/wp-json\/wp\/v2\/pcb-width?post=42383"},{"taxonomy":"product-cat","embeddable":true,"href":"https:\/\/tangooled.com\/pt\/wp-json\/wp\/v2\/product-cat?post=42383"}],"curies":[{"name":"wp","href":"https:\/\/api.w.org\/{rel}","templated":true}]}}