{"id":42226,"date":"2025-12-17T20:32:15","date_gmt":"2025-12-18T04:32:15","guid":{"rendered":"https:\/\/tangooled.com\/?post_type=product&#038;p=42226"},"modified":"2026-02-02T01:58:15","modified_gmt":"2026-02-02T09:58:15","slug":"fl04-wide-flanged-in-ground-led-profile","status":"publish","type":"product","link":"https:\/\/tangooled.com\/pt\/product\/fl04-wide-flanged-in-ground-led-profile\/","title":{"rendered":"FL04: Canal LED embutido no ch\u00e3o com aba larga de 26mm"},"content":{"rendered":"<div class=\"wp-block-group is-vertical is-layout-flex wp-container-core-group-is-layout-d255d7c4 wp-block-group-is-layout-flex\" style=\"padding-top:var(--wp--preset--spacing--80);padding-bottom:var(--wp--preset--spacing--80)\">\n<p>This FL04 wide flanged In-ground LED channel is 26mm deep and 27.4mm wide, it fits well in concrete, wood, or stone without any gaps. The 12.4mm internal chamber is great for high-performance LED strips, as\u00a0it helps maintain consistent temperature\u00a0over time.<\/p>\n\n\n\n<p>\u00c9 suficientemente resistente para suportar grande tr\u00e1fego pedonal e cargas leves de autom\u00f3veis, gra\u00e7as \u00e0 sua constru\u00e7\u00e3o em alum\u00ednio de alta qualidade. Este canal imperme\u00e1vel ilumina entradas, passeios de jardim e corredores comerciais de forma limpa e constante, transformando-os radicalmente. Esta solu\u00e7\u00e3o com aba mant\u00e9m o seu investimento protegido contra as intemp\u00e9ries e oferece \u00e0 sua casa um acabamento profissional e discreto na ilumina\u00e7\u00e3o, tornando mais seguro estar no exterior ou interior.<\/p>\n<\/div>\n\n\n\n<div class=\"wp-block-group has-background is-vertical is-layout-flex wp-container-core-group-is-layout-d255d7c4 wp-block-group-is-layout-flex\" style=\"background-color:#f1f1f1;padding-top:var(--wp--preset--spacing--80);padding-bottom:var(--wp--preset--spacing--80)\">\n<div class=\"wp-block-group is-vertical is-layout-flex wp-container-core-group-is-layout-8cf370e7 wp-block-group-is-layout-flex\">\n<h2 class=\"wp-block-heading\" style=\"padding-top:var(--wp--preset--spacing--40);padding-bottom:var(--wp--preset--spacing--40);font-size:25px;font-style:normal;font-weight:600;text-transform:capitalize\">Porque deve escolher o nosso canal LED embutido no ch\u00e3o com aba larga?<\/h2>\n\n\n\n<ul class=\"wp-block-list\">\n<li>Resistente e duradouro: Composto por alum\u00ednio anodizado, que suporta tr\u00e1fego pedonal e condi\u00e7\u00f5es clim\u00e1ticas adversas.<\/li>\n\n\n\n<li>Acabamento limpo nas bordas: A aba esconde as bordas irregulares em pedra e bet\u00e3o, conferindo um aspeto limpo.<\/li>\n\n\n\n<li>Prote\u00e7\u00e3o \u00e0 prova de \u00e1gua: Quando devidamente selado, impede a entrada de \u00e1gua, p\u00f3 e insetos, pois possui classifica\u00e7\u00e3o IP67.<\/li>\n\n\n\n<li>Luz sem pontos: O difusor opalino torna a luz suave e homog\u00e9nea, sem manchas ou reflexos.<\/li>\n\n\n\n<li>Pode ser usado em v\u00e1rios tipos de pavimentos, como azulejo, bet\u00e3o, pedra, madeira e outros.<\/li>\n\n\n\n<li>Compat\u00edvel com fitas LED largas: A largura interna suporta fitas LED at\u00e9 12mm e tamb\u00e9m fitas LED imperme\u00e1veis.<\/li>\n<\/ul>\n<\/div>\n<\/div>\n\n\n\n<div class=\"wp-block-group\" style=\"padding-top:var(--wp--preset--spacing--60);padding-bottom:var(--wp--preset--spacing--60)\"><div class=\"wp-block-group__inner-container is-layout-constrained wp-block-group-is-layout-constrained\">\n<div class=\"wp-block-media-text has-media-on-the-right is-stacked-on-mobile\" style=\"grid-template-columns:auto 40%\"><div class=\"wp-block-media-text__content\">\n<h2 class=\"wp-block-heading\" style=\"padding-top:var(--wp--preset--spacing--40);padding-bottom:var(--wp--preset--spacing--40);font-size:25px;font-style:normal;font-weight:600;text-transform:capitalize\">Passos simples para instala\u00e7\u00e3o<\/h2>\n\n\n\n<ul class=\"wp-block-list\">\n<li>Fa\u00e7a uma ranhura no seu caminho ou entrada.<\/li>\n\n\n\n<li>Coloque o canal de alum\u00ednio na ranhura.<\/li>\n\n\n\n<li>Coloque sua tira LED dentro do canal.<\/li>\n\n\n\n<li>Fixe-o e encaixe o difusor.<\/li>\n\n\n\n<li>Seal the ends with silicone and end caps so that water can&#8217;t get in.<\/li>\n<\/ul>\n<\/div><figure class=\"wp-block-media-text__media\"><img loading=\"lazy\" decoding=\"async\" width=\"500\" height=\"500\" src=\"https:\/\/tangooled.com\/wp-content\/uploads\/2025\/12\/fl04-ins-1.webp\" alt=\"26mm flanged in ground led channel for path lighting\" class=\"wp-image-42256 size-full\" srcset=\"https:\/\/tangooled.com\/wp-content\/uploads\/2025\/12\/fl04-ins-1.webp 500w, https:\/\/tangooled.com\/wp-content\/uploads\/2025\/12\/fl04-ins-1-300x300.webp 300w, https:\/\/tangooled.com\/wp-content\/uploads\/2025\/12\/fl04-ins-1-150x150.webp 150w\" sizes=\"auto, (max-width: 500px) 100vw, 500px\" \/><\/figure><\/div>\n<\/div><\/div>\n\n\n\n<div class=\"wp-block-group has-background is-vertical is-layout-flex wp-container-core-group-is-layout-b429018a wp-block-group-is-layout-flex\" style=\"background-color:#f1f1f1f2;padding-top:var(--wp--preset--spacing--70);padding-bottom:var(--wp--preset--spacing--70)\">\n<h2 class=\"wp-block-heading\" style=\"padding-top:var(--wp--preset--spacing--40);padding-bottom:var(--wp--preset--spacing--40);font-size:25px;font-style:normal;font-weight:600;text-transform:capitalize\">Para que pode usar este canal LED para ilumina\u00e7\u00e3o de caminhos?<\/h2>\n\n\n\n<p>O nosso canal LED embutido com aba de 26mm \u00e9 \u00f3timo para v\u00e1rias aplica\u00e7\u00f5es, tais como:<\/p>\n\n\n\n<ul class=\"wp-block-list\">\n<li>Caminhos e passeios de jardins: Torne os seus percursos seguros e bonitos com ilumina\u00e7\u00e3o.<\/li>\n\n\n\n<li>Entradas e \u00e1reas de garagem: Utilize para iluminar as margens de entradas e passeios com luz constante e brilhante.<\/li>\n\n\n\n<li>V\u00e3os de decks e p\u00e1tios: Instale ao n\u00edvel da madeira para visualizar as bordas e degraus.<\/li>\n\n\n\n<li>Espa\u00e7os p\u00fablicos: Parques e pra\u00e7as s\u00e3o locais ideais para manter as pessoas seguras e orient\u00e1-las.<\/li>\n<\/ul>\n\n\n\n<p style=\"padding-right:var(--wp--preset--spacing--50);padding-left:var(--wp--preset--spacing--50)\">Consulte o nosso perfil LED preto com difusor preto para fita LED de 10mm<a href=\"https:\/\/tangooled.com\/pt\/product\/black-led-profile-with-black-diffuser-for-10mm-led-strip-light\/\"><mark style=\"background-color:rgba(0, 0, 0, 0)\" class=\"has-inline-color has-vivid-red-color\"> aqui<\/mark><\/a> e o nosso<a href=\"https:\/\/tangooled.com\/pt\/product\/led-strip-light-channel-aluminum-profile-with-diffused-cover-6mm-height\/\"><mark style=\"background-color:rgba(0, 0, 0, 0)\" class=\"has-inline-color has-vivid-red-color\"> <\/mark><\/a>perfil de alum\u00ednio para canal de luz de fita LED com cobertura difusa, altura 6mm <a href=\"https:\/\/tangooled.com\/pt\/product\/led-strip-light-channel-aluminum-profile-with-diffused-cover-6mm-height\/\"><mark style=\"background-color:rgba(0, 0, 0, 0)\" class=\"has-inline-color has-vivid-red-color\">aqui<\/mark><\/a> para mais op\u00e7\u00f5es.<\/p>\n<\/div>\n\n\n\n<div class=\"wp-block-group\" style=\"padding-top:var(--wp--preset--spacing--80);padding-bottom:var(--wp--preset--spacing--80)\"><div class=\"wp-block-group__inner-container is-layout-constrained wp-block-group-is-layout-constrained\">\n<h2 class=\"wp-block-heading\" style=\"padding-top:var(--wp--preset--spacing--40);padding-bottom:var(--wp--preset--spacing--40);font-size:25px;font-style:normal;font-weight:600;text-transform:capitalize\">Resumo<\/h2>\n\n\n\n<p>O nosso canal LED embutido com aba de 26mm \u00e9 uma forma robusta, elegante e imperme\u00e1vel de iluminar entradas, p\u00e1tios, caminhos e decks. Mant\u00e9m as fitas LED fixas e protegidas contra sujeira e \u00e1gua. A aba cobre quaisquer bordas irregulares, garantindo um aspeto limpo. Por ser feito em alum\u00ednio anodizado, \u00e9 f\u00e1cil de montar e muito duradouro.<\/p>\n<\/div><\/div>","protected":false},"featured_media":13539,"template":"","meta":{"_acf_changed":true,"_seopress_robots_primary_cat":"none","_seopress_titles_title":"Wide Flanged In-Ground LED Profile | 26mm Path Lighting FL04 | TANGOOLED","_seopress_titles_desc":"The FL04 is a wide flanged in-ground led profile with a 26mm aperture. This heavy-duty aluminum channel is designed to house wider LED strips for bold, recessed path lighting with an easy-to-install flange.","_seopress_robots_index":""},"pcb-width":[228],"product-cat":[199],"class_list":{"0":"post-42226","1":"product","2":"type-product","3":"status-publish","4":"has-post-thumbnail","6":"pcb-width-6-12mm","7":"product-cat-inground-profile"},"acf":[],"_links":{"self":[{"href":"https:\/\/tangooled.com\/pt\/wp-json\/wp\/v2\/product\/42226","targetHints":{"allow":["GET"]}}],"collection":[{"href":"https:\/\/tangooled.com\/pt\/wp-json\/wp\/v2\/product"}],"about":[{"href":"https:\/\/tangooled.com\/pt\/wp-json\/wp\/v2\/types\/product"}],"wp:featuredmedia":[{"embeddable":true,"href":"https:\/\/tangooled.com\/pt\/wp-json\/wp\/v2\/media\/13539"}],"wp:attachment":[{"href":"https:\/\/tangooled.com\/pt\/wp-json\/wp\/v2\/media?parent=42226"}],"wp:term":[{"taxonomy":"pcb-width","embeddable":true,"href":"https:\/\/tangooled.com\/pt\/wp-json\/wp\/v2\/pcb-width?post=42226"},{"taxonomy":"product-cat","embeddable":true,"href":"https:\/\/tangooled.com\/pt\/wp-json\/wp\/v2\/product-cat?post=42226"}],"curies":[{"name":"wp","href":"https:\/\/api.w.org\/{rel}","templated":true}]}}