{"id":42224,"date":"2025-12-17T20:28:24","date_gmt":"2025-12-18T04:28:24","guid":{"rendered":"https:\/\/tangooled.com\/?post_type=product&#038;p=42224"},"modified":"2026-02-02T01:57:51","modified_gmt":"2026-02-02T09:57:51","slug":"26mm-floor-recessed-led-aluminum-channel-for-12mm-strips","status":"publish","type":"product","link":"https:\/\/tangooled.com\/pt\/product\/26mm-floor-recessed-led-aluminum-channel-for-12mm-strips\/","title":{"rendered":"Canal de alum\u00ednio embutido no ch\u00e3o para fita de 12mm, com 26mm de largura"},"content":{"rendered":"<div class=\"wp-block-group is-vertical is-layout-flex wp-container-core-group-is-layout-d255d7c4 wp-block-group-is-layout-flex\" style=\"padding-top:var(--wp--preset--spacing--80);padding-bottom:var(--wp--preset--spacing--80)\">\n<p>O nosso canal de alum\u00ednio LED embutido de 26mm \u00e9 projetado para ilumina\u00e7\u00e3o linear de piso. Este perfil de alum\u00ednio robusto \u00e9 feito para se encaixar perfeitamente em decks, entradas, jardins e cal\u00e7adas. Ele protege as fitas LED melhor do que qualquer outra coisa, garantindo que funcionem de forma confi\u00e1vel e consistente, tanto em ambientes internos quanto externos.<\/p>\n\n\n\n<p>Este canal embutido de 26mm \u00e9 feito de alum\u00ednio de alta qualidade e resistente, capaz de suportar o tr\u00e1fego de pessoas e pesos moderados de ve\u00edculos, enquanto tamb\u00e9m atua como um dissipador de calor eficiente. Ele cria uma linha de luz clara e sem ofuscamento que se estende continuamente, melhorando a apar\u00eancia de qualquer lugar. Esta solu\u00e7\u00e3o flex\u00edvel funciona muito bem em ambientes externos e internos, como caminhos de jardins, entradas, corredores e espa\u00e7os p\u00fablicos movimentados.<\/p>\n<\/div>\n\n\n\n<div class=\"wp-block-group has-background is-vertical is-layout-flex wp-container-core-group-is-layout-d255d7c4 wp-block-group-is-layout-flex\" style=\"background-color:#f1f1f1;padding-top:var(--wp--preset--spacing--80);padding-bottom:var(--wp--preset--spacing--80)\">\n<div class=\"wp-block-group is-vertical is-layout-flex wp-container-core-group-is-layout-8cf370e7 wp-block-group-is-layout-flex\">\n<h2 class=\"wp-block-heading\" style=\"padding-top:var(--wp--preset--spacing--40);padding-bottom:var(--wp--preset--spacing--40);font-size:25px;font-style:normal;font-weight:600;text-transform:capitalize\">Por que escolher o nosso canal de alum\u00ednio LED embutido de 26mm?<\/h2>\n\n\n\n<ul class=\"wp-block-list\">\n<li>Robusto e Dur\u00e1vel: O canal para pisos \u00e9 composto de alum\u00ednio 6063-T5, que mant\u00e9m suas fitas LED frescas e seguras.<\/li>\n\n\n\n<li>Apar\u00eancia Limpa e Sutil: Este canal embutido se encaixa perfeitamente de forma plana em pisos de cer\u00e2mica, madeira ou concreto.<\/li>\n\n\n\n<li>Luz Suave: A cobertura difusora opalina elimina \u00e1reas \u00e1speras e faz a luz se espalhar uniformemente.<\/li>\n\n\n\n<li>Se adapta a fitas LED de at\u00e9 12mm de largura: O canal \u00e9 do tamanho perfeito para fitas LED que t\u00eam 12mm de largura ou menos.<\/li>\n\n\n\n<li>Water-Resistant: Works with waterproof LED strips\uff0c making it suitable for damp locations or covered outdoor walkways.<\/li>\n\n\n\n<li>F\u00e1cil de Cortar: Vem em comprimentos de 2 e 3 metros, para que voc\u00ea possa cort\u00e1-lo no tamanho que precisar.<\/li>\n<\/ul>\n<\/div>\n<\/div>\n\n\n\n<div class=\"wp-block-group is-vertical is-layout-flex wp-container-core-group-is-layout-d255d7c4 wp-block-group-is-layout-flex\" style=\"padding-top:var(--wp--preset--spacing--80);padding-bottom:var(--wp--preset--spacing--80)\">\n<hr class=\"wp-block-separator has-alpha-channel-opacity\"\/>\n\n\n\n<div class=\"wp-block-media-text has-media-on-the-right is-stacked-on-mobile\" style=\"grid-template-columns:auto 40%\"><div class=\"wp-block-media-text__content\">\n<h2 class=\"wp-block-heading\" style=\"padding-top:var(--wp--preset--spacing--40);padding-bottom:var(--wp--preset--spacing--40);font-size:25px;font-style:normal;font-weight:600;text-transform:capitalize\">Dicas de Instala\u00e7\u00e3o<\/h2>\n\n\n\n<ul class=\"wp-block-list\">\n<li>Use uma serra fina para cortar o canal de alum\u00ednio e o difusor no comprimento certo.<\/li>\n\n\n\n<li>Coloque o canal em uma ranhura ou buraco no piso.<\/li>\n\n\n\n<li>Coloque a fita LED de 12mm de largura no canal.<\/li>\n\n\n\n<li>Para suavizar a luz, coloque o difusor opalino.<\/li>\n\n\n\n<li>Para proteger as extremidades da fita LED, coloque capas de extremidade nelas.<\/li>\n\n\n\n<li>Vede as bordas com silicone se o canal for usado do lado de fora ou em locais \u00famidos.<\/li>\n<\/ul>\n<\/div><figure class=\"wp-block-media-text__media\"><img loading=\"lazy\" decoding=\"async\" width=\"500\" height=\"500\" src=\"https:\/\/tangooled.com\/wp-content\/uploads\/2025\/12\/fl04-ins.webp\" alt=\"26mm floor recessed led aluminum channel for 12mm led strips\" class=\"wp-image-42248 size-full\" srcset=\"https:\/\/tangooled.com\/wp-content\/uploads\/2025\/12\/fl04-ins.webp 500w, https:\/\/tangooled.com\/wp-content\/uploads\/2025\/12\/fl04-ins-300x300.webp 300w, https:\/\/tangooled.com\/wp-content\/uploads\/2025\/12\/fl04-ins-150x150.webp 150w\" sizes=\"auto, (max-width: 500px) 100vw, 500px\" \/><\/figure><\/div>\n<\/div>\n\n\n\n<div class=\"wp-block-group has-background is-vertical is-layout-flex wp-container-core-group-is-layout-b429018a wp-block-group-is-layout-flex\" style=\"background-color:#f1f1f1f2;padding-top:var(--wp--preset--spacing--70);padding-bottom:var(--wp--preset--spacing--70)\">\n<h2 class=\"wp-block-heading\" style=\"padding-top:var(--wp--preset--spacing--40);padding-bottom:var(--wp--preset--spacing--40);font-size:25px;font-style:normal;font-weight:600\">Onde usar o canal de alum\u00ednio LED embutido de 26mm?<\/h2>\n\n\n\n<p>Este canal LED pode ser usado em muitos locais diferentes:<\/p>\n\n\n\n<ul class=\"wp-block-list\">\n<li>Pisos em Casas e Escrit\u00f3rios: Funciona bem em pisos de cer\u00e2mica, madeira, laminado ou concreto.<\/li>\n\n\n\n<li>Caminhos e Corredores: Ajuda a iluminar o caminho de forma segura e estilosa.<\/li>\n\n\n\n<li>\u00c1reas \u00damidas e Banheiros: Utilize fitas LED \u00e0 prova d'\u00e1gua IP67 e certifique-se de que o espa\u00e7o est\u00e1 bem vedado.<\/li>\n\n\n\n<li>P\u00e1tios e Decks Externos: Funciona bem em caminhos externos quando s\u00e3o impermeabilizados.<\/li>\n\n\n\n<li>Degraus: Adicione luzes aos degraus para torn\u00e1-los mais seguros e modernos.<\/li>\n<\/ul>\n<\/div>\n\n\n\n<div class=\"wp-block-group\" style=\"padding-top:var(--wp--preset--spacing--70);padding-bottom:var(--wp--preset--spacing--70)\"><div class=\"wp-block-group__inner-container is-layout-constrained wp-block-group-is-layout-constrained\">\n<h2 class=\"wp-block-heading\" style=\"padding-top:var(--wp--preset--spacing--40);padding-bottom:var(--wp--preset--spacing--40);font-size:25px;font-style:normal;font-weight:600;text-transform:capitalize\">Voc\u00ea tamb\u00e9m pode gostar destes produtos relacionados<\/h2>\n\n\n\n<ul class=\"wp-block-list\">\n<li>Explore o <a href=\"https:\/\/tangooled.com\/pt\/product\/black-led-diffuser-aluminum-channel-for-12mm-tape-lights\/\"><mark style=\"background-color:rgba(0, 0, 0, 0)\" class=\"has-inline-color has-vivid-red-color\">canal de alum\u00ednio com difusor LED preto para luzes de fita de 12mm <\/mark><\/a>para um acabamento preto estiloso.<\/li>\n\n\n\n<li>Veja o <a href=\"https:\/\/tangooled.com\/pt\/product\/18x18mm-led-strip-corner-profile-for-12mm-led-strips\/\"><mark style=\"background-color:rgba(0, 0, 0, 0)\" class=\"has-inline-color has-vivid-red-color\">Perfil de canto de fita LED 18x18mm para fitas LED de 12mm<\/mark><\/a> para necessidades de ilumina\u00e7\u00e3o em cantos.<\/li>\n\n\n\n<li>Para op\u00e7\u00f5es de montagem em superf\u00edcie, veja o <a href=\"https:\/\/tangooled.com\/pt\/product\/surface-mount-led-profile-with-frosted-diffuser-for-10mm-rope-lights\/\"><mark style=\"background-color:rgba(0, 0, 0, 0)\" class=\"has-inline-color has-vivid-red-color\">perfil de LED de montagem em superf\u00edcie com difusor fosco para luzes de corda de 10mm<\/mark><\/a>.<\/li>\n\n\n\n<li>Experimente o perfil LED embutido<a href=\"https:\/\/tangooled.com\/pt\/product\/recessed-17mm-led-profile-aluminum-channel-for-12mm-led-strips\/\"><mark style=\"background-color:rgba(0, 0, 0, 0)\" class=\"has-inline-color has-vivid-red-color\">canal de alum\u00ednio de 17mm para fitas LED de 12mm <\/mark><\/a>para necessidades de tamanhos diferentes.<\/li>\n<\/ul>\n<\/div><\/div>\n\n\n\n<div class=\"wp-block-group has-background\" style=\"background-color:#f1f1f1;padding-top:var(--wp--preset--spacing--80);padding-bottom:var(--wp--preset--spacing--80)\"><div class=\"wp-block-group__inner-container is-layout-constrained wp-block-group-is-layout-constrained\">\n<p>Para mais perfis de ilumina\u00e7\u00e3o e ideias, confira alguns dos nossos outros produtos mais vendidos. Estes incluem um <a href=\"https:\/\/tangooled.com\/pt\/product\/black-led-profile-with-black-diffuser-for-10mm-led-strip-light\/\"><mark style=\"background-color:rgba(0, 0, 0, 0)\" class=\"has-inline-color has-vivid-red-color\">perfil LED preto com difusor preto para fita de LED de 10mm<\/mark><\/a> e o <a href=\"https:\/\/tangooled.com\/pt\/product\/25x6mm-low-profile-led-strip-channel-for-10mm-led-strip-light\/\"><mark style=\"background-color:rgba(0, 0, 0, 0)\" class=\"has-inline-color has-vivid-red-color\">canal de fitas LED de baixo perfil de 25x6mm para fitas de 10mm<\/mark><\/a>.<\/p>\n<\/div><\/div>\n\n\n\n<p><\/p>","protected":false},"featured_media":13536,"template":"","meta":{"_acf_changed":true,"_seopress_robots_primary_cat":"none","_seopress_titles_title":"26mm Floor Recessed LED Aluminum Channel | FL03 Linear Floor Light | TANGOOLED","_seopress_titles_desc":"The FL03 is a professional 26mm floor recessed led aluminum channel designed for 12mm LED strips. This heavy-duty walk-over profile creates a wide, bold linear light path for commercial and architectural flooring.","_seopress_robots_index":""},"pcb-width":[228],"product-cat":[199],"class_list":{"0":"post-42224","1":"product","2":"type-product","3":"status-publish","4":"has-post-thumbnail","6":"pcb-width-6-12mm","7":"product-cat-inground-profile"},"acf":[],"_links":{"self":[{"href":"https:\/\/tangooled.com\/pt\/wp-json\/wp\/v2\/product\/42224","targetHints":{"allow":["GET"]}}],"collection":[{"href":"https:\/\/tangooled.com\/pt\/wp-json\/wp\/v2\/product"}],"about":[{"href":"https:\/\/tangooled.com\/pt\/wp-json\/wp\/v2\/types\/product"}],"wp:featuredmedia":[{"embeddable":true,"href":"https:\/\/tangooled.com\/pt\/wp-json\/wp\/v2\/media\/13536"}],"wp:attachment":[{"href":"https:\/\/tangooled.com\/pt\/wp-json\/wp\/v2\/media?parent=42224"}],"wp:term":[{"taxonomy":"pcb-width","embeddable":true,"href":"https:\/\/tangooled.com\/pt\/wp-json\/wp\/v2\/pcb-width?post=42224"},{"taxonomy":"product-cat","embeddable":true,"href":"https:\/\/tangooled.com\/pt\/wp-json\/wp\/v2\/product-cat?post=42224"}],"curies":[{"name":"wp","href":"https:\/\/api.w.org\/{rel}","templated":true}]}}