{"id":42222,"date":"2025-12-17T20:25:28","date_gmt":"2025-12-18T04:25:28","guid":{"rendered":"https:\/\/tangooled.com\/?post_type=product&#038;p=42222"},"modified":"2026-02-02T01:57:30","modified_gmt":"2026-02-02T09:57:30","slug":"walkway-embedded-10mm-flanged-slim-led-channel-for-10mm-strip","status":"publish","type":"product","link":"https:\/\/tangooled.com\/pt\/product\/walkway-embedded-10mm-flanged-slim-led-channel-for-10mm-strip\/","title":{"rendered":"canal LED fino embutido no pavimento com aba de 10mm para fita de 10mm"},"content":{"rendered":"<div class=\"wp-block-group is-vertical is-layout-flex wp-container-core-group-is-layout-d255d7c4 wp-block-group-is-layout-flex\" style=\"padding-top:var(--wp--preset--spacing--80);padding-bottom:var(--wp--preset--spacing--80)\">\n<p>O nosso canal de LED embutido para piso FL02 com flange torna os pisos e passagens mais f\u00e1ceis de ver. Este forte perfil de alum\u00ednio \u00e9 f\u00e1cil de instalar e fica bonito e nivelado em pisos, decks e caminhos. Possui uma largura interna de 12,4mm, o que permite o uso de v\u00e1rias fitas LED e ajuda-as a durar mais, permitindo que o calor escape mais facilmente. O design de baixo perfil cria uma linha de luz cont\u00ednua e suave que est\u00e1 completamente protegida contra o tr\u00e1fego de pedestres, tornando a instala\u00e7\u00e3o segura e livre de trope\u00e7os.<\/p>\n<\/div>\n\n\n\n<div class=\"wp-block-group has-background is-vertical is-layout-flex wp-container-core-group-is-layout-d255d7c4 wp-block-group-is-layout-flex\" style=\"background-color:#f1f1f1;padding-top:var(--wp--preset--spacing--80);padding-bottom:var(--wp--preset--spacing--80)\">\n<div class=\"wp-block-group is-vertical is-layout-flex wp-container-core-group-is-layout-8cf370e7 wp-block-group-is-layout-flex\">\n<h2 class=\"wp-block-heading\" style=\"padding-top:var(--wp--preset--spacing--40);padding-bottom:var(--wp--preset--spacing--40);font-size:25px;font-style:normal;font-weight:600;text-transform:capitalize\">Por que escolher o nosso canal de LED embutido para piso com flange?<\/h2>\n\n\n\n<ul class=\"wp-block-list\">\n<li>It&#8217;s only about 10mm deep and fits in small spaces.<\/li>\n\n\n\n<li>Borda Flangada Forte: Isso faz com que as bordas das cer\u00e2micas ou do concreto pare\u00e7am bonitas.<\/li>\n\n\n\n<li>Seguran\u00e7a ao Caminhar: Forte o suficiente para suportar o tr\u00e1fego de pedestres sem quebrar.<\/li>\n\n\n\n<li>Amiga do Calor: O corpo de alum\u00ednio mant\u00e9m as fitas LED frescas, o que as faz durar mais.<\/li>\n\n\n\n<li>O difusor opalino distribui a luz uniformemente, tornando-a clara e brilhante.<\/li>\n<\/ul>\n<\/div>\n<\/div>\n\n\n\n<div class=\"wp-block-group\" style=\"padding-top:var(--wp--preset--spacing--60);padding-bottom:var(--wp--preset--spacing--60)\"><div class=\"wp-block-group__inner-container is-layout-constrained wp-block-group-is-layout-constrained\">\n<div class=\"wp-block-media-text has-media-on-the-right is-stacked-on-mobile\" style=\"grid-template-columns:auto 40%\"><div class=\"wp-block-media-text__content\">\n<h2 class=\"wp-block-heading\" style=\"padding-top:var(--wp--preset--spacing--40);padding-bottom:var(--wp--preset--spacing--40);font-size:25px;font-style:normal;font-weight:600;text-transform:capitalize\">Passos de Instala\u00e7\u00e3o<\/h2>\n\n\n\n<ul class=\"wp-block-list\">\n<li>Fa\u00e7a um sulco no caminho ou piso para o canal.<\/li>\n\n\n\n<li>Coloque o canal nivelado com a superf\u00edcie; a flange cobrir\u00e1 as bordas.<\/li>\n\n\n\n<li>Para manter o canal no lugar, use cola de constru\u00e7\u00e3o, argamassa ou cimento.<\/li>\n\n\n\n<li>The channel can&#8217;t be wider than 12 mm,  put the LED strip inside it.<\/li>\n\n\n\n<li>Para tornar a luz uniforme, coloque o difusor opalino por cima.<\/li>\n\n\n\n<li>Vede as tampas de extremidade com silicone para que sejam \u00e0 prova d'\u00e1gua na parte externa (IP67).<\/li>\n<\/ul>\n<\/div><figure class=\"wp-block-media-text__media\"><img loading=\"lazy\" decoding=\"async\" width=\"500\" height=\"500\" src=\"https:\/\/tangooled.com\/wp-content\/uploads\/2025\/12\/fl02-ins.webp\" alt=\"walkway embedded 10mm flanged slim led channel for 10mm led strip\" class=\"wp-image-42245 size-full\" srcset=\"https:\/\/tangooled.com\/wp-content\/uploads\/2025\/12\/fl02-ins.webp 500w, https:\/\/tangooled.com\/wp-content\/uploads\/2025\/12\/fl02-ins-300x300.webp 300w, https:\/\/tangooled.com\/wp-content\/uploads\/2025\/12\/fl02-ins-150x150.webp 150w\" sizes=\"auto, (max-width: 500px) 100vw, 500px\" \/><\/figure><\/div>\n<\/div><\/div>\n\n\n\n<div class=\"wp-block-group has-background is-vertical is-layout-flex wp-container-core-group-is-layout-b429018a wp-block-group-is-layout-flex\" style=\"background-color:#f1f1f1f2;padding-top:var(--wp--preset--spacing--70);padding-bottom:var(--wp--preset--spacing--70)\">\n<h2 class=\"wp-block-heading\" style=\"padding-top:var(--wp--preset--spacing--40);padding-bottom:var(--wp--preset--spacing--40);font-size:25px;font-style:normal;font-weight:600\">Como Usar o Canal de LED Slim Embutido Flangado de 10mm<\/h2>\n\n\n\n<ul class=\"wp-block-list\">\n<li>A ilumina\u00e7\u00e3o discreta pode tornar os caminhos do jardim mais seguros e brilhantes.<\/li>\n\n\n\n<li>Luzes para decks e p\u00e1tios: Coloque canais LED em decks de madeira ou comp\u00f3sitos para obter uma ilumina\u00e7\u00e3o de borda fant\u00e1stica.<\/li>\n\n\n\n<li>Pisos de cer\u00e2mica internos: Eles deixam cozinhas, banheiros e corredores com uma \u00f3tima apar\u00eancia com ilumina\u00e7\u00e3o embutida.<\/li>\n\n\n\n<li>Use luzes brilhantes e duradouras para designar rotas e limites em entradas e pisos de garagem.<\/li>\n<\/ul>\n<\/div>\n\n\n\n<div class=\"wp-block-group is-vertical is-layout-flex wp-container-core-group-is-layout-d255d7c4 wp-block-group-is-layout-flex\" style=\"padding-top:var(--wp--preset--spacing--80);padding-bottom:var(--wp--preset--spacing--80)\">\n<h2 class=\"wp-block-heading\" style=\"padding-top:var(--wp--preset--spacing--40);padding-bottom:var(--wp--preset--spacing--40);font-size:25px;font-style:normal;font-weight:600;text-transform:capitalize\">Produtos Relacionados que Voc\u00ea Pode Gostar<\/h2>\n\n\n\n<ul class=\"wp-block-list\">\n<li>Explore o nosso slim <mark style=\"background-color:rgba(0, 0, 0, 0)\" class=\"has-inline-color has-vivid-red-color\"><a href=\"https:\/\/tangooled.com\/pt\/product\/25x6mm-low-profile-led-strip-channel-for-10mm-led-strip-light\/\">canal de LED de perfil baixo 25x6mm para fita LED de 10mm<\/a> <\/mark>para instala\u00e7\u00f5es ainda mais finas.<\/li>\n\n\n\n<li>Encontre o <a href=\"https:\/\/tangooled.com\/pt\/product\/surface-mount-led-profile-with-frosted-diffuser-for-10mm-rope-lights\/\"><mark style=\"background-color:rgba(0, 0, 0, 0)\" class=\"has-inline-color has-vivid-red-color\">perfil de LED de montagem em superf\u00edcie com difusor fosco para luzes de corda de 10mm<\/mark><\/a> para instala\u00e7\u00f5es em superf\u00edcie.<\/li>\n\n\n\n<li>Considere <a href=\"https:\/\/tangooled.com\/pt\/product\/black-aluminum-u-channel-profile-for-10mm-led-strips\/\"><mark style=\"background-color:rgba(0, 0, 0, 0)\" class=\"has-inline-color has-vivid-red-color\">perfil em U de alum\u00ednio preto para tiras LED de 10mm<\/mark><\/a> se voc\u00ea deseja uma op\u00e7\u00e3o colorida.<\/li>\n\n\n\n<li>Verifique <a href=\"https:\/\/tangooled.com\/pt\/product\/led-light-diffuser-channel-aluminum-15x12mm-for-10mm-led-strips\/\"><mark style=\"background-color:rgba(0, 0, 0, 0)\" class=\"has-inline-color has-vivid-red-color\">Difusor de luz em alum\u00ednio 15x12mm para tiras LED de 10mm<\/mark><\/a> para necessidades de ilumina\u00e7\u00e3o difusa.<\/li>\n<\/ul>\n<\/div>\n\n\n\n<div class=\"wp-block-group has-background\" style=\"background-color:#f1f1f1;padding-top:var(--wp--preset--spacing--80);padding-bottom:var(--wp--preset--spacing--80)\"><div class=\"wp-block-group__inner-container is-layout-constrained wp-block-group-is-layout-constrained\">\n<p style=\"padding-right:var(--wp--preset--spacing--50);padding-left:var(--wp--preset--spacing--50)\">O nosso canal LED slim flangado para caminhos \u00e9 uma op\u00e7\u00e3o estilosa, limpa e duradoura para inserir fitas LED em pisos, decks ou caminhos. Este canal \u00e9 perfeito para ilumina\u00e7\u00e3o segura e atraente em qualquer lugar no ch\u00e3o, pois \u00e9 pequeno, tem uma superf\u00edcie flangada e pode suportar cargas.<\/p>\n<\/div><\/div>\n\n\n\n<p><\/p>","protected":false},"featured_media":13529,"template":"","meta":{"_acf_changed":true,"_seopress_robots_primary_cat":"none","_seopress_titles_title":"Recessed Floor LED Channel with Flange | 10mm Slim FL02 Profile | TANGOOLED","_seopress_titles_desc":"The FL02 is a slim recessed floor led channel featuring a 10mm flange for seamless installation. Designed for 10mm LED strips, this aluminum walk-over profile is ideal for walkway and corridor floor lighting.","_seopress_robots_index":""},"pcb-width":[228],"product-cat":[199],"class_list":{"0":"post-42222","1":"product","2":"type-product","3":"status-publish","4":"has-post-thumbnail","6":"pcb-width-6-12mm","7":"product-cat-inground-profile"},"acf":[],"_links":{"self":[{"href":"https:\/\/tangooled.com\/pt\/wp-json\/wp\/v2\/product\/42222","targetHints":{"allow":["GET"]}}],"collection":[{"href":"https:\/\/tangooled.com\/pt\/wp-json\/wp\/v2\/product"}],"about":[{"href":"https:\/\/tangooled.com\/pt\/wp-json\/wp\/v2\/types\/product"}],"wp:featuredmedia":[{"embeddable":true,"href":"https:\/\/tangooled.com\/pt\/wp-json\/wp\/v2\/media\/13529"}],"wp:attachment":[{"href":"https:\/\/tangooled.com\/pt\/wp-json\/wp\/v2\/media?parent=42222"}],"wp:term":[{"taxonomy":"pcb-width","embeddable":true,"href":"https:\/\/tangooled.com\/pt\/wp-json\/wp\/v2\/pcb-width?post=42222"},{"taxonomy":"product-cat","embeddable":true,"href":"https:\/\/tangooled.com\/pt\/wp-json\/wp\/v2\/product-cat?post=42222"}],"curies":[{"name":"wp","href":"https:\/\/api.w.org\/{rel}","templated":true}]}}