{"id":42203,"date":"2025-12-17T05:29:18","date_gmt":"2025-12-17T13:29:18","guid":{"rendered":"https:\/\/tangooled.com\/?post_type=product&#038;p=42203"},"modified":"2026-02-02T02:06:20","modified_gmt":"2026-02-02T10:06:20","slug":"stp07-stair-edge-aluminum-lightweight-profile-10mm","status":"publish","type":"product","link":"https:\/\/tangooled.com\/pt\/product\/stp07-stair-edge-aluminum-lightweight-profile-10mm\/","title":{"rendered":"Perfil LED de borda de degraus leve para tiras de 10mm"},"content":{"rendered":"<div class=\"wp-block-group is-vertical is-layout-flex wp-container-core-group-is-layout-d255d7c4 wp-block-group-is-layout-flex\" style=\"padding-top:var(--wp--preset--spacing--80);padding-bottom:var(--wp--preset--spacing--80)\">\n<p>O nosso perfil de alum\u00ednio leve para bordas de escadas \u00e9 desenvolvido para tiras de LED de 10mm e iluminar\u00e1 suas escadas de forma segura e elegante. Coloque este perfil de borda na extremidade da sua escada, e ele iluminar\u00e1 toda a superf\u00edcie do degrau em um \u00e2ngulo inclinado, para que voc\u00ea possa ver cada degrau que sobe e desce por seguran\u00e7a.<\/p>\n\n\n\n<p>Feito de alum\u00ednio de alta qualidade com uma superf\u00edcie serrilhada para evitar deslizamentos, e funciona com tiras de luz de 10mm. Os LEDs s\u00e3o cobertos por um difusor semi-transparente ou opal, sem pontos de LED vis\u00edveis; o efeito de ilumina\u00e7\u00e3o da escada apresentado \u00e9 suave e uniforme.\u00a0<\/p>\n\n\n\n<p>Este perfil \u00e9 robusto, f\u00e1cil de cortar e de instalar, e funciona bem em v\u00e1rios tipos de degraus. Ele torna seus degraus brilhantes, seguros e elegantes.<\/p>\n<\/div>\n\n\n\n<div class=\"wp-block-group has-background is-vertical is-layout-flex wp-container-core-group-is-layout-d255d7c4 wp-block-group-is-layout-flex\" style=\"background-color:#f1f1f1;padding-top:var(--wp--preset--spacing--80);padding-bottom:var(--wp--preset--spacing--80)\">\n<div class=\"wp-block-group is-vertical is-layout-flex wp-container-core-group-is-layout-8cf370e7 wp-block-group-is-layout-flex\">\n<h2 class=\"wp-block-heading\" style=\"padding-top:var(--wp--preset--spacing--40);padding-bottom:var(--wp--preset--spacing--40);font-size:25px;font-style:normal;font-weight:600;text-transform:capitalize\">Por que escolher este perfil?<\/h2>\n\n\n\n<ul class=\"wp-block-list\">\n<li>Feito de alum\u00ednio anodizado 6063 para manter a temperatura baixa e aumentar a durabilidade do LED.<\/li>\n\n\n\n<li>Funciona com tiras de LED que t\u00eam 10mm de largura ou mais.<\/li>\n\n\n\n<li>Possui um difusor fosco que espalha a luz uniformemente sem pontos ofuscantes.<\/li>\n\n\n\n<li>Quando combinado com tiras de LED resistentes \u00e0 \u00e1gua, podem ser utilizados tanto no interior quanto no exterior.<\/li>\n\n\n\n<li>Funciona bem em madeira, azulejos, concreto e outras superf\u00edcies.<\/li>\n\n\n\n<li>Vem com parafusos e tampas de extremidade para uma instala\u00e7\u00e3o r\u00e1pida.<\/li>\n\n\n\n<li>Adiciona uma borda antiderrapante aos degraus para torn\u00e1-los mais seguros.<\/li>\n<\/ul>\n<\/div>\n<\/div>\n\n\n\n<div class=\"wp-block-group is-vertical is-layout-flex wp-container-core-group-is-layout-d255d7c4 wp-block-group-is-layout-flex\" style=\"padding-top:var(--wp--preset--spacing--80);padding-bottom:var(--wp--preset--spacing--80)\">\n<hr class=\"wp-block-separator has-alpha-channel-opacity\"\/>\n\n\n\n<div class=\"wp-block-media-text has-media-on-the-right is-stacked-on-mobile\" style=\"grid-template-columns:auto 40%\"><div class=\"wp-block-media-text__content\">\n<h2 class=\"wp-block-heading\" style=\"padding-top:var(--wp--preset--spacing--40);padding-bottom:var(--wp--preset--spacing--40);font-size:25px;font-style:normal;font-weight:600;text-transform:capitalize\">Como Instalar?<\/h2>\n\n\n\n<ul class=\"wp-block-list\">\n<li>Descubra o comprimento das suas escadas.<\/li>\n\n\n\n<li>Corte o perfil de metal para o comprimento correto.<\/li>\n\n\n\n<li>Use parafusos para anex\u00e1-lo \u00e0 borda das escadas.<\/li>\n\n\n\n<li>Coloque sua tira de LED de 10mm dentro do canal.<\/li>\n\n\n\n<li>Anexe a tampa do difusor fosco.<\/li>\n\n\n\n<li>Conecte as tiras de LED \u00e0 fonte de alimenta\u00e7\u00e3o.<\/li>\n\n\n\n<li>Aproveite uma ilumina\u00e7\u00e3o brilhante, suave e segura nas bordas das suas escadas!<\/li>\n<\/ul>\n<\/div><figure class=\"wp-block-media-text__media\"><img loading=\"lazy\" decoding=\"async\" width=\"500\" height=\"500\" src=\"https:\/\/tangooled.com\/wp-content\/uploads\/2025\/12\/stp07-ins.webp\" alt=\"stair edge lighting aluminum lightweight profile for 10mm led strip\" class=\"wp-image-42234 size-full\" srcset=\"https:\/\/tangooled.com\/wp-content\/uploads\/2025\/12\/stp07-ins.webp 500w, https:\/\/tangooled.com\/wp-content\/uploads\/2025\/12\/stp07-ins-300x300.webp 300w, https:\/\/tangooled.com\/wp-content\/uploads\/2025\/12\/stp07-ins-150x150.webp 150w\" sizes=\"auto, (max-width: 500px) 100vw, 500px\" \/><\/figure><\/div>\n<\/div>\n\n\n\n<div class=\"wp-block-group has-background is-vertical is-layout-flex wp-container-core-group-is-layout-b429018a wp-block-group-is-layout-flex\" style=\"background-color:#f1f1f1f2;padding-top:var(--wp--preset--spacing--70);padding-bottom:var(--wp--preset--spacing--70)\">\n<h2 class=\"wp-block-heading\" style=\"padding-top:var(--wp--preset--spacing--40);padding-bottom:var(--wp--preset--spacing--40);font-size:25px;font-style:normal;font-weight:600\">Onde usar este perfil leve de alum\u00ednio para bordas de escadas?<\/h2>\n\n\n\n<ul class=\"wp-block-list\">\n<li>Escadas residenciais: no interior ou exterior, em madeira, azulejo ou concreto.<\/li>\n\n\n\n<li>Edif\u00edcios comerciais: hot\u00e9is, restaurantes, teatros, cinemas e lojas<\/li>\n\n\n\n<li>Degraus externos: escadas para o p\u00e1tio ou jardim (com LEDs \u00e0 prova d'\u00e1gua).<\/li>\n\n\n\n<li>Locais especiais: halls, decks, caminhos e qualquer outro lugar que precise de ilumina\u00e7\u00e3o de seguran\u00e7a.<\/li>\n<\/ul>\n<\/div>\n\n\n\n<div class=\"wp-block-group is-vertical is-layout-flex wp-container-core-group-is-layout-d255d7c4 wp-block-group-is-layout-flex\" style=\"padding-top:var(--wp--preset--spacing--80);padding-bottom:var(--wp--preset--spacing--80)\">\n<h2 class=\"wp-block-heading\" style=\"padding-top:var(--wp--preset--spacing--40);padding-bottom:var(--wp--preset--spacing--40);font-size:25px;font-style:normal;font-weight:600;text-transform:capitalize\">Resumo<\/h2>\n\n\n\n<p>Para iluminar escadas de forma segura, elegante e por muito tempo, o nosso perfil de alum\u00ednio leve para bordas de escadas para tiras de LED de 10mm \u00e9 a melhor solu\u00e7\u00e3o. \u00c9 f\u00e1cil de montar, tem uma boa apar\u00eancia e pode ser utilizado em muitos ambientes, como resid\u00eancias, escrit\u00f3rios, teatros e \u00e1reas externas. Adicione luz direta a cada degrau para proteger seus LEDs e fazer seu espa\u00e7o brilhar! Para saber mais sobre perfis de ilumina\u00e7\u00e3o de escadas de alum\u00ednio, confira nossas ofertas relacionadas, como o <a href=\"https:\/\/tangooled.com\/pt\/product\/black-led-diffuser-aluminum-channel-for-12mm-tape-lights\/\"><mark style=\"background-color:rgba(0, 0, 0, 0)\" class=\"has-inline-color has-vivid-red-color\">Canal de Alum\u00ednio Difusor LED Preto para Fitas de 12mm<\/mark><\/a> ou explore o nosso <a href=\"https:\/\/tangooled.com\/pt\/product\/surface-mount-led-profile-with-frosted-diffuser-for-10mm-rope-lights\/\"><mark style=\"background-color:rgba(0, 0, 0, 0)\" class=\"has-inline-color has-vivid-red-color\">Perfil LED de Montagem Superficial com Difusor Fosco <\/mark><\/a>para diferentes necessidades de ilumina\u00e7\u00e3o.<\/p>\n<\/div>\n\n\n\n<p><\/p>","protected":false},"featured_media":13618,"template":"","meta":{"_acf_changed":true,"_seopress_robots_primary_cat":"none","_seopress_titles_title":"Lightweight Stair Edge Aluminum Profile | Slim LED Step Light STP07","_seopress_titles_desc":"The STP07 is a slim stair edge aluminum lightweight profile designed for 10mm strip lights. Perfect for residential DIY and minimalist decor, this easy-to-install profile provides subtle step edge lighting.","_seopress_robots_index":""},"pcb-width":[228],"product-cat":[200],"class_list":{"0":"post-42203","1":"product","2":"type-product","3":"status-publish","4":"has-post-thumbnail","6":"pcb-width-6-12mm","7":"product-cat-stair-nosing-profile"},"acf":[],"_links":{"self":[{"href":"https:\/\/tangooled.com\/pt\/wp-json\/wp\/v2\/product\/42203","targetHints":{"allow":["GET"]}}],"collection":[{"href":"https:\/\/tangooled.com\/pt\/wp-json\/wp\/v2\/product"}],"about":[{"href":"https:\/\/tangooled.com\/pt\/wp-json\/wp\/v2\/types\/product"}],"wp:featuredmedia":[{"embeddable":true,"href":"https:\/\/tangooled.com\/pt\/wp-json\/wp\/v2\/media\/13618"}],"wp:attachment":[{"href":"https:\/\/tangooled.com\/pt\/wp-json\/wp\/v2\/media?parent=42203"}],"wp:term":[{"taxonomy":"pcb-width","embeddable":true,"href":"https:\/\/tangooled.com\/pt\/wp-json\/wp\/v2\/pcb-width?post=42203"},{"taxonomy":"product-cat","embeddable":true,"href":"https:\/\/tangooled.com\/pt\/wp-json\/wp\/v2\/product-cat?post=42203"}],"curies":[{"name":"wp","href":"https:\/\/api.w.org\/{rel}","templated":true}]}}