{"id":42202,"date":"2025-12-17T05:22:27","date_gmt":"2025-12-17T13:22:27","guid":{"rendered":"https:\/\/tangooled.com\/?post_type=product&#038;p=42202"},"modified":"2026-01-27T01:56:24","modified_gmt":"2026-01-27T09:56:24","slug":"2-in-1-anti-slip-led-stair-nosing-profile-for-12mm-led-strip","status":"publish","type":"product","link":"https:\/\/tangooled.com\/pt\/product\/2-in-1-anti-slip-led-stair-nosing-profile-for-12mm-led-strip\/","title":{"rendered":"Perfil de borda de degraus LED anti-derrapante 2-em-1 para tira LED de 12mm"},"content":{"rendered":"<div class=\"wp-block-group is-vertical is-layout-flex wp-container-core-group-is-layout-d255d7c4 wp-block-group-is-layout-flex\" style=\"padding-top:var(--wp--preset--spacing--80);padding-bottom:var(--wp--preset--spacing--80)\">\n<p>Need your stair tread safe and stylish? Check out our 2-in-1 anti slip stair nosing profile. This stair nosing profile has a 2-in-1 structure that lets you install the light and fix it in place by screwing the light body to the edges of wooden, concrete, or metal stair treads. Then, you can snap the anti-slip part onto it. It&#8217;s easy to install this type of aluminum stair nosing profile, and you can utilize it to enhance or modify your stairway at any time.<\/p>\n\n\n\n<p>Este perfil de borda de escada de alum\u00ednio 2 em 1 \u00e9 robusto e constru\u00eddo para durabilidade. Ele mant\u00e9m uma classifica\u00e7\u00e3o IP20 para ambientes internos secos. Ao us\u00e1-lo em escadas externas, escolha fitas IP67 para impermeabilidade superior.<br>O perfil de borda de escada anti-derrapante ajuda seus p\u00e9s a se agarrarem aos degraus, evitando escorreg\u00f5es mesmo em condi\u00e7\u00f5es \u00famidas ou escuras, aumentando significativamente a seguran\u00e7a ao subir e descer escadas.<\/p>\n<\/div>\n\n\n\n<div class=\"wp-block-group has-background is-vertical is-layout-flex wp-container-core-group-is-layout-d255d7c4 wp-block-group-is-layout-flex\" style=\"background-color:#f1f1f1;padding-top:var(--wp--preset--spacing--80);padding-bottom:var(--wp--preset--spacing--80)\">\n<div class=\"wp-block-group is-vertical is-layout-flex wp-container-core-group-is-layout-8cf370e7 wp-block-group-is-layout-flex\">\n<h2 class=\"wp-block-heading\" style=\"padding-top:var(--wp--preset--spacing--40);padding-bottom:var(--wp--preset--spacing--40);font-size:25px;font-style:normal;font-weight:600;text-transform:capitalize\">Por que escolher o nosso perfil de borda de escada anti-derrapante 2 em 1?<\/h2>\n\n\n\n<ul class=\"wp-block-list\">\n<li>Constru\u00e7\u00e3o dois em um: Duas tiras de alum\u00ednio extrudado fornecem protec\u00e7\u00e3o e ilumina\u00e7\u00e3o.<\/li>\n\n\n\n<li>Superf\u00edcie Anti-Derrapante: As finas estrias na superf\u00edcie de alum\u00ednio evitam escorreg\u00f5es e quedas.<\/li>\n\n\n\n<li>Ilumina\u00e7\u00e3o Segura: As luzes brilham para baixo nos degraus sem dificultar a visualiza\u00e7\u00e3o.<\/li>\n\n\n\n<li>F\u00e1cil de montar: Basta parafusar a se\u00e7\u00e3o da luz e encaixar a tira anti-derrapante para mant\u00ea-la no lugar.<\/li>\n<\/ul>\n<\/div>\n<\/div>\n\n\n\n<div class=\"wp-block-group\" style=\"padding-top:var(--wp--preset--spacing--60);padding-bottom:var(--wp--preset--spacing--60)\"><div class=\"wp-block-group__inner-container is-layout-constrained wp-block-group-is-layout-constrained\">\n<div class=\"wp-block-media-text has-media-on-the-right is-stacked-on-mobile\" style=\"grid-template-columns:auto 40%\"><div class=\"wp-block-media-text__content\">\n<h2 class=\"wp-block-heading\" style=\"padding-top:var(--wp--preset--spacing--40);padding-bottom:var(--wp--preset--spacing--40);font-size:25px;font-style:normal;font-weight:600;text-transform:capitalize\">Instala\u00e7\u00e3o Simplificada<\/h2>\n\n\n\n<ul class=\"wp-block-list\">\n<li>Insira a fita LED na se\u00e7\u00e3o da tira de ilumina\u00e7\u00e3o de alum\u00ednio e use parafusos para mant\u00ea-la no lugar na borda do degrau.<\/li>\n\n\n\n<li>Anexe a tira de alum\u00ednio que evita escorreg\u00f5es \u00e0 parte da luz.<\/li>\n\n\n\n<li>Coloque as tampas das extremidades em ambos os lados do perfil da escada.<\/li>\n\n\n\n<li>Conecte a uma fonte de alimenta\u00e7\u00e3o DC LED.<\/li>\n<\/ul>\n<\/div><figure class=\"wp-block-media-text__media\"><img loading=\"lazy\" decoding=\"async\" width=\"500\" height=\"500\" src=\"https:\/\/tangooled.com\/wp-content\/uploads\/2025\/12\/stp06-ins.webp\" alt=\"2 in 1 anti slip led stair nosing profile for 12mm led strip\" class=\"wp-image-42231 size-full\" srcset=\"https:\/\/tangooled.com\/wp-content\/uploads\/2025\/12\/stp06-ins.webp 500w, https:\/\/tangooled.com\/wp-content\/uploads\/2025\/12\/stp06-ins-300x300.webp 300w, https:\/\/tangooled.com\/wp-content\/uploads\/2025\/12\/stp06-ins-150x150.webp 150w\" sizes=\"auto, (max-width: 500px) 100vw, 500px\" \/><\/figure><\/div>\n<\/div><\/div>\n\n\n\n<div class=\"wp-block-group has-background is-vertical is-layout-flex wp-container-core-group-is-layout-b429018a wp-block-group-is-layout-flex\" style=\"background-color:#f1f1f1f2;padding-top:var(--wp--preset--spacing--70);padding-bottom:var(--wp--preset--spacing--70)\">\n<h2 class=\"wp-block-heading\" style=\"padding-top:var(--wp--preset--spacing--40);padding-bottom:var(--wp--preset--spacing--40);font-size:25px;font-style:normal;font-weight:600\">Onde Us\u00e1-lo?<\/h2>\n\n\n\n<p>O nosso perfil de borda de escada anti-derrapante 2 em 1 se encaixa em muitos lugares e escadas:<\/p>\n\n\n\n<ul class=\"wp-block-list\">\n<li>Resid\u00eancias: Corredores, por\u00f5es, salas de cinema em casa e degraus feitos de azulejo ou madeira.<\/li>\n\n\n\n<li>Comercial: Hot\u00e9is, escrit\u00f3rios, teatros e lojas que precisam de degraus seguros e iluminados.<\/li>\n\n\n\n<li>Exterior: Se o produto \u00e9 classificado para uso externo, voc\u00ea pode us\u00e1-lo em degraus de concreto ou azulejo (veja as especifica\u00e7\u00f5es).<\/li>\n\n\n\n<li>Tipos de pisos: madeira, azulejo, laminado, concreto e carpete leve (com cuidado).<\/li>\n<\/ul>\n<\/div>\n\n\n\n<div class=\"wp-block-group is-vertical is-layout-flex wp-container-core-group-is-layout-d255d7c4 wp-block-group-is-layout-flex\" style=\"padding-top:var(--wp--preset--spacing--80);padding-bottom:var(--wp--preset--spacing--80)\">\n<h2 class=\"wp-block-heading\" style=\"padding-top:var(--wp--preset--spacing--40);padding-bottom:var(--wp--preset--spacing--40);font-size:25px;font-style:normal;font-weight:600;text-transform:capitalize\">Perfis LED Compat\u00edveis da Nossa Gama<\/h2>\n\n\n\n<p>Se voc\u00ea quer outros canais LED para tamanhos ou efeitos diferentes, confira essas \u00f3timas op\u00e7\u00f5es:<\/p>\n\n\n\n<ul class=\"wp-block-list\">\n<li><a href=\"https:\/\/tangooled.com\/pt\/product\/black-led-diffuser-aluminum-channel-for-12mm-tape-lights\/\"><mark style=\"background-color:rgba(0, 0, 0, 0)\" class=\"has-inline-color has-vivid-red-color\">Canal de alum\u00ednio com difusor LED preto para luzes de fita de 12mm<\/mark><\/a>.<\/li>\n\n\n\n<li><a href=\"https:\/\/tangooled.com\/pt\/product\/18mm-flexible-led-profile-for-12mm-led-strips\/\"><mark style=\"background-color:rgba(0, 0, 0, 0)\" class=\"has-inline-color has-vivid-red-color\">Perfil LED flex\u00edvel de 18mm para faixas LED de 12mm<\/mark><\/a>.<\/li>\n\n\n\n<li><a href=\"https:\/\/tangooled.com\/pt\/product\/2-in-1-anti-slip-led-stair-nosing-profile-for-12mm-led-strip\/\"><mark style=\"background-color:rgba(0, 0, 0, 0)\" class=\"has-inline-color has-vivid-red-color\">Perfil de borda de escada anti-derrapante 2 em 1 para fita LED de 12mm<\/mark><\/a>.<\/li>\n\n\n\n<li><a href=\"https:\/\/tangooled.com\/pt\/product\/26mm-floor-recessed-led-aluminum-channel-for-12mm-led-strips\/\"><mark style=\"background-color:rgba(0, 0, 0, 0)\" class=\"has-inline-color has-vivid-red-color\">Canal de alum\u00ednio LED rebaixado de 26mm para fitas LED de 12mm<\/mark><\/a>.<\/li>\n\n\n\n<li><a href=\"https:\/\/tangooled.com\/pt\/product\/aluminum-drywall-led-skirting-profile-for-12mm-tape-light\/\"><mark style=\"background-color:rgba(0, 0, 0, 0)\" class=\"has-inline-color has-vivid-red-color\">Perfil de alum\u00ednio para ilumina\u00e7\u00e3o LED de drywall para fita de 12mm<\/mark><\/a>.<\/li>\n<\/ul>\n<\/div>\n\n\n\n<div class=\"wp-block-group has-background\" style=\"background-color:#f1f1f1;padding-top:var(--wp--preset--spacing--80);padding-bottom:var(--wp--preset--spacing--80)\"><div class=\"wp-block-group__inner-container is-layout-constrained wp-block-group-is-layout-constrained\">\n<h2 class=\"wp-block-heading\" style=\"padding-top:var(--wp--preset--spacing--40);padding-bottom:var(--wp--preset--spacing--40);font-size:25px;font-style:normal;font-weight:600;text-transform:capitalize\">resumo<\/h2>\n\n\n\n<p style=\"padding-right:var(--wp--preset--spacing--50);padding-left:var(--wp--preset--spacing--50)\">If you want safer, brighter staircases, our 2-in-1 anti-slip stair nosing profile is the ideal solution. It has a robust edge protector that keeps people from slipping and a beautiful, concealed LED light channel for 12mm LED strips. You get superb protection for your stairs with lighting that is clear and doesn&#8217;t glare, and suits many types of floors. This product is easy to put together and will last a long time. It combines safety and beauty.<\/p>\n<\/div><\/div>\n\n\n\n<p><\/p>","protected":false},"featured_media":13613,"template":"","meta":{"_acf_changed":true,"_seopress_robots_primary_cat":"none","_seopress_titles_title":"Anti-Slip LED Stair Nosing Profile STP06 | TANGOOLED","_seopress_titles_desc":"Our 2-in-1 anti slip led stair nosing profile designed for 12mm led strips. Featuring a robust aluminum body and enhanced grip, it provides superior safety and architectural lighting for high-traffic stairs.","_seopress_robots_index":""},"pcb-width":[228],"product-cat":[200],"class_list":{"0":"post-42202","1":"product","2":"type-product","3":"status-publish","4":"has-post-thumbnail","6":"pcb-width-6-12mm","7":"product-cat-stair-nosing-profile"},"acf":[],"_links":{"self":[{"href":"https:\/\/tangooled.com\/pt\/wp-json\/wp\/v2\/product\/42202","targetHints":{"allow":["GET"]}}],"collection":[{"href":"https:\/\/tangooled.com\/pt\/wp-json\/wp\/v2\/product"}],"about":[{"href":"https:\/\/tangooled.com\/pt\/wp-json\/wp\/v2\/types\/product"}],"wp:featuredmedia":[{"embeddable":true,"href":"https:\/\/tangooled.com\/pt\/wp-json\/wp\/v2\/media\/13613"}],"wp:attachment":[{"href":"https:\/\/tangooled.com\/pt\/wp-json\/wp\/v2\/media?parent=42202"}],"wp:term":[{"taxonomy":"pcb-width","embeddable":true,"href":"https:\/\/tangooled.com\/pt\/wp-json\/wp\/v2\/pcb-width?post=42202"},{"taxonomy":"product-cat","embeddable":true,"href":"https:\/\/tangooled.com\/pt\/wp-json\/wp\/v2\/product-cat?post=42202"}],"curies":[{"name":"wp","href":"https:\/\/api.w.org\/{rel}","templated":true}]}}