{"id":42199,"date":"2025-12-17T05:15:25","date_gmt":"2025-12-17T13:15:25","guid":{"rendered":"https:\/\/tangooled.com\/?post_type=product&#038;p=42199"},"modified":"2026-01-31T06:58:03","modified_gmt":"2026-01-31T14:58:03","slug":"surface-mount-aluminum-stair-nosing-profile-for-10mm-led-strip","status":"publish","type":"product","link":"https:\/\/tangooled.com\/pt\/product\/surface-mount-aluminum-stair-nosing-profile-for-10mm-led-strip\/","title":{"rendered":"Perfil de borda de degraus de alum\u00ednio de montagem superficial para tira LED de 10mm"},"content":{"rendered":"<div class=\"wp-block-group is-vertical is-layout-flex wp-container-core-group-is-layout-d255d7c4 wp-block-group-is-layout-flex\" style=\"padding-top:var(--wp--preset--spacing--80);padding-bottom:var(--wp--preset--spacing--80)\">\n<p>Torne suas escadas mais seguras e iluminadas com nosso perfil de borda de escada de alum\u00ednio para montagem em superf\u00edcie. Este perfil \u00e9 fixado diretamente na borda dos degraus sem danificar a estrutura subjacente da escada, oferecendo uma solu\u00e7\u00e3o r\u00e1pida de ilumina\u00e7\u00e3o retrofit para escadas existentes. \u00c9 compat\u00edvel com uma ampla gama de materiais de escada, incluindo concreto, madeira e azulejo.<\/p>\n\n\n\n<p>The horizontal stripes on the surface make it easier to perceive and provide you a grip that won&#8217;t slip. Constructed from aluminum alloy, the profile is wear-resistant and ideal for indoor and outdoor use.<br>Este perfil tem tr\u00eas benef\u00edcios: protege as bordas dos degraus, proporciona uma ader\u00eancia anti-derrapante e oferece uma ilumina\u00e7\u00e3o suave e sem ofuscamento a cada degrau. Ele se encaixa perfeitamente na maioria das fitas LED e \u00e9 f\u00e1cil de instalar em escadas existentes, sendo ideal para casas, escrit\u00f3rios e espa\u00e7os p\u00fablicos.<\/p>\n<\/div>\n\n\n\n<div class=\"wp-block-group has-background is-vertical is-layout-flex wp-container-core-group-is-layout-d255d7c4 wp-block-group-is-layout-flex\" style=\"background-color:#f1f1f1;padding-top:var(--wp--preset--spacing--80);padding-bottom:var(--wp--preset--spacing--80)\">\n<div class=\"wp-block-group is-vertical is-layout-flex wp-container-core-group-is-layout-8cf370e7 wp-block-group-is-layout-flex\">\n<h2 class=\"wp-block-heading\" style=\"padding-top:var(--wp--preset--spacing--40);padding-bottom:var(--wp--preset--spacing--40);font-size:25px;font-style:normal;font-weight:600;text-transform:capitalize\">Por que escolher nosso perfil de borda de escada de alum\u00ednio para montagem em superf\u00edcie?<\/h2>\n\n\n\n<ul class=\"wp-block-list\">\n<li>Feito de forte alum\u00ednio anodizado 6063-T5 que pode suportar calor e permanecer forte.<\/li>\n\n\n\n<li>O design de superf\u00edcie com ranhuras listradas aumenta a fric\u00e7\u00e3o da superf\u00edcie para prevenir quedas.<\/li>\n\n\n\n<li>O design de montagem em superf\u00edcie torna a instala\u00e7\u00e3o simples em madeira, concreto, azulejo ou carpete.<\/li>\n\n\n\n<li>Vem com uma tampa difusora opala que torna a luz suave e uniforme, sem manchas ou ofuscamento severo.<\/li>\n\n\n\n<li>Dire\u00e7\u00e3o de luz para baixo que ilumina o degrau seguinte de maneira segura.<\/li>\n\n\n\n<li>Dispon\u00edvel nas cores prata, preto e bronze para combinar com qualquer estilo.<\/li>\n<\/ul>\n<\/div>\n<\/div>\n\n\n\n<div class=\"wp-block-group\" style=\"padding-top:var(--wp--preset--spacing--60);padding-bottom:var(--wp--preset--spacing--60)\"><div class=\"wp-block-group__inner-container is-layout-constrained wp-block-group-is-layout-constrained\">\n<div class=\"wp-block-media-text has-media-on-the-right is-stacked-on-mobile\" style=\"grid-template-columns:auto 40%\"><div class=\"wp-block-media-text__content\">\n<h2 class=\"wp-block-heading\" style=\"padding-top:var(--wp--preset--spacing--40);padding-bottom:var(--wp--preset--spacing--40);font-size:25px;font-style:normal;font-weight:600;text-transform:capitalize\">Passos de Instala\u00e7\u00e3o<\/h2>\n\n\n\n<ul class=\"wp-block-list\">\n<li>Prepare a superf\u00edcie do degrau garantindo que esteja limpa, seca e plana.<\/li>\n\n\n\n<li>Use uma serra de esquadria para cortar o perfil de alum\u00ednio no comprimento certo.<\/li>\n\n\n\n<li>Coloque o perfil de montagem na borda das suas escadas e fixe-o.<\/li>\n\n\n\n<li>Coloque sua fita LED de 10mm no canal.<\/li>\n\n\n\n<li>Coloque o difusor opala para suavizar a luz.<\/li>\n<\/ul>\n<\/div><figure class=\"wp-block-media-text__media\"><img loading=\"lazy\" decoding=\"async\" width=\"500\" height=\"500\" src=\"https:\/\/tangooled.com\/wp-content\/uploads\/2025\/12\/stp05-ins.webp\" alt=\"Perfil de borda de degraus de alum\u00ednio de montagem superficial para tira LED de 10mm\" class=\"wp-image-42218 size-full\" srcset=\"https:\/\/tangooled.com\/wp-content\/uploads\/2025\/12\/stp05-ins.webp 500w, https:\/\/tangooled.com\/wp-content\/uploads\/2025\/12\/stp05-ins-300x300.webp 300w, https:\/\/tangooled.com\/wp-content\/uploads\/2025\/12\/stp05-ins-150x150.webp 150w\" sizes=\"auto, (max-width: 500px) 100vw, 500px\" \/><\/figure><\/div>\n<\/div><\/div>\n\n\n\n<div class=\"wp-block-group has-background is-vertical is-layout-flex wp-container-core-group-is-layout-b429018a wp-block-group-is-layout-flex\" style=\"background-color:#f1f1f1f2;padding-top:var(--wp--preset--spacing--70);padding-bottom:var(--wp--preset--spacing--70)\">\n<h2 class=\"wp-block-heading\" style=\"padding-top:var(--wp--preset--spacing--40);padding-bottom:var(--wp--preset--spacing--40);font-size:25px;font-style:normal;font-weight:600\">Cen\u00e1rios de Uso<\/h2>\n\n\n\n<ul class=\"wp-block-list\">\n<li>Escadas, por\u00f5es e corredores em casas.&nbsp;<\/li>\n\n\n\n<li>Escadas em teatros e cinemas para seguran\u00e7a e ambiente.&nbsp;<\/li>\n\n\n\n<li>Escadas em lobbies de hot\u00e9is e restaurantes para luxo e seguran\u00e7a.&nbsp;<\/li>\n\n\n\n<li>Escadas em escrit\u00f3rios e lojas em edif\u00edcios comerciais.<\/li>\n\n\n\n<li>Escadas em decks externos quando usadas com fitas LED \u00e0 prova d'\u00e1gua.<\/li>\n<\/ul>\n<\/div>\n\n\n\n<div class=\"wp-block-group\" style=\"padding-top:var(--wp--preset--spacing--80);padding-bottom:var(--wp--preset--spacing--80)\"><div class=\"wp-block-group__inner-container is-layout-constrained wp-block-group-is-layout-constrained\">\n<h2 class=\"wp-block-heading\" style=\"padding-top:var(--wp--preset--spacing--40);padding-bottom:var(--wp--preset--spacing--40);font-size:25px;font-style:normal;font-weight:600;text-transform:capitalize\">Produtos Relacionados<\/h2>\n\n\n\n<ul class=\"wp-block-list\">\n<li><a href=\"https:\/\/tangooled.com\/pt\/product\/black-aluminum-u-channel-profile-for-10mm-led-strips\/\"><mark style=\"background-color:rgba(0, 0, 0, 0)\" class=\"has-inline-color has-vivid-red-color\">Perfil de canal U de alum\u00ednio preto para tiras LED de 10mm<\/mark><\/a><\/li>\n\n\n\n<li><a href=\"https:\/\/tangooled.com\/pt\/product\/led-strip-light-channel-aluminum-profile-with-diffused-cover-6mm-height\/\"><mark style=\"background-color:rgba(0, 0, 0, 0)\" class=\"has-inline-color has-vivid-red-color\">Perfil LED de montagem de superf\u00edcie com difusor fosco para luzes de cord\u00e3o de 10mm<\/mark><\/a><\/li>\n\n\n\n<li><a href=\"https:\/\/tangooled.com\/pt\/product\/surface-mount-led-profile-with-frosted-diffuser-for-10mm-rope-lights\/\"><mark style=\"background-color:rgba(0, 0, 0, 0)\" class=\"has-inline-color has-vivid-red-color\">Canal de luz LED de alum\u00ednio com cobertura difusa, altura de 6 mm<\/mark><\/a><\/li>\n<\/ul>\n<\/div><\/div>\n\n\n\n<div class=\"wp-block-group has-background\" style=\"background-color:#f1f1f1;padding-top:var(--wp--preset--spacing--80);padding-bottom:var(--wp--preset--spacing--80)\"><div class=\"wp-block-group__inner-container is-layout-constrained wp-block-group-is-layout-constrained\">\n<p style=\"padding-right:var(--wp--preset--spacing--50);padding-left:var(--wp--preset--spacing--50)\">Atualize suas escadas com nosso perfil de borda de escada de alum\u00ednio para montagem em superf\u00edcie para fitas LED de 10mm. Proteja suas bordas, adicione seguran\u00e7a com recursos anti-derrapantes e crie uma ilumina\u00e7\u00e3o LED deslumbrante e sem glare que melhora cada degrau. Para mais op\u00e7\u00f5es, visite nossa sele\u00e7\u00e3o de perfis e difusores complementares em <a href=\"https:\/\/tangooled.com\/pt\/led-profiles\/\"><mark style=\"background-color:rgba(0, 0, 0, 0)\" class=\"has-inline-color has-vivid-red-color\">Tangooled<\/mark><\/a>.<\/p>\n<\/div><\/div>\n\n\n\n<p><\/p>","protected":false},"featured_media":13605,"template":"","meta":{"_acf_changed":true,"_seopress_robots_primary_cat":"none","_seopress_titles_title":"Surface Mount Aluminum Stair Nosing Profile STP05 | TANGOOLED","_seopress_titles_desc":"The STP05 is a durable surface mount aluminum stair nosing profile designed for 10mm LED strips. Enhance safety and visibility with this easy-to-install step lighting solution.","_seopress_robots_index":""},"pcb-width":[228],"product-cat":[200],"class_list":{"0":"post-42199","1":"product","2":"type-product","3":"status-publish","4":"has-post-thumbnail","6":"pcb-width-6-12mm","7":"product-cat-stair-nosing-profile"},"acf":[],"_links":{"self":[{"href":"https:\/\/tangooled.com\/pt\/wp-json\/wp\/v2\/product\/42199","targetHints":{"allow":["GET"]}}],"collection":[{"href":"https:\/\/tangooled.com\/pt\/wp-json\/wp\/v2\/product"}],"about":[{"href":"https:\/\/tangooled.com\/pt\/wp-json\/wp\/v2\/types\/product"}],"wp:featuredmedia":[{"embeddable":true,"href":"https:\/\/tangooled.com\/pt\/wp-json\/wp\/v2\/media\/13605"}],"wp:attachment":[{"href":"https:\/\/tangooled.com\/pt\/wp-json\/wp\/v2\/media?parent=42199"}],"wp:term":[{"taxonomy":"pcb-width","embeddable":true,"href":"https:\/\/tangooled.com\/pt\/wp-json\/wp\/v2\/pcb-width?post=42199"},{"taxonomy":"product-cat","embeddable":true,"href":"https:\/\/tangooled.com\/pt\/wp-json\/wp\/v2\/product-cat?post=42199"}],"curies":[{"name":"wp","href":"https:\/\/api.w.org\/{rel}","templated":true}]}}