{"id":42197,"date":"2025-12-17T05:09:00","date_gmt":"2025-12-17T13:09:00","guid":{"rendered":"https:\/\/tangooled.com\/?post_type=product&#038;p=42197"},"modified":"2026-01-27T01:51:07","modified_gmt":"2026-01-27T09:51:07","slug":"recessed-floor-step-edge-lighting-led-profile","status":"publish","type":"product","link":"https:\/\/tangooled.com\/pt\/product\/recessed-floor-step-edge-lighting-led-profile\/","title":{"rendered":"Perfil LED de ilumina\u00e7\u00e3o embutido na borda do degrau do piso"},"content":{"rendered":"<div class=\"wp-block-group is-vertical is-layout-flex wp-container-core-group-is-layout-d255d7c4 wp-block-group-is-layout-flex\" style=\"padding-top:var(--wp--preset--spacing--80);padding-bottom:var(--wp--preset--spacing--80)\">\n<p>Ilumine e proteja os seus pisos e degraus com nosso perfil LED embutido para borda de degrau. Este perfil \u00e9 projetado de forma \u00fanica, com uma parte fixada firmemente sob a estrutura do degrau, enquanto a outra parte se projeta para frente para proteger a borda do degrau sem interferir na caminhada normal.<\/p>\n\n\n\n<p>The most important thing is that the profile&#8217;s non-slip surface is level with the tile or other floor covering on the stairs. This alignment achieves the intended result of the lit stair edge being seamlessly integrated into the stairs.<\/p>\n\n\n\n<p>O canal de luz embutido pode acomodar fitas LED de at\u00e9 10 mm de largura. A luz brilha para baixo, iluminando uniformemente o po\u00e7o da escada. Feito de alum\u00ednio anodizado de alta qualidade, este perfil de luz LED para borda de degrau \u00e9 altamente dur\u00e1vel e adequado para aplica\u00e7\u00f5es residenciais e comerciais.<\/p>\n<\/div>\n\n\n\n<div class=\"wp-block-group has-background is-vertical is-layout-flex wp-container-core-group-is-layout-d255d7c4 wp-block-group-is-layout-flex\" style=\"background-color:#f1f1f1;padding-top:var(--wp--preset--spacing--80);padding-bottom:var(--wp--preset--spacing--80)\">\n<div class=\"wp-block-group is-vertical is-layout-flex wp-container-core-group-is-layout-8cf370e7 wp-block-group-is-layout-flex\">\n<h2 class=\"wp-block-heading\" style=\"padding-top:var(--wp--preset--spacing--40);padding-bottom:var(--wp--preset--spacing--40);font-size:25px;font-style:normal;font-weight:600;text-transform:capitalize\">Por que escolher nosso perfil LED embutido para borda de degrau?<\/h2>\n\n\n\n<ul class=\"wp-block-list\">\n<li>Alum\u00ednio forte: protege os LEDs e ajuda as luzes a permanecerem frias, aumentando sua durabilidade.<\/li>\n\n\n\n<li>Seguro para andar: A lente resistente permite que voc\u00ea caminhe ou dirija sobre ela sem danific\u00e1-la.<\/li>\n\n\n\n<li>Flush Mount: Stays flat with floors or stairs so you don&#8217;t trip.<\/li>\n\n\n\n<li>Compat\u00edvel com muitas fitas LED: pode acomodar fitas de at\u00e9 10 mm de largura.<\/li>\n\n\n\n<li>Ilumina\u00e7\u00e3o bonita: O difusor fosco faz a luz parecer uma linha delicada e suave.<\/li>\n<\/ul>\n<\/div>\n<\/div>\n\n\n\n<div class=\"wp-block-group is-vertical is-layout-flex wp-container-core-group-is-layout-d255d7c4 wp-block-group-is-layout-flex\" style=\"padding-top:var(--wp--preset--spacing--80);padding-bottom:var(--wp--preset--spacing--80)\">\n<hr class=\"wp-block-separator has-alpha-channel-opacity\"\/>\n\n\n\n<div class=\"wp-block-media-text has-media-on-the-right is-stacked-on-mobile\" style=\"grid-template-columns:auto 40%\"><div class=\"wp-block-media-text__content\">\n<h2 class=\"wp-block-heading\" style=\"padding-top:var(--wp--preset--spacing--40);padding-bottom:var(--wp--preset--spacing--40);font-size:25px;font-style:normal;font-weight:600;text-transform:capitalize\">Como Instalar<\/h2>\n\n\n\n<ul class=\"wp-block-list\">\n<li>Corte o canal de alum\u00ednio para o mesmo comprimento da sua escada.<\/li>\n\n\n\n<li>Coloque sua fita LED (de at\u00e9 10 mm de largura) dentro do canal.<\/li>\n\n\n\n<li>Encaixe o difusor fosco no lugar e selar as tampas.<\/li>\n\n\n\n<li>Coloque o canal de alum\u00ednio sobre a superf\u00edcie do degrau e use um painel de cobertura para cobrir a parte embutida.<\/li>\n\n\n\n<li>Conecte \u00e0 sua fonte de energia e controlador de sua escolha.<\/li>\n<\/ul>\n<\/div><figure class=\"wp-block-media-text__media\"><img loading=\"lazy\" decoding=\"async\" width=\"500\" height=\"500\" src=\"https:\/\/tangooled.com\/wp-content\/uploads\/2025\/12\/stp04-ins.webp\" alt=\"Perfil LED de ilumina\u00e7\u00e3o embutido na borda do degrau do piso\" class=\"wp-image-42211 size-full\" srcset=\"https:\/\/tangooled.com\/wp-content\/uploads\/2025\/12\/stp04-ins.webp 500w, https:\/\/tangooled.com\/wp-content\/uploads\/2025\/12\/stp04-ins-300x300.webp 300w, https:\/\/tangooled.com\/wp-content\/uploads\/2025\/12\/stp04-ins-150x150.webp 150w\" sizes=\"auto, (max-width: 500px) 100vw, 500px\" \/><\/figure><\/div>\n<\/div>\n\n\n\n<div class=\"wp-block-group has-background is-vertical is-layout-flex wp-container-core-group-is-layout-b429018a wp-block-group-is-layout-flex\" style=\"background-color:#f1f1f1f2;padding-top:var(--wp--preset--spacing--70);padding-bottom:var(--wp--preset--spacing--70)\">\n<h2 class=\"wp-block-heading\" style=\"padding-top:var(--wp--preset--spacing--40);padding-bottom:var(--wp--preset--spacing--40);font-size:25px;font-style:normal;font-weight:600;text-transform:capitalize\">Onde usar este canal de escada embutido<\/h2>\n\n\n\n<p>Nosso perfil LED para ilumina\u00e7\u00e3o embutida na borda de degrau funciona em qualquer lugar onde voc\u00ea deseja luz para seguran\u00e7a e estilo:<\/p>\n\n\n\n<ul class=\"wp-block-list\">\n<li>Degraus e bordas de degrau: facilite a visualiza\u00e7\u00e3o dos degraus para seguran\u00e7a e d\u00ea um visual moderno \u00e0 escada.<\/li>\n\n\n\n<li>Ilumina\u00e7\u00e3o para pisos e azulejos: coloque entre azulejos do piso para fazer o espa\u00e7o parecer mais aberto e suavizar as bordas de superf\u00edcies duras.<\/li>\n\n\n\n<li>Caminhos e corredores: use ilumina\u00e7\u00e3o suave para ajudar as pessoas a encontrarem seu caminho dentro ou fora.<\/li>\n\n\n\n<li>Varandas e decks ao lado da piscina: design \u00e0 prova d'\u00e1gua funciona bem perto da \u00e1gua e \u00e1reas molhadas.<\/li>\n<\/ul>\n<\/div>\n\n\n\n<div class=\"wp-block-group is-vertical is-layout-flex wp-container-core-group-is-layout-d255d7c4 wp-block-group-is-layout-flex\" style=\"padding-top:var(--wp--preset--spacing--80);padding-bottom:var(--wp--preset--spacing--80)\">\n<h2 class=\"wp-block-heading\" style=\"padding-top:var(--wp--preset--spacing--40);padding-bottom:var(--wp--preset--spacing--40);font-size:25px;font-style:normal;font-weight:600;text-transform:capitalize\">what&#8217;s in the package?<\/h2>\n\n\n\n<ul class=\"wp-block-list\">\n<li>1x perfil de borda de degrau de alum\u00ednio<\/li>\n\n\n\n<li>1x Tampa Difusora Fosca<\/li>\n\n\n\n<li>2x Tampas (uma com orif\u00edcio para fio)<\/li>\n<\/ul>\n<\/div>\n\n\n\n<div class=\"wp-block-group has-background\" style=\"background-color:#f1f1f1;padding-top:var(--wp--preset--spacing--80);padding-bottom:var(--wp--preset--spacing--80)\"><div class=\"wp-block-group__inner-container is-layout-constrained wp-block-group-is-layout-constrained\">\n<h2 class=\"wp-block-heading\" style=\"padding-top:var(--wp--preset--spacing--40);padding-bottom:var(--wp--preset--spacing--40);font-size:25px;font-style:normal;font-weight:600;text-transform:capitalize\">Resumo<\/h2>\n\n\n\n<p style=\"padding-right:var(--wp--preset--spacing--50);padding-left:var(--wp--preset--spacing--50)\">O corpo de alum\u00ednio anodizado e o difusor fosco s\u00e3o ambos de alta qualidade e dur\u00e1veis. Eles protegem seus LEDs enquanto emitem uma luz suave e constante. Funciona com muitas fitas LED e \u00e9 \u00f3timo para degraus, pisos, bordas e varandas. Quando devidamente vedado, pode suportar condi\u00e7\u00f5es molhadas. Escolha esta extrus\u00e3o LED robusta para iluminar caminhos, degraus ou pisos com seguran\u00e7a. Para op\u00e7\u00f5es e detalhes relacionados, visite o <a href=\"https:\/\/tangooled.com\/pt\/product\/led-strip-light-channel-aluminum-profile-with-diffused-cover-6mm-height\/\">perfil de alum\u00ednio para fita LED com cobertura difusa de 6mm de altura<\/a> p\u00e1gina ou compre toda a gama de <a href=\"https:\/\/tangooled.com\/pt\/product\/26mm-floor-recessed-led-aluminum-channel-for-12mm-led-strips\/\">perfis LED para ilumina\u00e7\u00e3o de piso<\/a>.<\/p>\n<\/div><\/div>\n\n\n\n<p><\/p>","protected":false},"featured_media":13600,"template":"","meta":{"_acf_changed":true,"_seopress_robots_primary_cat":"none","_seopress_titles_title":"Recessed Floor Step Edge LED Profile | Flush Mount Stair Channel STP04","_seopress_titles_desc":"The STP04 is a professional recessed floor step edge led profile designed for seamless integration into stair treads. This flush-mount aluminum channel creates a safe, elegant light path without any protruding edges.","_seopress_robots_index":""},"pcb-width":[228],"product-cat":[200],"class_list":{"0":"post-42197","1":"product","2":"type-product","3":"status-publish","4":"has-post-thumbnail","6":"pcb-width-6-12mm","7":"product-cat-stair-nosing-profile"},"acf":[],"_links":{"self":[{"href":"https:\/\/tangooled.com\/pt\/wp-json\/wp\/v2\/product\/42197","targetHints":{"allow":["GET"]}}],"collection":[{"href":"https:\/\/tangooled.com\/pt\/wp-json\/wp\/v2\/product"}],"about":[{"href":"https:\/\/tangooled.com\/pt\/wp-json\/wp\/v2\/types\/product"}],"wp:featuredmedia":[{"embeddable":true,"href":"https:\/\/tangooled.com\/pt\/wp-json\/wp\/v2\/media\/13600"}],"wp:attachment":[{"href":"https:\/\/tangooled.com\/pt\/wp-json\/wp\/v2\/media?parent=42197"}],"wp:term":[{"taxonomy":"pcb-width","embeddable":true,"href":"https:\/\/tangooled.com\/pt\/wp-json\/wp\/v2\/pcb-width?post=42197"},{"taxonomy":"product-cat","embeddable":true,"href":"https:\/\/tangooled.com\/pt\/wp-json\/wp\/v2\/product-cat?post=42197"}],"curies":[{"name":"wp","href":"https:\/\/api.w.org\/{rel}","templated":true}]}}