{"id":42193,"date":"2025-12-17T05:01:46","date_gmt":"2025-12-17T13:01:46","guid":{"rendered":"https:\/\/tangooled.com\/?post_type=product&#038;p=42193"},"modified":"2026-02-02T01:59:11","modified_gmt":"2026-02-02T09:59:11","slug":"45-degree-up-lighting-led-stair-aluminum-channel","status":"publish","type":"product","link":"https:\/\/tangooled.com\/pt\/product\/45-degree-up-lighting-led-stair-aluminum-channel\/","title":{"rendered":"Canal de alum\u00ednio LED para escadas com ilumina\u00e7\u00e3o para cima a 45 graus"},"content":{"rendered":"<div class=\"wp-block-group is-vertical is-layout-flex wp-container-core-group-is-layout-d255d7c4 wp-block-group-is-layout-flex\" style=\"padding-top:var(--wp--preset--spacing--80);padding-bottom:var(--wp--preset--spacing--80)\">\n<p>Ilumine suas escadas e espa\u00e7os com nosso canal de escada LED com ilumina\u00e7\u00e3o para cima a 45 graus. \u00c9 feito de alum\u00ednio anodizado dur\u00e1vel, que mant\u00e9m suas luzes LED seguras e projeta luz em um \u00e2ngulo perfeito de 45 graus.<\/p>\n\n\n\n<p>This LED stair channel has an inner width of 12.2 mm, which allows for most LED strips that are 10 mm or 12 mm wide. It&#8217;s very easy to put this LED stair aluminum channel in place. Just screw it to the edge of the stair tread, and the serrations on the surface work as a non-slip barrier, making it safer to go up and down the stairs.<\/p>\n\n\n\n<p>Nosso acabamento em alum\u00ednio para escadas com ilumina\u00e7\u00e3o para cima a 45 graus destaca sua escada e melhora sua visibilidade. Este perfil projeta luz diagonalmente para cima, o que enfatiza efetivamente a presen\u00e7a e a arquitetura de suas escadas. Este estilo de ilumina\u00e7\u00e3o distinto guia aqueles que sobem as escadas, enquanto adiciona um elemento moderno e marcante ao espa\u00e7o. \u00c9 perfeito para lares, escrit\u00f3rios, hot\u00e9is e ambientes externos.<\/p>\n<\/div>\n\n\n\n<div class=\"wp-block-group has-background is-vertical is-layout-flex wp-container-core-group-is-layout-d255d7c4 wp-block-group-is-layout-flex\" style=\"background-color:#f1f1f1;padding-top:var(--wp--preset--spacing--80);padding-bottom:var(--wp--preset--spacing--80)\">\n<div class=\"wp-block-group is-vertical is-layout-flex wp-container-core-group-is-layout-8cf370e7 wp-block-group-is-layout-flex\">\n<h2 class=\"wp-block-heading\" style=\"padding-top:var(--wp--preset--spacing--40);padding-bottom:var(--wp--preset--spacing--40);font-size:25px;font-style:normal;font-weight:600;text-transform:capitalize\">Por que escolher nosso canal de escada LED com ilumina\u00e7\u00e3o para cima a 45 graus?<\/h2>\n\n\n\n<ul class=\"wp-block-list\">\n<li>Feito de metal resistente que mant\u00e9m seus LEDs brilhantes e duradouros ao absorver calor.<\/li>\n\n\n\n<li>Compat\u00edvel com fitas LED de at\u00e9 12mm de largura, o que \u00e9 \u00f3timo para muitas fitas LED conhecidas.<\/li>\n\n\n\n<li>Uma cobertura suave e fosca para o difusor que suaviza a luz e a torna sem pontos, sendo confort\u00e1vel para os olhos.<\/li>\n\n\n\n<li>Dif\u00edcil de escorregar nas escadas com uma superf\u00edcie antiderrapante opcional.<\/li>\n\n\n\n<li>F\u00e1cil de instalar parafusando nas bordas dos degraus.<\/li>\n\n\n\n<li>Funciona tanto em ambientes internos quanto externos (use fitas LED \u00e0 prova d'\u00e1gua e selando as extremidades)<\/li>\n<\/ul>\n<\/div>\n<\/div>\n\n\n\n<div class=\"wp-block-group\" style=\"padding-top:var(--wp--preset--spacing--60);padding-bottom:var(--wp--preset--spacing--60)\"><div class=\"wp-block-group__inner-container is-layout-constrained wp-block-group-is-layout-constrained\">\n<div class=\"wp-block-media-text has-media-on-the-right is-stacked-on-mobile\" style=\"grid-template-columns:auto 40%\"><div class=\"wp-block-media-text__content\">\n<h2 class=\"wp-block-heading\" style=\"padding-top:var(--wp--preset--spacing--40);padding-bottom:var(--wp--preset--spacing--40);font-size:25px;font-style:normal;font-weight:600;text-transform:capitalize\">Como usar nosso canal LED para escadas com ilumina\u00e7\u00e3o para cima a 45 graus?<\/h2>\n\n\n\n<ul class=\"wp-block-list\">\n<li>Use uma serra para cortar o perfil no tamanho certo para suas escadas.<\/li>\n\n\n\n<li>Coloque sua tira de LED de 10mm dentro do canal.<\/li>\n\n\n\n<li>Coloque a cobertura do difusor para suavizar a luz.<\/li>\n\n\n\n<li>Coloque as tampas nas extremidades para dar um acabamento limpo e polido.<\/li>\n\n\n\n<li>Use parafusos para fixar o perfil na borda das escadas.<\/li>\n\n\n\n<li>Conecte sua fita LED a uma fonte de energia.<\/li>\n<\/ul>\n<\/div><figure class=\"wp-block-media-text__media\"><img loading=\"lazy\" decoding=\"async\" width=\"500\" height=\"500\" src=\"https:\/\/tangooled.com\/wp-content\/uploads\/2025\/12\/stp02-ins.webp\" alt=\"45 degree up lighting led stair aluminum channel\" class=\"wp-image-42207 size-full\" srcset=\"https:\/\/tangooled.com\/wp-content\/uploads\/2025\/12\/stp02-ins.webp 500w, https:\/\/tangooled.com\/wp-content\/uploads\/2025\/12\/stp02-ins-300x300.webp 300w, https:\/\/tangooled.com\/wp-content\/uploads\/2025\/12\/stp02-ins-150x150.webp 150w\" sizes=\"auto, (max-width: 500px) 100vw, 500px\" \/><\/figure><\/div>\n<\/div><\/div>\n\n\n\n<div class=\"wp-block-group has-background is-vertical is-layout-flex wp-container-core-group-is-layout-b429018a wp-block-group-is-layout-flex\" style=\"background-color:#f1f1f1f2;padding-top:var(--wp--preset--spacing--70);padding-bottom:var(--wp--preset--spacing--70)\">\n<h2 class=\"wp-block-heading\" style=\"padding-top:var(--wp--preset--spacing--40);padding-bottom:var(--wp--preset--spacing--40);font-size:25px;font-style:normal;font-weight:600\">O que vem na caixa?<\/h2>\n\n\n\n<ul class=\"wp-block-list\">\n<li>1 x canal de alum\u00ednio a 45 graus (sua escolha de comprimento)<\/li>\n\n\n\n<li>1 x lente difusora fosca ou clara<\/li>\n\n\n\n<li>2 tampas de extremidade (uma com orif\u00edcio para fios)<\/li>\n<\/ul>\n<\/div>\n\n\n\n<div class=\"wp-block-group is-vertical is-layout-flex wp-container-core-group-is-layout-d255d7c4 wp-block-group-is-layout-flex\" style=\"padding-top:var(--wp--preset--spacing--80);padding-bottom:var(--wp--preset--spacing--80)\">\n<h2 class=\"wp-block-heading\" style=\"padding-top:var(--wp--preset--spacing--40);padding-bottom:var(--wp--preset--spacing--40);font-size:25px;font-style:normal;font-weight:600;text-transform:capitalize\">Produtos Relacionados da Tangooled<\/h2>\n\n\n\n<ul class=\"wp-block-list\">\n<li><a href=\"https:\/\/tangooled.com\/pt\/product\/black-led-profile-with-black-diffuser-for-10mm-led-strip-light\/\"><mark style=\"background-color:rgba(0, 0, 0, 0)\" class=\"has-inline-color has-vivid-red-color\">Perfil LED Preto com Difusor Preto para Luz de Fita LED de 10mm<\/mark><\/a><\/li>\n\n\n\n<li><a href=\"https:\/\/tangooled.com\/pt\/product\/black-led-diffuser-aluminum-channel-for-12mm-tape-lights\/\"><mark style=\"background-color:rgba(0, 0, 0, 0)\" class=\"has-inline-color has-vivid-red-color\">Canal de Alum\u00ednio Difusor LED Preto para Fitas de 12mm<\/mark><\/a><\/li>\n\n\n\n<li><a href=\"https:\/\/tangooled.com\/pt\/product\/led-strip-light-channel-aluminum-profile-with-diffused-cover-6mm-height\/\"><mark style=\"background-color:rgba(0, 0, 0, 0)\" class=\"has-inline-color has-vivid-red-color\">Perfil de Alum\u00ednio para Faixas de Luz LED com Tampa Difusora 6mm de Altura<\/mark><\/a><\/li>\n\n\n\n<li><a href=\"https:\/\/tangooled.com\/pt\/product\/surface-mount-led-profile-with-frosted-diffuser-for-10mm-rope-lights\/\"><mark style=\"background-color:rgba(0, 0, 0, 0)\" class=\"has-inline-color has-vivid-red-color\">Perfil LED de Montagem Superficial com Difusor Fosco para Luzes de Cord\u00e3o de 10mm<\/mark><\/a>\u00a0<\/li>\n<\/ul>\n<\/div>\n\n\n\n<div class=\"wp-block-group has-background\" style=\"background-color:#f1f1f1;padding-top:var(--wp--preset--spacing--80);padding-bottom:var(--wp--preset--spacing--80)\"><div class=\"wp-block-group__inner-container is-layout-constrained wp-block-group-is-layout-constrained\">\n<h2 class=\"wp-block-heading\" style=\"padding-top:var(--wp--preset--spacing--40);padding-bottom:var(--wp--preset--spacing--40);font-size:25px;font-style:normal;font-weight:600;text-transform:capitalize\">Resumo<\/h2>\n\n\n\n<p style=\"padding-right:var(--wp--preset--spacing--50);padding-left:var(--wp--preset--spacing--50)\">Nosso canal de escada LED com ilumina\u00e7\u00e3o para cima a 45 graus \u00e9 uma maneira resistente e inteligente de adicionar ilumina\u00e7\u00e3o linear a escadas. Ele protege suas fitas LED, proporciona uma luz suave e limpa com seu difusor fosco e se adapta a muitos tipos de fitas LED. Use-o para ilumina\u00e7\u00e3o arquitet\u00f4nica, luzes de trabalho sob o gabinete ou seguran\u00e7a nas escadas com estilo.<\/p>\n<\/div><\/div>\n\n\n\n<p><\/p>","protected":false},"featured_media":13550,"template":"","meta":{"_acf_changed":true,"_seopress_robots_primary_cat":"none","_seopress_titles_title":"45 Degree Up-Lighting LED Stair Channel Profile STP02 | TANGOOLED","_seopress_titles_desc":"The STP02 is a 45 degree up lighting led stair channel designed for indirect step illumination. This angled aluminum profile creates a soft upward glow, perfect for floating staircases and architectural accents.","_seopress_robots_index":""},"pcb-width":[228],"product-cat":[200],"class_list":{"0":"post-42193","1":"product","2":"type-product","3":"status-publish","4":"has-post-thumbnail","6":"pcb-width-6-12mm","7":"product-cat-stair-nosing-profile"},"acf":[],"_links":{"self":[{"href":"https:\/\/tangooled.com\/pt\/wp-json\/wp\/v2\/product\/42193","targetHints":{"allow":["GET"]}}],"collection":[{"href":"https:\/\/tangooled.com\/pt\/wp-json\/wp\/v2\/product"}],"about":[{"href":"https:\/\/tangooled.com\/pt\/wp-json\/wp\/v2\/types\/product"}],"wp:featuredmedia":[{"embeddable":true,"href":"https:\/\/tangooled.com\/pt\/wp-json\/wp\/v2\/media\/13550"}],"wp:attachment":[{"href":"https:\/\/tangooled.com\/pt\/wp-json\/wp\/v2\/media?parent=42193"}],"wp:term":[{"taxonomy":"pcb-width","embeddable":true,"href":"https:\/\/tangooled.com\/pt\/wp-json\/wp\/v2\/pcb-width?post=42193"},{"taxonomy":"product-cat","embeddable":true,"href":"https:\/\/tangooled.com\/pt\/wp-json\/wp\/v2\/product-cat?post=42193"}],"curies":[{"name":"wp","href":"https:\/\/api.w.org\/{rel}","templated":true}]}}