{"id":42190,"date":"2025-12-17T02:11:57","date_gmt":"2025-12-17T10:11:57","guid":{"rendered":"https:\/\/tangooled.com\/?post_type=product&#038;p=42190"},"modified":"2026-02-02T02:07:16","modified_gmt":"2026-02-02T10:07:16","slug":"80mm-large-360-degree-glowing-led-extrusion-vertical-pendant-rsc80","status":"publish","type":"product","link":"https:\/\/tangooled.com\/pt\/product\/80mm-large-360-degree-glowing-led-extrusion-vertical-pendant-rsc80\/","title":{"rendered":"Extrus\u00e3o LED grande de 80mm 360\u00b0 brilhante para grandes pendentes"},"content":{"rendered":"<div class=\"wp-block-group is-vertical is-layout-flex wp-container-core-group-is-layout-d255d7c4 wp-block-group-is-layout-flex\" style=\"padding-top:var(--wp--preset--spacing--80);padding-bottom:var(--wp--preset--spacing--80)\">\n<p>A moderna e poderosa extrus\u00e3o LED grande de 360 graus de di\u00e2metro de 80mm foi feita para iluminar seu espa\u00e7o com brilho superior. Esta extrus\u00e3o LED \u00e9 feita de alum\u00ednio 6063-T5 de alta qualidade e foi projetada para acomodar muitas fitas LED, garantindo que o calor seja liberado da maneira mais eficiente poss\u00edvel. O fixture possui um grande difusor opalino curvo que emite uma luz bela de 360 graus que \u00e9 suave, brilhante e livre de pontos.<\/p>\n\n\n\n<p>Esta extrus\u00e3o LED grande de 80mm 360 graus \u00e9 uma escolha ideal para arquitetos, designers e entusiastas de DIY que buscam solu\u00e7\u00f5es de ilumina\u00e7\u00e3o elegantes e ousadas. Funciona bem em escrit\u00f3rios, centros de confer\u00eancias, hot\u00e9is e outros espa\u00e7os comerciais com tetos altos que precisam de impressionantes lumin\u00e1rias pendentes lineares.<\/p>\n<\/div>\n\n\n\n<div class=\"wp-block-group has-background is-vertical is-layout-flex wp-container-core-group-is-layout-d255d7c4 wp-block-group-is-layout-flex\" style=\"background-color:#f1f1f1;padding-top:var(--wp--preset--spacing--80);padding-bottom:var(--wp--preset--spacing--80)\">\n<div class=\"wp-block-group is-vertical is-layout-flex wp-container-core-group-is-layout-8cf370e7 wp-block-group-is-layout-flex\">\n<h2 class=\"wp-block-heading\" style=\"padding-top:var(--wp--preset--spacing--40);padding-bottom:var(--wp--preset--spacing--40);font-size:25px;font-style:normal;font-weight:600;text-transform:capitalize\">por que escolher esta extrus\u00e3o LED grande de 80mm 360 graus brilhante<\/h2>\n\n\n\n<ul class=\"wp-block-list\">\n<li>O grande perfil LED de ilumina\u00e7\u00e3o 360 graus di\u00e2metro 80mm \u00e9 \u00f3timo para luzes suspensas.<\/li>\n\n\n\n<li>Pode trabalhar com mais de uma fita; pode suportar fitas LED de dupla linha, como SMD 2835, 5050 e 3528 que t\u00eam at\u00e9 15mm de largura.<\/li>\n\n\n\n<li>O design que desce, combinado com fios de a\u00e7o ajust\u00e1veis, facilita a instala\u00e7\u00e3o em v\u00e1rias alturas e locais.<\/li>\n\n\n\n<li>O alum\u00ednio anodizado 6063-T5 permite que o calor escape rapidamente, o que faz com que os LEDs durem mais.<\/li>\n\n\n\n<li>O difusor de policarbonato opalino garante que a luz seja suave, uniforme e sem ofuscamento.<\/li>\n<\/ul>\n<\/div>\n<\/div>\n\n\n\n<div class=\"wp-block-group\" style=\"padding-top:var(--wp--preset--spacing--80);padding-bottom:var(--wp--preset--spacing--80)\"><div class=\"wp-block-group__inner-container is-layout-constrained wp-block-group-is-layout-constrained\">\n<div class=\"wp-block-media-text has-media-on-the-right is-stacked-on-mobile\"><div class=\"wp-block-media-text__content\">\n<h2 class=\"wp-block-heading\" style=\"padding-top:var(--wp--preset--spacing--40);padding-bottom:var(--wp--preset--spacing--40);font-size:25px;font-style:normal;font-weight:600;text-transform:capitalize\">Como instalar e usar<\/h2>\n\n\n\n<ul class=\"wp-block-list\">\n<li>A extrus\u00e3o de alum\u00ednio pendurada vem com fios de a\u00e7o que facilitam a instala\u00e7\u00e3o.<\/li>\n\n\n\n<li>Corte a extrus\u00e3o no comprimento necess\u00e1rio para seu projeto.<\/li>\n\n\n\n<li>Coloque suas fitas LED SMD 2835, 5050 ou outras adequadas no canal.<\/li>\n\n\n\n<li>To achieve light that is smooth and doesn&#8217;t cause glare, put the opal diffuser over the strips.<\/li>\n\n\n\n<li>Para finalizar o design e manter as fitas protegidas contra poeira e danos, adicione tampas de extremidade.<\/li>\n<\/ul>\n<\/div><figure class=\"wp-block-media-text__media\"><img loading=\"lazy\" decoding=\"async\" width=\"500\" height=\"500\" src=\"https:\/\/tangooled.com\/wp-content\/uploads\/2025\/12\/rc.webp\" alt=\"50mm vertical pendant led tube profile 360 degree lighting\" class=\"wp-image-42373 size-full\" srcset=\"https:\/\/tangooled.com\/wp-content\/uploads\/2025\/12\/rc.webp 500w, https:\/\/tangooled.com\/wp-content\/uploads\/2025\/12\/rc-300x300.webp 300w, https:\/\/tangooled.com\/wp-content\/uploads\/2025\/12\/rc-150x150.webp 150w\" sizes=\"auto, (max-width: 500px) 100vw, 500px\" \/><\/figure><\/div>\n<\/div><\/div>\n\n\n\n<div class=\"wp-block-group has-background\" style=\"background-color:#f1f1f1;padding-top:var(--wp--preset--spacing--80);padding-bottom:var(--wp--preset--spacing--80)\"><div class=\"wp-block-group__inner-container is-layout-constrained wp-block-group-is-layout-constrained\">\n<h2 class=\"wp-block-heading\" style=\"padding-top:var(--wp--preset--spacing--40);padding-bottom:var(--wp--preset--spacing--40);font-size:25px;font-style:normal;font-weight:600;text-transform:capitalize\">What&#8217;s in the kit<\/h2>\n\n\n\n<ul class=\"wp-block-list\">\n<li>1x Barra de alum\u00ednio anodizado para fitas LED<\/li>\n\n\n\n<li>1x Difusor de tubo opalino<\/li>\n\n\n\n<li>Duas tampas de metal<\/li>\n\n\n\n<li>Kit de suspens\u00e3o<\/li>\n<\/ul>\n<\/div><\/div>\n\n\n\n<div class=\"wp-block-group is-vertical is-layout-flex wp-container-core-group-is-layout-d255d7c4 wp-block-group-is-layout-flex\" style=\"padding-top:var(--wp--preset--spacing--80);padding-bottom:var(--wp--preset--spacing--80)\">\n<h2 class=\"wp-block-heading\" style=\"padding-top:var(--wp--preset--spacing--40);padding-bottom:var(--wp--preset--spacing--40);font-size:25px;font-style:normal;font-weight:600;text-transform:capitalize\">Explore mais solu\u00e7\u00f5es de perfil<\/h2>\n\n\n\n<ul class=\"wp-block-list\">\n<li><a href=\"https:\/\/tangooled.com\/pt\/product\/black-led-diffuser-aluminum-channel-for-12mm-tape-lights\/\"><mark style=\"background-color:rgba(0, 0, 0, 0)\" class=\"has-inline-color has-vivid-red-color\">Canal de Alum\u00ednio Difusor LED Preto para Fitas de 12mm<\/mark><\/a><\/li>\n\n\n\n<li><a href=\"https:\/\/tangooled.com\/pt\/product\/surface-mount-led-profile-with-frosted-diffuser-for-10mm-rope-lights\/\"><mark style=\"background-color:rgba(0, 0, 0, 0)\" class=\"has-inline-color has-vivid-red-color\">Perfil LED de Montagem Superficial com Difusor Fosco para Luzes de Cord\u00e3o de 10mm<\/mark><\/a><\/li>\n<\/ul>\n\n\n\n<p>Adquira esta extrus\u00e3o LED circular de alum\u00ednio de 80mm para seu kit de ilumina\u00e7\u00e3o hoje e construa deslumbrantes luzes anelares de m\u00faltiplas fitas que durem muito tempo e brilhem intensamente!<\/p>\n<\/div>\n\n\n\n<p><\/p>","protected":false},"featured_media":13421,"template":"","meta":{"_acf_changed":true,"_seopress_robots_primary_cat":"none","_seopress_titles_title":"80mm Large 360\u00b0 Glowing LED Extrusion | High-Lumen Round Fixture RSC80","_seopress_titles_desc":"The RSC80 is a heavy-duty 80mm large 360 degree glowing led extrusion. Designed for high-output illumination in large halls, lobbies, and open offices.","_seopress_robots_index":""},"pcb-width":[228],"product-cat":[234],"class_list":{"0":"post-42190","1":"product","2":"type-product","3":"status-publish","4":"has-post-thumbnail","6":"pcb-width-6-12mm","7":"product-cat-round-tube-profile"},"acf":[],"_links":{"self":[{"href":"https:\/\/tangooled.com\/pt\/wp-json\/wp\/v2\/product\/42190","targetHints":{"allow":["GET"]}}],"collection":[{"href":"https:\/\/tangooled.com\/pt\/wp-json\/wp\/v2\/product"}],"about":[{"href":"https:\/\/tangooled.com\/pt\/wp-json\/wp\/v2\/types\/product"}],"wp:featuredmedia":[{"embeddable":true,"href":"https:\/\/tangooled.com\/pt\/wp-json\/wp\/v2\/media\/13421"}],"wp:attachment":[{"href":"https:\/\/tangooled.com\/pt\/wp-json\/wp\/v2\/media?parent=42190"}],"wp:term":[{"taxonomy":"pcb-width","embeddable":true,"href":"https:\/\/tangooled.com\/pt\/wp-json\/wp\/v2\/pcb-width?post=42190"},{"taxonomy":"product-cat","embeddable":true,"href":"https:\/\/tangooled.com\/pt\/wp-json\/wp\/v2\/product-cat?post=42190"}],"curies":[{"name":"wp","href":"https:\/\/api.w.org\/{rel}","templated":true}]}}