{"id":42188,"date":"2025-12-17T02:07:33","date_gmt":"2025-12-17T10:07:33","guid":{"rendered":"https:\/\/tangooled.com\/?post_type=product&#038;p=42188"},"modified":"2026-02-02T02:07:45","modified_gmt":"2026-02-02T10:07:45","slug":"60mm-circular-360-degree-led-profile-for-multi-strips-rsc60","status":"publish","type":"product","link":"https:\/\/tangooled.com\/pt\/product\/60mm-circular-360-degree-led-profile-for-multi-strips-rsc60\/","title":{"rendered":"RSC60: Perfil LED circular de 60mm 360\u00b0 para fitas multi de alta sa\u00edda"},"content":{"rendered":"<div class=\"wp-block-group is-vertical is-layout-flex wp-container-core-group-is-layout-d255d7c4 wp-block-group-is-layout-flex\" style=\"padding-top:var(--wp--preset--spacing--80);padding-bottom:var(--wp--preset--spacing--80)\">\n<p>Our 60mm circular 360\u00b0 LED profile is a modern, round light housing that allows multi-strip LED setups disperse light evenly and smoothly. The large 60mm diameter profile is designed to hold and protect numerous LED strips inside. It has a wide, opal polycarbonate diffuser that emits a clean, dot-free LED light that wraps around the entire fixture. This makes sure that light comes from all sides.<\/p>\n\n\n\n<p>This high-quality LED profile has a big diameter and is perfect for producing pendant lights or continuous architectural lighting profiles. It looks elegant and spreads light evenly, so it&#8217;s a wonderful choice for modern lobbies, stores, offices, and any other place that needs good ambient light.<\/p>\n<\/div>\n\n\n\n<div class=\"wp-block-group has-background is-vertical is-layout-flex wp-container-core-group-is-layout-d255d7c4 wp-block-group-is-layout-flex\" style=\"background-color:#f1f1f1;padding-top:var(--wp--preset--spacing--80);padding-bottom:var(--wp--preset--spacing--80)\">\n<div class=\"wp-block-group is-vertical is-layout-flex wp-container-core-group-is-layout-8cf370e7 wp-block-group-is-layout-flex\">\n<h2 class=\"wp-block-heading\" style=\"padding-top:var(--wp--preset--spacing--40);padding-bottom:var(--wp--preset--spacing--40);font-size:25px;font-style:normal;font-weight:600;text-transform:capitalize\">Caracter\u00edsticas &amp; Benef\u00edcios<\/h2>\n<\/div>\n\n\n\n<ul class=\"wp-block-list\">\n<li>Ilumina\u00e7\u00e3o difusa em 360 graus: O contorno circular completo faz com que a luz envolva sem manchas escuras.<\/li>\n\n\n\n<li>Suporta m\u00faltiplas fitas LED: A barra interna de alum\u00ednio tem uma forma pentagonal, o que permite utilizar cinco fitas LED ao mesmo tempo.<\/li>\n\n\n\n<li>Melhor dissipa\u00e7\u00e3o de calor: O alum\u00ednio anodizado 6063-T5 ajuda a resfriar os LEDs, aumentando sua durabilidade.<\/li>\n\n\n\n<li>Long-lasting materials: The opal&nbsp;polycarbonate (PC) diffuser is UV-resistant and won&#8217;t become yellow.<\/li>\n\n\n\n<li>Comprimentos ajust\u00e1veis: Voc\u00ea pode obt\u00ea-lo em tamanhos normais de 1m e 2m, e pode cort\u00e1-lo para se adaptar a qualquer projeto.<\/li>\n<\/ul>\n<\/div>\n\n\n\n<div class=\"wp-block-group\" style=\"padding-top:var(--wp--preset--spacing--80);padding-bottom:var(--wp--preset--spacing--80)\"><div class=\"wp-block-group__inner-container is-layout-constrained wp-block-group-is-layout-constrained\">\n<div class=\"wp-block-media-text has-media-on-the-right is-stacked-on-mobile\" style=\"grid-template-columns:auto 40%\"><div class=\"wp-block-media-text__content\">\n<h2 class=\"wp-block-heading\" style=\"padding-top:var(--wp--preset--spacing--40);padding-bottom:var(--wp--preset--spacing--40);font-size:25px;font-style:normal;font-weight:600;text-transform:capitalize\">Como Instalar<\/h2>\n\n\n\n<ul class=\"wp-block-list\">\n<li>Corte o canal de alum\u00ednio para o comprimento desejado.<\/li>\n\n\n\n<li>Coloque mais de uma fita LED dentro do perfil de v\u00e1rias filas.<\/li>\n\n\n\n<li>Prenda o difusor opalino de PC no canal.<\/li>\n\n\n\n<li>Coloque as tampas nas extremidades e conecte os fios.<\/li>\n\n\n\n<li>Conecte a um driver de LED e ligue para obter uma luz uniforme.<\/li>\n<\/ul>\n<\/div><figure class=\"wp-block-media-text__media\"><img loading=\"lazy\" decoding=\"async\" width=\"500\" height=\"500\" src=\"https:\/\/tangooled.com\/wp-content\/uploads\/2025\/12\/rc.webp\" alt=\"50mm vertical pendant led tube profile 360 degree lighting\" class=\"wp-image-42373 size-full\" srcset=\"https:\/\/tangooled.com\/wp-content\/uploads\/2025\/12\/rc.webp 500w, https:\/\/tangooled.com\/wp-content\/uploads\/2025\/12\/rc-300x300.webp 300w, https:\/\/tangooled.com\/wp-content\/uploads\/2025\/12\/rc-150x150.webp 150w\" sizes=\"auto, (max-width: 500px) 100vw, 500px\" \/><\/figure><\/div>\n<\/div><\/div>\n\n\n\n<div class=\"wp-block-group has-background is-vertical is-layout-flex wp-container-core-group-is-layout-b429018a wp-block-group-is-layout-flex\" style=\"background-color:#f1f1f1f2;padding-top:var(--wp--preset--spacing--70);padding-bottom:var(--wp--preset--spacing--70)\">\n<h2 class=\"wp-block-heading\" style=\"padding-top:var(--wp--preset--spacing--40);padding-bottom:var(--wp--preset--spacing--40);font-size:25px;font-style:normal;font-weight:600;text-transform:capitalize\">what&#8217;s in a kit?<\/h2>\n\n\n\n<ul class=\"wp-block-list\">\n<li>Barra de alum\u00ednio para fitas LED<\/li>\n\n\n\n<li>Tubo de ilumina\u00e7\u00e3o de 360 graus<\/li>\n\n\n\n<li>Kit de fio de suspens\u00e3o para montagem<\/li>\n\n\n\n<li>Tampas com ou sem furos para fia\u00e7\u00e3o<\/li>\n<\/ul>\n<\/div>\n\n\n\n<div class=\"wp-block-group is-vertical is-layout-flex wp-container-core-group-is-layout-d255d7c4 wp-block-group-is-layout-flex\" style=\"padding-top:var(--wp--preset--spacing--80);padding-bottom:var(--wp--preset--spacing--80)\">\n<h2 class=\"wp-block-heading\" style=\"padding-top:var(--wp--preset--spacing--40);padding-bottom:var(--wp--preset--spacing--40);font-size:25px;font-style:normal;font-weight:600;text-transform:capitalize\">Por que escolher nosso perfil LED circular de 60mm 360 graus?<\/h2>\n\n\n\n<p>Nosso perfil LED circular de 60mm 360 graus \u00e9 feito com materiais de alta qualidade e emite luz LED sem pontos em um c\u00edrculo completo. O perfil de alum\u00ednio anodizado garante que o calor seja dissipado o mais r\u00e1pido poss\u00edvel, aumentando a vida \u00fatil do LED. Possui um difusor semi-transparente que espalha a luz uniformemente sem torn\u00e1-la muito brilhante ou muito escura.<br>Este canal LED de 360 graus com grande di\u00e2metro \u00e9 apropriado para instala\u00e7\u00f5es de fitas LED m\u00faltiplas, tornando-o excelente para perfis com alta sa\u00edda de l\u00famens. Pode ser usado em muitos locais diferentes, como tetos de escrit\u00f3rios modernos, lobbies de hot\u00e9is, lojas e resid\u00eancias.<\/p>\n<\/div>\n\n\n\n<div class=\"wp-block-group has-background\" style=\"background-color:#f1f1f1;padding-top:var(--wp--preset--spacing--80);padding-bottom:var(--wp--preset--spacing--80)\"><div class=\"wp-block-group__inner-container is-layout-constrained wp-block-group-is-layout-constrained\">\n<h2 class=\"wp-block-heading\" style=\"padding-top:var(--wp--preset--spacing--40);padding-bottom:var(--wp--preset--spacing--40);font-size:25px;font-style:normal;font-weight:600;text-transform:capitalize\">Produtos Relacionados Que Voc\u00ea Pode Gostar<\/h2>\n\n\n\n<ul class=\"wp-block-list\">\n<li><a href=\"https:\/\/tangooled.com\/pt\/product\/diameter-40mm-round-aluminum-profile-for-led-strips-with-inner-width-30mm\/\"><mark style=\"background-color:rgba(0, 0, 0, 0)\" class=\"has-inline-color has-vivid-red-color\">Perfil redondo de alum\u00ednio com di\u00e2metro de 40mm para fitas LED com largura interna de 30mm<\/mark><\/a><\/li>\n\n\n\n<li><a href=\"https:\/\/tangooled.com\/pt\/product\/aluminum-profile-with-60-degree-lens-led-diffuser\/\"><mark style=\"background-color:rgba(0, 0, 0, 0)\" class=\"has-inline-color has-vivid-red-color\">Perfil de alum\u00ednio com lente difusora LED de 60 graus<\/mark><\/a><\/li>\n\n\n\n<li><a href=\"https:\/\/tangooled.com\/pt\/product\/surface-mount-led-profile-with-frosted-diffuser-for-10mm-rope-lights\/\"><mark style=\"background-color:rgba(0, 0, 0, 0)\" class=\"has-inline-color has-vivid-red-color\">Perfil LED de montagem de superf\u00edcie com difusor fosco para luzes de cord\u00e3o de 10mm<\/mark><\/a><\/li>\n\n\n\n<li><a href=\"https:\/\/tangooled.com\/pt\/product\/black-aluminum-u-channel-profile-for-10mm-led-strips\/\"><mark style=\"background-color:rgba(0, 0, 0, 0)\" class=\"has-inline-color has-vivid-red-color\">Perfil de canal U de alum\u00ednio preto para tiras LED de 10mm<\/mark><\/a><\/li>\n<\/ul>\n<\/div><\/div>\n\n\n\n<div class=\"wp-block-group\" style=\"padding-top:var(--wp--preset--spacing--80);padding-bottom:var(--wp--preset--spacing--80)\"><div class=\"wp-block-group__inner-container is-layout-constrained wp-block-group-is-layout-constrained\">\n<h2 class=\"wp-block-heading\" style=\"padding-top:var(--wp--preset--spacing--40);padding-bottom:var(--wp--preset--spacing--40);font-size:25px;font-style:normal;font-weight:600;text-transform:capitalize\">resumo<\/h2>\n\n\n\n<p>O canal redondo LED circular de 60mm \u00e9 um perfil de tubo extrudado de alta qualidade, perfeito para sistemas de fitas LED m\u00faltiplas que precisam de ilumina\u00e7\u00e3o em todas as dire\u00e7\u00f5es. Inclui um difusor opalino de PC e uma dissipa\u00e7\u00e3o de calor superior, proporcionando um visual limpo e profissional ao seu projeto de luz pendente ou ilumina\u00e7\u00e3o arquitet\u00f4nica.<\/p>\n<\/div><\/div>\n\n\n\n<p><\/p>","protected":false},"featured_media":13407,"template":"","meta":{"_acf_changed":true,"_seopress_robots_primary_cat":"none","_seopress_titles_title":"60mm Circular 360\u00b0 LED Profile | Round Architectural Light Tube RSC60","_seopress_titles_desc":"The RSC60 is a professional 60mm circular 360 degree led profile. Achieve seamless, shadow-free lighting for modern commercial interiors and retail displays.","_seopress_robots_index":""},"pcb-width":[228],"product-cat":[234],"class_list":{"0":"post-42188","1":"product","2":"type-product","3":"status-publish","4":"has-post-thumbnail","6":"pcb-width-6-12mm","7":"product-cat-round-tube-profile"},"acf":[],"_links":{"self":[{"href":"https:\/\/tangooled.com\/pt\/wp-json\/wp\/v2\/product\/42188","targetHints":{"allow":["GET"]}}],"collection":[{"href":"https:\/\/tangooled.com\/pt\/wp-json\/wp\/v2\/product"}],"about":[{"href":"https:\/\/tangooled.com\/pt\/wp-json\/wp\/v2\/types\/product"}],"wp:featuredmedia":[{"embeddable":true,"href":"https:\/\/tangooled.com\/pt\/wp-json\/wp\/v2\/media\/13407"}],"wp:attachment":[{"href":"https:\/\/tangooled.com\/pt\/wp-json\/wp\/v2\/media?parent=42188"}],"wp:term":[{"taxonomy":"pcb-width","embeddable":true,"href":"https:\/\/tangooled.com\/pt\/wp-json\/wp\/v2\/pcb-width?post=42188"},{"taxonomy":"product-cat","embeddable":true,"href":"https:\/\/tangooled.com\/pt\/wp-json\/wp\/v2\/product-cat?post=42188"}],"curies":[{"name":"wp","href":"https:\/\/api.w.org\/{rel}","templated":true}]}}