{"id":42186,"date":"2025-12-17T01:58:53","date_gmt":"2025-12-17T09:58:53","guid":{"rendered":"https:\/\/tangooled.com\/?post_type=product&#038;p=42186"},"modified":"2026-02-02T02:08:33","modified_gmt":"2026-02-02T10:08:33","slug":"omnidirectional-pendant-led-tube-profile-rsc50","status":"publish","type":"product","link":"https:\/\/tangooled.com\/pt\/product\/omnidirectional-pendant-led-tube-profile-rsc50\/","title":{"rendered":"RSC50: Perfil de tubo LED omnidirecional de 50mm para exibi\u00e7\u00f5es pendentes"},"content":{"rendered":"<div class=\"wp-block-group is-vertical is-layout-flex wp-container-core-group-is-layout-d255d7c4 wp-block-group-is-layout-flex\" style=\"padding-top:var(--wp--preset--spacing--80);padding-bottom:var(--wp--preset--spacing--80)\">\n<p>Bem-vindo ao nosso perfil de tubo LED pendente omnidirecional de 50mm para ilumina\u00e7\u00e3o de 360 graus! Este lumin\u00e1rio \u00fanico \u00e9 projetado para transformar seu espa\u00e7o com uma ilumina\u00e7\u00e3o brilhante e uniforme. Este lindo tubo LED pendente vertical \u00e9 feito de um forte perfil de alum\u00ednio e tem um difusor de policarbonato fosco para suspens\u00e3o no teto.<\/p>\n\n\n\n<p>A principal caracter\u00edstica deste design \u00e9 seu tubo de 50mm de di\u00e2metro, que permite a emiss\u00e3o de luz de forma uniforme em todas as dire\u00e7\u00f5es. Isso garante que todo o ambiente esteja iluminado e brilhante, sem pontos escuros, e confere um ar vibrante ao local. O corpo de alum\u00ednio robusto tamb\u00e9m funciona bem como um dissipador de calor, o que \u00e9 importante para a elimina\u00e7\u00e3o do calor e para prolongar a vida \u00fatil das tiras LED internas.<\/p>\n\n\n\n<p>Este lindo tubo pendente funciona bem em escrit\u00f3rios, lojas, salas de jantar e sagu\u00f5es com tetos altos, onde uma caracter\u00edstica arquitet\u00f4nica limpa e chamativa \u00e9 necess\u00e1ria.<\/p>\n<\/div>\n\n\n\n<div class=\"wp-block-group has-background is-vertical is-layout-flex wp-container-core-group-is-layout-d255d7c4 wp-block-group-is-layout-flex\" style=\"background-color:#f1f1f1;padding-top:var(--wp--preset--spacing--80);padding-bottom:var(--wp--preset--spacing--80)\">\n<div class=\"wp-block-group is-vertical is-layout-flex wp-container-core-group-is-layout-8cf370e7 wp-block-group-is-layout-flex\">\n<h2 class=\"wp-block-heading\" style=\"padding-top:var(--wp--preset--spacing--40);padding-bottom:var(--wp--preset--spacing--40);font-size:25px;font-style:normal;font-weight:600;text-transform:capitalize\">Por que escolher este perfil de tubo LED pendente de 50mm omnidirecional?<\/h2>\n\n\n\n<ul class=\"wp-block-list\">\n<li>Emiss\u00e3o de luz de 360 graus para ilumina\u00e7\u00e3o forte e uniforme.<\/li>\n\n\n\n<li>Um estilo que combina com projetos de ilumina\u00e7\u00e3o arquitet\u00f4nica e ambientes sofisticados, como hot\u00e9is e lojas.<\/li>\n\n\n\n<li>Trabalha com tecnologia de tubo LED dimm\u00e1vel para variar o brilho.<\/li>\n\n\n\n<li>Vem com um sistema de suspens\u00e3o para f\u00e1cil instala\u00e7\u00e3o.<\/li>\n<\/ul>\n<\/div>\n<\/div>\n\n\n\n<div class=\"wp-block-group\" style=\"padding-top:var(--wp--preset--spacing--60);padding-bottom:var(--wp--preset--spacing--60)\"><div class=\"wp-block-group__inner-container is-layout-constrained wp-block-group-is-layout-constrained\">\n<div class=\"wp-block-media-text has-media-on-the-right is-stacked-on-mobile\" style=\"grid-template-columns:auto 40%\"><div class=\"wp-block-media-text__content\">\n<h2 class=\"wp-block-heading\" style=\"padding-top:var(--wp--preset--spacing--40);padding-bottom:var(--wp--preset--spacing--40);font-size:25px;font-style:normal;font-weight:600;text-transform:capitalize\">Instala\u00e7\u00e3o e Personaliza\u00e7\u00e3o<\/h2>\n\n\n\n<ul class=\"wp-block-list\">\n<li>Vendemos um kit de suspens\u00e3o completo que vem com cabos e suportes de teto.<\/li>\n\n\n\n<li>Voc\u00ea pode escolher os comprimentos exatos que precisa para seu projeto.<\/li>\n\n\n\n<li>Voc\u00ea pode escolher um acabamento em branco, preto ou prata, ou optar por uma cor personalizada.<\/li>\n\n\n\n<li>Funciona com muitos controladores, ent\u00e3o voc\u00ea pode us\u00e1-lo em qualquer edif\u00edcio ou sistema inteligente.<\/li>\n\n\n\n<li>Voc\u00ea pode coloc\u00e1-lo verticalmente para atender \u00e0s suas necessidades de design.<\/li>\n<\/ul>\n<\/div><figure class=\"wp-block-media-text__media\"><img loading=\"lazy\" decoding=\"async\" width=\"500\" height=\"500\" src=\"https:\/\/tangooled.com\/wp-content\/uploads\/2025\/12\/rc.webp\" alt=\"50mm vertical pendant led tube profile 360 degree lighting\" class=\"wp-image-42373 size-full\" srcset=\"https:\/\/tangooled.com\/wp-content\/uploads\/2025\/12\/rc.webp 500w, https:\/\/tangooled.com\/wp-content\/uploads\/2025\/12\/rc-300x300.webp 300w, https:\/\/tangooled.com\/wp-content\/uploads\/2025\/12\/rc-150x150.webp 150w\" sizes=\"auto, (max-width: 500px) 100vw, 500px\" \/><\/figure><\/div>\n<\/div><\/div>\n\n\n\n<div class=\"wp-block-group has-background is-vertical is-layout-flex wp-container-core-group-is-layout-b429018a wp-block-group-is-layout-flex\" style=\"background-color:#f1f1f1f2;padding-top:var(--wp--preset--spacing--70);padding-bottom:var(--wp--preset--spacing--70)\">\n<h2 class=\"wp-block-heading\" style=\"padding-top:var(--wp--preset--spacing--40);padding-bottom:var(--wp--preset--spacing--40);font-size:25px;font-style:normal;font-weight:600\">What\u2019s in the kit?<\/h2>\n\n\n\n<ul class=\"wp-block-list\">\n<li>Perfil de alum\u00ednio anodizado para tiras de LED<\/li>\n\n\n\n<li>Um tubo de policarbonato iluminador de 360 graus<\/li>\n\n\n\n<li>Duas tampas de metal<\/li>\n\n\n\n<li>Um kit de cabo de suspens\u00e3o<\/li>\n<\/ul>\n<\/div>\n\n\n\n<div class=\"wp-block-group is-vertical is-layout-flex wp-container-core-group-is-layout-d255d7c4 wp-block-group-is-layout-flex\" style=\"padding-top:var(--wp--preset--spacing--80);padding-bottom:var(--wp--preset--spacing--80)\">\n<h2 class=\"wp-block-heading\" style=\"padding-top:var(--wp--preset--spacing--40);padding-bottom:var(--wp--preset--spacing--40);font-size:25px;font-style:normal;font-weight:600;text-transform:capitalize\">Como Voc\u00ea Pode Usar Esta Luz<\/h2>\n\n\n\n<p>Nosso perfil de tubo LED pendente vertical de 50mm para ilumina\u00e7\u00e3o de 360 graus \u00e9 \u00f3timo para:<\/p>\n\n\n\n<ul class=\"wp-block-list\">\n<li>Iluminar edif\u00edcios comerciais e lojas que precisam de luz brilhante e uniforme.<\/li>\n\n\n\n<li>Modernizar seu escrit\u00f3rio com lumin\u00e1rias modernas.<\/li>\n\n\n\n<li>Ilumina\u00e7\u00e3o em hot\u00e9is e bares que fazem as pessoas se sentirem bem-vindas.<\/li>\n\n\n\n<li>Brilhar em boates ou no palco com cores vibrantes.<\/li>\n\n\n\n<li>Fazer restaurantes ou showrooms parecerem mais elegantes.<\/li>\n\n\n\n<li>Sagu\u00f5es, \u00e1trios e estandes de exposi\u00e7\u00e3o onde a luz faz uma declara\u00e7\u00e3o.<\/li>\n<\/ul>\n<\/div>\n\n\n\n<div class=\"wp-block-group has-background\" style=\"background-color:#f1f1f1;padding-top:var(--wp--preset--spacing--80);padding-bottom:var(--wp--preset--spacing--80)\"><div class=\"wp-block-group__inner-container is-layout-constrained wp-block-group-is-layout-constrained\">\n<h2 class=\"wp-block-heading\" style=\"padding-top:var(--wp--preset--spacing--40);padding-bottom:var(--wp--preset--spacing--40);font-size:25px;font-style:normal;font-weight:600;text-transform:capitalize\">Produtos e Recursos Relacionados<\/h2>\n\n\n\n<ul class=\"wp-block-list\">\n<li><a href=\"https:\/\/tangooled.com\/pt\/product\/diffused-dia-60mm-360-degree-led-round-channel-profile-for-multi-strips\/\"><mark style=\"background-color:rgba(0, 0, 0, 0)\" class=\"has-inline-color has-vivid-red-color\">Perfil redondo difuso Dia 60mm 360 Graus para M\u00faltiplas Tiras<\/mark><\/a><\/li>\n\n\n\n<li><a href=\"https:\/\/tangooled.com\/pt\/product\/360-degree-illumination-round-led-profile-dia-80mm-for-vertical-pendant\/\"><mark style=\"background-color:rgba(0, 0, 0, 0)\" class=\"has-inline-color has-vivid-red-color\">Perfil LED redondo de 360 Graus dia 80mm para pendente vertical<\/mark><\/a><\/li>\n\n\n\n<li><a href=\"https:\/\/tangooled.com\/pt\/product\/diameter-40mm-round-aluminum-profile-for-led-strips-with-inner-width-30mm\/\"><mark style=\"background-color:rgba(0, 0, 0, 0)\" class=\"has-inline-color has-vivid-red-color\">Perfil redondo de alum\u00ednio com di\u00e2metro de 40mm para fitas LED com largura interna de 30mm<\/mark><\/a><\/li>\n<\/ul>\n<\/div><\/div>\n\n\n\n<div class=\"wp-block-group\" style=\"padding-top:var(--wp--preset--spacing--80);padding-bottom:var(--wp--preset--spacing--80)\"><div class=\"wp-block-group__inner-container is-layout-constrained wp-block-group-is-layout-constrained\">\n<p>O nosso perfil de tubo LED pendente omnidirecional de 50mm \u00e9 para ilumina\u00e7\u00e3o de 360 graus. Se voc\u00ea deseja uma luz cheia, linda e brilhante por toda parte, o TG-RSC50 \u00e9 a melhor escolha. Fa\u00e7a seu pedido agora para uma solu\u00e7\u00e3o de ilumina\u00e7\u00e3o que \u00e9 clara, brilhante e atual!<\/p>\n<\/div><\/div>\n\n\n\n<p><\/p>","protected":false},"featured_media":13402,"template":"","meta":{"_acf_changed":true,"_seopress_robots_primary_cat":"none","_seopress_titles_title":"Omnidirectional Pendant LED Tube Profile 50mm RSC50 | TANGOOLED","_seopress_titles_desc":"The RSC50 is an omnidirectional pendant led tube profile designed for striking vertical or horizontal light displays. This 50mm circular profile delivers a seamless glow without shadows.","_seopress_robots_index":""},"pcb-width":[228],"product-cat":[234],"class_list":{"0":"post-42186","1":"product","2":"type-product","3":"status-publish","4":"has-post-thumbnail","6":"pcb-width-6-12mm","7":"product-cat-round-tube-profile"},"acf":[],"_links":{"self":[{"href":"https:\/\/tangooled.com\/pt\/wp-json\/wp\/v2\/product\/42186","targetHints":{"allow":["GET"]}}],"collection":[{"href":"https:\/\/tangooled.com\/pt\/wp-json\/wp\/v2\/product"}],"about":[{"href":"https:\/\/tangooled.com\/pt\/wp-json\/wp\/v2\/types\/product"}],"wp:featuredmedia":[{"embeddable":true,"href":"https:\/\/tangooled.com\/pt\/wp-json\/wp\/v2\/media\/13402"}],"wp:attachment":[{"href":"https:\/\/tangooled.com\/pt\/wp-json\/wp\/v2\/media?parent=42186"}],"wp:term":[{"taxonomy":"pcb-width","embeddable":true,"href":"https:\/\/tangooled.com\/pt\/wp-json\/wp\/v2\/pcb-width?post=42186"},{"taxonomy":"product-cat","embeddable":true,"href":"https:\/\/tangooled.com\/pt\/wp-json\/wp\/v2\/product-cat?post=42186"}],"curies":[{"name":"wp","href":"https:\/\/api.w.org\/{rel}","templated":true}]}}