{"id":42185,"date":"2025-12-17T01:54:16","date_gmt":"2025-12-17T09:54:16","guid":{"rendered":"https:\/\/tangooled.com\/?post_type=product&#038;p=42185"},"modified":"2026-02-02T02:08:56","modified_gmt":"2026-02-02T10:08:56","slug":"d-80mm-large-round-led-extrusion-multi-strip-rsg80","status":"publish","type":"product","link":"https:\/\/tangooled.com\/pt\/product\/d-80mm-large-round-led-extrusion-multi-strip-rsg80\/","title":{"rendered":"Extrus\u00e3o LED redonda grande de alum\u00ednio D 80mm suspensa para fitas LED m\u00faltiplas"},"content":{"rendered":"<div class=\"wp-block-group is-vertical is-layout-flex wp-container-core-group-is-layout-d255d7c4 wp-block-group-is-layout-flex\" style=\"padding-top:var(--wp--preset--spacing--80);padding-bottom:var(--wp--preset--spacing--80)\">\n<p>The modern, powerful suspended d 80mm large round LED extrusion will make your space\u00a0brighter. This profile is made of strong 6063-T5 aluminum and is meant to hold large LED strips (around 38mm). <\/p>\n\n\n\n<p>O dispositivo \u00e9 feito para ser pendurado no teto e possui um grande difusor opalino curvo que emite luz em um impressionante \u00e2ngulo de 270 graus. Isso gera uma luz suave, brilhante e uniforme, sem pontos.<\/p>\n\n\n\n<p>Esta extrus\u00e3o \u00e9 perfeita para arquitetos, designers e entusiastas do DIY que desejam uma ilumina\u00e7\u00e3o ousada e elegante. Ela se encaixa perfeitamente em escrit\u00f3rios, centros de confer\u00eancias, hot\u00e9is, espa\u00e7os comerciais com tetos altos e locais que precisam de dispositivos pendentes lineares de alto impacto.<\/p>\n<\/div>\n\n\n\n<div class=\"wp-block-group has-background is-vertical is-layout-flex wp-container-core-group-is-layout-d255d7c4 wp-block-group-is-layout-flex\" style=\"background-color:#f1f1f1;padding-top:var(--wp--preset--spacing--80);padding-bottom:var(--wp--preset--spacing--80)\">\n<div class=\"wp-block-group is-vertical is-layout-flex wp-container-core-group-is-layout-8cf370e7 wp-block-group-is-layout-flex\">\n<h2 class=\"wp-block-heading\" style=\"padding-top:var(--wp--preset--spacing--40);padding-bottom:var(--wp--preset--spacing--40);font-size:25px;font-style:normal;font-weight:600;text-transform:capitalize\">Por que escolher esta Extrus\u00e3o LED Redonda Grande D 80mm?<\/h2>\n\n\n\n<ul class=\"wp-block-list\">\n<li>O grande di\u00e2metro de 80mm oferece uma moldura redonda \u00fanica que \u00e9 \u00f3tima para luzes pendentes e suspensas.<\/li>\n\n\n\n<li>Pode trabalhar com mais de uma fita; pode suportar fitas LED de dupla fileira, como SMD 2835, 5050 e 3528.<\/li>\n\n\n\n<li>O design que desce e os fios de a\u00e7o ajust\u00e1veis facilitam a instala\u00e7\u00e3o em alturas e locais variados.<\/li>\n\n\n\n<li>O alum\u00ednio anodizado 6063-T5 permite que o calor escape rapidamente, o que faz com que os LEDs durem mais.<\/li>\n\n\n\n<li>The opal polycarbonate diffuser makes sure that the light is smooth, even, and doesn&#8217;t have any glare.<\/li>\n\n\n\n<li>As op\u00e7\u00f5es de acabamento dispon\u00edveis s\u00e3o revestimento em p\u00f3 preto, revestimento em p\u00f3 branco e prata anodizada.<\/li>\n<\/ul>\n<\/div>\n<\/div>\n\n\n\n<div class=\"wp-block-group\" style=\"padding-top:var(--wp--preset--spacing--60);padding-bottom:var(--wp--preset--spacing--60)\"><div class=\"wp-block-group__inner-container is-layout-constrained wp-block-group-is-layout-constrained\">\n<div class=\"wp-block-media-text has-media-on-the-right is-stacked-on-mobile\" style=\"grid-template-columns:auto 40%\"><div class=\"wp-block-media-text__content\">\n<h2 class=\"wp-block-heading\" style=\"padding-top:var(--wp--preset--spacing--40);padding-bottom:var(--wp--preset--spacing--40);font-size:25px;font-style:normal;font-weight:600;text-transform:capitalize\">Como instalar e usar<\/h2>\n\n\n\n<ul class=\"wp-block-list\">\n<li>A extrus\u00e3o de alum\u00ednio pendurada vem com fios de a\u00e7o que facilitam a instala\u00e7\u00e3o.<\/li>\n\n\n\n<li>Corte a extrus\u00e3o no comprimento necess\u00e1rio para seu projeto.<\/li>\n\n\n\n<li>Coloque suas fitas LED SMD 2835, 5050 ou outras no canal.<\/li>\n\n\n\n<li>To achieve light that is smooth and doesn&#8217;t cause glare, put the opal diffuser over the strips.<\/li>\n\n\n\n<li>Para finalizar o design e manter as fitas protegidas contra poeira e danos, adicione tampas de extremidade.<\/li>\n<\/ul>\n<\/div><figure class=\"wp-block-media-text__media\"><img loading=\"lazy\" decoding=\"async\" width=\"500\" height=\"500\" src=\"https:\/\/tangooled.com\/wp-content\/uploads\/2025\/12\/rsg80-ins.webp\" alt=\"suspended d 80mm large round aluminum led extrusion for multi led strips\" class=\"wp-image-42367 size-full\" srcset=\"https:\/\/tangooled.com\/wp-content\/uploads\/2025\/12\/rsg80-ins.webp 500w, https:\/\/tangooled.com\/wp-content\/uploads\/2025\/12\/rsg80-ins-300x300.webp 300w, https:\/\/tangooled.com\/wp-content\/uploads\/2025\/12\/rsg80-ins-150x150.webp 150w\" sizes=\"auto, (max-width: 500px) 100vw, 500px\" \/><\/figure><\/div>\n<\/div><\/div>\n\n\n\n<div class=\"wp-block-group has-background is-vertical is-layout-flex wp-container-core-group-is-layout-b429018a wp-block-group-is-layout-flex\" style=\"background-color:#f1f1f1f2;padding-top:var(--wp--preset--spacing--70);padding-bottom:var(--wp--preset--spacing--70)\">\n<h2 class=\"wp-block-heading\" style=\"padding-top:var(--wp--preset--spacing--40);padding-bottom:var(--wp--preset--spacing--40);font-size:25px;font-style:normal;font-weight:600\">\u00d3timo Para Estas Aplica\u00e7\u00f5es<\/h2>\n\n\n\n<ul class=\"wp-block-list\">\n<li>\u00c1reas de neg\u00f3cio como salas de confer\u00eancias, escrit\u00f3rios, lojas de varejo, lobbies e showrooms<\/li>\n\n\n\n<li>Hospitalidade: hot\u00e9is, restaurantes, bares e locais para realizar eventos.<\/li>\n\n\n\n<li>Em casas: escadas, ilhas de cozinha, espa\u00e7os para refei\u00e7\u00f5es e salas de estar com tetos altos<\/li>\n\n\n\n<li>Edif\u00edcios p\u00fablicos incluem bibliotecas, galerias e \u00e1reas abertas modernas.<\/li>\n<\/ul>\n<\/div>\n\n\n\n<div class=\"wp-block-group is-vertical is-layout-flex wp-container-core-group-is-layout-d255d7c4 wp-block-group-is-layout-flex\" style=\"padding-top:var(--wp--preset--spacing--80);padding-bottom:var(--wp--preset--spacing--80)\">\n<h2 class=\"wp-block-heading\" style=\"padding-top:var(--wp--preset--spacing--40);padding-bottom:var(--wp--preset--spacing--40);font-size:25px;font-style:normal;font-weight:600;text-transform:capitalize\">Produtos Relacionados<\/h2>\n\n\n\n<ul class=\"wp-block-list\">\n<li>Para fitas menores ou acabamento preto, confira o <a href=\"https:\/\/tangooled.com\/pt\/product\/black-led-profile-with-black-diffuser-for-10mm-led-strip-light\/\"><mark style=\"background-color:rgba(0, 0, 0, 0)\" class=\"has-inline-color has-vivid-red-color\">Perfil LED Preto com Difusor Preto para Luz de Fita LED de 10mm<\/mark><\/a><\/li>\n\n\n\n<li>Para montagem em superf\u00edcie, veja o<mark style=\"background-color:rgba(0, 0, 0, 0)\" class=\"has-inline-color has-vivid-red-color\"> <a href=\"https:\/\/tangooled.com\/pt\/product\/led-strip-light-channel-aluminum-profile-with-diffused-cover-6mm-height\/\">Perfil de Alum\u00ednio para Faixas de Luz LED com Tampa Difusora 6mm de Altura<\/a><\/mark><\/li>\n\n\n\n<li>Para um anel menor, visite o <a href=\"https:\/\/tangooled.com\/pt\/product\/suspended-round-led-aluminum-profile-dia-24mm-for-12mm-flexible-led-strip\/\"><mark style=\"background-color:rgba(0, 0, 0, 0)\" class=\"has-inline-color has-vivid-red-color\">Perfil de Alum\u00ednio LED Redondo Suspenso Di\u00e2metro 24mm para Fita LED Flex\u00edvel de 12mm<\/mark><\/a><\/li>\n\n\n\n<li>Quer uma forma retangular? Explore o <a href=\"https:\/\/tangooled.com\/pt\/product\/aluminum-led-strip-extrusion-diffuser-channel-for-5050-double-row-led-strip\/\"><mark style=\"background-color:rgba(0, 0, 0, 0)\" class=\"has-inline-color has-vivid-red-color\">Canal Difusor de Extrus\u00e3o de Fita LED em Alum\u00ednio para Fita LED de Dupla Linha 5050<\/mark><\/a><\/li>\n<\/ul>\n<\/div>\n\n\n\n<p><\/p>","protected":false},"featured_media":13459,"template":"","meta":{"_acf_changed":true,"_seopress_robots_primary_cat":"none","_seopress_titles_title":"D 80mm Large Round LED Extrusion | Multi-Strip Hanging Channel RSG80","_seopress_titles_desc":"The RSG80 is a professional D 80mm large round led extrusion designed for multi-strip integration. Ideal for high-lumen suspended lighting in grand halls and offices.","_seopress_robots_index":""},"pcb-width":[230],"product-cat":[234],"class_list":{"0":"post-42185","1":"product","2":"type-product","3":"status-publish","4":"has-post-thumbnail","6":"pcb-width-20-25mm","7":"product-cat-round-tube-profile"},"acf":[],"_links":{"self":[{"href":"https:\/\/tangooled.com\/pt\/wp-json\/wp\/v2\/product\/42185","targetHints":{"allow":["GET"]}}],"collection":[{"href":"https:\/\/tangooled.com\/pt\/wp-json\/wp\/v2\/product"}],"about":[{"href":"https:\/\/tangooled.com\/pt\/wp-json\/wp\/v2\/types\/product"}],"wp:featuredmedia":[{"embeddable":true,"href":"https:\/\/tangooled.com\/pt\/wp-json\/wp\/v2\/media\/13459"}],"wp:attachment":[{"href":"https:\/\/tangooled.com\/pt\/wp-json\/wp\/v2\/media?parent=42185"}],"wp:term":[{"taxonomy":"pcb-width","embeddable":true,"href":"https:\/\/tangooled.com\/pt\/wp-json\/wp\/v2\/pcb-width?post=42185"},{"taxonomy":"product-cat","embeddable":true,"href":"https:\/\/tangooled.com\/pt\/wp-json\/wp\/v2\/product-cat?post=42185"}],"curies":[{"name":"wp","href":"https:\/\/api.w.org\/{rel}","templated":true}]}}