{"id":42183,"date":"2025-12-17T01:49:06","date_gmt":"2025-12-17T09:49:06","guid":{"rendered":"https:\/\/tangooled.com\/?post_type=product&#038;p=42183"},"modified":"2026-02-02T02:09:32","modified_gmt":"2026-02-02T10:09:32","slug":"inner-width-38mm-round-led-aluminum-channel-for-5050-led-strips","status":"publish","type":"product","link":"https:\/\/tangooled.com\/pt\/product\/inner-width-38mm-round-led-aluminum-channel-for-5050-led-strips\/","title":{"rendered":"Canal de Alum\u00ednio Redondo LED de 38mm de Largura Interna para Fitas LED 5050"},"content":{"rendered":"<div class=\"wp-block-group is-vertical is-layout-flex wp-container-core-group-is-layout-d255d7c4 wp-block-group-is-layout-flex\" style=\"padding-top:var(--wp--preset--spacing--80);padding-bottom:var(--wp--preset--spacing--80)\">\n<p>Looking for a wide, round LED aluminum channel? Our Inner 38mm Round LED Aluminum Channel is made to house large LED strips up to 38mm wide, such as 5050 tapes. This robust \u03a680mm profile is designed for suspension, transforming powerful LED lighting into a statement fixture.<\/p>\n\n\n\n<p>A estrutura apresenta um difusor de LED curvado e expansivo cobrindo uma ampla se\u00e7\u00e3o da circunfer\u00eancia, alcan\u00e7ando um \u00e2ngulo de ilumina\u00e7\u00e3o de aproximadamente 270 graus. O canal de alum\u00ednio funciona como uma carca\u00e7a para suas fitas de LED. Ele as mant\u00e9m frias, prolongando sua vida \u00fatil. O tamanho e a ampla dispers\u00e3o da luz tornam-na brilhante e uniforme.<\/p>\n\n\n\n<p>Funciona muito bem para ilumina\u00e7\u00e3o arquitet\u00f4nica de alto impacto em grandes ambientes. Esta luz \u00e9 \u00f3tima para ilumina\u00e7\u00e3o geral e decorativa em concession\u00e1rias, audit\u00f3rios, grandes sagu\u00f5es, academias modernas e outros lugares com tetos altos onde \u00e9 necess\u00e1ria uma fonte de luz flutuante e dram\u00e1tica.<\/p>\n<\/div>\n\n\n\n<div class=\"wp-block-group has-background is-vertical is-layout-flex wp-container-core-group-is-layout-d255d7c4 wp-block-group-is-layout-flex\" style=\"background-color:#f1f1f1;padding-top:var(--wp--preset--spacing--80);padding-bottom:var(--wp--preset--spacing--80)\">\n<div class=\"wp-block-group is-vertical is-layout-flex wp-container-core-group-is-layout-8cf370e7 wp-block-group-is-layout-flex\">\n<h2 class=\"wp-block-heading\" style=\"padding-top:var(--wp--preset--spacing--40);padding-bottom:var(--wp--preset--spacing--40);font-size:25px;font-style:normal;font-weight:600;text-transform:capitalize\">Por que escolher nosso Canal de Alum\u00ednio LED Redondo Interno de 38mm?<\/h2>\n\n\n\n<ul class=\"wp-block-list\">\n<li>A ampla largura interna de 38mm significa que voc\u00ea pode colocar fitas de LED 5050 de linha \u00fanica ou m\u00faltiplas e at\u00e9 fitas mais largas.<\/li>\n\n\n\n<li>Feito de alum\u00ednio anodizado 6063-T5 forte, que \u00e9 leve, mas resistente. A forma redonda torna a luz suave e uniforme, sem manchas escuras.<\/li>\n\n\n\n<li>O difusor de policarbonato fosco torna a luz suave e sem pontos.<\/li>\n\n\n\n<li>As fitas de LED est\u00e3o protegidas contra poeira, \u00e1gua e impactos.&nbsp;<\/li>\n\n\n\n<li>Pode ser facilmente pendurado com um kit de suspens\u00e3o.&nbsp;<\/li>\n\n\n\n<li>It&#8217;s great for commercial, residential, architectural, or task lighting.<\/li>\n<\/ul>\n<\/div>\n<\/div>\n\n\n\n<div class=\"wp-block-group\" style=\"padding-top:var(--wp--preset--spacing--80);padding-bottom:var(--wp--preset--spacing--80)\"><div class=\"wp-block-group__inner-container is-layout-constrained wp-block-group-is-layout-constrained\">\n<div class=\"wp-block-media-text has-media-on-the-right is-stacked-on-mobile\" style=\"grid-template-columns:auto 40%\"><div class=\"wp-block-media-text__content\">\n<h2 class=\"wp-block-heading\" style=\"padding-top:var(--wp--preset--spacing--40);padding-bottom:var(--wp--preset--spacing--40);font-size:25px;font-style:normal;font-weight:600;text-transform:capitalize\">Dicas de Instala\u00e7\u00e3o<\/h2>\n\n\n\n<ul class=\"wp-block-list\">\n<li>Basta usar uma serra de dentes finos para cortar o canal para ajustar ao seu espa\u00e7o.<\/li>\n\n\n\n<li>Coloque as fitas de LED 5050 ou outras fitas adequadas dentro do canal. <\/li>\n\n\n\n<li>Insira os cord\u00f5es de suspens\u00e3o no slot traseiro do canal de alum\u00ednio. <\/li>\n\n\n\n<li>Prenda rapidamente o canal ao teto com extremidades e suportes de suspens\u00e3o.<\/li>\n<\/ul>\n<\/div><figure class=\"wp-block-media-text__media\"><img loading=\"lazy\" decoding=\"async\" width=\"500\" height=\"500\" src=\"https:\/\/tangooled.com\/wp-content\/uploads\/2025\/12\/rs80-ins.webp\" alt=\"inner width 38mm round led aluminum channel for 5050 led strips\" class=\"wp-image-42369 size-full\" srcset=\"https:\/\/tangooled.com\/wp-content\/uploads\/2025\/12\/rs80-ins.webp 500w, https:\/\/tangooled.com\/wp-content\/uploads\/2025\/12\/rs80-ins-300x300.webp 300w, https:\/\/tangooled.com\/wp-content\/uploads\/2025\/12\/rs80-ins-150x150.webp 150w\" sizes=\"auto, (max-width: 500px) 100vw, 500px\" \/><\/figure><\/div>\n<\/div><\/div>\n\n\n\n<div class=\"wp-block-group has-background is-vertical is-layout-flex wp-container-core-group-is-layout-b429018a wp-block-group-is-layout-flex\" style=\"background-color:#f1f1f1f2;padding-top:var(--wp--preset--spacing--70);padding-bottom:var(--wp--preset--spacing--70)\">\n<h2 class=\"wp-block-heading\" style=\"padding-top:var(--wp--preset--spacing--40);padding-bottom:var(--wp--preset--spacing--40);font-size:25px;font-style:normal;font-weight:600\">\u00d3timo para estes trabalhos de ilumina\u00e7\u00e3o<\/h2>\n\n\n\n<ul class=\"wp-block-list\">\n<li>Ilumina\u00e7\u00e3o para empresas, como varejo, escrit\u00f3rios e sagu\u00f5es de hot\u00e9is.<\/li>\n\n\n\n<li>Ilumina\u00e7\u00e3o para lares, incluindo ilhas de cozinha, salas de estar ou tetos altos.<\/li>\n\n\n\n<li>Corredores e galerias s\u00e3o exemplos de acentos arquitet\u00f4nicos.<\/li>\n\n\n\n<li>Ilumina\u00e7\u00e3o de tarefa: luzes brilhantes para est\u00fadios, garagens e oficinas que precisam delas.<\/li>\n<\/ul>\n<\/div>\n\n\n\n<div class=\"wp-block-group is-vertical is-layout-flex wp-container-core-group-is-layout-d255d7c4 wp-block-group-is-layout-flex\" style=\"padding-top:var(--wp--preset--spacing--80);padding-bottom:var(--wp--preset--spacing--80)\">\n<h2 class=\"wp-block-heading\" style=\"padding-top:var(--wp--preset--spacing--40);padding-bottom:var(--wp--preset--spacing--40);font-size:25px;font-style:normal;font-weight:600;text-transform:capitalize\">verifique outros produtos relacionados<\/h2>\n\n\n\n<ul class=\"wp-block-list\">\n<li>Explore nosso <a href=\"https:\/\/tangooled.com\/pt\/product\/black-led-profile-with-black-diffuser-for-10mm-led-strip-light\/\"><mark style=\"background-color:rgba(0, 0, 0, 0)\" class=\"has-inline-color has-vivid-red-color\">perfil de LED preto com difusor preto para fita LED de 10mm <\/mark><\/a>para fitas de LED estreitas. <\/li>\n\n\n\n<li>Saiba mais sobre nosso <a href=\"https:\/\/tangooled.com\/pt\/product\/aluminum-led-strip-extrusion-diffuser-channel-for-5050-double-row-led-strip\/\"><mark style=\"background-color:rgba(0, 0, 0, 0)\" class=\"has-inline-color has-vivid-red-color\">canal difusor de extrus\u00e3o de alum\u00ednio para fitas LED de fila dupla 5050<\/mark><\/a> para perfis de LED largos similares.<\/li>\n\n\n\n<li>Confira<a href=\"https:\/\/tangooled.com\/pt\/product\/surface-mount-led-profile-with-frosted-diffuser-for-10mm-rope-lights\/\"><mark style=\"background-color:rgba(0, 0, 0, 0)\" class=\"has-inline-color has-vivid-red-color\">perfil de LED de montagem em superf\u00edcie com difusor fosco para luzes de corda de 10mm <\/mark><\/a>para op\u00e7\u00f5es de montagem flex\u00edveis.<\/li>\n\n\n\n<li>Para formas exclusivas, veja <a href=\"https:\/\/tangooled.com\/pt\/product\/v-shape-diffuser-corner-aluminum-led-profile-inner-20mm\/\"><mark style=\"background-color:rgba(0, 0, 0, 0)\" class=\"has-inline-color has-vivid-red-color\">perfil de LED de alum\u00ednio difusor em V, canto interno 20mm<\/mark><\/a>.<\/li>\n<\/ul>\n<\/div>\n\n\n\n<p><\/p>","protected":false},"featured_media":13393,"template":"","meta":{"_acf_changed":true,"_seopress_robots_primary_cat":"none","_seopress_titles_title":"Inner 38mm Round LED Aluminum Channel RS80 | TANGOOLED","_seopress_titles_desc":"The RS80 is a heavy-duty round led aluminum channel with a spacious inner 38mm width. Perfect for 5050 strips, multi-row LEDs, and custom pendant lights.","_seopress_robots_index":""},"pcb-width":[231],"product-cat":[234],"class_list":{"0":"post-42183","1":"product","2":"type-product","3":"status-publish","4":"has-post-thumbnail","6":"pcb-width-25-35mm","7":"product-cat-round-tube-profile"},"acf":[],"_links":{"self":[{"href":"https:\/\/tangooled.com\/pt\/wp-json\/wp\/v2\/product\/42183","targetHints":{"allow":["GET"]}}],"collection":[{"href":"https:\/\/tangooled.com\/pt\/wp-json\/wp\/v2\/product"}],"about":[{"href":"https:\/\/tangooled.com\/pt\/wp-json\/wp\/v2\/types\/product"}],"wp:featuredmedia":[{"embeddable":true,"href":"https:\/\/tangooled.com\/pt\/wp-json\/wp\/v2\/media\/13393"}],"wp:attachment":[{"href":"https:\/\/tangooled.com\/pt\/wp-json\/wp\/v2\/media?parent=42183"}],"wp:term":[{"taxonomy":"pcb-width","embeddable":true,"href":"https:\/\/tangooled.com\/pt\/wp-json\/wp\/v2\/pcb-width?post=42183"},{"taxonomy":"product-cat","embeddable":true,"href":"https:\/\/tangooled.com\/pt\/wp-json\/wp\/v2\/product-cat?post=42183"}],"curies":[{"name":"wp","href":"https:\/\/api.w.org\/{rel}","templated":true}]}}