{"id":42181,"date":"2025-12-17T01:45:22","date_gmt":"2025-12-17T09:45:22","guid":{"rendered":"https:\/\/tangooled.com\/?post_type=product&#038;p=42181"},"modified":"2026-02-02T02:09:50","modified_gmt":"2026-02-02T10:09:50","slug":"round-black-aluminum-led-channel-dia-60mm-diffuser-rsg60","status":"publish","type":"product","link":"https:\/\/tangooled.com\/pt\/product\/round-black-aluminum-led-channel-dia-60mm-diffuser-rsg60\/","title":{"rendered":"Canal de LED em Alum\u00ednio Preto Redondo com Difusor de 60mm de Di\u00e2metro"},"content":{"rendered":"<div class=\"wp-block-group is-vertical is-layout-flex wp-container-core-group-is-layout-d255d7c4 wp-block-group-is-layout-flex\" style=\"padding-top:var(--wp--preset--spacing--80);padding-bottom:var(--wp--preset--spacing--80)\">\n<p>Nosso canal de alum\u00ednio preto com um difusor de 60mm \u00e9 projetado para fornecer uma luz clara e sem pontos, e \u00e9 f\u00e1cil de pendurar. Este equipamento de alta qualidade possui uma base de alum\u00ednio e uma largura interna de 23,6mm, ideal para fitas de LED mais largas. O difusor amplo e curvado cobre uma grande \u00e1rea e dispersa a luz em cerca de 270 graus. Este design mant\u00e9m a fita de LED rigidamente no lugar e emite uma luz brilhante, uniforme e sem pontos.<\/p>\n\n\n\n<p>This 60mm diffuser round black aluminum channel is perfect for general illumination in large spaces like retail stores, airport lounges, or modern schools that need bright, trendy lighting. It&#8217;s also great for architectural lighting and statement pendant fixtures. You can use it at home, at work, or in a business.<\/p>\n<\/div>\n\n\n\n<div class=\"wp-block-group has-background is-vertical is-layout-flex wp-container-core-group-is-layout-d255d7c4 wp-block-group-is-layout-flex\" style=\"background-color:#f1f1f1;padding-top:var(--wp--preset--spacing--80);padding-bottom:var(--wp--preset--spacing--80)\">\n<div class=\"wp-block-group is-vertical is-layout-flex wp-container-core-group-is-layout-8cf370e7 wp-block-group-is-layout-flex\">\n<h2 class=\"wp-block-heading\" style=\"padding-top:var(--wp--preset--spacing--40);padding-bottom:var(--wp--preset--spacing--40);font-size:25px;font-style:normal;font-weight:600;text-transform:capitalize\">Por que Escolher Este Canal de LED em Alum\u00ednio Preto Redondo?<\/h2>\n\n\n\n<ul class=\"wp-block-list\">\n<li>O alum\u00ednio anodizado 6063-T5 \u00e9 robusto e mant\u00e9m seus LEDs seguros e frios.<\/li>\n\n\n\n<li>A largura interna de 23mm \u00e9 grande o suficiente para fitas LED de duas fileiras, fitas largas, e at\u00e9 fitas Philips Hue.<\/li>\n\n\n\n<li>O difusor opalino de policarbonato liso cria uma luz brilhante e sem pontos.<\/li>\n\n\n\n<li>Leve, mas resistente, com um acabamento matte preto elegante para design e funcionalidade.<\/li>\n\n\n\n<li>Inclui um kit completo de suspens\u00e3o com fios e tampas de extremidade.<\/li>\n<\/ul>\n<\/div>\n<\/div>\n\n\n\n<div class=\"wp-block-group\" style=\"padding-top:var(--wp--preset--spacing--80);padding-bottom:var(--wp--preset--spacing--80)\"><div class=\"wp-block-group__inner-container is-layout-constrained wp-block-group-is-layout-constrained\">\n<div class=\"wp-block-media-text has-media-on-the-right is-stacked-on-mobile\" style=\"grid-template-columns:auto 40%\"><div class=\"wp-block-media-text__content\">\n<h2 class=\"wp-block-heading\" style=\"padding-top:var(--wp--preset--spacing--40);padding-bottom:var(--wp--preset--spacing--40);font-size:25px;font-style:normal;font-weight:600;text-transform:capitalize\">Onde Usar Este Canal de Alum\u00ednio Preto com Difusor de 60mm de Di\u00e2metro?<\/h2>\n\n\n\n<p>Nosso canal de LED suspenso circular em alum\u00ednio preto \u00e9 estiloso e vers\u00e1til para muitos locais:<\/p>\n\n\n\n<ul class=\"wp-block-list\">\n<li>Pendentes de Ilha de Cozinha: Uma maneira estilosa de iluminar suas tarefas sem pontos.<\/li>\n\n\n\n<li>Escrit\u00f3rios e salas de confer\u00eancia: Ilumina\u00e7\u00e3o linear que \u00e9 clara e limpa para ajud\u00e1-lo a ser produtivo.<\/li>\n\n\n\n<li>Retail stores and showrooms: Use architectural lighting to get people&#8217;s attention.<\/li>\n\n\n\n<li>Salas de estar e salas de jantar: Lumin\u00e1rias pendentes que atraem o olhar.<\/li>\n\n\n\n<li>Bibliotecas e Lobby: Ilumina\u00e7\u00e3o moderna pendente que se adapta a qualquer local com teto alto.<\/li>\n<\/ul>\n<\/div><figure class=\"wp-block-media-text__media\"><img loading=\"lazy\" decoding=\"async\" width=\"500\" height=\"500\" src=\"https:\/\/tangooled.com\/wp-content\/uploads\/2025\/12\/rsg60-ins.webp\" alt=\"round black aluminum led hanging channel with dia 60mm diffuser inner width 23mm\" class=\"wp-image-42365 size-full\" srcset=\"https:\/\/tangooled.com\/wp-content\/uploads\/2025\/12\/rsg60-ins.webp 500w, https:\/\/tangooled.com\/wp-content\/uploads\/2025\/12\/rsg60-ins-300x300.webp 300w, https:\/\/tangooled.com\/wp-content\/uploads\/2025\/12\/rsg60-ins-150x150.webp 150w\" sizes=\"auto, (max-width: 500px) 100vw, 500px\" \/><\/figure><\/div>\n<\/div><\/div>\n\n\n\n<div class=\"wp-block-group has-background is-vertical is-layout-flex wp-container-core-group-is-layout-b429018a wp-block-group-is-layout-flex\" style=\"background-color:#f1f1f1f2;padding-top:var(--wp--preset--spacing--70);padding-bottom:var(--wp--preset--spacing--70)\">\n<h2 class=\"wp-block-heading\" style=\"padding-top:var(--wp--preset--spacing--40);padding-bottom:var(--wp--preset--spacing--40);font-size:25px;font-style:normal;font-weight:600;text-transform:capitalize\">What\u2019s Included in Your Kit?<\/h2>\n\n\n\n<ul class=\"wp-block-list\">\n<li>Um canal suspenso redondo em alum\u00ednio preto<\/li>\n\n\n\n<li>1x Tampa difusora opalina (Montagem por encaixe)<\/li>\n\n\n\n<li>2 tampas de extremidade pretas<\/li>\n\n\n\n<li>1x Kit de suspens\u00e3o (fios de a\u00e7o de 2m com suportes para o teto)<\/li>\n<\/ul>\n<\/div>\n\n\n\n<div class=\"wp-block-group is-vertical is-layout-flex wp-container-core-group-is-layout-d255d7c4 wp-block-group-is-layout-flex\" style=\"padding-top:var(--wp--preset--spacing--80);padding-bottom:var(--wp--preset--spacing--80)\">\n<h2 class=\"wp-block-heading\" style=\"padding-top:var(--wp--preset--spacing--40);padding-bottom:var(--wp--preset--spacing--40);font-size:25px;font-style:normal;font-weight:600;text-transform:capitalize\">Compatibilidade com Fitas de LED<\/h2>\n\n\n\n<p>A largura interna de 23mm deste canal se adapta a:<\/p>\n\n\n\n<ul class=\"wp-block-list\">\n<li>Fitas de LED padr\u00e3o e largas<\/li>\n\n\n\n<li>Fitas de LED de duas fileiras<\/li>\n\n\n\n<li>Fitas de LED de alta densidade (120+ LED\/m)<\/li>\n\n\n\n<li>Fitas LED COB e RGBW que emitem luz suave e brilhante.<\/li>\n<\/ul>\n<\/div>\n\n\n\n<div class=\"wp-block-group has-background\" style=\"background-color:#f1f1f1;padding-top:var(--wp--preset--spacing--80);padding-bottom:var(--wp--preset--spacing--80)\"><div class=\"wp-block-group__inner-container is-layout-constrained wp-block-group-is-layout-constrained\">\n<h2 class=\"wp-block-heading\" style=\"padding-top:var(--wp--preset--spacing--40);padding-bottom:var(--wp--preset--spacing--40);font-size:25px;font-style:normal;font-weight:600;text-transform:capitalize\">Produtos Relacionados Que Voc\u00ea Pode Gostar<\/h2>\n\n\n\n<ul class=\"wp-block-list\">\n<li><a href=\"https:\/\/tangooled.com\/pt\/product\/black-led-profile-with-black-diffuser-for-10mm-led-strip-light\/\"><mark style=\"background-color:rgba(0, 0, 0, 0)\" class=\"has-inline-color has-vivid-red-color\">Perfil LED preto com difusor preto para fita LED de 10mm<\/mark><\/a><\/li>\n\n\n\n<li><a href=\"https:\/\/tangooled.com\/pt\/product\/black-led-diffuser-aluminum-channel-for-12mm-tape-lights\/\"><mark style=\"background-color:rgba(0, 0, 0, 0)\" class=\"has-inline-color has-vivid-red-color\">Canal de alum\u00ednio com difusor LED preto para luzes de fita de 12mm<\/mark><\/a><\/li>\n\n\n\n<li><a href=\"https:\/\/tangooled.com\/pt\/product\/surface-mount-led-profile-with-frosted-diffuser-for-10mm-rope-lights\/\"><mark style=\"background-color:rgba(0, 0, 0, 0)\" class=\"has-inline-color has-vivid-red-color\">Perfil LED de montagem de superf\u00edcie com difusor fosco para luzes de cord\u00e3o de 10mm<\/mark><\/a><\/li>\n\n\n\n<li><a href=\"https:\/\/tangooled.com\/pt\/product\/25x14m-surface-mounted-led-light-aluminum-profile\/\"><mark style=\"background-color:rgba(0, 0, 0, 0)\" class=\"has-inline-color has-vivid-red-color\">Perfil de alum\u00ednio para luz LED montado na superf\u00edcie de 25x14mm<\/mark><\/a><\/li>\n\n\n\n<li><a href=\"https:\/\/tangooled.com\/pt\/product\/led-strip-light-channel-aluminum-profile-with-diffused-cover-6mm-height\/\"><mark style=\"background-color:rgba(0, 0, 0, 0)\" class=\"has-inline-color has-vivid-red-color\">Canal de luz LED de alum\u00ednio com cobertura difusa, altura de 6 mm<\/mark><\/a><\/li>\n<\/ul>\n<\/div><\/div>\n\n\n\n<div class=\"wp-block-group\" style=\"padding-top:var(--wp--preset--spacing--80);padding-bottom:var(--wp--preset--spacing--80)\"><div class=\"wp-block-group__inner-container is-layout-constrained wp-block-group-is-layout-constrained\">\n<h2 class=\"wp-block-heading\" style=\"padding-top:var(--wp--preset--spacing--40);padding-bottom:var(--wp--preset--spacing--40);font-size:25px;font-style:normal;font-weight:600;text-transform:capitalize\">resumo<\/h2>\n\n\n\n<p>Este canal de alum\u00ednio preto com um difusor de 60mm \u00e9 \u00f3timo para quem precisa de um inv\u00f3lucro LED redondo que seja dur\u00e1vel, estiloso e \u00fatil para seus projetos de ilumina\u00e7\u00e3o. Ele possui uma largura interna ampla que permite o uso de diferentes LEDs, permite uma melhor dissipa\u00e7\u00e3o de calor e vem com um kit de suspens\u00e3o que facilita a instala\u00e7\u00e3o. Use-o para criar ilumina\u00e7\u00e3o linear para edif\u00edcios, pendentes ou para melhorar o design de ilumina\u00e7\u00e3o em sua casa ou neg\u00f3cios.<\/p>\n<\/div><\/div>\n\n\n\n<p><\/p>","protected":false},"featured_media":34031,"template":"","meta":{"_acf_changed":true,"_seopress_robots_primary_cat":"none","_seopress_titles_title":"Black Aluminum Dia 60mm Diffuser Round LED Profile RSG60 | TANGOOLED","_seopress_titles_desc":"The RSG60 is a sleek black aluminum channel featuring a bold dia 60mm diffuser. Optimized for 23mm inner width strips, it\u2019s the perfect body for modern suspended linear lighting.","_seopress_robots_index":""},"pcb-width":[229],"product-cat":[234],"class_list":{"0":"post-42181","1":"product","2":"type-product","3":"status-publish","4":"has-post-thumbnail","6":"pcb-width-15-20mm","7":"product-cat-round-tube-profile"},"acf":[],"_links":{"self":[{"href":"https:\/\/tangooled.com\/pt\/wp-json\/wp\/v2\/product\/42181","targetHints":{"allow":["GET"]}}],"collection":[{"href":"https:\/\/tangooled.com\/pt\/wp-json\/wp\/v2\/product"}],"about":[{"href":"https:\/\/tangooled.com\/pt\/wp-json\/wp\/v2\/types\/product"}],"wp:featuredmedia":[{"embeddable":true,"href":"https:\/\/tangooled.com\/pt\/wp-json\/wp\/v2\/media\/34031"}],"wp:attachment":[{"href":"https:\/\/tangooled.com\/pt\/wp-json\/wp\/v2\/media?parent=42181"}],"wp:term":[{"taxonomy":"pcb-width","embeddable":true,"href":"https:\/\/tangooled.com\/pt\/wp-json\/wp\/v2\/pcb-width?post=42181"},{"taxonomy":"product-cat","embeddable":true,"href":"https:\/\/tangooled.com\/pt\/wp-json\/wp\/v2\/product-cat?post=42181"}],"curies":[{"name":"wp","href":"https:\/\/api.w.org\/{rel}","templated":true}]}}