{"id":42179,"date":"2025-12-17T01:38:18","date_gmt":"2025-12-17T09:38:18","guid":{"rendered":"https:\/\/tangooled.com\/?post_type=product&#038;p=42179"},"modified":"2026-02-02T02:10:42","modified_gmt":"2026-02-02T10:10:42","slug":"60mm-round-led-aluminum-housing-large-diameter-rs60","status":"publish","type":"product","link":"https:\/\/tangooled.com\/pt\/product\/60mm-round-led-aluminum-housing-large-diameter-rs60\/","title":{"rendered":"Habita\u00e7\u00e3o de Alum\u00ednio Redonda LED de 60mm para Suspens\u00e3o em Grande Escala"},"content":{"rendered":"<div class=\"wp-block-group is-vertical is-layout-flex wp-container-core-group-is-layout-d255d7c4 wp-block-group-is-layout-flex\" style=\"padding-top:var(--wp--preset--spacing--80);padding-bottom:var(--wp--preset--spacing--80)\">\n<p>A habita\u00e7\u00e3o de alum\u00ednio redonda LED de 60mm para suspens\u00e3o \u00e9 um robusto dispositivo de ilumina\u00e7\u00e3o circular composto por um canal de alum\u00ednio e um difusor de luz em PC. Com kits de suspens\u00e3o, este perfil pode ser lindamente pendurado no teto.<\/p>\n\n\n\n<p>O difusor curvo de LED \u00e9 a parte mais importante. Ele cobre muito da circunfer\u00eancia e emite luz em um \u00e2ngulo de aproximadamente 270 graus. O design mant\u00e9m a fita de LED no lugar e proporciona luz brilhante e uniforme sem pontos.<\/p>\n\n\n\n<p>Seu grande tamanho e design redondo fazem dele uma escolha perfeita para ilumina\u00e7\u00e3o principal ou decorativa em grandes espa\u00e7os modernos. Ele fica maravilhoso em sagu\u00f5es com tetos altos, enormes escrit\u00f3rios, lojas e projetos arquitet\u00f4nicos que necessidades de um design linear flutuante \u00fanico.<\/p>\n<\/div>\n\n\n\n<div class=\"wp-block-group has-background is-vertical is-layout-flex wp-container-core-group-is-layout-d255d7c4 wp-block-group-is-layout-flex\" style=\"background-color:#f1f1f1;padding-top:var(--wp--preset--spacing--80);padding-bottom:var(--wp--preset--spacing--80)\">\n<div class=\"wp-block-group is-vertical is-layout-flex wp-container-core-group-is-layout-8cf370e7 wp-block-group-is-layout-flex\">\n<h2 class=\"wp-block-heading\" style=\"padding-top:var(--wp--preset--spacing--40);padding-bottom:var(--wp--preset--spacing--40);font-size:25px;font-style:normal;font-weight:600;text-transform:capitalize\">Principais Caracter\u00edsticas da Habita\u00e7\u00e3o de Alum\u00ednio Redonda LED de 60mm<\/h2>\n\n\n\n<ul class=\"wp-block-list\">\n<li>O alum\u00ednio 6063-T5 \u00e9 robusto e mant\u00e9m sua luz LED segura e fria.<\/li>\n\n\n\n<li>A largura m\u00e1xima de uma fita LED pode ser de 20mm, que funciona tanto para tiras simples quanto duplas.<\/li>\n\n\n\n<li>A luz \u00e9 mais suave porque tem uma superf\u00edcie de policarbonato opalino.<\/li>\n\n\n\n<li>O conjunto de suspens\u00e3o inclui grampas de lat\u00e3o e fio de a\u00e7o.<\/li>\n\n\n\n<li>Voc\u00ea pode controlar a luz com drivers LED dimm\u00e1veis como DALI ou 0-10V.<\/li>\n\n\n\n<li>Possui tampas de extremidade e conex\u00f5es de unidor de perfil que facilitam a montagem.<\/li>\n<\/ul>\n<\/div>\n<\/div>\n\n\n\n<div class=\"wp-block-group\" style=\"padding-top:var(--wp--preset--spacing--80);padding-bottom:var(--wp--preset--spacing--80)\"><div class=\"wp-block-group__inner-container is-layout-constrained wp-block-group-is-layout-constrained\">\n<div class=\"wp-block-media-text has-media-on-the-right is-stacked-on-mobile\" style=\"grid-template-columns:auto 40%\"><div class=\"wp-block-media-text__content\">\n<h2 class=\"wp-block-heading\" style=\"padding-top:var(--wp--preset--spacing--40);padding-bottom:var(--wp--preset--spacing--40);font-size:25px;font-style:normal;font-weight:600;text-transform:capitalize\">Onde Usar o Perfil LED RS60<\/h2>\n\n\n\n<ul class=\"wp-block-list\">\n<li>Ilumina\u00e7\u00e3o de escrit\u00f3rio: Pendure acima de mesas em escrit\u00f3rios abertos ou salas de reuni\u00f5es.<\/li>\n\n\n\n<li>Ilumina\u00e7\u00e3o para mostru\u00e1rios de varejo: Use luz brilhante e clara para mostrar sua mercadoria.<\/li>\n\n\n\n<li>Um dispositivo de ilumina\u00e7\u00e3o para a sala de confer\u00eancias que adiciona estilo e chama aten\u00e7\u00e3o.<\/li>\n\n\n\n<li>Uma l\u00e2mpada pendente para a \u00e1rea de jantar torna as refei\u00e7\u00f5es mais confort\u00e1veis e elegantes.<\/li>\n<\/ul>\n<\/div><figure class=\"wp-block-media-text__media\"><img loading=\"lazy\" decoding=\"async\" width=\"500\" height=\"500\" src=\"https:\/\/tangooled.com\/wp-content\/uploads\/2025\/12\/rs60-ins.webp\" alt=\"60mm round led aluminum profile for suspension\" class=\"wp-image-42362 size-full\" srcset=\"https:\/\/tangooled.com\/wp-content\/uploads\/2025\/12\/rs60-ins.webp 500w, https:\/\/tangooled.com\/wp-content\/uploads\/2025\/12\/rs60-ins-300x300.webp 300w, https:\/\/tangooled.com\/wp-content\/uploads\/2025\/12\/rs60-ins-150x150.webp 150w\" sizes=\"auto, (max-width: 500px) 100vw, 500px\" \/><\/figure><\/div>\n<\/div><\/div>\n\n\n\n<div class=\"wp-block-group has-background\" style=\"background-color:#f1f1f1f2;padding-top:var(--wp--preset--spacing--80);padding-bottom:var(--wp--preset--spacing--80)\"><div class=\"wp-block-group__inner-container is-layout-constrained wp-block-group-is-layout-constrained\">\n<h2 class=\"wp-block-heading\" style=\"padding-top:var(--wp--preset--spacing--40);padding-bottom:var(--wp--preset--spacing--40);font-size:25px;font-style:normal;font-weight:600\">O que voc\u00ea ganha com o TG-RS60?<\/h2>\n\n\n\n<ul class=\"wp-block-list\">\n<li>Perfil de alum\u00ednio na acabamento de sua escolha: prata, preto ou branco.<\/li>\n\n\n\n<li>Um difusor opalino que se encaixa para luz suave e est\u00e1vel.<\/li>\n\n\n\n<li>Kits de suspens\u00e3o com fios de a\u00e7o ajust\u00e1veis e grampas que facilitam a instala\u00e7\u00e3o.<\/li>\n\n\n\n<li>Tampas de extremidade para acabamentos limpos e finalizados.<\/li>\n<\/ul>\n<\/div><\/div>\n\n\n\n<div class=\"wp-block-group is-vertical is-layout-flex wp-container-core-group-is-layout-d255d7c4 wp-block-group-is-layout-flex\" style=\"padding-top:var(--wp--preset--spacing--80);padding-bottom:var(--wp--preset--spacing--80)\">\n<h2 class=\"wp-block-heading\" style=\"padding-top:var(--wp--preset--spacing--40);padding-bottom:var(--wp--preset--spacing--40);font-size:25px;font-style:normal;font-weight:600;text-transform:capitalize\">Resumo<\/h2>\n\n\n\n<p>A melhor maneira de pendurar lindas lumin\u00e1rias pendentes \u00e9 usando a habita\u00e7\u00e3o de alum\u00ednio redonda LED de 60mm TG-RS60. \u00c9 composta de alum\u00ednio forte, possui um difusor liso sem pontos e pode ser utilizada em muitos lugares, como cozinhas e escrit\u00f3rios. Utilize-a com fitas LED de alta qualidade, drivers dimm\u00e1veis e sistemas de controle de ilumina\u00e7\u00e3o inteligente para obter ilumina\u00e7\u00e3o brilhante, eficiente e bonita.<\/p>\n<\/div>\n\n\n\n<p><\/p>","protected":false},"featured_media":13383,"template":"","meta":{"_acf_changed":true,"_seopress_robots_primary_cat":"none","_seopress_titles_title":"60mm Round LED Aluminum Housing RS60 | TANGOOLED","_seopress_titles_desc":"The RS60 is a heavy-duty 60mm round led aluminum housing with an opal light diffuser for suspension use.","_seopress_robots_index":""},"pcb-width":[229],"product-cat":[234],"class_list":{"0":"post-42179","1":"product","2":"type-product","3":"status-publish","4":"has-post-thumbnail","6":"pcb-width-15-20mm","7":"product-cat-round-tube-profile"},"acf":[],"_links":{"self":[{"href":"https:\/\/tangooled.com\/pt\/wp-json\/wp\/v2\/product\/42179","targetHints":{"allow":["GET"]}}],"collection":[{"href":"https:\/\/tangooled.com\/pt\/wp-json\/wp\/v2\/product"}],"about":[{"href":"https:\/\/tangooled.com\/pt\/wp-json\/wp\/v2\/types\/product"}],"wp:featuredmedia":[{"embeddable":true,"href":"https:\/\/tangooled.com\/pt\/wp-json\/wp\/v2\/media\/13383"}],"wp:attachment":[{"href":"https:\/\/tangooled.com\/pt\/wp-json\/wp\/v2\/media?parent=42179"}],"wp:term":[{"taxonomy":"pcb-width","embeddable":true,"href":"https:\/\/tangooled.com\/pt\/wp-json\/wp\/v2\/pcb-width?post=42179"},{"taxonomy":"product-cat","embeddable":true,"href":"https:\/\/tangooled.com\/pt\/wp-json\/wp\/v2\/product-cat?post=42179"}],"curies":[{"name":"wp","href":"https:\/\/api.w.org\/{rel}","templated":true}]}}