{"id":42177,"date":"2025-12-17T01:34:22","date_gmt":"2025-12-17T09:34:22","guid":{"rendered":"https:\/\/tangooled.com\/?post_type=product&#038;p=42177"},"modified":"2026-02-02T02:11:03","modified_gmt":"2026-02-02T10:11:03","slug":"d50-linear-round-ceiling-light-led-profile-for-pendant","status":"publish","type":"product","link":"https:\/\/tangooled.com\/pt\/product\/d50-linear-round-ceiling-light-led-profile-for-pendant\/","title":{"rendered":"Perfil de Luz de Teto Redondo Linear D50 LED para Pendente"},"content":{"rendered":"<div class=\"wp-block-group is-vertical is-layout-flex wp-container-core-group-is-layout-d255d7c4 wp-block-group-is-layout-flex\" style=\"padding-top:var(--wp--preset--spacing--80);padding-bottom:var(--wp--preset--spacing--80)\">\n<p>Este perfil de luz redondo linear d50 \u00e9 uma nova abordagem para iluminar ambientes. Foi criado apenas para ser pendurado no teto. A parte principal \u00e9 um robusto semi-cilindro de alum\u00ednio com um difusor curvo. Isso forma um perfil com um di\u00e2metro de 50 mm.<\/p>\n\n\n\n<p>O grande difusor LED curvo que cobre quase toda a metade inferior do perfil \u00e9 o que o destaca. Este design faz o melhor uso da superf\u00edcie emissora de luz, garantindo que a luz se espalhe de maneira uniforme e ampla, com ampla difus\u00e3o. A estrutura interna segura a fita LED (que tem uma largura de montagem de cerca de 20,2 mm) e os fios associados.<\/p>\n\n\n\n<p>Este perfil \u00e9 ideal para grandes sagu\u00f5es comerciais, escadarias, restaurantes com tetos altos e espa\u00e7os de exibi\u00e7\u00e3o de varejo que requerem uma luz pendente limpa, ousada e moderna.<\/p>\n<\/div>\n\n\n\n<div class=\"wp-block-group has-background is-vertical is-layout-flex wp-container-core-group-is-layout-d255d7c4 wp-block-group-is-layout-flex\" style=\"background-color:#f1f1f1;padding-top:var(--wp--preset--spacing--80);padding-bottom:var(--wp--preset--spacing--80)\">\n<div class=\"wp-block-group is-vertical is-layout-flex wp-container-core-group-is-layout-8cf370e7 wp-block-group-is-layout-flex\">\n<h2 class=\"wp-block-heading\" style=\"padding-top:var(--wp--preset--spacing--40);padding-bottom:var(--wp--preset--spacing--40);font-size:25px;font-style:normal;font-weight:600;text-transform:capitalize\">O que torna o Perfil de Luz Redondo Linear D50 uma boa escolha?<\/h2>\n\n\n\n<ul class=\"wp-block-list\">\n<li>O corpo de alum\u00ednio \u00e9 resistente e dura muito tempo. Ele tamb\u00e9m mant\u00e9m os LEDs frios.<\/li>\n\n\n\n<li>The ring&#8217;s 50mm diameter makes it great for modern and minimalist lighting.<\/li>\n\n\n\n<li>Vem com um difusor opalino em PC que permite que muita luz passe para se espalhar uniformemente.<\/li>\n\n\n\n<li>Vem com um sistema de suspens\u00e3o para pendente que possui fios ajust\u00e1veis para facilitar a instala\u00e7\u00e3o.<\/li>\n\n\n\n<li>Suporta muitas fitas LED que t\u00eam at\u00e9 20 mm de largura.<\/li>\n\n\n\n<li>Funciona com sistemas de dimmer DALI e 0-10V para ilumina\u00e7\u00e3o profissional.<\/li>\n<\/ul>\n<\/div>\n<\/div>\n\n\n\n<div class=\"wp-block-group\" style=\"padding-top:var(--wp--preset--spacing--80);padding-bottom:var(--wp--preset--spacing--80)\"><div class=\"wp-block-group__inner-container is-layout-constrained wp-block-group-is-layout-constrained\">\n<div class=\"wp-block-media-text has-media-on-the-right is-stacked-on-mobile\" style=\"grid-template-columns:auto 40%\"><div class=\"wp-block-media-text__content\">\n<h2 class=\"wp-block-heading\" style=\"padding-top:var(--wp--preset--spacing--40);padding-bottom:var(--wp--preset--spacing--40);font-size:25px;font-style:normal;font-weight:600;text-transform:capitalize\">O Perfil de Luz Redondo Linear D50 funciona bem em muitos ambientes:<\/h2>\n\n\n\n<ul class=\"wp-block-list\">\n<li>Escrit\u00f3rios e salas de confer\u00eancia: luzes pendentes modernas para iluminar espa\u00e7os de trabalho.<\/li>\n\n\n\n<li>Bares e restaurantes: fa\u00e7a a ilumina\u00e7\u00e3o ser calma e agrad\u00e1vel para que as pessoas possam comer e relaxar.<\/li>\n\n\n\n<li>Casas: pendure acima de mesas de jantar ou em entradas para criar um lindo anel de luz.<\/li>\n\n\n\n<li>Lojas de Varejo e Showrooms: use ilumina\u00e7\u00e3o elegante e atraente para destacar os produtos.<\/li>\n\n\n\n<li>Hot\u00e9is e sagu\u00f5es: an\u00e9is iluminados proporcionam um toque classudo e acolhedor.<\/li>\n<\/ul>\n<\/div><figure class=\"wp-block-media-text__media\"><img loading=\"lazy\" decoding=\"async\" width=\"500\" height=\"500\" src=\"https:\/\/tangooled.com\/wp-content\/uploads\/2025\/12\/rs50-ins.webp\" alt=\"d50 linear round ceiling light led profile for pendant\" class=\"wp-image-42359 size-full\" srcset=\"https:\/\/tangooled.com\/wp-content\/uploads\/2025\/12\/rs50-ins.webp 500w, https:\/\/tangooled.com\/wp-content\/uploads\/2025\/12\/rs50-ins-300x300.webp 300w, https:\/\/tangooled.com\/wp-content\/uploads\/2025\/12\/rs50-ins-150x150.webp 150w\" sizes=\"auto, (max-width: 500px) 100vw, 500px\" \/><\/figure><\/div>\n<\/div><\/div>\n\n\n\n<div class=\"wp-block-group has-background\" style=\"background-color:#f1f1f1f2;padding-top:var(--wp--preset--spacing--80);padding-bottom:var(--wp--preset--spacing--80)\"><div class=\"wp-block-group__inner-container is-layout-constrained wp-block-group-is-layout-constrained\">\n<h2 class=\"wp-block-heading\" style=\"padding-top:var(--wp--preset--spacing--40);padding-bottom:var(--wp--preset--spacing--40);font-size:25px;font-style:normal;font-weight:600\">Como o Perfil D50 se Destaca<\/h2>\n\n\n\n<ul class=\"wp-block-list\">\n<li>Luz suave e uniforme: o filtro opalino elimina ofuscamento e pontos de luz LED brilhantes.<\/li>\n\n\n\n<li>Refrigera\u00e7\u00e3o forte: o corpo de alum\u00ednio mant\u00e9m os LEDs frios, fazendo com que durem mais.<\/li>\n\n\n\n<li>F\u00e1cil de montar: o kit de suspens\u00e3o vem com tudo o que voc\u00ea precisa para pendur\u00e1-lo.<\/li>\n\n\n\n<li>Funciona com uma variedade de fitas LED: escolha a cor e o brilho que melhor se encaixam no seu design.<\/li>\n<\/ul>\n<\/div><\/div>\n\n\n\n<div class=\"wp-block-group\" style=\"padding-top:var(--wp--preset--spacing--80);padding-bottom:var(--wp--preset--spacing--80)\"><div class=\"wp-block-group__inner-container is-layout-constrained wp-block-group-is-layout-constrained\">\n<h2 class=\"wp-block-heading\" style=\"padding-top:var(--wp--preset--spacing--40);padding-bottom:var(--wp--preset--spacing--40);font-size:25px;font-style:normal;font-weight:600;text-transform:capitalize\">O que voc\u00ea recebe em um kit<\/h2>\n\n\n\n<ul class=\"wp-block-list\">\n<li>1 Perfil de alum\u00ednio anodizado<\/li>\n\n\n\n<li>1 difusor opalino em PC para encaixe<\/li>\n\n\n\n<li>Cabos de suspens\u00e3o em a\u00e7o que podem ser trocados<\/li>\n\n\n\n<li>Dois tamp\u00f5es de extremidade<\/li>\n<\/ul>\n<\/div><\/div>\n\n\n\n<div class=\"wp-block-group has-background\" style=\"background-color:#f1f1f1;padding-top:var(--wp--preset--spacing--80);padding-bottom:var(--wp--preset--spacing--80)\"><div class=\"wp-block-group__inner-container is-layout-constrained wp-block-group-is-layout-constrained\">\n<h2 class=\"wp-block-heading\" style=\"padding-top:var(--wp--preset--spacing--40);padding-bottom:var(--wp--preset--spacing--40);font-size:25px;font-style:normal;font-weight:600;text-transform:capitalize\">Produtos Relacionados<\/h2>\n\n\n\n<ul class=\"wp-block-list\">\n<li>Vers\u00f5es que instaladas na superf\u00edcie, como o<mark style=\"background-color:rgba(0, 0, 0, 0)\" class=\"has-inline-color has-vivid-red-color\"> <a href=\"https:\/\/tangooled.com\/pt\/product\/surface-mount-led-profile-with-frosted-diffuser-for-10mm-rope-lights\/\">Perfil LED de Montagem Superficial com Difusor Fosco para Luzes de Cord\u00e3o de 10mm<\/a><\/mark><\/li>\n\n\n\n<li>Perfis para fitas de LED menores, como o <a href=\"https:\/\/tangooled.com\/pt\/product\/black-aluminum-u-channel-profile-for-10mm-led-strips\/\"><mark style=\"background-color:rgba(0, 0, 0, 0)\" class=\"has-inline-color has-vivid-red-color\">Perfil em U de Alum\u00ednio Preto para Fitas LED de 10mm<\/mark><\/a><\/li>\n\n\n\n<li>Perfis LED lineares com difusores especiais, como o <a href=\"https:\/\/tangooled.com\/pt\/product\/aluminum-profile-with-60-degree-lens-led-diffuser\/\"><mark style=\"background-color:rgba(0, 0, 0, 0)\" class=\"has-inline-color has-vivid-red-color\">Perfil de Alum\u00ednio com Difusor LED de Lente de 60 Graus<\/mark><\/a><\/li>\n<\/ul>\n<\/div><\/div>\n\n\n\n<div class=\"wp-block-group\" style=\"padding-top:var(--wp--preset--spacing--80);padding-bottom:var(--wp--preset--spacing--80)\"><div class=\"wp-block-group__inner-container is-layout-constrained wp-block-group-is-layout-constrained\">\n<h2 class=\"wp-block-heading\" style=\"padding-top:var(--wp--preset--spacing--40);padding-bottom:var(--wp--preset--spacing--40);font-size:25px;font-style:normal;font-weight:600;text-transform:capitalize\">Produtos Relacionados<\/h2>\n\n\n\n<p style=\"padding-right:0;padding-left:0\">O Perfil de Luz Redondo Linear D50 \u00e9 uma maneira elegante, moderna e simples de iluminar um ambiente com um pendente. Funciona bem tanto para necessidades de ilumina\u00e7\u00e3o comerciais quanto residenciais, al\u00e9m de em hot\u00e9is e outras instala\u00e7\u00f5es de hospitalidade. A forma redonda suave, alta emiss\u00e3o de l\u00famens e sistema de suspens\u00e3o ajust\u00e1vel fazem dele uma \u00f3tima escolha para projetos de ilumina\u00e7\u00e3o elegantes.<\/p>\n<\/div><\/div>\n\n\n\n<p><\/p>","protected":false},"featured_media":13370,"template":"","meta":{"_acf_changed":true,"_seopress_robots_primary_cat":"none","_seopress_titles_title":"D50 Linear Round Light Profile RS50 | TANGOOLED","_seopress_titles_desc":"This d50 linear round light profile designed for high-end pendant installations. This 50mm circular aluminum channel offers maximum space for high-output strips.","_seopress_robots_index":""},"pcb-width":[229],"product-cat":[234],"class_list":{"0":"post-42177","1":"product","2":"type-product","3":"status-publish","4":"has-post-thumbnail","6":"pcb-width-15-20mm","7":"product-cat-round-tube-profile"},"acf":[],"_links":{"self":[{"href":"https:\/\/tangooled.com\/pt\/wp-json\/wp\/v2\/product\/42177","targetHints":{"allow":["GET"]}}],"collection":[{"href":"https:\/\/tangooled.com\/pt\/wp-json\/wp\/v2\/product"}],"about":[{"href":"https:\/\/tangooled.com\/pt\/wp-json\/wp\/v2\/types\/product"}],"wp:featuredmedia":[{"embeddable":true,"href":"https:\/\/tangooled.com\/pt\/wp-json\/wp\/v2\/media\/13370"}],"wp:attachment":[{"href":"https:\/\/tangooled.com\/pt\/wp-json\/wp\/v2\/media?parent=42177"}],"wp:term":[{"taxonomy":"pcb-width","embeddable":true,"href":"https:\/\/tangooled.com\/pt\/wp-json\/wp\/v2\/pcb-width?post=42177"},{"taxonomy":"product-cat","embeddable":true,"href":"https:\/\/tangooled.com\/pt\/wp-json\/wp\/v2\/product-cat?post=42177"}],"curies":[{"name":"wp","href":"https:\/\/api.w.org\/{rel}","templated":true}]}}