{"id":42175,"date":"2025-12-17T01:30:12","date_gmt":"2025-12-17T09:30:12","guid":{"rendered":"https:\/\/tangooled.com\/?post_type=product&#038;p=42175"},"modified":"2026-02-02T02:11:52","modified_gmt":"2026-02-02T10:11:52","slug":"40mm-round-led-aluminum-profile-30mm-inner-rs40","status":"publish","type":"product","link":"https:\/\/tangooled.com\/pt\/product\/40mm-round-led-aluminum-profile-30mm-inner-rs40\/","title":{"rendered":"Perfil LED Redondo de Di\u00e2metro 40mm com Largura Interna de 30mm"},"content":{"rendered":"<div class=\"wp-block-group is-vertical is-layout-flex wp-container-core-group-is-layout-d255d7c4 wp-block-group-is-layout-flex\" style=\"padding-top:var(--wp--preset--spacing--80);padding-bottom:var(--wp--preset--spacing--80)\">\n<p>Este perfil de alum\u00ednio LED redondo de 40 mm \u00e9 feito especialmente para ilumina\u00e7\u00e3o pendente. O perfil possui uma estrutura robusta de alum\u00ednio que tem 40 mm de largura do lado de fora e 30,7 mm de largura do lado de dentro para a fita LED.<\/p>\n\n\n\n<p>O espa\u00e7o oco dentro da se\u00e7\u00e3o de ilumina\u00e7\u00e3o curva \u00e9 uma parte importante da estrutura. Funciona muito bem para esconder fios de alimenta\u00e7\u00e3o ou drivers muito finos. A parte inferior tem um difusor de LED curvo que distribui a luz uniformemente por uma ampla \u00e1rea.<\/p>\n\n\n\n<p>Este perfil LED redondo de 40 mm \u00e9 perfeito para ilumina\u00e7\u00e3o ambiental e de tarefas de alta qualidade em uma ampla gama de ambientes modernos, como escrit\u00f3rios corporativos, salas de confer\u00eancia, espa\u00e7os de varejo e galerias. Tamb\u00e9m funciona bem como ilumina\u00e7\u00e3o de destaque acima de ilhas de cozinha ou \u00e1reas de jantar.<\/p>\n<\/div>\n\n\n\n<div class=\"wp-block-group has-background is-vertical is-layout-flex wp-container-core-group-is-layout-d255d7c4 wp-block-group-is-layout-flex\" style=\"background-color:#f1f1f1;padding-top:var(--wp--preset--spacing--80);padding-bottom:var(--wp--preset--spacing--80)\">\n<div class=\"wp-block-group is-vertical is-layout-flex wp-container-core-group-is-layout-8cf370e7 wp-block-group-is-layout-flex\">\n<h2 class=\"wp-block-heading\" style=\"padding-top:var(--wp--preset--spacing--40);padding-bottom:var(--wp--preset--spacing--40);font-size:25px;font-style:normal;font-weight:600;text-transform:capitalize\">Por que voc\u00ea deve escolher nosso perfil de alum\u00ednio LED redondo de 40 mm?<\/h2>\n\n\n\n<ul class=\"wp-block-list\">\n<li>Forte e Leve: Feito de alum\u00ednio 6063-T5, que dispersa bem o calor e tem longa durabilidade.<\/li>\n\n\n\n<li>Compat\u00edvel com fitas LED largas: A largura interna de 30 mm pode acomodar duas linhas de fitas LED ou uma fita larga.<\/li>\n\n\n\n<li>Luz Suave: O difusor fosco que vem com ele torna a luz suave e uniforme, sem manchas.<\/li>\n\n\n\n<li>F\u00e1cil de Usar: O pendente vem com todas as pe\u00e7as que voc\u00ea precisa para anex\u00e1-lo facilmente.<\/li>\n\n\n\n<li>Apar\u00eancia Agrad\u00e1vel: Voc\u00ea pode escolher entre acabamentos anodizados em prata, preto ou branco.<\/li>\n<\/ul>\n<\/div>\n<\/div>\n\n\n\n<div class=\"wp-block-group\" style=\"padding-top:var(--wp--preset--spacing--80);padding-bottom:var(--wp--preset--spacing--80)\"><div class=\"wp-block-group__inner-container is-layout-constrained wp-block-group-is-layout-constrained\">\n<div class=\"wp-block-media-text has-media-on-the-right is-stacked-on-mobile\" style=\"grid-template-columns:auto 40%\"><div class=\"wp-block-media-text__content\">\n<h2 class=\"wp-block-heading\" style=\"padding-top:var(--wp--preset--spacing--40);padding-bottom:var(--wp--preset--spacing--40);font-size:25px;font-style:normal;font-weight:600;text-transform:capitalize\">Compatibilidade de Ilumina\u00e7\u00e3o e Instala\u00e7\u00e3o<\/h2>\n\n\n\n<ul class=\"wp-block-list\">\n<li>Funciona com fitas LED de at\u00e9 30 mm de largura, que s\u00e3o perfeitas para LEDs SMD ou COB de dupla linha.<\/li>\n\n\n\n<li>Funciona perfeitamente com fitas LED que s\u00e3o bastante densas para evitar manchas.<\/li>\n\n\n\n<li>Voc\u00ea pode usar fios pendentes para suspender ou clipes de montagem para anex\u00e1-lo a paredes e tetos.<\/li>\n\n\n\n<li>O difusor suaviza a luz para que ela se espalhe uniformemente pelo seu ambiente, sem pontos.<\/li>\n<\/ul>\n<\/div><figure class=\"wp-block-media-text__media\"><img loading=\"lazy\" decoding=\"async\" width=\"500\" height=\"500\" src=\"https:\/\/tangooled.com\/wp-content\/uploads\/2025\/12\/rs40-ins.webp\" alt=\"diameter 40mm round aluminum profile for led strips with inner width 30mm\" class=\"wp-image-42296 size-full\" srcset=\"https:\/\/tangooled.com\/wp-content\/uploads\/2025\/12\/rs40-ins.webp 500w, https:\/\/tangooled.com\/wp-content\/uploads\/2025\/12\/rs40-ins-300x300.webp 300w, https:\/\/tangooled.com\/wp-content\/uploads\/2025\/12\/rs40-ins-150x150.webp 150w\" sizes=\"auto, (max-width: 500px) 100vw, 500px\" \/><\/figure><\/div>\n<\/div><\/div>\n\n\n\n<div class=\"wp-block-group has-background is-vertical is-layout-flex wp-container-core-group-is-layout-b429018a wp-block-group-is-layout-flex\" style=\"background-color:#f1f1f1f2;padding-top:var(--wp--preset--spacing--70);padding-bottom:var(--wp--preset--spacing--70)\">\n<h2 class=\"wp-block-heading\" style=\"padding-top:var(--wp--preset--spacing--40);padding-bottom:var(--wp--preset--spacing--40);font-size:25px;font-style:normal;font-weight:600;text-transform:capitalize\">Onde Voc\u00ea Pode Usar o Perfil de Alum\u00ednio Redondo de 40 mm<\/h2>\n\n\n\n<p>Este perfil \u00e9 forte e adapt\u00e1vel ao mesmo tempo. Use-o para uma variedade de trabalhos de ilumina\u00e7\u00e3o, como:<\/p>\n\n\n\n<ul class=\"wp-block-list\">\n<li>Ilumina\u00e7\u00e3o para suas ilhas de cozinha, salas de estar e closets para criar a atmosfera e ajud\u00e1-lo a realizar tarefas.<\/li>\n\n\n\n<li>Empresas: escrit\u00f3rios, lojas e restaurantes que s\u00e3o limpos, brilhantes e modernos.<\/li>\n\n\n\n<li>Design: Crie lumin\u00e1rias pendentes que s\u00e3o circulares e se alinham bem.<\/li>\n\n\n\n<li>Use com fitas LED de dupla linha para iluminar gabinetes e prateleiras.<\/li>\n<\/ul>\n<\/div>\n\n\n\n<div class=\"wp-block-group\" style=\"padding-top:var(--wp--preset--spacing--80);padding-bottom:var(--wp--preset--spacing--80)\"><div class=\"wp-block-group__inner-container is-layout-constrained wp-block-group-is-layout-constrained\">\n<h2 class=\"wp-block-heading\" style=\"padding-top:var(--wp--preset--spacing--40);padding-bottom:var(--wp--preset--spacing--40);font-size:25px;font-style:normal;font-weight:600;text-transform:capitalize\">O Que H\u00e1 Dentro da Caixa?<\/h2>\n\n\n\n<ul class=\"wp-block-list\">\n<li>Um perfil de alum\u00ednio circular de 40 mm no comprimento e acabamento que voc\u00ea escolher<\/li>\n\n\n\n<li>Um difusor opalino de LED snap-in<\/li>\n\n\n\n<li>Duas tampas de metal para um visual completo<\/li>\n\n\n\n<li>Dois kits de cabos de suspens\u00e3o para pendurar<\/li>\n<\/ul>\n<\/div><\/div>\n\n\n\n<div class=\"wp-block-group has-background\" style=\"background-color:#f1f1f1;padding-top:var(--wp--preset--spacing--80);padding-bottom:var(--wp--preset--spacing--80)\"><div class=\"wp-block-group__inner-container is-layout-constrained wp-block-group-is-layout-constrained\">\n<h2 class=\"wp-block-heading\" style=\"padding-top:var(--wp--preset--spacing--40);padding-bottom:var(--wp--preset--spacing--40);font-size:25px;font-style:normal;font-weight:600;text-transform:capitalize\">Veja Outros Perfis Que Voc\u00ea Pode Gostar<\/h2>\n\n\n\n<ul class=\"wp-block-list\">\n<li>Verifique o nosso <a href=\"https:\/\/tangooled.com\/pt\/product\/black-led-profile-with-black-diffuser-for-10mm-led-strip-light\/\"><mark style=\"background-color:rgba(0, 0, 0, 0)\" class=\"has-inline-color has-vivid-red-color\">Perfil LED Preto com Difusor Preto para Luz de Fita LED de 10mm<\/mark><\/a> para tiras LED menores.<\/li>\n\n\n\n<li>Ver <a href=\"https:\/\/tangooled.com\/pt\/product\/surface-mount-led-profile-with-frosted-diffuser-for-10mm-rope-lights\/\"><mark style=\"background-color:rgba(0, 0, 0, 0)\" class=\"has-inline-color has-vivid-red-color\">Perfil LED de Montagem Superficial com Difusor Fosco para Luzes de Corda de 10mm<\/mark><\/a> para op\u00e7\u00f5es de montagem no teto f\u00e1ceis.<\/li>\n\n\n\n<li>Explore nosso <a href=\"https:\/\/tangooled.com\/pt\/product\/25x14m-surface-mounted-led-light-aluminum-profile\/\"><mark style=\"background-color:rgba(0, 0, 0, 0)\" class=\"has-inline-color has-vivid-red-color\">Perfil de Luz LED de Alum\u00ednio Montado na Superf\u00edcie 25x14m<\/mark><\/a> para estilos de montagem vers\u00e1teis.<\/li>\n<\/ul>\n<\/div><\/div>\n\n\n\n<p><\/p>","protected":false},"featured_media":13366,"template":"","meta":{"_acf_changed":true,"_seopress_robots_primary_cat":"none","_seopress_titles_title":"40mm Round LED Aluminum Profile 30mm Inner Width RS40 | TANGOOLED","_seopress_titles_desc":"The RS40 is a heavy-duty 40mm round led aluminum profile with a wide 30mm inner channel. Perfect for high-output lighting and custom pendant fixtures in commercial spaces.","_seopress_robots_index":""},"pcb-width":[230],"product-cat":[234],"class_list":{"0":"post-42175","1":"product","2":"type-product","3":"status-publish","4":"has-post-thumbnail","6":"pcb-width-20-25mm","7":"product-cat-round-tube-profile"},"acf":[],"_links":{"self":[{"href":"https:\/\/tangooled.com\/pt\/wp-json\/wp\/v2\/product\/42175","targetHints":{"allow":["GET"]}}],"collection":[{"href":"https:\/\/tangooled.com\/pt\/wp-json\/wp\/v2\/product"}],"about":[{"href":"https:\/\/tangooled.com\/pt\/wp-json\/wp\/v2\/types\/product"}],"wp:featuredmedia":[{"embeddable":true,"href":"https:\/\/tangooled.com\/pt\/wp-json\/wp\/v2\/media\/13366"}],"wp:attachment":[{"href":"https:\/\/tangooled.com\/pt\/wp-json\/wp\/v2\/media?parent=42175"}],"wp:term":[{"taxonomy":"pcb-width","embeddable":true,"href":"https:\/\/tangooled.com\/pt\/wp-json\/wp\/v2\/pcb-width?post=42175"},{"taxonomy":"product-cat","embeddable":true,"href":"https:\/\/tangooled.com\/pt\/wp-json\/wp\/v2\/product-cat?post=42175"}],"curies":[{"name":"wp","href":"https:\/\/api.w.org\/{rel}","templated":true}]}}