{"id":42174,"date":"2025-12-17T01:22:46","date_gmt":"2025-12-17T09:22:46","guid":{"rendered":"https:\/\/tangooled.com\/?post_type=product&#038;p=42174"},"modified":"2026-02-02T02:12:17","modified_gmt":"2026-02-02T10:12:17","slug":"30mm-round-led-extrusion-channel-for-ceiling-hanging","status":"publish","type":"product","link":"https:\/\/tangooled.com\/pt\/product\/30mm-round-led-extrusion-channel-for-ceiling-hanging\/","title":{"rendered":"Canal de extrus\u00e3o LED redondo de 30 mm para suspens\u00e3o no teto"},"content":{"rendered":"<div class=\"wp-block-group is-vertical is-layout-flex wp-container-core-group-is-layout-d255d7c4 wp-block-group-is-layout-flex\" style=\"padding-top:var(--wp--preset--spacing--80);padding-bottom:var(--wp--preset--spacing--80)\">\n<p>O nosso canal de extrus\u00e3o LED redondo de 30 mm \u00e9 uma maneira ideal de melhorar seu espa\u00e7o, pendurando-o do teto. Este elegante inv\u00f3lucro de alum\u00ednio transforma as tradicionais luzes de fita LED em modernas lumin\u00e1rias pendentes. Este canal LED redondo oferece luz \u00fatil e de alta qualidade para casas, escrit\u00f3rios e neg\u00f3cios.<\/p>\n\n\n\n<p>Este canal LED redondo \u00e9 feito de alum\u00ednio anodizado de alta qualidade e foi projetado para ser pendurado em um sistema robusto. O canal segura com seguran\u00e7a sua fita LED e permite que o calor escape melhor, o que faz com que seus LEDs durem mais. Quando usado com um difusor opalino, proporciona uma ilumina\u00e7\u00e3o perfeita sem pontos e uma distribui\u00e7\u00e3o de luz suave e profissional.<\/p>\n<\/div>\n\n\n\n<div class=\"wp-block-group has-background is-vertical is-layout-flex wp-container-core-group-is-layout-d255d7c4 wp-block-group-is-layout-flex\" style=\"background-color:#f1f1f1;padding-top:var(--wp--preset--spacing--80);padding-bottom:var(--wp--preset--spacing--80)\">\n<div class=\"wp-block-group is-vertical is-layout-flex wp-container-core-group-is-layout-8cf370e7 wp-block-group-is-layout-flex\">\n<h2 class=\"wp-block-heading\" style=\"padding-top:var(--wp--preset--spacing--40);padding-bottom:var(--wp--preset--spacing--40);font-size:25px;font-style:normal;font-weight:600;text-transform:capitalize\">Caracter\u00edsticas e Vantagens Importantes<\/h2>\n<\/div>\n\n\n\n<ul class=\"wp-block-list\">\n<li>The profile&#8217;s inner width is 22.8 mm, so it can fit a lot of different sizes of LED strips.<\/li>\n\n\n\n<li>Material: extrus\u00e3o de alum\u00ednio 6063-T5 que \u00e9 robusta e capaz de suportar muito calor.<\/li>\n\n\n\n<li>Op\u00e7\u00f5es de Cores: Voc\u00ea pode escolher entre Prata, Preto ou Branco para se adequar ao seu design.<\/li>\n\n\n\n<li>Difusor: Um revestimento de policarbonato que suaviza a luz e elimina pontos quentes.<\/li>\n\n\n\n<li>Instala\u00e7\u00e3o: O suporte pendente \u00e9 simples de montar e vem com um kit para suspender.<\/li>\n\n\n\n<li>Comprimentos Personalizados: Normalmente, voc\u00ea pode obt\u00ea-los em pe\u00e7as de 1m, 2m ou 3m cortadas de acordo com suas necessidades.<\/li>\n\n\n\n<li>Fitas LED que Funcionam: Compat\u00edvel com fitas LED de uma cor, RGB, RGBW ou branco ajust\u00e1vel.<\/li>\n<\/ul>\n<\/div>\n\n\n\n<div class=\"wp-block-group\" style=\"padding-top:var(--wp--preset--spacing--80);padding-bottom:var(--wp--preset--spacing--80)\"><div class=\"wp-block-group__inner-container is-layout-constrained wp-block-group-is-layout-constrained\">\n<div class=\"wp-block-media-text has-media-on-the-right is-stacked-on-mobile\" style=\"grid-template-columns:auto 40%\"><div class=\"wp-block-media-text__content\">\n<h2 class=\"wp-block-heading\" style=\"padding-top:var(--wp--preset--spacing--40);padding-bottom:var(--wp--preset--spacing--40);font-size:25px;font-style:normal;font-weight:600;text-transform:capitalize\">Como Instalar Seu Canal de Extrus\u00e3o LED Redondo de 30mm<\/h2>\n\n\n\n<ul class=\"wp-block-list\">\n<li>Coloque a Luz de Fita LED no canal: Use a fita que deseja colocar dentro do canal.<\/li>\n\n\n\n<li>Prenda o Difusor: Para obter uma luz suave e uniforme, coloque a tampa do difusor opalino sobre o canal.<\/li>\n\n\n\n<li>Fixe as Tampas de Extremidade: Coloque as tampas de extremidade para manter os fios fora do caminho e para torn\u00e1-lo visualmente atraente.<\/li>\n\n\n\n<li>Anexe os Cabos de Suspens\u00e3o: Conecte os cabos de a\u00e7o ao canal de alum\u00ednio e ajuste seu comprimento.<\/li>\n\n\n\n<li>Altere a Altura: Pendure a luz e ajuste sua altura conforme desejar.<\/li>\n\n\n\n<li>Alimente: Conecte as fitas LED a uma fonte de alimenta\u00e7\u00e3o e driver compat\u00edveis.<\/li>\n<\/ul>\n<\/div><figure class=\"wp-block-media-text__media\"><img loading=\"lazy\" decoding=\"async\" width=\"500\" height=\"500\" src=\"https:\/\/tangooled.com\/wp-content\/uploads\/2025\/12\/rs30-ins.webp\" alt=\"Canal de extrus\u00e3o LED redondo de 30 mm para suspens\u00e3o no teto\" class=\"wp-image-42294 size-full\" srcset=\"https:\/\/tangooled.com\/wp-content\/uploads\/2025\/12\/rs30-ins.webp 500w, https:\/\/tangooled.com\/wp-content\/uploads\/2025\/12\/rs30-ins-300x300.webp 300w, https:\/\/tangooled.com\/wp-content\/uploads\/2025\/12\/rs30-ins-150x150.webp 150w\" sizes=\"auto, (max-width: 500px) 100vw, 500px\" \/><\/figure><\/div>\n<\/div><\/div>\n\n\n\n<div class=\"wp-block-group has-background is-vertical is-layout-flex wp-container-core-group-is-layout-b429018a wp-block-group-is-layout-flex\" style=\"background-color:#f1f1f1f2;padding-top:var(--wp--preset--spacing--70);padding-bottom:var(--wp--preset--spacing--70)\">\n<h2 class=\"wp-block-heading\" style=\"padding-top:var(--wp--preset--spacing--40);padding-bottom:var(--wp--preset--spacing--40);font-size:25px;font-style:normal;font-weight:600\">Usos e Aplica\u00e7\u00f5es<\/h2>\n\n\n\n<p>O canal de extrus\u00e3o LED redondo de 30 mm para suspens\u00e3o no teto \u00e9 adequado para muitos espa\u00e7os e finalidades:<\/p>\n\n\n\n<ul class=\"wp-block-list\">\n<li>Espa\u00e7os Comerciais: Escrit\u00f3rios e salas de reuni\u00e3o, lobbies de hot\u00e9is e \u00e1reas de recep\u00e7\u00e3o, lojas de varejo e \u00e1trios de shoppings.  <\/li>\n\n\n\n<li>Ilumina\u00e7\u00e3o para casas: Ilhas de cozinha e mesas de jantar, salas de estar com tetos altos, lugares para estudar e trabalhar em casa.<\/li>\n\n\n\n<li>Caracter\u00edsticas Decorativas: Grupos de modernas lumin\u00e1rias pendentes, boa ilumina\u00e7\u00e3o para mesas e balc\u00f5es.<\/li>\n<\/ul>\n<\/div>\n\n\n\n<div class=\"wp-block-group is-vertical is-layout-flex wp-container-core-group-is-layout-d255d7c4 wp-block-group-is-layout-flex\" style=\"padding-top:var(--wp--preset--spacing--80);padding-bottom:var(--wp--preset--spacing--80)\">\n<h2 class=\"wp-block-heading\" style=\"padding-top:var(--wp--preset--spacing--40);padding-bottom:var(--wp--preset--spacing--40);font-size:25px;font-style:normal;font-weight:600;text-transform:capitalize\">Produtos Relacionados na Tangooled<\/h2>\n\n\n\n<ul class=\"wp-block-list\">\n<li><a href=\"https:\/\/tangooled.com\/pt\/product\/black-led-profile-with-black-diffuser-for-10mm-led-strip-light\/\"><mark style=\"background-color:rgba(0, 0, 0, 0)\" class=\"has-inline-color has-vivid-red-color\">Perfil LED preto com difusor preto para fita LED de 10mm<\/mark><\/a> \u2014 Great for narrow LED tapes.<\/li>\n\n\n\n<li><a href=\"https:\/\/tangooled.com\/pt\/product\/surface-mount-led-profile-with-frosted-diffuser-for-10mm-rope-lights\/\"><mark style=\"background-color:rgba(0, 0, 0, 0)\" class=\"has-inline-color has-vivid-red-color\">Perfil LED de montagem de superf\u00edcie com difusor fosco para luzes de cord\u00e3o de 10mm<\/mark><\/a> \u2014 Surface mount option for rope lights.<\/li>\n\n\n\n<li><a href=\"https:\/\/tangooled.com\/pt\/product\/25mm-u-shape-led-mounting-channel-for-15mm-double-row-led-strip-lights\/\"><mark style=\"background-color:rgba(0, 0, 0, 0)\" class=\"has-inline-color has-vivid-red-color\">Canal de montagem em U de 25mm para fitas de LED de 15mm em fila dupla<\/mark> <\/a>\u2014 Wider channel for double-row strips.<\/li>\n\n\n\n<li><a href=\"https:\/\/tangooled.com\/pt\/product\/22x10mm-led-profile-light-channel-for-15mm-flexible-led-strips\/\"><mark style=\"background-color:rgba(0, 0, 0, 0)\" class=\"has-inline-color has-vivid-red-color\">Canal de luz de perfil LED 22x10mm para tiras LED flex\u00edveis de 15mm<\/mark><\/a> \u2014 For flexible LED tapes with high brightness.<\/li>\n\n\n\n<li><a href=\"https:\/\/tangooled.com\/pt\/product\/aluminum-profile-with-60-degree-lens-led-diffuser\/\"><mark style=\"background-color:rgba(0, 0, 0, 0)\" class=\"has-inline-color has-vivid-red-color\">Perfil de alum\u00ednio com lente difusora LED de 60 graus<\/mark><\/a> \u2014 For directional lighting needs.<\/li>\n<\/ul>\n<\/div>\n\n\n\n<div class=\"wp-block-group has-background\" style=\"background-color:#f1f1f1;padding-top:var(--wp--preset--spacing--80);padding-bottom:var(--wp--preset--spacing--80)\"><div class=\"wp-block-group__inner-container is-layout-constrained wp-block-group-is-layout-constrained\">\n<h2 class=\"wp-block-heading\" style=\"padding-top:var(--wp--preset--spacing--40);padding-bottom:var(--wp--preset--spacing--40);font-size:25px;font-style:normal;font-weight:600;text-transform:capitalize\">informa\u00e7\u00f5es sobre produtos &amp; servi\u00e7os<\/h2>\n\n\n\n<p style=\"padding-right:var(--wp--preset--spacing--50);padding-left:var(--wp--preset--spacing--50)\">The 30mm round led extrusion channel for ceiling hanging is the best option for anyone who wants pendant lighting that is modern, stylish, and can be used in many ways. Its study aluminum channel\u00a0makes it a great heat sink, and the opal diffuser makes sure that the light is gentle and even. This modular profile is great for commercial, residential, or decorative architectural LED extrusion projects. It makes installing LED strips neat and professional.<\/p>\n<\/div><\/div>\n\n\n\n<p><\/p>","protected":false},"featured_media":13362,"template":"","meta":{"_acf_changed":true,"_seopress_robots_primary_cat":"none","_seopress_titles_title":"30mm Round LED Extrusion Channel Hanging Profile RS30 | TANGOOLED","_seopress_titles_desc":"The RS30 is a 30mm round led extrusion channel designed for professional ceiling hanging. Ideal for modern office and commercial lighting.","_seopress_robots_index":""},"pcb-width":[229],"product-cat":[234],"class_list":{"0":"post-42174","1":"product","2":"type-product","3":"status-publish","4":"has-post-thumbnail","6":"pcb-width-15-20mm","7":"product-cat-round-tube-profile"},"acf":[],"_links":{"self":[{"href":"https:\/\/tangooled.com\/pt\/wp-json\/wp\/v2\/product\/42174","targetHints":{"allow":["GET"]}}],"collection":[{"href":"https:\/\/tangooled.com\/pt\/wp-json\/wp\/v2\/product"}],"about":[{"href":"https:\/\/tangooled.com\/pt\/wp-json\/wp\/v2\/types\/product"}],"wp:featuredmedia":[{"embeddable":true,"href":"https:\/\/tangooled.com\/pt\/wp-json\/wp\/v2\/media\/13362"}],"wp:attachment":[{"href":"https:\/\/tangooled.com\/pt\/wp-json\/wp\/v2\/media?parent=42174"}],"wp:term":[{"taxonomy":"pcb-width","embeddable":true,"href":"https:\/\/tangooled.com\/pt\/wp-json\/wp\/v2\/pcb-width?post=42174"},{"taxonomy":"product-cat","embeddable":true,"href":"https:\/\/tangooled.com\/pt\/wp-json\/wp\/v2\/product-cat?post=42174"}],"curies":[{"name":"wp","href":"https:\/\/api.w.org\/{rel}","templated":true}]}}