{"id":42171,"date":"2025-12-17T01:17:40","date_gmt":"2025-12-17T09:17:40","guid":{"rendered":"https:\/\/tangooled.com\/?post_type=product&#038;p=42171"},"modified":"2026-02-02T02:12:37","modified_gmt":"2026-02-02T10:12:37","slug":"wardrobe-closet-hanging-rod-led-profile-12mm-ar05","status":"publish","type":"product","link":"https:\/\/tangooled.com\/pt\/product\/wardrobe-closet-hanging-rod-led-profile-12mm-ar05\/","title":{"rendered":"Perfil de Var\u00e3o LED para Guarda-Roupas para Faixas de 12mm"},"content":{"rendered":"<div class=\"wp-block-group is-vertical is-layout-flex wp-container-core-group-is-layout-d255d7c4 wp-block-group-is-layout-flex\" style=\"padding-top:var(--wp--preset--spacing--80);padding-bottom:var(--wp--preset--spacing--80)\">\n<p>O perfil LED do var\u00e3o para closet \u00e9 feito para fitas LED de 12mm, para que voc\u00ea possa tornar seu arm\u00e1rio inteligente e brilhante. Este var\u00e3o tem um design el\u00edptico elegante, medindo 29mm de altura e 14.7mm de largura. O perfil \u00e9 mantido no lugar horizontalmente entre dois pain\u00e9is laterais por suportes de montagem em forma de anel robustos. Isso o torna um bom cabide de roupas imediatamente. Ele mant\u00e9m suas roupas bem organizadas e ilumina seu arm\u00e1rio com uma luz suave e clara que pode ser direcionada para cima nas roupas ou para baixo para ilumina\u00e7\u00e3o geral. Voc\u00ea sempre poder\u00e1 ver as cores claramente, encontrar o que precisa rapidamente e manter seu arm\u00e1rio arrumado e estiloso. Esta solu\u00e7\u00e3o tudo-em-um \u00e9 perfeita para vesti\u00e1rios modernos, arm\u00e1rios de alto padr\u00e3o e sistemas de exibi\u00e7\u00e3o de varejo.<\/p>\n<\/div>\n\n\n\n<div class=\"wp-block-group has-background is-vertical is-layout-flex wp-container-core-group-is-layout-d255d7c4 wp-block-group-is-layout-flex\" style=\"background-color:#f1f1f1;padding-top:var(--wp--preset--spacing--80);padding-bottom:var(--wp--preset--spacing--80)\">\n<div class=\"wp-block-group is-vertical is-layout-flex wp-container-core-group-is-layout-8cf370e7 wp-block-group-is-layout-flex\">\n<h2 class=\"wp-block-heading\" style=\"padding-top:var(--wp--preset--spacing--40);padding-bottom:var(--wp--preset--spacing--40);font-size:25px;font-style:normal;font-weight:600;text-transform:capitalize\">Por Que Escolher o Nosso Perfil LED para Var\u00e3o de Guarda-Roupa?<\/h2>\n\n\n\n<ul class=\"wp-block-list\">\n<li>Constru\u00e7\u00e3o de Alum\u00ednio Resistente: Feito com alum\u00ednio anodizado 6063-T5 que mant\u00e9m sua fita LED fresca e segura. Tamb\u00e9m suporta suas roupas sem dobrar ou quebrar.<\/li>\n\n\n\n<li>Perfeito para Fitas LED de 12mm: O perfil tem uma largura interna de 12mm, que \u00e9 igual a todas as fitas LED regulares de 12mm, como as vers\u00f5es 5050, 2835 ou 5630.<\/li>\n\n\n\n<li>Difusor Suave: O difusor de poliacrilato fosco espalha a luz uniformemente e minimiza o ofuscamento, fazendo com que suas roupas pare\u00e7am brilhantes e reais.<\/li>\n\n\n\n<li>F\u00e1cil de Instalar: Vem com suportes de montagem, tampas de extremidade e clipes de suspens\u00e3o para f\u00e1cil instala\u00e7\u00e3o na parte superior ou lateral.<\/li>\n\n\n\n<li>Design Moderno: Voc\u00ea pode escolher entre formas ovais e circulares para combinar com a decora\u00e7\u00e3o do seu arm\u00e1rio e iluminar suas roupas adequadamente.<\/li>\n<\/ul>\n<\/div>\n<\/div>\n\n\n\n<div class=\"wp-block-group\" style=\"padding-top:var(--wp--preset--spacing--60);padding-bottom:var(--wp--preset--spacing--60)\"><div class=\"wp-block-group__inner-container is-layout-constrained wp-block-group-is-layout-constrained\">\n<div class=\"wp-block-media-text has-media-on-the-right is-stacked-on-mobile\" style=\"grid-template-columns:auto 40%\"><div class=\"wp-block-media-text__content\">\n<h2 class=\"wp-block-heading\" style=\"padding-top:var(--wp--preset--spacing--40);padding-bottom:var(--wp--preset--spacing--40);font-size:25px;font-style:normal;font-weight:600;text-transform:capitalize\">Como Usar este Canal de Luz para Arm\u00e1rios AR05<\/h2>\n\n\n\n<ul class=\"wp-block-list\">\n<li>Coloque o perfil LED de alum\u00ednio nas paredes do arm\u00e1rio para instal\u00e1-lo.<\/li>\n\n\n\n<li>Coloque sua fita LED de 12mm dentro, encaixe o difusor no lugar e, em seguida, conecte a fonte de alimenta\u00e7\u00e3o (que \u00e9 fornecida separadamente).<\/li>\n\n\n\n<li>Escolha fitas LED brancas quentes ou naturais para obter luz suave ou forte que fica \u00f3tima no seu arm\u00e1rio.<\/li>\n<\/ul>\n<\/div><figure class=\"wp-block-media-text__media\"><img loading=\"lazy\" decoding=\"async\" width=\"500\" height=\"500\" src=\"https:\/\/tangooled.com\/wp-content\/uploads\/2025\/12\/ar05-ins.webp\" alt=\"wardrobe closet hanging rod aluminum led profile for 12mm led strip lights\" class=\"wp-image-42289 size-full\" srcset=\"https:\/\/tangooled.com\/wp-content\/uploads\/2025\/12\/ar05-ins.webp 500w, https:\/\/tangooled.com\/wp-content\/uploads\/2025\/12\/ar05-ins-300x300.webp 300w, https:\/\/tangooled.com\/wp-content\/uploads\/2025\/12\/ar05-ins-150x150.webp 150w\" sizes=\"auto, (max-width: 500px) 100vw, 500px\" \/><\/figure><\/div>\n<\/div><\/div>\n\n\n\n<div class=\"wp-block-group has-background is-vertical is-layout-flex wp-container-core-group-is-layout-b429018a wp-block-group-is-layout-flex\" style=\"background-color:#f1f1f1f2;padding-top:var(--wp--preset--spacing--70);padding-bottom:var(--wp--preset--spacing--70)\">\n<h2 class=\"wp-block-heading\" style=\"padding-top:var(--wp--preset--spacing--40);padding-bottom:var(--wp--preset--spacing--40);font-size:25px;font-style:normal;font-weight:600;text-transform:capitalize\">Onde Usar o Perfil LED para Var\u00e3o de Guarda-Roupa<\/h2>\n\n\n\n<p>Este perfil LED do var\u00e3o para closet funciona em muitos lugares:<\/p>\n\n\n\n<ul class=\"wp-block-list\">\n<li>Walk-in Closets \u2013 Brighten your entire walk-in with lighted rails.<\/li>\n\n\n\n<li>Wardrobe Cabinets \u2013 Add with your existing closet rods for neat, hidden lighting.<\/li>\n\n\n\n<li>Exibi\u00e7\u00f5es de Roupas de Varejo: Use ilumina\u00e7\u00e3o profissional para destacar suas roupas.<\/li>\n\n\n\n<li>Lavat\u00f3rios e Entradas: Adicione luz e espa\u00e7o para pendurar coisas em locais pequenos ou escuros.<\/li>\n<\/ul>\n<\/div>\n\n\n\n<div class=\"wp-block-group is-vertical is-layout-flex wp-container-core-group-is-layout-d255d7c4 wp-block-group-is-layout-flex\" style=\"padding-top:var(--wp--preset--spacing--80);padding-bottom:var(--wp--preset--spacing--80)\">\n<h2 class=\"wp-block-heading\" style=\"padding-top:var(--wp--preset--spacing--40);padding-bottom:var(--wp--preset--spacing--40);font-size:25px;font-style:normal;font-weight:600;text-transform:capitalize\">Acess\u00f3rios Inclu\u00eddos<\/h2>\n\n\n\n<ul class=\"wp-block-list\">\n<li>1 x Var\u00e3o LED de Alum\u00ednio (escolha o comprimento desejado)<\/li>\n\n\n\n<li>1 \u00d7 Cover for the frosted diffuser<\/li>\n\n\n\n<li>2 suportes de montagem para f\u00e1cil configura\u00e7\u00e3o<\/li>\n\n\n\n<li>2 tampas de extremidade para um visual arrumado<\/li>\n<\/ul>\n<\/div>\n\n\n\n<div class=\"wp-block-group has-background\" style=\"background-color:#f1f1f1;padding-top:var(--wp--preset--spacing--80);padding-bottom:var(--wp--preset--spacing--80)\"><div class=\"wp-block-group__inner-container is-layout-constrained wp-block-group-is-layout-constrained\">\n<h2 class=\"wp-block-heading\" style=\"padding-top:var(--wp--preset--spacing--40);padding-bottom:var(--wp--preset--spacing--40);font-size:25px;font-style:normal;font-weight:600;text-transform:capitalize\">produtos relacionados que voc\u00ea pode gostar<\/h2>\n\n\n\n<ul class=\"wp-block-list\">\n<li><a href=\"https:\/\/tangooled.com\/pt\/product\/black-led-diffuser-aluminum-channel-for-12mm-tape-lights\/\"><mark style=\"background-color:rgba(0, 0, 0, 0)\" class=\"has-inline-color has-vivid-red-color\">Canal de alum\u00ednio com difusor LED preto para luzes de fita de 12mm<\/mark><\/a><\/li>\n\n\n\n<li><a href=\"https:\/\/tangooled.com\/pt\/product\/18mm-flexible-led-profile-for-12mm-led-strips\/\"><mark style=\"background-color:rgba(0, 0, 0, 0)\" class=\"has-inline-color has-vivid-red-color\">Perfil LED flex\u00edvel de 18mm para faixas LED de 12mm<\/mark><\/a><\/li>\n\n\n\n<li><a href=\"https:\/\/tangooled.com\/pt\/product\/cabinet-lighting-aluminum-led-diffuser-profile-for-12mm-strips\/\"><mark style=\"background-color:rgba(0, 0, 0, 0)\" class=\"has-inline-color has-vivid-red-color\">Perfil difusor LED de alum\u00ednio para arm\u00e1rios para fitas de 12mm<\/mark><\/a><\/li>\n\n\n\n<li><a href=\"https:\/\/tangooled.com\/pt\/product\/recessed-17mm-led-profile-aluminum-channel-for-12mm-led-strips\/\"><mark style=\"background-color:rgba(0, 0, 0, 0)\" class=\"has-inline-color has-vivid-red-color\">Canal de perfil LED de alum\u00ednio embutido de 17mm para fitas LED de 12mm<\/mark><\/a><\/li>\n\n\n\n<li><a href=\"https:\/\/tangooled.com\/pt\/product\/wardrobe-closet-hanging-rod-aluminum-led-profile-for-12mm-led-strip-lights\/\"><mark style=\"background-color:rgba(0, 0, 0, 0)\" class=\"has-inline-color has-vivid-red-color\">Perfil LED do Var\u00e3o de Guarda-Roupa em Alum\u00ednio para Fitas LED de 12mm<\/mark><\/a><\/li>\n<\/ul>\n<\/div><\/div>\n\n\n\n<div class=\"wp-block-group\" style=\"padding-top:var(--wp--preset--spacing--80);padding-bottom:var(--wp--preset--spacing--80)\"><div class=\"wp-block-group__inner-container is-layout-constrained wp-block-group-is-layout-constrained\">\n<h2 class=\"wp-block-heading\" style=\"padding-top:var(--wp--preset--spacing--40);padding-bottom:var(--wp--preset--spacing--40);font-size:25px;font-style:normal;font-weight:600;text-transform:capitalize\">Resumo<\/h2>\n\n\n\n<p style=\"padding-right:var(--wp--preset--spacing--50);padding-left:var(--wp--preset--spacing--50)\">O perfil LED do var\u00e3o para closet \u00e9 feito de alum\u00ednio de alta qualidade e est\u00e1 dispon\u00edvel em diferentes comprimentos. Tamb\u00e9m vem com um kit de instala\u00e7\u00e3o f\u00e1cil de usar. Possui um difusor fosco que transforma a luz intensa em um brilho suave e gracioso. Suporta fitas LED padr\u00e3o de 12mm de at\u00e9 20W\/m. Este perfil torna mais f\u00e1cil do que nunca obter uma organiza\u00e7\u00e3o brilhante e elegante em um arm\u00e1rio walk-in em casa, em uma lavanderia ou em uma exibi\u00e7\u00e3o de loja de alto padr\u00e3o.<br>Adquira nosso perfil de alum\u00ednio para fitas LED de 12mm para pendurar em seu arm\u00e1rio hoje e torn\u00e1-lo melhor!<\/p>\n<\/div><\/div>\n\n\n\n<p><\/p>","protected":false},"featured_media":14299,"template":"","meta":{"_acf_changed":true,"_seopress_robots_primary_cat":"none","_seopress_titles_title":"LED Wardrobe Hanging Rod Profile | Closet Light Channel AR05","_seopress_titles_desc":"The AR05 is a heavy-duty wardrobe closet hanging rod led profile for 12mm strips. Combine storage and illumination with this durable aluminum profile.","_seopress_robots_index":""},"pcb-width":[228],"product-cat":[234],"class_list":{"0":"post-42171","1":"product","2":"type-product","3":"status-publish","4":"has-post-thumbnail","6":"pcb-width-6-12mm","7":"product-cat-round-tube-profile"},"acf":[],"_links":{"self":[{"href":"https:\/\/tangooled.com\/pt\/wp-json\/wp\/v2\/product\/42171","targetHints":{"allow":["GET"]}}],"collection":[{"href":"https:\/\/tangooled.com\/pt\/wp-json\/wp\/v2\/product"}],"about":[{"href":"https:\/\/tangooled.com\/pt\/wp-json\/wp\/v2\/types\/product"}],"wp:featuredmedia":[{"embeddable":true,"href":"https:\/\/tangooled.com\/pt\/wp-json\/wp\/v2\/media\/14299"}],"wp:attachment":[{"href":"https:\/\/tangooled.com\/pt\/wp-json\/wp\/v2\/media?parent=42171"}],"wp:term":[{"taxonomy":"pcb-width","embeddable":true,"href":"https:\/\/tangooled.com\/pt\/wp-json\/wp\/v2\/pcb-width?post=42171"},{"taxonomy":"product-cat","embeddable":true,"href":"https:\/\/tangooled.com\/pt\/wp-json\/wp\/v2\/product-cat?post=42171"}],"curies":[{"name":"wp","href":"https:\/\/api.w.org\/{rel}","templated":true}]}}