{"id":42166,"date":"2025-12-17T01:09:39","date_gmt":"2025-12-17T09:09:39","guid":{"rendered":"https:\/\/tangooled.com\/?post_type=product&#038;p=42166"},"modified":"2026-02-02T02:13:25","modified_gmt":"2026-02-02T10:13:25","slug":"round-led-aluminum-profile-dia-24mm-suspended-ar03","status":"publish","type":"product","link":"https:\/\/tangooled.com\/pt\/product\/round-led-aluminum-profile-dia-24mm-suspended-ar03\/","title":{"rendered":"Perfil Redondo LED Suspenso de 24mm para Tiras de 12mm"},"content":{"rendered":"<div class=\"wp-block-group is-vertical is-layout-flex wp-container-core-group-is-layout-d255d7c4 wp-block-group-is-layout-flex\" style=\"padding-top:var(--wp--preset--spacing--80);padding-bottom:var(--wp--preset--spacing--80)\">\n<p>Brighten your space with our round led aluminum profile dia 24mm designed for flexible LED strips up to 12mm wide. This strong channel has a 24.0 mm outer\u00a0diameter and a 12.2 mm internal width.<\/p>\n\n\n\n<p>This profile\u00a0works well for surface mounting using a tilt-and-swivel bracket, but it can also be used for pendant lighting that hangs down. This bracket installation holds the fixture in place while letting you move and turn the complete channel, which enables you point the light exactly where you want it.<\/p>\n\n\n\n<p>This profile keeps LED strips\u00a0cool, protects them, and spreads light evenly so there are no hot spots. This feature that changes makes it perfect for directing accent lighting, lighting up retail displays, museum exhibits, or any other function that needs controlled, focused wall washing.<\/p>\n<\/div>\n\n\n\n<div class=\"wp-block-group has-background is-vertical is-layout-flex wp-container-core-group-is-layout-d255d7c4 wp-block-group-is-layout-flex\" style=\"background-color:#f1f1f1;padding-top:var(--wp--preset--spacing--80);padding-bottom:var(--wp--preset--spacing--80)\">\n<div class=\"wp-block-group is-vertical is-layout-flex wp-container-core-group-is-layout-8cf370e7 wp-block-group-is-layout-flex\">\n<h2 class=\"wp-block-heading\" style=\"padding-top:var(--wp--preset--spacing--40);padding-bottom:var(--wp--preset--spacing--40);font-size:25px;font-style:normal;font-weight:600;text-transform:capitalize\">Caracter\u00edsticas e Benef\u00edcios<\/h2>\n\n\n\n<ul class=\"wp-block-list\">\n<li>Feito de liga de alum\u00ednio dur\u00e1vel 6063-T5, oferecendo excelente gerenciamento de calor para resfriar suas tiras de LED.<\/li>\n\n\n\n<li>O perfil redondo de 24mm encaixa perfeitamente para tiras LED flex\u00edveis, maximizando a sa\u00edda de luz e o apelo est\u00e9tico.<\/li>\n\n\n\n<li>O difusor opalino suaviza a luz, previne pontos duros e protege a fita LED contra poeira e danos.<\/li>\n\n\n\n<li>O suporte articulado permite que voc\u00ea ajuste a luz na dire\u00e7\u00e3o desejada.<\/li>\n\n\n\n<li>Compat\u00edvel com diferentes tiras de LED, incluindo SMD 5050, fita LED COB e fitas LED brancas ajust\u00e1veis.<\/li>\n\n\n\n<li>Dispon\u00edvel em v\u00e1rios acabamentos para design de ilumina\u00e7\u00e3o profissional e comercial ou residencial.<\/li>\n<\/ul>\n<\/div>\n<\/div>\n\n\n\n<div class=\"wp-block-group\" style=\"padding-top:var(--wp--preset--spacing--60);padding-bottom:var(--wp--preset--spacing--60)\"><div class=\"wp-block-group__inner-container is-layout-constrained wp-block-group-is-layout-constrained\">\n<div class=\"wp-block-media-text has-media-on-the-right is-stacked-on-mobile\" style=\"grid-template-columns:auto 40%\"><div class=\"wp-block-media-text__content\">\n<h2 class=\"wp-block-heading\" style=\"padding-top:var(--wp--preset--spacing--40);padding-bottom:var(--wp--preset--spacing--40);font-size:25px;font-style:normal;font-weight:600;text-transform:capitalize\">Passos simples para instala\u00e7\u00e3o<\/h2>\n\n\n\n<ul class=\"wp-block-list\">\n<li>Corte este perfil de alum\u00ednio LED redondo no comprimento necess\u00e1rio<\/li>\n\n\n\n<li>Escolha e coloque uma tira LED apropriada (m\u00e1x. 12mm) dentro do perfil<\/li>\n\n\n\n<li>Encaixe o difusor de luz opalino<\/li>\n\n\n\n<li>Vede as tampas nas duas extremidades e conecte a fonte de alimenta\u00e7\u00e3o.<\/li>\n<\/ul>\n<\/div><figure class=\"wp-block-media-text__media\"><img loading=\"lazy\" decoding=\"async\" width=\"500\" height=\"500\" src=\"https:\/\/tangooled.com\/wp-content\/uploads\/2025\/12\/ar03-ins.webp\" alt=\"suspended round led aluminum profile dia 24mm for 12mm flexible led strip\" class=\"wp-image-42284 size-full\" srcset=\"https:\/\/tangooled.com\/wp-content\/uploads\/2025\/12\/ar03-ins.webp 500w, https:\/\/tangooled.com\/wp-content\/uploads\/2025\/12\/ar03-ins-300x300.webp 300w, https:\/\/tangooled.com\/wp-content\/uploads\/2025\/12\/ar03-ins-150x150.webp 150w\" sizes=\"auto, (max-width: 500px) 100vw, 500px\" \/><\/figure><\/div>\n<\/div><\/div>\n\n\n\n<div class=\"wp-block-group has-background is-vertical is-layout-flex wp-container-core-group-is-layout-b429018a wp-block-group-is-layout-flex\" style=\"background-color:#f1f1f1f2;padding-top:var(--wp--preset--spacing--70);padding-bottom:var(--wp--preset--spacing--70)\">\n<h2 class=\"wp-block-heading\" style=\"padding-top:var(--wp--preset--spacing--40);padding-bottom:var(--wp--preset--spacing--40);font-size:25px;font-style:normal;font-weight:600\">Usos e Aplica\u00e7\u00f5es<\/h2>\n\n\n\n<p>Voc\u00ea pode usar o perfil de alum\u00ednio LED redondo de 24mm em muitos locais diferentes:<\/p>\n\n\n\n<ul class=\"wp-block-list\">\n<li>Uma luz brilhante e clara para a ilha da cozinha.<\/li>\n\n\n\n<li>As luzes em escrit\u00f3rios e salas de confer\u00eancias devem ser limpas, organizadas e uniformes.<\/li>\n\n\n\n<li>Exibi\u00e7\u00f5es em lojas que chamam a aten\u00e7\u00e3o para produtos bem iluminados.<\/li>\n\n\n\n<li>Barras de arm\u00e1rio com tiras de LED que iluminam o embutido.<\/li>\n<\/ul>\n<\/div>\n\n\n\n<div class=\"wp-block-group is-vertical is-layout-flex wp-container-core-group-is-layout-d255d7c4 wp-block-group-is-layout-flex\" style=\"padding-top:var(--wp--preset--spacing--80);padding-bottom:var(--wp--preset--spacing--80)\">\n<h2 class=\"wp-block-heading\" style=\"padding-top:var(--wp--preset--spacing--40);padding-bottom:var(--wp--preset--spacing--40);font-size:25px;font-style:normal;font-weight:600;text-transform:capitalize\">Compare e Explore Produtos Relacionados<\/h2>\n\n\n\n<ul class=\"wp-block-list\">\n<li>Para uma op\u00e7\u00e3o mais slim, veja o <a href=\"https:\/\/tangooled.com\/pt\/product\/18mm-flexible-led-profile-for-12mm-led-strips\/\"><mark style=\"background-color:rgba(0, 0, 0, 0)\" class=\"has-inline-color has-vivid-red-color\">perfil LED flex\u00edvel de 18mm para tiras LED de 12mm<\/mark><\/a> que se encaixa na maioria das fitas LED padr\u00e3o.<\/li>\n\n\n\n<li>Se voc\u00ea precisa de um visual totalmente preto, confira o <a href=\"https:\/\/tangooled.com\/pt\/product\/black-led-diffuser-aluminum-channel-for-12mm-tape-lights\/\"><mark style=\"background-color:rgba(0, 0, 0, 0)\" class=\"has-inline-color has-vivid-red-color\">canal de alum\u00ednio com difusor LED preto para luzes de fita de 12mm<\/mark><\/a>.<\/li>\n\n\n\n<li>Explore diferentes estilos com nosso <a href=\"https:\/\/tangooled.com\/pt\/product\/25x14m-surface-mounted-led-light-aluminum-profile\/\"><mark style=\"background-color:rgba(0, 0, 0, 0)\" class=\"has-inline-color has-vivid-red-color\">perfil de alum\u00ednio LED montado na superf\u00edcie de 25x14mm <\/mark><\/a>para necessidades de montagem alternativas.<\/li>\n<\/ul>\n<\/div>\n\n\n\n<p><\/p>","protected":false},"featured_media":14288,"template":"","meta":{"_acf_changed":true,"_seopress_robots_primary_cat":"none","_seopress_titles_title":"Dia 24mm Round LED Aluminum Profile for Suspension AR03 | TANGOOLED","_seopress_titles_desc":"The AR03 is a dia 24mm round led aluminum profile optimized for 12mm strips. Ideal for creating architectural suspended pendant lights.","_seopress_robots_index":""},"pcb-width":[228],"product-cat":[234],"class_list":{"0":"post-42166","1":"product","2":"type-product","3":"status-publish","4":"has-post-thumbnail","6":"pcb-width-6-12mm","7":"product-cat-round-tube-profile"},"acf":[],"_links":{"self":[{"href":"https:\/\/tangooled.com\/pt\/wp-json\/wp\/v2\/product\/42166","targetHints":{"allow":["GET"]}}],"collection":[{"href":"https:\/\/tangooled.com\/pt\/wp-json\/wp\/v2\/product"}],"about":[{"href":"https:\/\/tangooled.com\/pt\/wp-json\/wp\/v2\/types\/product"}],"wp:featuredmedia":[{"embeddable":true,"href":"https:\/\/tangooled.com\/pt\/wp-json\/wp\/v2\/media\/14288"}],"wp:attachment":[{"href":"https:\/\/tangooled.com\/pt\/wp-json\/wp\/v2\/media?parent=42166"}],"wp:term":[{"taxonomy":"pcb-width","embeddable":true,"href":"https:\/\/tangooled.com\/pt\/wp-json\/wp\/v2\/pcb-width?post=42166"},{"taxonomy":"product-cat","embeddable":true,"href":"https:\/\/tangooled.com\/pt\/wp-json\/wp\/v2\/product-cat?post=42166"}],"curies":[{"name":"wp","href":"https:\/\/api.w.org\/{rel}","templated":true}]}}