{"id":42122,"date":"2025-12-16T02:03:58","date_gmt":"2025-12-16T10:03:58","guid":{"rendered":"https:\/\/tangooled.com\/?post_type=product&#038;p=42122"},"modified":"2026-02-02T22:15:24","modified_gmt":"2026-02-03T06:15:24","slug":"https-tangooled-com-product-plaster-drywall-aluminum-skirting-board-for-12mm-led-strip-sk12","status":"publish","type":"product","link":"https:\/\/tangooled.com\/pt\/product\/https-tangooled-com-product-plaster-drywall-aluminum-skirting-board-for-12mm-led-strip-sk12\/","title":{"rendered":"rodap\u00e9 de gesso drywall em alum\u00ednio para fita LED de 12mm sk12"},"content":{"rendered":"<div class=\"wp-block-group is-vertical is-layout-flex wp-container-core-group-is-layout-d255d7c4 wp-block-group-is-layout-flex\" style=\"padding-top:var(--wp--preset--spacing--80);padding-bottom:var(--wp--preset--spacing--80)\">\n<p>Our plaster drywall aluminum skirting board for 12mm LED strip is made of 6063-T5 extruded aluminum and is designed to fit perfectly inside a plaster drywall wall or skirting. It works like a hidden baseboard that can hold\u00a0a 12mm LED strip. When turned on, it makes a gentle, even light on the floor that adds to the room&#8217;s atmosphere.<br>Quando usado com um bom difusor, o perfil gera uma luz ambiente suave e cont\u00ednua ou um efeito de destaque que oculta todos os pontos LED. Este perfil tamb\u00e9m ajuda as luzes LED a durarem mais, funcionando como um dissipador de calor.<br>Este perfil de rodap\u00e9 SK12 ajuda a criar uma ilumina\u00e7\u00e3o limpa e cont\u00ednua, com fitas LED embutidas em drywall. Sem acabamentos volumosos, apenas uma luz suave e livre de pontos durante todo o dia e noite.<\/p>\n<\/div>\n\n\n\n<div class=\"wp-block-group has-background is-vertical is-layout-flex wp-container-core-group-is-layout-d255d7c4 wp-block-group-is-layout-flex\" style=\"background-color:#f1f1f1;padding-top:var(--wp--preset--spacing--80);padding-bottom:var(--wp--preset--spacing--80)\">\n<div class=\"wp-block-group is-vertical is-layout-flex wp-container-core-group-is-layout-8cf370e7 wp-block-group-is-layout-flex\">\n<h2 class=\"wp-block-heading\" style=\"padding-top:var(--wp--preset--spacing--40);padding-bottom:var(--wp--preset--spacing--40);font-size:25px;font-style:normal;font-weight:600;text-transform:capitalize\">Por que voc\u00ea deve escolher nosso Rodap\u00e9 de LED embutido SK12?<\/h2>\n\n\n\n<ul class=\"wp-block-list\">\n<li>-Canal LED sem acabamento: A aba de gesso permite que o perfil se una perfeitamente ao drywall, criando a ilus\u00e3o de uma parede flutuante.<\/li>\n\n\n\n<li>Sem pontos: Um difusor de alta qualidade elimina os pontos LED para um design de ilumina\u00e7\u00e3o profissional.<\/li>\n\n\n\n<li>Gerenciamento de calor: O alum\u00ednio \u00e9 um excelente dissipador de calor que faz os LEDs durarem mais.<\/li>\n\n\n\n<li>Funciona com fitas LED que t\u00eam 12mm de largura, incluindo fitas LED COB, que produzem uma linha de luz muito limpa.<\/li>\n\n\n\n<li>Use em corredores de casas, empresas e hot\u00e9is para iluminar o ch\u00e3o ou o caminho.<\/li>\n<\/ul>\n<\/div>\n<\/div>\n\n\n\n<div class=\"wp-block-group is-vertical is-layout-flex wp-container-core-group-is-layout-d255d7c4 wp-block-group-is-layout-flex\" style=\"padding-top:var(--wp--preset--spacing--80);padding-bottom:var(--wp--preset--spacing--80)\">\n<hr class=\"wp-block-separator has-alpha-channel-opacity\"\/>\n\n\n\n<div class=\"wp-block-media-text has-media-on-the-right is-stacked-on-mobile\" style=\"grid-template-columns:auto 40%\"><div class=\"wp-block-media-text__content\">\n<h2 class=\"wp-block-heading\" style=\"padding-top:var(--wp--preset--spacing--40);padding-bottom:var(--wp--preset--spacing--40);font-size:25px;font-style:normal;font-weight:600;text-transform:capitalize\">Como usar o perfil de rodap\u00e9 SK12<\/h2>\n\n\n\n<ul class=\"wp-block-list\">\n<li>Coloque a extrus\u00e3o de alum\u00ednio na estrutura da parede ou do piso.<\/li>\n\n\n\n<li>Coloque as folhas de drywall contra a aba do perfil.<\/li>\n\n\n\n<li>Coloque uma camada fina de gesso sobre a aba para que a transi\u00e7\u00e3o entre a parede e a luz fique suave.<\/li>\n\n\n\n<li>Coloque a fita LED no canal.<\/li>\n\n\n\n<li>Conecte a fita LED a uma fonte de alimenta\u00e7\u00e3o de baixa tens\u00e3o.<\/li>\n\n\n\n<li>Coloque a cobertura de difusor opal para obter uma ilumina\u00e7\u00e3o suave e sem pontos.<\/li>\n<\/ul>\n<\/div><figure class=\"wp-block-media-text__media\"><img loading=\"lazy\" decoding=\"async\" width=\"500\" height=\"500\" src=\"https:\/\/tangooled.com\/wp-content\/uploads\/2025\/12\/sk12-ins.webp\" alt=\"rodap\u00e9 de gesso drywall em alum\u00ednio para fita LED de 12mm sk12\" class=\"wp-image-42160 size-full\" srcset=\"https:\/\/tangooled.com\/wp-content\/uploads\/2025\/12\/sk12-ins.webp 500w, https:\/\/tangooled.com\/wp-content\/uploads\/2025\/12\/sk12-ins-300x300.webp 300w, https:\/\/tangooled.com\/wp-content\/uploads\/2025\/12\/sk12-ins-150x150.webp 150w\" sizes=\"auto, (max-width: 500px) 100vw, 500px\" \/><\/figure><\/div>\n<\/div>\n\n\n\n<div class=\"wp-block-group has-background is-vertical is-layout-flex wp-container-core-group-is-layout-b429018a wp-block-group-is-layout-flex\" style=\"background-color:#f1f1f1f2;padding-top:var(--wp--preset--spacing--70);padding-bottom:var(--wp--preset--spacing--70)\">\n<h2 class=\"wp-block-heading\" style=\"padding-top:var(--wp--preset--spacing--40);padding-bottom:var(--wp--preset--spacing--40);font-size:25px;font-style:normal;font-weight:600;text-transform:capitalize\">O que voc\u00ea pode obter com os kits?<\/h2>\n\n\n\n<ul class=\"wp-block-list\">\n<li>Perfil de drywall de alum\u00ednio para gesso.<\/li>\n\n\n\n<li>Difusor de policarbonato opal.<\/li>\n\n\n\n<li>Tampas de extremidade para fechar as extremidades do perfil de maneira elegante.<\/li>\n\n\n\n<li>Conectores retos para conex\u00f5es de linha sem fim.<\/li>\n<\/ul>\n<\/div>\n\n\n\n<div class=\"wp-block-group is-vertical is-layout-flex wp-container-core-group-is-layout-d255d7c4 wp-block-group-is-layout-flex\" style=\"padding-top:var(--wp--preset--spacing--80);padding-bottom:var(--wp--preset--spacing--80)\">\n<h2 class=\"wp-block-heading\" style=\"padding-top:var(--wp--preset--spacing--40);padding-bottom:var(--wp--preset--spacing--40);font-size:25px;font-style:normal;font-weight:600;text-transform:capitalize\">Locais Ideais para Instalar o perfil SK12<\/h2>\n\n\n\n<ul class=\"wp-block-list\">\n<li>Corredores em casas e hot\u00e9is que precisam de ilumina\u00e7\u00e3o de caminho LED segura e estilosa em n\u00edvel do ch\u00e3o.<\/li>\n\n\n\n<li>\u00c1reas de estar e quartos com efeitos de ilumina\u00e7\u00e3o ambiente agrad\u00e1veis.<\/li>\n\n\n\n<li>Ilumina\u00e7\u00e3o de grelha em lojas e showrooms para destacar caracter\u00edsticas arquitet\u00f4nicas.<\/li>\n\n\n\n<li>Salas de cinema em casa e lounges usam ilumina\u00e7\u00e3o indireta para criar uma atmosfera.<\/li>\n\n\n\n<li>A ilumina\u00e7\u00e3o para arquitetura pode fazer com que ambientes de trabalho e salas de recep\u00e7\u00e3o pare\u00e7am limpos e profissionais.<\/li>\n<\/ul>\n\n\n\n<p>Adicione toques finais perfeitos usando acess\u00f3rios como o <mark style=\"background-color:rgba(0, 0, 0, 0)\" class=\"has-inline-color has-vivid-red-color\"><a href=\"https:\/\/tangooled.com\/pt\/product\/18x18mm-led-strip-corner-profile-for-12mm-led-strips\/\">perfil de canto de fita LED 18x18mm para fitas LED de 12mm<\/a>.<\/mark><\/p>\n<\/div>\n\n\n\n<p><\/p>","protected":false},"featured_media":13698,"template":"","meta":{"_acf_changed":true,"_seopress_robots_primary_cat":"none","_seopress_titles_title":"Plaster-in LED Skirting Channel for12mm Strip SK12 | TANGOOLED","_seopress_titles_desc":"The SK12 is a professional plaster-in led skirting channel optimized for 12mm strips. Achieve a seamless, trimless baseboard lighting effect in drywall projects with this recessed aluminum profile.","_seopress_robots_index":""},"pcb-width":[228],"product-cat":[198],"class_list":{"0":"post-42122","1":"product","2":"type-product","3":"status-publish","4":"has-post-thumbnail","6":"pcb-width-6-12mm","7":"product-cat-skirting-profile"},"acf":[],"_links":{"self":[{"href":"https:\/\/tangooled.com\/pt\/wp-json\/wp\/v2\/product\/42122","targetHints":{"allow":["GET"]}}],"collection":[{"href":"https:\/\/tangooled.com\/pt\/wp-json\/wp\/v2\/product"}],"about":[{"href":"https:\/\/tangooled.com\/pt\/wp-json\/wp\/v2\/types\/product"}],"wp:featuredmedia":[{"embeddable":true,"href":"https:\/\/tangooled.com\/pt\/wp-json\/wp\/v2\/media\/13698"}],"wp:attachment":[{"href":"https:\/\/tangooled.com\/pt\/wp-json\/wp\/v2\/media?parent=42122"}],"wp:term":[{"taxonomy":"pcb-width","embeddable":true,"href":"https:\/\/tangooled.com\/pt\/wp-json\/wp\/v2\/pcb-width?post=42122"},{"taxonomy":"product-cat","embeddable":true,"href":"https:\/\/tangooled.com\/pt\/wp-json\/wp\/v2\/product-cat?post=42122"}],"curies":[{"name":"wp","href":"https:\/\/api.w.org\/{rel}","templated":true}]}}