{"id":42120,"date":"2025-12-16T01:58:37","date_gmt":"2025-12-16T09:58:37","guid":{"rendered":"https:\/\/tangooled.com\/?post_type=product&#038;p=42120"},"modified":"2026-02-02T22:15:00","modified_gmt":"2026-02-03T06:15:00","slug":"waist-line-in-wall-stair-lighting-aluminum-led-profile","status":"publish","type":"product","link":"https:\/\/tangooled.com\/pt\/product\/waist-line-in-wall-stair-lighting-aluminum-led-profile\/","title":{"rendered":"Perfil de LED em alum\u00ednio para ilumina\u00e7\u00e3o de escada embutida na parede"},"content":{"rendered":"<div class=\"wp-block-group is-vertical is-layout-flex wp-container-core-group-is-layout-d255d7c4 wp-block-group-is-layout-flex\" style=\"padding-top:var(--wp--preset--spacing--80);padding-bottom:var(--wp--preset--spacing--80)\">\n<p>O nosso perfil de ilumina\u00e7\u00e3o de escada embutido na parede \u00e9 um canal de LED em alum\u00ednio que \u00e9 recuado. Pode ser instalado em drywall ou gesso para uma ilumina\u00e7\u00e3o sem emendas e embutida. Isso proporciona um brilho sutil, mas intenso, \u00e0s suas paredes e escadas.<\/p>\n\n\n\n<p>It&#8217;s made to light up stairs, but it also works well for lighting up waistlines along corridors or skirting boards. The aluminum case functions as a heat sink, which keeps the LED strips cool and makes them live longer.<\/p>\n\n\n\n<p>This aluminum LED profile gives out a gentle, clear, and even glow that changes the look of walls and staircases with a modern, safe, and smooth light. It&#8217;s great for updating homes, offices, commercial halls, and retail areas.<\/p>\n<\/div>\n\n\n\n<div class=\"wp-block-group has-background is-vertical is-layout-flex wp-container-core-group-is-layout-d255d7c4 wp-block-group-is-layout-flex\" style=\"background-color:#f1f1f1;padding-top:var(--wp--preset--spacing--80);padding-bottom:var(--wp--preset--spacing--80)\">\n<div class=\"wp-block-group is-vertical is-layout-flex wp-container-core-group-is-layout-8cf370e7 wp-block-group-is-layout-flex\">\n<h2 class=\"wp-block-heading\" style=\"padding-top:var(--wp--preset--spacing--40);padding-bottom:var(--wp--preset--spacing--40);font-size:25px;font-style:normal;font-weight:600;text-transform:capitalize\">Por que escolher este perfil?<\/h2>\n\n\n\n<ul class=\"wp-block-list\">\n<li>Looks like it&#8217;s flush with the wall\u2014no frames or corners are apparent.<\/li>\n\n\n\n<li>Ilumina\u00e7\u00e3o suave e sem ofuscamento que \u00e9 \u00f3tima para destacar paredes ou tornar escadas mais seguras.<\/li>\n\n\n\n<li>Feito de uma liga de alum\u00ednio 6063 de alta qualidade que permite que o calor escape facilmente.<\/li>\n\n\n\n<li>Vem com um difusor de policarbonato fosco que torna a luz suave sem pontos de LED distrativos.<\/li>\n\n\n\n<li>Pode ser usado com fitas de LED de 12V ou 24V e at\u00e9 12mm de largura.<\/li>\n\n\n\n<li>Dispon\u00edvel nas acabamentos anodizado preto, branco ou prata.<\/li>\n<\/ul>\n<\/div>\n<\/div>\n\n\n\n<div class=\"wp-block-group\" style=\"padding-top:var(--wp--preset--spacing--60);padding-bottom:var(--wp--preset--spacing--60)\"><div class=\"wp-block-group__inner-container is-layout-constrained wp-block-group-is-layout-constrained\">\n<div class=\"wp-block-media-text has-media-on-the-right is-stacked-on-mobile\" style=\"grid-template-columns:auto 40%\"><div class=\"wp-block-media-text__content\">\n<h2 class=\"wp-block-heading\" style=\"padding-top:var(--wp--preset--spacing--40);padding-bottom:var(--wp--preset--spacing--40);font-size:25px;font-style:normal;font-weight:600;text-transform:capitalize\">Como Usar<\/h2>\n\n\n\n<ul class=\"wp-block-list\">\n<li>Fa\u00e7a um sulco no drywall ou gesso ao longo da sua parede ou escada que seja aproximadamente do mesmo tamanho que o perfil.<\/li>\n\n\n\n<li>Coloque o perfil de LED em alum\u00ednio no sulco e assegure-se de que ele permane\u00e7a l\u00e1.<\/li>\n\n\n\n<li>Coloque massa de drywall ou gesso sobre os lados com buracos (instala\u00e7\u00e3o embutida) para deixar o acabamento liso.<\/li>\n\n\n\n<li>Coloque a fita de LED dentro do perfil.<\/li>\n\n\n\n<li>Coloque o difusor fosco para tornar a luz mais uniforme e suave.<\/li>\n<\/ul>\n<\/div><figure class=\"wp-block-media-text__media\"><img loading=\"lazy\" decoding=\"async\" width=\"500\" height=\"500\" src=\"https:\/\/tangooled.com\/wp-content\/uploads\/2025\/12\/sk11-ins.webp\" alt=\"waist line in wall stair lighting aluminum led profile\" class=\"wp-image-42158 size-full\" srcset=\"https:\/\/tangooled.com\/wp-content\/uploads\/2025\/12\/sk11-ins.webp 500w, https:\/\/tangooled.com\/wp-content\/uploads\/2025\/12\/sk11-ins-300x300.webp 300w, https:\/\/tangooled.com\/wp-content\/uploads\/2025\/12\/sk11-ins-150x150.webp 150w\" sizes=\"auto, (max-width: 500px) 100vw, 500px\" \/><\/figure><\/div>\n<\/div><\/div>\n\n\n\n<div class=\"wp-block-group has-background is-vertical is-layout-flex wp-container-core-group-is-layout-b429018a wp-block-group-is-layout-flex\" style=\"background-color:#f1f1f1f2;padding-top:var(--wp--preset--spacing--70);padding-bottom:var(--wp--preset--spacing--70)\">\n<h2 class=\"wp-block-heading\" style=\"padding-top:var(--wp--preset--spacing--40);padding-bottom:var(--wp--preset--spacing--40);font-size:25px;font-style:normal;font-weight:600;text-transform:capitalize\">what&#8217;s in the kit\uff1f<\/h2>\n\n\n\n<ul class=\"wp-block-list\">\n<li>Canal de alum\u00ednio embutido na parede anodizado<\/li>\n\n\n\n<li>Difusor de LED opalino <\/li>\n\n\n\n<li>Tampas de extremidade<\/li>\n<\/ul>\n<\/div>\n\n\n\n<div class=\"wp-block-group is-vertical is-layout-flex wp-container-core-group-is-layout-d255d7c4 wp-block-group-is-layout-flex\" style=\"padding-top:var(--wp--preset--spacing--80);padding-bottom:var(--wp--preset--spacing--80)\">\n<h2 class=\"wp-block-heading\" style=\"padding-top:var(--wp--preset--spacing--40);padding-bottom:var(--wp--preset--spacing--40);font-size:25px;font-style:normal;font-weight:600;text-transform:capitalize\">Links Internos que Voc\u00ea Pode Gostar<\/h2>\n\n\n\n<ul class=\"wp-block-list\">\n<li>Explore mais sobre <a href=\"https:\/\/tangooled.com\/pt\/product\/black-led-profile-with-black-diffuser-for-10mm-led-strip-light\/\"><mark style=\"background-color:rgba(0, 0, 0, 0)\" class=\"has-inline-color has-vivid-red-color\">perfil LED preto com difusor preto para fita de LED de 10mm<\/mark><\/a><\/li>\n\n\n\n<li>Veja o <a href=\"https:\/\/tangooled.com\/pt\/product\/led-strip-light-channel-aluminum-profile-with-diffused-cover-6mm-height\/\"><mark style=\"background-color:rgba(0, 0, 0, 0)\" class=\"has-inline-color has-vivid-red-color\">Canal de luz LED de alum\u00ednio com cobertura difusa, altura de 6 mm<\/mark><\/a><\/li>\n\n\n\n<li>Veja o nosso <a href=\"https:\/\/tangooled.com\/pt\/product\/surface-mount-led-profile-with-frosted-diffuser-for-10mm-rope-lights\/\"><mark style=\"background-color:rgba(0, 0, 0, 0)\" class=\"has-inline-color has-vivid-red-color\">perfil de LED de montagem em superf\u00edcie com difusor fosco para luzes de corda de 10mm<\/mark><\/a><\/li>\n\n\n\n<li>Saiba mais sobre o <a href=\"https:\/\/tangooled.com\/pt\/product\/side-lighting-2-in-1-aluminum-led-baseboard-for-15mm-strips\/\"><mark style=\"background-color:rgba(0, 0, 0, 0)\" class=\"has-inline-color has-vivid-red-color\">ilumina\u00e7\u00e3o lateral de base de alum\u00ednio 2-em-1 para fitas de 15mm<\/mark><\/a><\/li>\n\n\n\n<li>Descubra todos os detalhes do produto em <a href=\"https:\/\/tangooled.com\/pt\/product\/waist-line-in-wall-stair-lighting-aluminum-led-profile\/\"><mark style=\"background-color:rgba(0, 0, 0, 0)\" class=\"has-inline-color has-vivid-red-color\">Perfil de LED em alum\u00ednio para ilumina\u00e7\u00e3o de escada embutida na parede<\/mark><\/a><\/li>\n<\/ul>\n<\/div>\n\n\n\n<div class=\"wp-block-group has-background\" style=\"background-color:#f1f1f1;padding-top:var(--wp--preset--spacing--80);padding-bottom:var(--wp--preset--spacing--80)\"><div class=\"wp-block-group__inner-container is-layout-constrained wp-block-group-is-layout-constrained\">\n<h2 class=\"wp-block-heading\" style=\"padding-top:var(--wp--preset--spacing--40);padding-right:0;padding-bottom:var(--wp--preset--spacing--40);padding-left:0;font-size:25px;font-style:normal;font-weight:600;text-transform:capitalize\">resumo<\/h2>\n\n\n\n<p style=\"padding-right:var(--wp--preset--spacing--50);padding-left:var(--wp--preset--spacing--50)\">O nosso perfil de ilumina\u00e7\u00e3o de escada embutido na parede \u00e9 uma maneira segura e bonita de iluminar corredores, escadas e rodap\u00e9s. Inclui uma instala\u00e7\u00e3o embutida, uma caixa de alum\u00ednio de alta qualidade e um difusor de policarbonato que fornece uma linda linha de luz sem ofuscamento. Voc\u00ea pode escolher entre uma variedade de acabamentos e comprimentos, e pode cort\u00e1-los para obter um encaixe perfeito. Este perfil \u00e9 perfeito para criar ilumina\u00e7\u00e3o para lares, empresas, lojas e hot\u00e9is. Ele tem uma \u00f3tima apar\u00eancia e dura muito tempo.<\/p>\n<\/div><\/div>\n\n\n\n<p><\/p>","protected":false},"featured_media":13693,"template":"","meta":{"_acf_changed":true,"_seopress_robots_primary_cat":"none","_seopress_titles_title":"Waist Line In-wall Stair Lighting Profile SK11 | TANGOOLED","_seopress_titles_desc":"The SK11 is a professional waist line in-wall stair lighting profile designed for seamless linear light. Create safe and elegant recessed guidance lighting along stairs and hallways.","_seopress_robots_index":""},"pcb-width":[228],"product-cat":[198],"class_list":{"0":"post-42120","1":"product","2":"type-product","3":"status-publish","4":"has-post-thumbnail","6":"pcb-width-6-12mm","7":"product-cat-skirting-profile"},"acf":[],"_links":{"self":[{"href":"https:\/\/tangooled.com\/pt\/wp-json\/wp\/v2\/product\/42120","targetHints":{"allow":["GET"]}}],"collection":[{"href":"https:\/\/tangooled.com\/pt\/wp-json\/wp\/v2\/product"}],"about":[{"href":"https:\/\/tangooled.com\/pt\/wp-json\/wp\/v2\/types\/product"}],"wp:featuredmedia":[{"embeddable":true,"href":"https:\/\/tangooled.com\/pt\/wp-json\/wp\/v2\/media\/13693"}],"wp:attachment":[{"href":"https:\/\/tangooled.com\/pt\/wp-json\/wp\/v2\/media?parent=42120"}],"wp:term":[{"taxonomy":"pcb-width","embeddable":true,"href":"https:\/\/tangooled.com\/pt\/wp-json\/wp\/v2\/pcb-width?post=42120"},{"taxonomy":"product-cat","embeddable":true,"href":"https:\/\/tangooled.com\/pt\/wp-json\/wp\/v2\/product-cat?post=42120"}],"curies":[{"name":"wp","href":"https:\/\/api.w.org\/{rel}","templated":true}]}}