{"id":42118,"date":"2025-12-16T01:53:41","date_gmt":"2025-12-16T09:53:41","guid":{"rendered":"https:\/\/tangooled.com\/?post_type=product&#038;p=42118"},"modified":"2026-02-02T22:09:04","modified_gmt":"2026-02-03T06:09:04","slug":"waist-line-wall-recessed-lighting-indirect-ceiling-cove-12mm-led-strip-profile","status":"publish","type":"product","link":"https:\/\/tangooled.com\/pt\/product\/waist-line-wall-recessed-lighting-indirect-ceiling-cove-12mm-led-strip-profile\/","title":{"rendered":"Perfil de fita LED de 12mm para ilumina\u00e7\u00e3o indireta em cove de teto embutido na parede"},"content":{"rendered":"<div class=\"wp-block-group is-vertical is-layout-flex wp-container-core-group-is-layout-d255d7c4 wp-block-group-is-layout-flex\" style=\"padding-top:var(--wp--preset--spacing--80);padding-bottom:var(--wp--preset--spacing--80)\">\n<p>O nosso perfil LED embutido na linha da cintura \u00e9 um elegante canal em alum\u00ednio que ilumina suas paredes e tetos com uma luz suave e brilhante. Ele se encaixa perfeitamente em drywall ou gesso sem qualquer moldura, escondendo a fonte de luz e oferecendo um visual limpo e moderno. Esta t\u00e9cnica faz com que a luz pare\u00e7a sair diretamente da superf\u00edcie.<\/p>\n\n\n\n<p>O perfil pode aceitar fitas LED de at\u00e9 12mm de largura, e funciona melhor para ilumina\u00e7\u00e3o indireta. Voc\u00ea pode coloc\u00e1-lo em uma jun\u00e7\u00e3o parede-teto ou na altura da cintura nas paredes para criar um brilho suave e quente que muda e melhora a atmosfera de qualquer ambiente.<\/p>\n<\/div>\n\n\n\n<div class=\"wp-block-group has-background is-vertical is-layout-flex wp-container-core-group-is-layout-d255d7c4 wp-block-group-is-layout-flex\" style=\"background-color:#f1f1f1;padding-top:var(--wp--preset--spacing--80);padding-bottom:var(--wp--preset--spacing--80)\">\n<div class=\"wp-block-group is-vertical is-layout-flex wp-container-core-group-is-layout-8cf370e7 wp-block-group-is-layout-flex\">\n<h2 class=\"wp-block-heading\" style=\"padding-top:var(--wp--preset--spacing--40);padding-bottom:var(--wp--preset--spacing--40);font-size:25px;font-style:normal;font-weight:600;text-transform:capitalize\">Por que escolher o nosso perfil LED embutido na linha da cintura?<\/h2>\n\n\n\n<ul class=\"wp-block-list\">\n<li>A ilumina\u00e7\u00e3o \u00e9 perfeita e sem pontos, com uma cobertura opalina difusa que proporciona um brilho suave e uniforme.<\/li>\n\n\n\n<li>Feito de alum\u00ednio anodizado 6063-T5 para um potente dissipador de calor e longa durabilidade.&nbsp;<\/li>\n\n\n\n<li>Aceita fitas LED padr\u00e3o de 12mm e \u00e9 compat\u00edvel com muitas marcas, permitindo que voc\u00ea escolha o brilho e as cores que deseja.<\/li>\n\n\n\n<li>F\u00e1cil de instalar em drywall ou gesso de 15mm.&nbsp;<\/li>\n\n\n\n<li>Proporciona uma apar\u00eancia limpa e arquitet\u00f4nica, sem molduras vis\u00edveis.&nbsp;<\/li>\n\n\n\n<li>Suporta extens\u00f5es cont\u00ednuas e conex\u00f5es em \u00e2ngulo.<\/li>\n<\/ul>\n<\/div>\n<\/div>\n\n\n\n<div class=\"wp-block-group is-vertical is-layout-flex wp-container-core-group-is-layout-d255d7c4 wp-block-group-is-layout-flex\" style=\"padding-top:var(--wp--preset--spacing--80);padding-bottom:var(--wp--preset--spacing--80)\">\n<hr class=\"wp-block-separator has-alpha-channel-opacity\"\/>\n\n\n\n<div class=\"wp-block-media-text has-media-on-the-right is-stacked-on-mobile\" style=\"grid-template-columns:auto 40%\"><div class=\"wp-block-media-text__content\">\n<h2 class=\"wp-block-heading\" style=\"padding-top:var(--wp--preset--spacing--40);padding-bottom:var(--wp--preset--spacing--40);font-size:25px;font-style:normal;font-weight:600;text-transform:capitalize\">Dicas de Instala\u00e7\u00e3o<\/h2>\n\n\n\n<ul class=\"wp-block-list\">\n<li>Fixe o perfil diretamente \u00e0 estrutura antes de instalar o drywall ou gesso.<\/li>\n\n\n\n<li>Aplique composto para juntas ou gesso sobre a flange e lixe para ficar suave.<\/li>\n\n\n\n<li>Coloque a fita LED de 12mm escolhida dentro e cubra-a com o difusor inclu\u00eddo.<\/li>\n\n\n\n<li>Use drivers e dimmers LED para mudar o brilho e a temperatura de cor.<\/li>\n<\/ul>\n<\/div><figure class=\"wp-block-media-text__media\"><img loading=\"lazy\" decoding=\"async\" width=\"500\" height=\"500\" src=\"https:\/\/tangooled.com\/wp-content\/uploads\/2025\/12\/sk10-ins.webp\" alt=\"waist line wall recessed lighting indirect ceiling cove 12mm led strip profile\" class=\"wp-image-42154 size-full\" srcset=\"https:\/\/tangooled.com\/wp-content\/uploads\/2025\/12\/sk10-ins.webp 500w, https:\/\/tangooled.com\/wp-content\/uploads\/2025\/12\/sk10-ins-300x300.webp 300w, https:\/\/tangooled.com\/wp-content\/uploads\/2025\/12\/sk10-ins-150x150.webp 150w\" sizes=\"auto, (max-width: 500px) 100vw, 500px\" \/><\/figure><\/div>\n<\/div>\n\n\n\n<div class=\"wp-block-group has-background is-vertical is-layout-flex wp-container-core-group-is-layout-b429018a wp-block-group-is-layout-flex\" style=\"background-color:#f1f1f1f2;padding-top:var(--wp--preset--spacing--70);padding-bottom:var(--wp--preset--spacing--70)\">\n<h2 class=\"wp-block-heading\" style=\"padding-top:var(--wp--preset--spacing--40);padding-bottom:var(--wp--preset--spacing--40);font-size:25px;font-style:normal;font-weight:600\">Como usar: Cen\u00e1rios de uso<\/h2>\n\n\n\n<ul class=\"wp-block-list\">\n<li>Cove lighting for the ceiling: To make a glowing cove light, put this profile where the wall and ceiling meet. This can make the ceiling look like it&#8217;s floating, which makes spaces feel bigger and gentler.<\/li>\n\n\n\n<li>Ilumina\u00e7\u00e3o embutida na parede na altura da cintura: Para uma ilumina\u00e7\u00e3o de acento colorida e moderna em corredores ou para ajudar as pessoas a se orientarem em hot\u00e9is e escrit\u00f3rios, coloque horizontalmente a uma altura de cintura.<\/li>\n\n\n\n<li>Ilumina\u00e7\u00e3o na base e n\u00edvel do piso: Voc\u00ea pode us\u00e1-lo no n\u00edvel do piso para iluminar suavemente um caminho ou para destacar caracter\u00edsticas arquitet\u00f4nicas com uma linha suave de luz indireta LED.<\/li>\n\n\n\n<li>Acentos na parede: Use este perfil verticalmente para iluminar paredes ou destacar detalhes arquitet\u00f4nicos sem ofuscamento ou \u00e1reas \u00e1speras.<\/li>\n<\/ul>\n<\/div>\n\n\n\n<div class=\"wp-block-group is-vertical is-layout-flex wp-container-core-group-is-layout-d255d7c4 wp-block-group-is-layout-flex\" style=\"padding-top:var(--wp--preset--spacing--80);padding-bottom:var(--wp--preset--spacing--80)\">\n<h2 class=\"wp-block-heading\" style=\"padding-top:var(--wp--preset--spacing--40);padding-bottom:var(--wp--preset--spacing--40);font-size:25px;font-style:normal;font-weight:600;text-transform:capitalize\">Explore Produtos Relacionados<\/h2>\n\n\n\n<p>Voc\u00ea pode gostar de outros perfis para seus projetos LED:<\/p>\n\n\n\n<ul class=\"wp-block-list\">\n<li><a href=\"https:\/\/tangooled.com\/pt\/product\/black-led-diffuser-aluminum-channel-for-12mm-tape-lights\/\"><mark style=\"background-color:rgba(0, 0, 0, 0)\" class=\"has-inline-color has-vivid-red-color\">Canal de alum\u00ednio com difusor LED preto para luzes de fita de 12mm<\/mark><\/a><\/li>\n\n\n\n<li><a href=\"https:\/\/tangooled.com\/pt\/product\/18x18mm-led-strip-corner-profile-for-12mm-led-strips\/\"><mark style=\"background-color:rgba(0, 0, 0, 0)\" class=\"has-inline-color has-vivid-red-color\">Perfil de canto de fita LED 18x18mm para fitas LED de 12mm<\/mark><\/a><\/li>\n\n\n\n<li><a href=\"https:\/\/tangooled.com\/pt\/product\/aluminum-drywall-led-skirting-profile-for-12mm-tape-light\/\"><mark style=\"background-color:rgba(0, 0, 0, 0)\" class=\"has-inline-color has-vivid-red-color\">Perfil de alum\u00ednio para ilumina\u00e7\u00e3o LED de drywall para fita de 12mm<\/mark><\/a><\/li>\n\n\n\n<li><a href=\"https:\/\/tangooled.com\/pt\/product\/recessed-led-aluminum-profile-up-and-down-lighting-channel-for-cabinet\/\"><mark style=\"background-color:rgba(0, 0, 0, 0)\" class=\"has-inline-color has-vivid-red-color\">Perfil de alum\u00ednio LED embutido para ilumina\u00e7\u00e3o superior e inferior para arm\u00e1rios<\/mark><\/a><\/li>\n<\/ul>\n<\/div>\n\n\n\n<div class=\"wp-block-group has-background\" style=\"background-color:#f1f1f1;padding-top:var(--wp--preset--spacing--80);padding-bottom:var(--wp--preset--spacing--80)\"><div class=\"wp-block-group__inner-container is-layout-constrained wp-block-group-is-layout-constrained\">\n<h2 class=\"wp-block-heading\" style=\"padding-top:var(--wp--preset--spacing--40);padding-right:0;padding-bottom:var(--wp--preset--spacing--40);padding-left:0;font-size:25px;font-style:normal;font-weight:600;text-transform:capitalize\">resumo<\/h2>\n\n\n\n<p style=\"padding-right:var(--wp--preset--spacing--50);padding-left:var(--wp--preset--spacing--50)\">O nosso perfil LED embutido na linha da cintura \u00e9 a abordagem ideal para obter uma ilumina\u00e7\u00e3o de cove suave e indireta, e ilumina\u00e7\u00e3o de acento. Este perfil de alum\u00ednio de qualidade arquitet\u00f4nica \u00e9 f\u00e1cil de instalar em drywall. Ele se adapta a fitas LED de 12mm e cria uma luz suave, sem pontos. Use-o em paredes, tetos, rodap\u00e9s ou nichos para adicionar luz elegante e sem ofuscamento a qualquer ambiente.<\/p>\n<\/div><\/div>\n\n\n\n<p><\/p>","protected":false},"featured_media":13688,"template":"","meta":{"_acf_changed":true,"_seopress_robots_primary_cat":"none","_seopress_titles_title":"Waist Line Wall Recessed LED Profile for Indirect Lighting SK10 | TANGOOLED","_seopress_titles_desc":"The SK10 is a versatile waist line wall recessed led profile for 12mm strips. Create seamless horizontal light accents or small ceiling coves with this architectural aluminum channel.","_seopress_robots_index":""},"pcb-width":[228],"product-cat":[198],"class_list":{"0":"post-42118","1":"product","2":"type-product","3":"status-publish","4":"has-post-thumbnail","6":"pcb-width-6-12mm","7":"product-cat-skirting-profile"},"acf":[],"_links":{"self":[{"href":"https:\/\/tangooled.com\/pt\/wp-json\/wp\/v2\/product\/42118","targetHints":{"allow":["GET"]}}],"collection":[{"href":"https:\/\/tangooled.com\/pt\/wp-json\/wp\/v2\/product"}],"about":[{"href":"https:\/\/tangooled.com\/pt\/wp-json\/wp\/v2\/types\/product"}],"wp:featuredmedia":[{"embeddable":true,"href":"https:\/\/tangooled.com\/pt\/wp-json\/wp\/v2\/media\/13688"}],"wp:attachment":[{"href":"https:\/\/tangooled.com\/pt\/wp-json\/wp\/v2\/media?parent=42118"}],"wp:term":[{"taxonomy":"pcb-width","embeddable":true,"href":"https:\/\/tangooled.com\/pt\/wp-json\/wp\/v2\/pcb-width?post=42118"},{"taxonomy":"product-cat","embeddable":true,"href":"https:\/\/tangooled.com\/pt\/wp-json\/wp\/v2\/product-cat?post=42118"}],"curies":[{"name":"wp","href":"https:\/\/api.w.org\/{rel}","templated":true}]}}