{"id":42114,"date":"2025-12-16T01:39:52","date_gmt":"2025-12-16T09:39:52","guid":{"rendered":"https:\/\/tangooled.com\/?post_type=product&#038;p=42114"},"modified":"2026-02-02T22:08:31","modified_gmt":"2026-02-03T06:08:31","slug":"recessed-led-baseboard-molding-for-5mm-strip-lighting","status":"publish","type":"product","link":"https:\/\/tangooled.com\/pt\/product\/recessed-led-baseboard-molding-for-5mm-strip-lighting\/","title":{"rendered":"Moldura de Rodap\u00e9 LED Embutido Para Ilumina\u00e7\u00e3o de Fita de 5mm"},"content":{"rendered":"<div class=\"wp-block-group is-vertical is-layout-flex wp-container-core-group-is-layout-d255d7c4 wp-block-group-is-layout-flex\" style=\"padding-top:var(--wp--preset--spacing--80);padding-bottom:var(--wp--preset--spacing--80)\">\n<p>Este rodap\u00e9 LED embutido \u00e9 um canal fino constru\u00eddo em uma liga de alum\u00ednio resistente. \u00c9 ideal para iluminar o ch\u00e3o. O design foi feito para acomodar fitas de LED que t\u00eam 5 mm de largura de forma segura. N\u00e3o h\u00e1 ofuscamento intenso, pois o difusor fosco mant\u00e9m a luz constante, suave e livre de manchas.<\/p>\n\n\n\n<p>Este canal de rodap\u00e9 tem apenas 10 mm de largura e 40 mm de altura, portanto pode ser instalado em \u00e1reas pequenas como cozinhas e banheiros sem ocupar muito espa\u00e7o. Pode ser instalado sem acabamento onde a parede encontra o ch\u00e3o, o que significa que funciona tanto com paredes de madeira quanto com paredes azulejadas. A forma se encaixa no ambiente sem suportes ou bordas vis\u00edveis, proporcionando um visual limpo e moderno.<\/p>\n<\/div>\n\n\n\n<div class=\"wp-block-group has-background is-vertical is-layout-flex wp-container-core-group-is-layout-d255d7c4 wp-block-group-is-layout-flex\" style=\"background-color:#f1f1f1;padding-top:var(--wp--preset--spacing--80);padding-bottom:var(--wp--preset--spacing--80)\">\n<div class=\"wp-block-group is-vertical is-layout-flex wp-container-core-group-is-layout-8cf370e7 wp-block-group-is-layout-flex\">\n<h2 class=\"wp-block-heading\" style=\"padding-top:var(--wp--preset--spacing--40);padding-bottom:var(--wp--preset--spacing--40);font-size:25px;font-style:normal;font-weight:600;text-transform:capitalize\">Principais Caracter\u00edsticas &amp; Benef\u00edcios<\/h2>\n\n\n\n<ul class=\"wp-block-list\">\n<li>Design Embutido: O rodap\u00e9 embutido se alinha com a sua parede para um visual organizado.\u00a0<\/li>\n\n\n\n<li>Compat\u00edvel com Fitas LED de 5mm: Mant\u00e9m fitas de LED estreitas no lugar sem lacunas ou movimento.<\/li>\n\n\n\n<li>Luz uniforme e sem pontos: A lente do difusor fosco torna a luz mais suave, permitindo que ela brilhe de forma cont\u00ednua.<\/li>\n\n\n\n<li>Feito de alum\u00ednio resistente: Protege as fitas de LED e atua como dissipador de calor para prolongar sua vida \u00fatil.<\/li>\n\n\n\n<li>V\u00e1rias Acabamentos: Dispon\u00edvel em prata anodizada, preto com revestimento em p\u00f3 ou branco pint\u00e1vel.<\/li>\n\n\n\n<li>Funciona tanto para nova constru\u00e7\u00e3o quanto para renova\u00e7\u00f5es: pode ser facilmente instalado em drywall ou gesso.<\/li>\n<\/ul>\n<\/div>\n<\/div>\n\n\n\n<div class=\"wp-block-group\" style=\"padding-top:var(--wp--preset--spacing--60);padding-bottom:var(--wp--preset--spacing--60)\"><div class=\"wp-block-group__inner-container is-layout-constrained wp-block-group-is-layout-constrained\">\n<div class=\"wp-block-media-text has-media-on-the-right is-stacked-on-mobile\" style=\"grid-template-columns:auto 40%\"><div class=\"wp-block-media-text__content\">\n<h2 class=\"wp-block-heading\" style=\"padding-top:var(--wp--preset--spacing--40);padding-bottom:var(--wp--preset--spacing--40);font-size:25px;font-style:normal;font-weight:600;text-transform:capitalize\">Como Instalar o Rodap\u00e9 LED Embutido<\/h2>\n\n\n\n<ul class=\"wp-block-list\">\n<li>Fa\u00e7a um corte no drywall ou gesso onde o rodap\u00e9 ser\u00e1 colocado.<\/li>\n\n\n\n<li>Instale o rodap\u00e9 de alum\u00ednio de modo que fique nivelado com a parede.<\/li>\n\n\n\n<li>Coloque sua fita LED de 5mm dentro do canal.<\/li>\n\n\n\n<li>Coloque o difusor fosco e feche as extremidades do perfil com tampas de extremidade. <\/li>\n\n\n\n<li>Para dar a impress\u00e3o de uma pe\u00e7a \u00fanica, termine o gesso ou pinte ao redor do rodap\u00e9.<\/li>\n\n\n\n<li>Conecte a um driver LED que opere em 12V ou 24V (vendido separadamente).<\/li>\n<\/ul>\n<\/div><figure class=\"wp-block-media-text__media\"><img loading=\"lazy\" decoding=\"async\" width=\"500\" height=\"500\" src=\"https:\/\/tangooled.com\/wp-content\/uploads\/2025\/12\/sk08-ins.webp\" alt=\"recessed led baseboard molding for 5mm strip lighting\" class=\"wp-image-42152 size-full\" srcset=\"https:\/\/tangooled.com\/wp-content\/uploads\/2025\/12\/sk08-ins.webp 500w, https:\/\/tangooled.com\/wp-content\/uploads\/2025\/12\/sk08-ins-300x300.webp 300w, https:\/\/tangooled.com\/wp-content\/uploads\/2025\/12\/sk08-ins-150x150.webp 150w\" sizes=\"auto, (max-width: 500px) 100vw, 500px\" \/><\/figure><\/div>\n<\/div><\/div>\n\n\n\n<div class=\"wp-block-group has-background is-vertical is-layout-flex wp-container-core-group-is-layout-b429018a wp-block-group-is-layout-flex\" style=\"background-color:#f1f1f1f2;padding-top:var(--wp--preset--spacing--70);padding-bottom:var(--wp--preset--spacing--70)\">\n<h2 class=\"wp-block-heading\" style=\"padding-top:var(--wp--preset--spacing--40);padding-bottom:var(--wp--preset--spacing--40);font-size:25px;font-style:normal;font-weight:600\">Onde Us\u00e1-lo?<\/h2>\n\n\n\n<p>Nosso rodap\u00e9 LED embutido \u00e9 excelente para:<\/p>\n\n\n\n<ul class=\"wp-block-list\">\n<li>Corredores e passagens: Apar\u00eancia moderna e ilumina\u00e7\u00e3o noturna segura.<\/li>\n\n\n\n<li>Salas de Estar e Quartos: Adiciona um brilho acolhedor ao ch\u00e3o que torna o ambiente convidativo.<\/li>\n\n\n\n<li>Cozinhas e banheiros: A ilumina\u00e7\u00e3o sob os arm\u00e1rios \u00e9 uma maneira limpa e estilosa de iluminar as tarefas.<\/li>\n\n\n\n<li>Espa\u00e7os Comerciais: Hot\u00e9is, restaurantes e escrit\u00f3rios adoram a ilumina\u00e7\u00e3o indireta que \u00e9 t\u00e3o elegante.<\/li>\n<\/ul>\n<\/div>\n\n\n\n<div class=\"wp-block-group is-vertical is-layout-flex wp-container-core-group-is-layout-d255d7c4 wp-block-group-is-layout-flex\" style=\"padding-top:var(--wp--preset--spacing--80);padding-bottom:var(--wp--preset--spacing--80)\">\n<h2 class=\"wp-block-heading\" style=\"padding-top:var(--wp--preset--spacing--40);padding-bottom:var(--wp--preset--spacing--40);font-size:25px;font-style:normal;font-weight:600;text-transform:capitalize\">Produtos Relacionados<\/h2>\n\n\n\n<ul class=\"wp-block-list\">\n<li>Explore o<a href=\"https:\/\/tangooled.com\/pt\/product\/8x9mm-led-profile-aluminum-channel-rigid-bar-for-5mm-led-strips\/\"><mark style=\"background-color:rgba(0, 0, 0, 0)\" class=\"has-inline-color has-vivid-red-color\"> Canal de Alum\u00ednio 8x9mm para Fitas LED de 5mm<\/mark><\/a> para designs alternativos de canais.<\/li>\n\n\n\n<li>Procurando mais canais de ilumina\u00e7\u00e3o? Experimente o <a href=\"https:\/\/tangooled.com\/pt\/product\/recessed-aluminum-profile-17x8mm-for-led-strip-lighting\/\"><mark style=\"background-color:rgba(0, 0, 0, 0)\" class=\"has-inline-color has-vivid-red-color\">Perfil de Alum\u00ednio LED Embutido 17x8mm para Ilumina\u00e7\u00e3o com Fita LED<\/mark> <\/a>para tamanhos diferentes.<\/li>\n\n\n\n<li>Precisa de um difusor para fitas mais largas? Confira <mark style=\"background-color:rgba(0, 0, 0, 0)\" class=\"has-inline-color has-vivid-red-color\"><a href=\"https:\/\/tangooled.com\/pt\/product\/black-led-diffuser-aluminum-channel-for-12mm-tape-lights\/\">Canal de alum\u00ednio com difusor LED preto para luzes de fita de 12mm<\/a><\/mark><mark style=\"background-color:rgba(0, 0, 0, 0)\" class=\"has-inline-color has-black-color\">.<\/mark><\/li>\n<\/ul>\n<\/div>\n\n\n\n<div class=\"wp-block-group has-background\" style=\"background-color:#f1f1f1;padding-top:var(--wp--preset--spacing--80);padding-bottom:var(--wp--preset--spacing--80)\"><div class=\"wp-block-group__inner-container is-layout-constrained wp-block-group-is-layout-constrained\">\n<h2 class=\"wp-block-heading\" style=\"padding-top:var(--wp--preset--spacing--40);padding-right:0;padding-bottom:var(--wp--preset--spacing--40);padding-left:0;font-size:25px;font-style:normal;font-weight:600;text-transform:capitalize\">Resumo<\/h2>\n\n\n\n<p style=\"padding-right:var(--wp--preset--spacing--50);padding-left:var(--wp--preset--spacing--50)\">Nosso Rodap\u00e9 LED Embutido para Ilumina\u00e7\u00e3o com Fitas de 5mm adiciona uma ilumina\u00e7\u00e3o estilosa e discreta a lares e neg\u00f3cios modernos. Proporciona uma luz bonita e uniforme ao longo das paredes e ch\u00e3o com seu robusto acabamento em rodap\u00e9 de alum\u00ednio, constru\u00e7\u00e3o embutida e lente difusora fosca. Oferece seguran\u00e7a e estilo em corredores, cozinhas, salas e escrit\u00f3rios.<\/p>\n<\/div><\/div>\n\n\n\n<p><\/p>","protected":false},"featured_media":13655,"template":"","meta":{"_acf_changed":true,"_seopress_robots_primary_cat":"none","_seopress_titles_title":"Recessed LED Baseboard Molding for 5mm Strip SK08 | TANGOOLED","_seopress_titles_desc":"The SK08 is a premium recessed led baseboard molding specifically designed for ultra-narrow 5mm strips. Create a subtle, minimalist glowing line at the floor level with this slim aluminum profile.","_seopress_robots_index":""},"pcb-width":[228],"product-cat":[198],"class_list":{"0":"post-42114","1":"product","2":"type-product","3":"status-publish","4":"has-post-thumbnail","6":"pcb-width-6-12mm","7":"product-cat-skirting-profile"},"acf":[],"_links":{"self":[{"href":"https:\/\/tangooled.com\/pt\/wp-json\/wp\/v2\/product\/42114","targetHints":{"allow":["GET"]}}],"collection":[{"href":"https:\/\/tangooled.com\/pt\/wp-json\/wp\/v2\/product"}],"about":[{"href":"https:\/\/tangooled.com\/pt\/wp-json\/wp\/v2\/types\/product"}],"wp:featuredmedia":[{"embeddable":true,"href":"https:\/\/tangooled.com\/pt\/wp-json\/wp\/v2\/media\/13655"}],"wp:attachment":[{"href":"https:\/\/tangooled.com\/pt\/wp-json\/wp\/v2\/media?parent=42114"}],"wp:term":[{"taxonomy":"pcb-width","embeddable":true,"href":"https:\/\/tangooled.com\/pt\/wp-json\/wp\/v2\/pcb-width?post=42114"},{"taxonomy":"product-cat","embeddable":true,"href":"https:\/\/tangooled.com\/pt\/wp-json\/wp\/v2\/product-cat?post=42114"}],"curies":[{"name":"wp","href":"https:\/\/api.w.org\/{rel}","templated":true}]}}