{"id":42112,"date":"2025-12-16T01:34:52","date_gmt":"2025-12-16T09:34:52","guid":{"rendered":"https:\/\/tangooled.com\/?post_type=product&#038;p=42112"},"modified":"2026-02-02T22:08:15","modified_gmt":"2026-02-03T06:08:15","slug":"aluminum-drywall-led-skirting-profile-for-12mm-tape-light","status":"publish","type":"product","link":"https:\/\/tangooled.com\/pt\/product\/aluminum-drywall-led-skirting-profile-for-12mm-tape-light\/","title":{"rendered":"Perfil de Rodap\u00e9 LED em Alum\u00ednio para Luz de Fita de 12mm"},"content":{"rendered":"<div class=\"wp-block-group is-vertical is-layout-flex wp-container-core-group-is-layout-d255d7c4 wp-block-group-is-layout-flex\" style=\"padding-top:var(--wp--preset--spacing--80);padding-bottom:var(--wp--preset--spacing--80)\">\n<p>Este perfil de rodap\u00e9 LED em alum\u00ednio para luz de fita de 12mm \u00e9 uma pe\u00e7a de acabamento simples e altamente flex\u00edvel, perfeita para criar ilumina\u00e7\u00e3o de acento limpa e escondida. Feito de alum\u00ednio resistente, oferece um visual dur\u00e1vel e minimalista para fazer linhas retas de luz onde voc\u00ea quiser. Ao contr\u00e1rio de muitos outros perfis, este design \u00e9 intencionalmente livre de difusor, mantendo a estrutura simples para voc\u00ea obter a luz mais direta poss\u00edvel da sua fita LED.<\/p>\n\n\n\n<p>Este canal pode ser facilmente embutido em drywall ou placa de gesso, seja como um rodap\u00e9 LED moderno pr\u00f3ximo ao ch\u00e3o ou como um perfil de cintura sutil na parede quando instalado mais alto. Seu design \u00e9 focado em uma coloca\u00e7\u00e3o baixa a m\u00e9dia na parede para proporcionar luz indireta limpa, sem se estender at\u00e9 as jun\u00e7\u00f5es altas da parede ou do teto.<\/p>\n\n\n\n<p>Since it&#8217;s designed to be trimless, the whole profile hides completely inside the wall. This provides an incredibly clean and modern finish, with no visible aluminum edges once installation and plastering are complete. The channel is compatible with a range of common strip light widths, fitting LED tapes that are 8 mm, 10 mm, and up to 12 mm wide, ensuring broad flexibility in your choice of lighting.<\/p>\n<\/div>\n\n\n\n<div class=\"wp-block-group has-background is-vertical is-layout-flex wp-container-core-group-is-layout-d255d7c4 wp-block-group-is-layout-flex\" style=\"background-color:#f1f1f1;padding-top:var(--wp--preset--spacing--80);padding-bottom:var(--wp--preset--spacing--80)\">\n<div class=\"wp-block-group is-vertical is-layout-flex wp-container-core-group-is-layout-8cf370e7 wp-block-group-is-layout-flex\">\n<h2 class=\"wp-block-heading\" style=\"padding-top:var(--wp--preset--spacing--40);padding-bottom:var(--wp--preset--spacing--40);font-size:25px;font-style:normal;font-weight:600;text-transform:capitalize\">Por Que Escolher nosso perfil de rodap\u00e9 LED em drywall<\/h2>\n\n\n\n<ul class=\"wp-block-list\">\n<li>Acabamento flush e sem emendas: Este perfil se encaixa diretamente no seu drywall. Voc\u00ea reboca por cima sem lacunas ou emendas.<\/li>\n\n\n\n<li>Constru\u00e7\u00e3o em alum\u00ednio resistente: Feito de alum\u00ednio anodizado 6063-T5 de alta qualidade, resfria suas fitas LED para que durem mais.<\/li>\n\n\n\n<li>Compat\u00edvel com fitas LED de 12mm de largura: Tamanho perfeito para a maioria das fitas LED no mercado.<\/li>\n\n\n\n<li>Uso vers\u00e1til: \u00d3timo para corredores, escadas, salas de estar, hot\u00e9is, lojas ou escrit\u00f3rios.<\/li>\n<\/ul>\n<\/div>\n<\/div>\n\n\n\n<div class=\"wp-block-group\" style=\"padding-top:var(--wp--preset--spacing--60);padding-bottom:var(--wp--preset--spacing--60)\"><div class=\"wp-block-group__inner-container is-layout-constrained wp-block-group-is-layout-constrained\">\n<div class=\"wp-block-media-text has-media-on-the-right is-stacked-on-mobile\" style=\"grid-template-columns:auto 40%\"><div class=\"wp-block-media-text__content\">\n<h2 class=\"wp-block-heading\" style=\"padding-top:var(--wp--preset--spacing--40);padding-bottom:var(--wp--preset--spacing--40);font-size:25px;font-style:normal;font-weight:600;text-transform:capitalize\">Passos Simples para Instalar<\/h2>\n\n\n\n<ul class=\"wp-block-list\">\n<li>Parafuse o canal de alum\u00ednio no seu drywall ou vigas de madeira.<\/li>\n\n\n\n<li>Cubra as flanges com reboco ou massa para drywall.<\/li>\n\n\n\n<li>Lixe suavemente e pinte sua parede.<\/li>\n\n\n\n<li>Cole sua fita LED de 12mm dentro.<\/li>\n\n\n\n<li>Conecte a fita LED a uma fonte de alimenta\u00e7\u00e3o de baixa tens\u00e3o.<\/li>\n<\/ul>\n<\/div><figure class=\"wp-block-media-text__media\"><img loading=\"lazy\" decoding=\"async\" width=\"500\" height=\"500\" src=\"https:\/\/tangooled.com\/wp-content\/uploads\/2025\/12\/sk07-ins.webp\" alt=\"aluminum drywall led skirting profile for 12mm tape light\" class=\"wp-image-42147 size-full\" srcset=\"https:\/\/tangooled.com\/wp-content\/uploads\/2025\/12\/sk07-ins.webp 500w, https:\/\/tangooled.com\/wp-content\/uploads\/2025\/12\/sk07-ins-300x300.webp 300w, https:\/\/tangooled.com\/wp-content\/uploads\/2025\/12\/sk07-ins-150x150.webp 150w\" sizes=\"auto, (max-width: 500px) 100vw, 500px\" \/><\/figure><\/div>\n<\/div><\/div>\n\n\n\n<div class=\"wp-block-group has-background is-vertical is-layout-flex wp-container-core-group-is-layout-b429018a wp-block-group-is-layout-flex\" style=\"background-color:#f1f1f1f2;padding-top:var(--wp--preset--spacing--70);padding-bottom:var(--wp--preset--spacing--70)\">\n<h2 class=\"wp-block-heading\" style=\"padding-top:var(--wp--preset--spacing--40);padding-bottom:var(--wp--preset--spacing--40);font-size:25px;font-style:normal;font-weight:600\">Perfeito para Muitos Lugares<\/h2>\n\n\n\n<p>Este rodap\u00e9 LED em alum\u00ednio pode ser usado em v\u00e1rios ambientes e \u00e1reas:<\/p>\n\n\n\n<ul class=\"wp-block-list\">\n<li>Casa: Salas de estar, escadas e corredores<\/li>\n\n\n\n<li>Hot\u00e9is: sagu\u00f5es, corredores e quartos de h\u00f3spedes<\/li>\n\n\n\n<li>Lojas: Ilumina\u00e7\u00e3o de destaque para ressaltar paredes<\/li>\n\n\n\n<li>Escrit\u00f3rios: Sob mesas ou ao longo de caminhos para ilumina\u00e7\u00e3o suave.<\/li>\n\n\n\n<li>Hospitais e teatros: Ilumina\u00e7\u00e3o segura, com baixo brilho<\/li>\n<\/ul>\n<\/div>\n\n\n\n<div class=\"wp-block-group\" style=\"padding-top:var(--wp--preset--spacing--80);padding-bottom:var(--wp--preset--spacing--80)\"><div class=\"wp-block-group__inner-container is-layout-constrained wp-block-group-is-layout-constrained\">\n<h2 class=\"wp-block-heading\" style=\"padding-top:var(--wp--preset--spacing--40);padding-bottom:var(--wp--preset--spacing--40);font-size:25px;font-style:normal;font-weight:600;text-transform:capitalize\">Produtos Relacionados que Voc\u00ea Pode Gostar<\/h2>\n\n\n\n<ul class=\"wp-block-list\">\n<li>Black LED diffuser aluminum channel for 12mm tape lights \u2014 <a href=\"https:\/\/tangooled.com\/pt\/product\/black-led-diffuser-aluminum-channel-for-12mm-tape-lights\/\"><mark style=\"background-color:rgba(0, 0, 0, 0)\" class=\"has-inline-color has-vivid-red-color\">Ver produto<\/mark><\/a><\/li>\n\n\n\n<li>Surface mount LED profile with frosted diffuser for 10mm rope lights \u2014 <a href=\"https:\/\/tangooled.com\/pt\/product\/surface-mount-led-profile-with-frosted-diffuser-for-10mm-rope-lights\/\"><mark style=\"background-color:rgba(0, 0, 0, 0)\" class=\"has-inline-color has-vivid-red-color\">Ver produto<\/mark><\/a><\/li>\n\n\n\n<li>18mm flexible LED profile for 12mm LED strips \u2014 <a href=\"https:\/\/tangooled.com\/pt\/product\/18mm-flexible-led-profile-for-12mm-led-strips\/\"><mark style=\"background-color:rgba(0, 0, 0, 0)\" class=\"has-inline-color has-vivid-red-color\">Ver produto<\/mark><\/a><\/li>\n<\/ul>\n<\/div><\/div>\n\n\n\n<div class=\"wp-block-group has-background\" style=\"background-color:#f1f1f1;padding-top:var(--wp--preset--spacing--80);padding-bottom:var(--wp--preset--spacing--80)\"><div class=\"wp-block-group__inner-container is-layout-constrained wp-block-group-is-layout-constrained\">\n<h2 class=\"wp-block-heading\" style=\"padding-top:var(--wp--preset--spacing--40);padding-right:0;padding-bottom:var(--wp--preset--spacing--40);padding-left:0;font-size:25px;font-style:normal;font-weight:600;text-transform:capitalize\">Resumo<\/h2>\n\n\n\n<p style=\"padding-right:var(--wp--preset--spacing--50);padding-left:var(--wp--preset--spacing--50)\">O Perfil de Rodap\u00e9 LED em Alum\u00ednio para Luz de Fita de 12mm \u00e9 uma maneira inteligente de colocar ilumina\u00e7\u00e3o indireta nas suas paredes de forma limpa e suave. Funciona bem com luzes de fita LED de 12mm e se oculta no seu drywall para um visual limpo. Use-o em casas, neg\u00f3cios, hot\u00e9is ou no varejo para adicionar ilumina\u00e7\u00e3o moderna e estilosa que se encaixa perfeitamente.<\/p>\n<\/div><\/div>\n\n\n\n<p><\/p>","protected":false},"featured_media":13653,"template":"","meta":{"_acf_changed":true,"_seopress_robots_primary_cat":"none","_seopress_titles_title":"Aluminum Drywall LED Skirting Profile for 12mm Tape Light SK07 | TANGOOLED","_seopress_titles_desc":"The SK07 is a durable aluminum drywall led skirting profile optimized for 12mm tape lights. Achieve a clean, integrated linear light finish in plasterboard walls with this recessed baseboard.","_seopress_robots_index":""},"pcb-width":[228],"product-cat":[198],"class_list":{"0":"post-42112","1":"product","2":"type-product","3":"status-publish","4":"has-post-thumbnail","6":"pcb-width-6-12mm","7":"product-cat-skirting-profile"},"acf":[],"_links":{"self":[{"href":"https:\/\/tangooled.com\/pt\/wp-json\/wp\/v2\/product\/42112","targetHints":{"allow":["GET"]}}],"collection":[{"href":"https:\/\/tangooled.com\/pt\/wp-json\/wp\/v2\/product"}],"about":[{"href":"https:\/\/tangooled.com\/pt\/wp-json\/wp\/v2\/types\/product"}],"wp:featuredmedia":[{"embeddable":true,"href":"https:\/\/tangooled.com\/pt\/wp-json\/wp\/v2\/media\/13653"}],"wp:attachment":[{"href":"https:\/\/tangooled.com\/pt\/wp-json\/wp\/v2\/media?parent=42112"}],"wp:term":[{"taxonomy":"pcb-width","embeddable":true,"href":"https:\/\/tangooled.com\/pt\/wp-json\/wp\/v2\/pcb-width?post=42112"},{"taxonomy":"product-cat","embeddable":true,"href":"https:\/\/tangooled.com\/pt\/wp-json\/wp\/v2\/product-cat?post=42112"}],"curies":[{"name":"wp","href":"https:\/\/api.w.org\/{rel}","templated":true}]}}