{"id":42111,"date":"2025-12-16T01:31:08","date_gmt":"2025-12-16T09:31:08","guid":{"rendered":"https:\/\/tangooled.com\/?post_type=product&#038;p=42111"},"modified":"2026-02-02T22:07:57","modified_gmt":"2026-02-03T06:07:57","slug":"tile-trim-led-baseboard-profile-channel-for-10mm-strip-light","status":"publish","type":"product","link":"https:\/\/tangooled.com\/pt\/product\/tile-trim-led-baseboard-profile-channel-for-10mm-strip-light\/","title":{"rendered":"Perfil de Rodap\u00e9 LED com Acabamento em Azulejo para Luz de Fita de 10mm"},"content":{"rendered":"<div class=\"wp-block-group is-vertical is-layout-flex wp-container-core-group-is-layout-d255d7c4 wp-block-group-is-layout-flex\" style=\"padding-top:var(--wp--preset--spacing--80);padding-bottom:var(--wp--preset--spacing--80)\">\n<p>Transforme o seu espa\u00e7o com o nosso perfil de rodap\u00e9 LED com acabamento em azulejo! O rodap\u00e9 LED apresenta um design modular \u00fanico, composto por uma parte de instala\u00e7\u00e3o fixa e uma parte do corpo da luz. Este design \u00e9 altamente flex\u00edvel e f\u00e1cil de instalar, permitindo tanto a montagem em superf\u00edcie quanto a instala\u00e7\u00e3o embutida para atender \u00e0s necessidades de ilumina\u00e7\u00e3o de v\u00e1rios locais.<\/p>\n\n\n\n<p>A luz brilha para baixo e atrav\u00e9s da forma curva do rodap\u00e9, o que faz com que a \u00e1rea pr\u00f3xima ao ch\u00e3o pare\u00e7a suave e uniforme. Funciona muito bem em resid\u00eancias modernas e empresas, ou em qualquer lugar que precise de um forte toque decorativo.<\/p>\n\n\n\n<p>Este rodap\u00e9 est\u00e1 dispon\u00edvel em acabamentos prateado, preto areia, cinza ferro e dourado, de modo que combina com muitos estilos diferentes de decora\u00e7\u00e3o. Voc\u00ea pode escolher a cor adequada para melhorar a apar\u00eancia do seu ambiente, seja ele moderno e minimalista, industrial ou luxuoso.<\/p>\n<\/div>\n\n\n\n<div class=\"wp-block-group has-background is-vertical is-layout-flex wp-container-core-group-is-layout-d255d7c4 wp-block-group-is-layout-flex\" style=\"background-color:#f1f1f1;padding-top:var(--wp--preset--spacing--80);padding-bottom:var(--wp--preset--spacing--80)\">\n<div class=\"wp-block-group is-vertical is-layout-flex wp-container-core-group-is-layout-8cf370e7 wp-block-group-is-layout-flex\">\n<h2 class=\"wp-block-heading\" style=\"padding-top:var(--wp--preset--spacing--40);padding-bottom:var(--wp--preset--spacing--40);font-size:25px;font-style:normal;font-weight:600;text-transform:capitalize\">Por que escolher este produto?<\/h2>\n\n\n\n<ul class=\"wp-block-list\">\n<li>Design Modular: Apresenta um design modular \u00fanico que separa a parte de instala\u00e7\u00e3o fixa da parte do corpo da luz.<\/li>\n\n\n\n<li> Instala\u00e7\u00e3o Vers\u00e1til: Suporta tanto a montagem em superf\u00edcie quanto a instala\u00e7\u00e3o embutida.<\/li>\n\n\n\n<li>Multitons dispon\u00edveis: acabamentos prateado, preto, cinza e dourado para escolha.<\/li>\n\n\n\n<li>F\u00e1cil de instalar: O design \u00e9 altamente flex\u00edvel e f\u00e1cil de instalar.<\/li>\n\n\n\n<li>M\u00faltiplos Usos: \u00d3timo para pisos de banheiro, cozinhas, escadas, corredores e paredes. Adiciona estilo e seguran\u00e7a.<\/li>\n<\/ul>\n<\/div>\n<\/div>\n\n\n\n<div class=\"wp-block-group is-vertical is-layout-flex wp-container-core-group-is-layout-d255d7c4 wp-block-group-is-layout-flex\" style=\"padding-top:var(--wp--preset--spacing--80);padding-bottom:var(--wp--preset--spacing--80)\">\n<hr class=\"wp-block-separator has-alpha-channel-opacity\"\/>\n\n\n\n<div class=\"wp-block-media-text has-media-on-the-right is-stacked-on-mobile\" style=\"grid-template-columns:auto 40%\"><div class=\"wp-block-media-text__content\">\n<h2 class=\"wp-block-heading\" style=\"padding-top:var(--wp--preset--spacing--40);padding-bottom:var(--wp--preset--spacing--40);font-size:25px;font-style:normal;font-weight:600;text-transform:capitalize\">Onde usar<\/h2>\n\n\n\n<p>Nosso perfil de rodap\u00e9 LED com acabamento em azulejo \u00e9 ideal para:<\/p>\n\n\n\n<ul class=\"wp-block-list\">\n<li>Cozinha e Banheiro: Fa\u00e7a azulejos e pisos brilharem<\/li>\n\n\n\n<li>Ilumina\u00e7\u00e3o de Escadas: Luzes seguras e elegantes para os degraus<\/li>\n\n\n\n<li>Ilumina\u00e7\u00e3o de rodap\u00e9 no corredor: luz suave para locais de passagem<\/li>\n\n\n\n<li>Paredes e tetos d\u00edsticos: Crie linhas brilhantes para destacar a textura do azulejo ou gesso.<\/li>\n<\/ul>\n<\/div><figure class=\"wp-block-media-text__media\"><img loading=\"lazy\" decoding=\"async\" width=\"500\" height=\"500\" src=\"https:\/\/tangooled.com\/wp-content\/uploads\/2025\/12\/sk06-ins.webp\" alt=\"tile trim led baseboard profile channel for 10mm strip light\" class=\"wp-image-42145 size-full\" srcset=\"https:\/\/tangooled.com\/wp-content\/uploads\/2025\/12\/sk06-ins.webp 500w, https:\/\/tangooled.com\/wp-content\/uploads\/2025\/12\/sk06-ins-300x300.webp 300w, https:\/\/tangooled.com\/wp-content\/uploads\/2025\/12\/sk06-ins-150x150.webp 150w\" sizes=\"auto, (max-width: 500px) 100vw, 500px\" \/><\/figure><\/div>\n<\/div>\n\n\n\n<div class=\"wp-block-group has-background is-vertical is-layout-flex wp-container-core-group-is-layout-b429018a wp-block-group-is-layout-flex\" style=\"background-color:#f1f1f1f2;padding-top:var(--wp--preset--spacing--70);padding-bottom:var(--wp--preset--spacing--70)\">\n<h2 class=\"wp-block-heading\" style=\"padding-top:var(--wp--preset--spacing--40);padding-bottom:var(--wp--preset--spacing--40);font-size:25px;font-style:normal;font-weight:600\">Benef\u00edcios que voc\u00ea ver\u00e1<\/h2>\n\n\n\n<ul class=\"wp-block-list\">\n<li>Seu perfil de rodap\u00e9 LED com acabamento em azulejo confere um aspecto profissional ao seu ambiente e permite que a luz flua livremente.<\/li>\n\n\n\n<li>Funciona como um dissipador de calor para proteger as fitas LED e aumentar sua durabilidade<\/li>\n\n\n\n<li>Se encaixa perfeitamente em projetos de azulejos ou drywall para linhas de luz suaves<\/li>\n\n\n\n<li>Voc\u00ea pode escolher acabamentos prateado, branco ou preto para complementar ou contrastar qualquer ambiente.<\/li>\n\n\n\n<li>\u00d3timo para corredores e escadas, pois possuem luz suave e constante que as torna seguras e agrad\u00e1veis.<\/li>\n<\/ul>\n<\/div>\n\n\n\n<div class=\"wp-block-group is-vertical is-layout-flex wp-container-core-group-is-layout-d255d7c4 wp-block-group-is-layout-flex\" style=\"padding-top:var(--wp--preset--spacing--80);padding-bottom:var(--wp--preset--spacing--80)\">\n<h2 class=\"wp-block-heading\" style=\"padding-top:var(--wp--preset--spacing--40);padding-bottom:var(--wp--preset--spacing--40);font-size:25px;font-style:normal;font-weight:600;text-transform:capitalize\">What&#8217; in a kit?<\/h2>\n\n\n\n<ul class=\"wp-block-list\">\n<li>Canal de rodap\u00e9 LED em alum\u00ednio<\/li>\n\n\n\n<li>Difusor de policarbonato opalino<\/li>\n\n\n\n<li>Tampas de extremidade<\/li>\n<\/ul>\n<\/div>\n\n\n\n<div class=\"wp-block-group has-background\" style=\"background-color:#f1f1f1;padding-top:var(--wp--preset--spacing--80);padding-bottom:var(--wp--preset--spacing--80)\"><div class=\"wp-block-group__inner-container is-layout-constrained wp-block-group-is-layout-constrained\">\n<h2 class=\"wp-block-heading\" style=\"padding-top:var(--wp--preset--spacing--40);padding-right:0;padding-bottom:var(--wp--preset--spacing--40);padding-left:0;font-size:25px;font-style:normal;font-weight:600;text-transform:capitalize\">Resumo<\/h2>\n\n\n\n<p style=\"padding-right:var(--wp--preset--spacing--50);padding-left:var(--wp--preset--spacing--50)\">Our tile trim led baseboard profile is a long-lasting, simple way to hide LED strips so they are flat with tiles or drywall. It protects your LED strips by acting as a heat sink and generating beautiful ambient light. It has a smooth, dot-free light line that makes it safe and beautiful. It&#8217;s great for modern homes, businesses, bathrooms, kitchens, and staircases. For details on other matching profiles and accessories, check our full <a href=\"https:\/\/tangooled.com\/pt\/led-profiles\/\"><mark style=\"background-color:rgba(0, 0, 0, 0)\" class=\"has-inline-color has-vivid-red-color\">cole\u00e7\u00e3o de perfis de alum\u00ednio LED.<\/mark><\/a> At\u00e9 10mm (0,4 polegadas)<\/p>\n<\/div><\/div>\n\n\n\n<p><\/p>","protected":false},"featured_media":13644,"template":"","meta":{"_acf_changed":true,"_seopress_robots_primary_cat":"none","_seopress_titles_title":"Tile Trim LED Baseboard Profile for 10mm Strip SK06 | TANGOOLED","_seopress_titles_desc":"The SK06 is a versatile tile trim led baseboard profile for 10mm strips. Protect tile edges while creating a modern integrated light finish at the wall base.","_seopress_robots_index":""},"pcb-width":[228],"product-cat":[198],"class_list":{"0":"post-42111","1":"product","2":"type-product","3":"status-publish","4":"has-post-thumbnail","6":"pcb-width-6-12mm","7":"product-cat-skirting-profile"},"acf":[],"_links":{"self":[{"href":"https:\/\/tangooled.com\/pt\/wp-json\/wp\/v2\/product\/42111","targetHints":{"allow":["GET"]}}],"collection":[{"href":"https:\/\/tangooled.com\/pt\/wp-json\/wp\/v2\/product"}],"about":[{"href":"https:\/\/tangooled.com\/pt\/wp-json\/wp\/v2\/types\/product"}],"wp:featuredmedia":[{"embeddable":true,"href":"https:\/\/tangooled.com\/pt\/wp-json\/wp\/v2\/media\/13644"}],"wp:attachment":[{"href":"https:\/\/tangooled.com\/pt\/wp-json\/wp\/v2\/media?parent=42111"}],"wp:term":[{"taxonomy":"pcb-width","embeddable":true,"href":"https:\/\/tangooled.com\/pt\/wp-json\/wp\/v2\/pcb-width?post=42111"},{"taxonomy":"product-cat","embeddable":true,"href":"https:\/\/tangooled.com\/pt\/wp-json\/wp\/v2\/product-cat?post=42111"}],"curies":[{"name":"wp","href":"https:\/\/api.w.org\/{rel}","templated":true}]}}