{"id":42108,"date":"2025-12-16T01:28:09","date_gmt":"2025-12-16T09:28:09","guid":{"rendered":"https:\/\/tangooled.com\/?post_type=product&#038;p=42108"},"modified":"2026-02-02T22:07:20","modified_gmt":"2026-02-03T06:07:20","slug":"side-lighting-2-in-1-aluminum-led-baseboard-for-15mm-strips","status":"publish","type":"product","link":"https:\/\/tangooled.com\/pt\/product\/side-lighting-2-in-1-aluminum-led-baseboard-for-15mm-strips\/","title":{"rendered":"ilumina\u00e7\u00e3o lateral em perfil de alum\u00ednio LED 2-em-1 para faixas de 15 mm"},"content":{"rendered":"<div class=\"wp-block-group is-vertical is-layout-flex wp-container-core-group-is-layout-d255d7c4 wp-block-group-is-layout-flex\" style=\"padding-top:var(--wp--preset--spacing--80);padding-bottom:var(--wp--preset--spacing--80)\">\n<p>Brighten your space with the 2-in-1 LED Baseboard\u2014a smart, modern way for room lighting. This creative LED aluminum skirting serves a dual purpose; it works as a standard wall baseboard and as a hidden lighting channel. The design features two aluminum parts: one for fixed installation, and the other holds the LED strip lights.<\/p>\n\n\n\n<p>Este canal de ilumina\u00e7\u00e3o lateral em baseboard LED de alum\u00ednio funciona para muitas fitas LED diferentes. A largura interna \u00e9 de 16,8&nbsp;mm, que se ajusta perfeitamente \u00e0 maioria das fitas LED de at\u00e9 15&nbsp;mm de largura. Isso permite que voc\u00ea escolha fitas LED com diferentes n\u00edveis de brilho e temperaturas de cor para atender \u00e0s suas necessidades espec\u00edficas de ilumina\u00e7\u00e3o personalizadas.<\/p>\n\n\n\n<p>As dimens\u00f5es externas do canal s\u00e3o 60&nbsp;mm de altura e 16,5&nbsp;mm de largura. As cores est\u00e3o dispon\u00edveis em quatro acabamentos elegantes: Prata, Branco, Preto e Cinza. Isso garante que o rodap\u00e9 complemente uma ampla gama de estilos de interiores. Seja seu espa\u00e7o minimalista moderno, industrial ou luxuoso, voc\u00ea pode encontrar o ideal para elevar a est\u00e9tica geral.<\/p>\n<\/div>\n\n\n\n<div class=\"wp-block-group has-background is-vertical is-layout-flex wp-container-core-group-is-layout-d255d7c4 wp-block-group-is-layout-flex\" style=\"background-color:#f1f1f1;padding-top:var(--wp--preset--spacing--80);padding-bottom:var(--wp--preset--spacing--80)\">\n<div class=\"wp-block-group is-vertical is-layout-flex wp-container-core-group-is-layout-8cf370e7 wp-block-group-is-layout-flex\">\n<h2 class=\"wp-block-heading\" style=\"padding-top:var(--wp--preset--spacing--40);padding-bottom:var(--wp--preset--spacing--40);font-size:25px;font-style:normal;font-weight:600;text-transform:capitalize\">Por que escolher este rodap\u00e9 LED 2-em-1 com ilumina\u00e7\u00e3o lateral?<\/h2>\n\n\n\n<ul class=\"wp-block-list\">\n<li>Efeito de Ilumina\u00e7\u00e3o Lateral: As fitas LED brilham lateralmente, fornecendo \u00e0s paredes e pisos uma luz suave e uniforme que torna o espa\u00e7o acolhedor e moderno.<\/li>\n\n\n\n<li>Rodap\u00e9 em Alum\u00ednio 2-em-1: Esta extrus\u00e3o de alum\u00ednio substitui os rodap\u00e9s tradicionais e volumosos, acrescentando luzes LED ocultas para estilo e funcionalidade.<\/li>\n\n\n\n<li>Acomoda Fitas LED de 15 mm de Largura: Este espa\u00e7o \u00e9 suficiente para muitas fitas LED populares, incluindo aquelas que s\u00e3o de alta densidade e \u00e0 prova d'\u00e1gua.<\/li>\n\n\n\n<li>Dur\u00e1vel e simples de instalar: Corte no local para o tamanho certo e use as extremidades fornecidas para encaixar perfeitamente na parede de gesso para um acabamento limpo.<\/li>\n\n\n\n<li>Gerenciamento de Calor Aprimorado: O rodap\u00e9 de liga de alum\u00ednio mant\u00e9m o calor afastado das LEDs para evitar danos e manter a luz brilhante por mais tempo.<br><br><br><\/li>\n<\/ul>\n<\/div>\n<\/div>\n\n\n\n<div class=\"wp-block-group is-vertical is-layout-flex wp-container-core-group-is-layout-d255d7c4 wp-block-group-is-layout-flex\" style=\"padding-top:var(--wp--preset--spacing--80);padding-bottom:var(--wp--preset--spacing--80)\">\n<hr class=\"wp-block-separator has-alpha-channel-opacity\"\/>\n\n\n\n<div class=\"wp-block-media-text has-media-on-the-right is-stacked-on-mobile\" style=\"grid-template-columns:auto 40%\"><div class=\"wp-block-media-text__content\">\n<h2 class=\"wp-block-heading\" style=\"padding-top:var(--wp--preset--spacing--40);padding-bottom:var(--wp--preset--spacing--40);font-size:25px;font-style:normal;font-weight:600;text-transform:capitalize\">como usar<\/h2>\n\n\n\n<ul class=\"wp-block-list\">\n<li>Decida onde voc\u00ea quer a luz e o rodap\u00e9.<\/li>\n\n\n\n<li>Corte o perfil de alum\u00ednio do rodap\u00e9 LED 2-em-1 para se adequar ao comprimento da sua parede.<\/li>\n\n\n\n<li>Coloque a fita de luz LED dentro do canal.<\/li>\n\n\n\n<li>Coloque o difusor fosco para fazer a luz se espalhar uniformemente.<\/li>\n\n\n\n<li>Instale o canal de alum\u00ednio de modo que ele alinhe-se com a parede de gesso.<\/li>\n\n\n\n<li>Conecte a fita LED a uma fonte de energia adequada.<\/li>\n<\/ul>\n<\/div><figure class=\"wp-block-media-text__media\"><img loading=\"lazy\" decoding=\"async\" width=\"500\" height=\"500\" src=\"https:\/\/tangooled.com\/wp-content\/uploads\/2025\/12\/sk05-ins.webp\" alt=\"side lighting 2 in 1 aluminum led baseboard for 15mm strips\" class=\"wp-image-42142 size-full\" srcset=\"https:\/\/tangooled.com\/wp-content\/uploads\/2025\/12\/sk05-ins.webp 500w, https:\/\/tangooled.com\/wp-content\/uploads\/2025\/12\/sk05-ins-300x300.webp 300w, https:\/\/tangooled.com\/wp-content\/uploads\/2025\/12\/sk05-ins-150x150.webp 150w\" sizes=\"auto, (max-width: 500px) 100vw, 500px\" \/><\/figure><\/div>\n<\/div>\n\n\n\n<div class=\"wp-block-group has-background is-vertical is-layout-flex wp-container-core-group-is-layout-b429018a wp-block-group-is-layout-flex\" style=\"background-color:#f1f1f1f2;padding-top:var(--wp--preset--spacing--70);padding-bottom:var(--wp--preset--spacing--70)\">\n<h2 class=\"wp-block-heading\" style=\"padding-top:var(--wp--preset--spacing--40);padding-bottom:var(--wp--preset--spacing--40);font-size:25px;font-style:normal;font-weight:600\">Onde Pode Us\u00e1-lo?<\/h2>\n\n\n\n<ul class=\"wp-block-list\">\n<li>Corredores e corredores<\/li>\n\n\n\n<li>Escadas e patamares<\/li>\n\n\n\n<li>Cozinhas (ilumina\u00e7\u00e3o sob os arm\u00e1rios)<\/li>\n\n\n\n<li>Salas de estar e cinemas em casa<\/li>\n\n\n\n<li>Quartos e banheiros<\/li>\n\n\n\n<li>Escrit\u00f3rios e neg\u00f3cios como hot\u00e9is e lojas<\/li>\n<\/ul>\n<\/div>\n\n\n\n<div class=\"wp-block-group is-vertical is-layout-flex wp-container-core-group-is-layout-d255d7c4 wp-block-group-is-layout-flex\" style=\"padding-top:var(--wp--preset--spacing--80);padding-bottom:var(--wp--preset--spacing--80)\">\n<h2 class=\"wp-block-heading\" style=\"padding-top:var(--wp--preset--spacing--40);padding-bottom:var(--wp--preset--spacing--40);font-size:25px;font-style:normal;font-weight:600;text-transform:capitalize\">What\u2019s in the kit?<\/h2>\n\n\n\n<ul class=\"wp-block-list\">\n<li>Canal de Rodap\u00e9 LED de Alum\u00ednio<\/li>\n\n\n\n<li>Tampa Difusora de Policarbonato Fosco<\/li>\n\n\n\n<li>Capas de extremidade<\/li>\n\n\n\n<li>Conectores de canto<\/li>\n<\/ul>\n<\/div>\n\n\n\n<div class=\"wp-block-group has-background\" style=\"background-color:#f1f1f1;padding-top:var(--wp--preset--spacing--80);padding-bottom:var(--wp--preset--spacing--80)\"><div class=\"wp-block-group__inner-container is-layout-constrained wp-block-group-is-layout-constrained\">\n<h2 class=\"wp-block-heading\" style=\"padding-top:var(--wp--preset--spacing--40);padding-right:0;padding-bottom:var(--wp--preset--spacing--40);padding-left:0;font-size:25px;font-style:normal;font-weight:600;text-transform:capitalize\">Produtos Relacionados para o Seu Projeto<\/h2>\n\n\n\n<ul class=\"wp-block-list\">\n<li>Para fitas LED longas ou em dupla fileira, escolha o nosso <a href=\"https:\/\/tangooled.com\/pt\/product\/22x15mm-led-light-channel-aluminum-extrusion-for-flexible-strips\/\"><mark style=\"background-color:rgba(0, 0, 0, 0)\" class=\"has-inline-color has-vivid-red-color\">Extrus\u00e3o de canal de luz LED em alum\u00ednio de 22x15mm para tiras flex\u00edveis<\/mark><\/a><\/li>\n\n\n\n<li>Veja o <a href=\"https:\/\/tangooled.com\/pt\/product\/25mm-u-shape-led-mounting-channel-for-15mm-double-row-led-strip-lights\/\"><mark style=\"background-color:rgba(0, 0, 0, 0)\" class=\"has-inline-color has-vivid-red-color\">Canal de montagem em LED em forma de U de 25mm para tiras LED de 15mm de duas fileiras<\/mark><\/a> se voc\u00ea deseja uma ilumina\u00e7\u00e3o de borda estilosa.<\/li>\n\n\n\n<li>Veja o <a href=\"https:\/\/tangooled.com\/pt\/product\/black-led-profile-with-black-diffuser-for-10mm-led-strip-light\/\"><mark style=\"background-color:rgba(0, 0, 0, 0)\" class=\"has-inline-color has-vivid-red-color\">perfil LED preto com difusor preto para fita de LED de 10mm<\/mark><\/a>.<\/li>\n\n\n\n<li>Adicione difusores olhando para o <a href=\"https:\/\/tangooled.com\/pt\/product\/led-light-diffuser-channel-aluminum-15x12mm-for-10mm-led-strips\/\"><mark style=\"background-color:rgba(0, 0, 0, 0)\" class=\"has-inline-color has-vivid-red-color\">Difusor de luz em alum\u00ednio 15x12mm para tiras LED de 10mm<\/mark><\/a>.<\/li>\n<\/ul>\n<\/div><\/div>\n\n\n\n<div class=\"wp-block-group\" style=\"padding-top:var(--wp--preset--spacing--80);padding-bottom:var(--wp--preset--spacing--80)\"><div class=\"wp-block-group__inner-container is-layout-constrained wp-block-group-is-layout-constrained\">\n<p>Our side lighting 2-in-1 aluminum LED baseboard is a simple solution to have durable, long-lasting baseboards that look great in your house or business. It&#8217;s a modern, sleek way to light up your home and decorate it.<br>Para mais informa\u00e7\u00f5es sobre produtos e acess\u00f3rios semelhantes, visite nosso <a href=\"https:\/\/tangooled.com\/pt\/led-profiles\/\"><mark style=\"background-color:rgba(0, 0, 0, 0)\" class=\"has-inline-color has-vivid-red-color\">perfil de alum\u00ednio para canal de fita LED<\/mark><\/a> cole\u00e7\u00e3o ou confira nosso <mark style=\"background-color:rgba(0, 0, 0, 0)\" class=\"has-inline-color has-vivid-red-color\">perfil de LED de montagem em superf\u00edcie com difusor fosco para luzes de corda de 10mm<\/mark> para atender suas necessidades de ilumina\u00e7\u00e3o perfeitamente.<\/p>\n<\/div><\/div>","protected":false},"featured_media":13640,"template":"","meta":{"_acf_changed":true,"_seopress_robots_primary_cat":"none","_seopress_titles_title":"Side Lighting 2-in-1 LED Baseboard for 15mm Strip SK05 | TANGOOLED","_seopress_titles_desc":"The SK05 is a high-performance side lighting 2-in-1 led baseboard optimized for 15mm strips. Create a sophisticated, integrated linear glow at the wall base with this heavy-duty aluminum profile.","_seopress_robots_index":""},"pcb-width":[228],"product-cat":[198],"class_list":{"0":"post-42108","1":"product","2":"type-product","3":"status-publish","4":"has-post-thumbnail","6":"pcb-width-6-12mm","7":"product-cat-skirting-profile"},"acf":[],"_links":{"self":[{"href":"https:\/\/tangooled.com\/pt\/wp-json\/wp\/v2\/product\/42108","targetHints":{"allow":["GET"]}}],"collection":[{"href":"https:\/\/tangooled.com\/pt\/wp-json\/wp\/v2\/product"}],"about":[{"href":"https:\/\/tangooled.com\/pt\/wp-json\/wp\/v2\/types\/product"}],"wp:featuredmedia":[{"embeddable":true,"href":"https:\/\/tangooled.com\/pt\/wp-json\/wp\/v2\/media\/13640"}],"wp:attachment":[{"href":"https:\/\/tangooled.com\/pt\/wp-json\/wp\/v2\/media?parent=42108"}],"wp:term":[{"taxonomy":"pcb-width","embeddable":true,"href":"https:\/\/tangooled.com\/pt\/wp-json\/wp\/v2\/pcb-width?post=42108"},{"taxonomy":"product-cat","embeddable":true,"href":"https:\/\/tangooled.com\/pt\/wp-json\/wp\/v2\/product-cat?post=42108"}],"curies":[{"name":"wp","href":"https:\/\/api.w.org\/{rel}","templated":true}]}}