{"id":42107,"date":"2025-12-16T01:24:38","date_gmt":"2025-12-16T09:24:38","guid":{"rendered":"https:\/\/tangooled.com\/?post_type=product&#038;p=42107"},"modified":"2026-02-02T22:07:04","modified_gmt":"2026-02-03T06:07:04","slug":"80mm-aluminum-embedded-led-floor-baseboard-for-8mm-tape-light","status":"publish","type":"product","link":"https:\/\/tangooled.com\/pt\/product\/80mm-aluminum-embedded-led-floor-baseboard-for-8mm-tape-light\/","title":{"rendered":"Rodap\u00e9 de LED embutido em alum\u00ednio de 80mm para fita de 8mm"},"content":{"rendered":"<div class=\"wp-block-group is-vertical is-layout-flex wp-container-core-group-is-layout-d255d7c4 wp-block-group-is-layout-flex\" style=\"padding-top:var(--wp--preset--spacing--80);padding-bottom:var(--wp--preset--spacing--80)\">\n<p>Este rodap\u00e9 de LED embutido de 80mm possui um design modular \u00fanico com uma parte de canal de alum\u00ednio de instala\u00e7\u00e3o fixa e um corpo de luz de alum\u00ednio separado.<\/p>\n\n\n\n<p>Este design flex\u00edvel permite que o rodap\u00e9 seja instalado de duas maneiras para atender \u00e0s necessidades de ilumina\u00e7\u00e3o de diferentes espa\u00e7os: pode ser embutido (oculto) para um aspecto liso e nivelado, ou montado na superf\u00edcie (instalado abertamente) durante uma reforma ou nova constru\u00e7\u00e3o. Pode ser facilmente adicionado a azulejos existentes, pain\u00e9is de madeira ou drywall.<\/p>\n\n\n\n<p>The 80\u00a0mm height of the baseboard clearly defines the boundary between the wall and the floor. This dimension also provides a larger reflection area, ensuring the LED lighting effect is more pronounced. The baseboard&#8217;s arched shape directs the light down and softly spreads it out, making the area near the floor softly and evenly lit.<\/p>\n\n\n\n<p>.<\/p>\n<\/div>\n\n\n\n<div class=\"wp-block-group has-background is-vertical is-layout-flex wp-container-core-group-is-layout-d255d7c4 wp-block-group-is-layout-flex\" style=\"background-color:#f1f1f1;padding-top:var(--wp--preset--spacing--80);padding-bottom:var(--wp--preset--spacing--80)\">\n<div class=\"wp-block-group is-vertical is-layout-flex wp-container-core-group-is-layout-8cf370e7 wp-block-group-is-layout-flex\">\n<h2 class=\"wp-block-heading\" style=\"padding-top:var(--wp--preset--spacing--40);padding-bottom:var(--wp--preset--spacing--40);font-size:25px;font-style:normal;font-weight:600;text-transform:capitalize\">Por que escolher este rodap\u00e9 de LED embutido?<\/h2>\n\n\n\n<ul class=\"wp-block-list\">\n<li>Estrutura simples dois em um: a parte de montagem e o corpo da luz est\u00e3o combinados, facilitando e acelerando a instala\u00e7\u00e3o.<\/li>\n\n\n\n<li>Altura do perfil de 80mm: faz com que o rodap\u00e9 tenha uma apar\u00eancia melhor e protege suas paredes base de danos.<\/li>\n\n\n\n<li>Material de alta qualidade: ligas de alum\u00ednio anodizado que duram muito tempo e mant\u00eam suas luzes seguras.<\/li>\n\n\n\n<li>Rodap\u00e9 LED de instala\u00e7\u00e3o embutida: encaixa bem na sua parede e no seu ch\u00e3o, tornando tudo aparente e arrumado.<\/li>\n\n\n\n<li>Compat\u00edvel com fitas de LED padr\u00e3o: funciona bem com luzes de canal de fita de LED que t\u00eam 8mm de largura.<\/li>\n<\/ul>\n<\/div>\n<\/div>\n\n\n\n<div class=\"wp-block-group is-vertical is-layout-flex wp-container-core-group-is-layout-d255d7c4 wp-block-group-is-layout-flex\" style=\"padding-top:var(--wp--preset--spacing--80);padding-bottom:var(--wp--preset--spacing--80)\">\n<hr class=\"wp-block-separator has-alpha-channel-opacity\"\/>\n\n\n\n<div class=\"wp-block-media-text has-media-on-the-right is-stacked-on-mobile\" style=\"grid-template-columns:auto 40%\"><div class=\"wp-block-media-text__content\">\n<h2 class=\"wp-block-heading\" style=\"padding-top:var(--wp--preset--spacing--40);padding-bottom:var(--wp--preset--spacing--40);font-size:25px;font-style:normal;font-weight:600;text-transform:capitalize\">Como usar o rodap\u00e9 de LED embutido de 80mm<\/h2>\n\n\n\n<ul class=\"wp-block-list\">\n<li>Fa\u00e7a um ranhura na borda do seu ch\u00e3o ou parede para que o rodap\u00e9 de alum\u00ednio embutido se encaixe.<\/li>\n\n\n\n<li>Coloque a parte de canal de alum\u00ednio embutido na ranhura e use gesso para segurar o rodap\u00e9 de LED de gesso no lugar.<\/li>\n\n\n\n<li>Prenda sua fita de LED de 8mm dentro da parte de ilumina\u00e7\u00e3o de alum\u00ednio.<\/li>\n\n\n\n<li>Coloque o corpo de ilumina\u00e7\u00e3o de alum\u00ednio no canal fixo e encaixe o difusor fosco.<\/li>\n\n\n\n<li>Use o driver e dimmer de LED apropriados para conectar a energia e controlar.<\/li>\n<\/ul>\n<\/div><figure class=\"wp-block-media-text__media\"><img loading=\"lazy\" decoding=\"async\" width=\"500\" height=\"500\" src=\"https:\/\/tangooled.com\/wp-content\/uploads\/2025\/12\/sk04-ins.webp\" alt=\"80mm aluminum embedded led floor baseboard for 8mm tape light\" class=\"wp-image-42138 size-full\" srcset=\"https:\/\/tangooled.com\/wp-content\/uploads\/2025\/12\/sk04-ins.webp 500w, https:\/\/tangooled.com\/wp-content\/uploads\/2025\/12\/sk04-ins-300x300.webp 300w, https:\/\/tangooled.com\/wp-content\/uploads\/2025\/12\/sk04-ins-150x150.webp 150w\" sizes=\"auto, (max-width: 500px) 100vw, 500px\" \/><\/figure><\/div>\n<\/div>\n\n\n\n<div class=\"wp-block-group has-background is-vertical is-layout-flex wp-container-core-group-is-layout-b429018a wp-block-group-is-layout-flex\" style=\"background-color:#f1f1f1f2;padding-top:var(--wp--preset--spacing--70);padding-bottom:var(--wp--preset--spacing--70)\">\n<h2 class=\"wp-block-heading\" style=\"padding-top:var(--wp--preset--spacing--40);padding-bottom:var(--wp--preset--spacing--40);font-size:25px;font-style:normal;font-weight:600\">Onde Pode Us\u00e1-lo?<\/h2>\n\n\n\n<p>O rodap\u00e9 de LED embutido de 80mm \u00e9 \u00f3timo para:<\/p>\n\n\n\n<ul class=\"wp-block-list\">\n<li>Corredores e passagens (ilumina\u00e7\u00e3o segura de guia)<\/li>\n\n\n\n<li>Quartos e \u00e1reas de estar modernas\u00a0<\/li>\n\n\n\n<li>Hot\u00e9is e outros locais de hospitalidade<\/li>\n\n\n\n<li>Cozinhas (excelente ilumina\u00e7\u00e3o sob os arm\u00e1rios e na parte inferior dos m\u00f3veis)<\/li>\n\n\n\n<li>Escadas e banheiros (ilumina\u00e7\u00e3o suave ao longo do ch\u00e3o)<\/li>\n<\/ul>\n<\/div>\n\n\n\n<div class=\"wp-block-group is-vertical is-layout-flex wp-container-core-group-is-layout-d255d7c4 wp-block-group-is-layout-flex\" style=\"padding-top:var(--wp--preset--spacing--80);padding-bottom:var(--wp--preset--spacing--80)\">\n<h2 class=\"wp-block-heading\" style=\"padding-top:var(--wp--preset--spacing--40);padding-bottom:var(--wp--preset--spacing--40);font-size:25px;font-style:normal;font-weight:600;text-transform:capitalize\">What\u2019s in the box?<\/h2>\n\n\n\n<ul class=\"wp-block-list\">\n<li>Canal de alum\u00ednio para rodap\u00e9s de LED<\/li>\n\n\n\n<li>Difusor opalino<\/li>\n\n\n\n<li>Tampas de extremidade<\/li>\n\n\n\n<li>Conectores de canto<\/li>\n<\/ul>\n<\/div>\n\n\n\n<div class=\"wp-block-group has-background\" style=\"background-color:#f1f1f1;padding-top:var(--wp--preset--spacing--80);padding-bottom:var(--wp--preset--spacing--80)\"><div class=\"wp-block-group__inner-container is-layout-constrained wp-block-group-is-layout-constrained\">\n<h2 class=\"wp-block-heading\" style=\"padding-top:var(--wp--preset--spacing--40);padding-right:0;padding-bottom:var(--wp--preset--spacing--40);padding-left:0;font-size:25px;font-style:normal;font-weight:600;text-transform:capitalize\">resumo<\/h2>\n\n\n\n<p style=\"padding-right:var(--wp--preset--spacing--50);padding-left:var(--wp--preset--spacing--50)\">Nosso rodap\u00e9 de LED embutido de 80mm \u00e9 uma maneira moderna, duradoura e arrumada de iluminar \u00e1reas de baixo n\u00edvel. Ele se encaixa perfeitamente em uma fita de 8mm e cria uma luz suave e ambiente sem criar bagun\u00e7a. Suas paredes parecer\u00e3o lisas e atraentes com o design de instala\u00e7\u00e3o embutida. Escolha TG-SK04 hoje para uma ilumina\u00e7\u00e3o de n\u00edvel de ch\u00e3o f\u00e1cil de instalar e segura que fica \u00f3tima em qualquer casa ou neg\u00f3cio.<\/p>\n<\/div><\/div>\n\n\n\n<p><\/p>","protected":false},"featured_media":13628,"template":"","meta":{"_acf_changed":true,"_seopress_robots_primary_cat":"none","_seopress_titles_title":"80mm Embedded LED Floor Baseboard | Flush Aluminum Profile SK04","_seopress_titles_desc":"The SK04 is an 80mm embedded led floor baseboard designed for a seamless flush finish. This aluminum profile houses 8mm tape lights to create a professional linear glow at the wall base.","_seopress_robots_index":""},"pcb-width":[228],"product-cat":[198],"class_list":{"0":"post-42107","1":"product","2":"type-product","3":"status-publish","4":"has-post-thumbnail","6":"pcb-width-6-12mm","7":"product-cat-skirting-profile"},"acf":[],"_links":{"self":[{"href":"https:\/\/tangooled.com\/pt\/wp-json\/wp\/v2\/product\/42107","targetHints":{"allow":["GET"]}}],"collection":[{"href":"https:\/\/tangooled.com\/pt\/wp-json\/wp\/v2\/product"}],"about":[{"href":"https:\/\/tangooled.com\/pt\/wp-json\/wp\/v2\/types\/product"}],"wp:featuredmedia":[{"embeddable":true,"href":"https:\/\/tangooled.com\/pt\/wp-json\/wp\/v2\/media\/13628"}],"wp:attachment":[{"href":"https:\/\/tangooled.com\/pt\/wp-json\/wp\/v2\/media?parent=42107"}],"wp:term":[{"taxonomy":"pcb-width","embeddable":true,"href":"https:\/\/tangooled.com\/pt\/wp-json\/wp\/v2\/pcb-width?post=42107"},{"taxonomy":"product-cat","embeddable":true,"href":"https:\/\/tangooled.com\/pt\/wp-json\/wp\/v2\/product-cat?post=42107"}],"curies":[{"name":"wp","href":"https:\/\/api.w.org\/{rel}","templated":true}]}}