{"id":42104,"date":"2025-12-16T01:19:59","date_gmt":"2025-12-16T09:19:59","guid":{"rendered":"https:\/\/tangooled.com\/?post_type=product&#038;p=42104"},"modified":"2026-02-02T22:06:44","modified_gmt":"2026-02-03T06:06:44","slug":"tile-wall-skirting-board-black-aluminum-profile-for-8mm-led-strip","status":"publish","type":"product","link":"https:\/\/tangooled.com\/pt\/product\/tile-wall-skirting-board-black-aluminum-profile-for-8mm-led-strip\/","title":{"rendered":"Perfil de rodap\u00e9 de alum\u00ednio preto para parede de azulejos para fita LED de 8mm"},"content":{"rendered":"<div class=\"wp-block-group is-vertical is-layout-flex wp-container-core-group-is-layout-d255d7c4 wp-block-group-is-layout-flex\" style=\"padding-top:var(--wp--preset--spacing--80);padding-bottom:var(--wp--preset--spacing--80)\">\n<p>Nosso perfil de rodap\u00e9 de alum\u00ednio de alta qualidade para parede de azulejos \u00e9 desenvolvido para luzes de fita LED de 8 mm e melhorar\u00e1 a apar\u00eancia da ilumina\u00e7\u00e3o do ch\u00e3o no seu ambiente. Este perfil de alum\u00ednio anodizado preto suave se encaixa perfeitamente na sua parede, proporcionando uma luz suave e ambiente. Seu design moderno garante uma atmosfera relaxante e convidativa que complementa qualquer decora\u00e7\u00e3o. O rodap\u00e9 com ilumina\u00e7\u00e3o cria um efeito de luz e sombra entre o ch\u00e3o e a parede, fazendo com que o ambiente pare\u00e7a mais aberto e espa\u00e7oso.<\/p>\n\n\n\n<p>Este perfil \u00e9 feito para dar \u00e0s suas paredes luz e prote\u00e7\u00e3o, ajudando a criar rodap\u00e9s modernos e elegantes. Este produto \u00e9 \u00f3timo tanto para ilumina\u00e7\u00e3o de destaque quanto para bordas de piso dur\u00e1veis. Melhore o design do seu pr\u00f3ximo ambiente com nosso rodap\u00e9 de luz LED.<\/p>\n<\/div>\n\n\n\n<div class=\"wp-block-group has-background is-vertical is-layout-flex wp-container-core-group-is-layout-d255d7c4 wp-block-group-is-layout-flex\" style=\"background-color:#f1f1f1;padding-top:var(--wp--preset--spacing--80);padding-bottom:var(--wp--preset--spacing--80)\">\n<div class=\"wp-block-group is-vertical is-layout-flex wp-container-core-group-is-layout-8cf370e7 wp-block-group-is-layout-flex\">\n<h2 class=\"wp-block-heading\" style=\"padding-top:var(--wp--preset--spacing--40);padding-bottom:var(--wp--preset--spacing--40);font-size:25px;font-style:normal;font-weight:600;text-transform:capitalize\">Por que escolher nosso rodap\u00e9 de azulejos?<\/h2>\n\n\n\n<ul class=\"wp-block-list\">\n<li>Forte e dur\u00e1vel: \u00e9 feito de liga de alum\u00ednio 6063, que \u00e9 superior em resist\u00eancia \u00e0 umidade e danos em compara\u00e7\u00e3o com madeira ou MDF.<\/li>\n\n\n\n<li>O tamanho certo para fitas LED de 8mm; segura sua fita de luz firmemente.<\/li>\n\n\n\n<li>O acabamento preto fosco combina perfeitamente com qualquer estilo de decora\u00e7\u00e3o.<\/li>\n\n\n\n<li>O difusor de policarbonato inclu\u00eddo fornece ilumina\u00e7\u00e3o suave e sem ofuscamento.<\/li>\n\n\n\n<li>Ajuda a cobrir espa\u00e7os entre o ch\u00e3o e cabos de forma ordenada.<\/li>\n<\/ul>\n<\/div>\n<\/div>\n\n\n\n<div class=\"wp-block-group\" style=\"padding-top:var(--wp--preset--spacing--60);padding-bottom:var(--wp--preset--spacing--60)\"><div class=\"wp-block-group__inner-container is-layout-constrained wp-block-group-is-layout-constrained\">\n<div class=\"wp-block-media-text has-media-on-the-right is-stacked-on-mobile\" style=\"grid-template-columns:auto 40%\"><div class=\"wp-block-media-text__content\">\n<h2 class=\"wp-block-heading\" style=\"padding-top:var(--wp--preset--spacing--40);padding-bottom:var(--wp--preset--spacing--40);font-size:25px;font-style:normal;font-weight:600;text-transform:capitalize\">Instala\u00e7\u00e3o<\/h2>\n\n\n\n<ul class=\"wp-block-list\">\n<li>Cole a fita de luz LED dentro deste perfil de alum\u00ednio.<\/li>\n\n\n\n<li>Encaixe o difusor neste perfil de alum\u00ednio.<\/li>\n\n\n\n<li>F\u00e1cil de instalar: parafuso para fixar o perfil de rodap\u00e9 na parede ou use um adesivo de constru\u00e7\u00e3o forte para um acabamento nivelado.<\/li>\n<\/ul>\n<\/div><figure class=\"wp-block-media-text__media\"><img loading=\"lazy\" decoding=\"async\" width=\"500\" height=\"500\" src=\"https:\/\/tangooled.com\/wp-content\/uploads\/2025\/12\/sk03-ins.webp\" alt=\"tile wall skirting board black aluminum profile for 8mm led strip\" class=\"wp-image-42135 size-full\" srcset=\"https:\/\/tangooled.com\/wp-content\/uploads\/2025\/12\/sk03-ins.webp 500w, https:\/\/tangooled.com\/wp-content\/uploads\/2025\/12\/sk03-ins-300x300.webp 300w, https:\/\/tangooled.com\/wp-content\/uploads\/2025\/12\/sk03-ins-150x150.webp 150w\" sizes=\"auto, (max-width: 500px) 100vw, 500px\" \/><\/figure><\/div>\n<\/div><\/div>\n\n\n\n<div class=\"wp-block-group has-background is-vertical is-layout-flex wp-container-core-group-is-layout-b429018a wp-block-group-is-layout-flex\" style=\"background-color:#f1f1f1f2;padding-top:var(--wp--preset--spacing--70);padding-bottom:var(--wp--preset--spacing--70)\">\n<h2 class=\"wp-block-heading\" style=\"padding-top:var(--wp--preset--spacing--40);padding-bottom:var(--wp--preset--spacing--40);font-size:25px;font-style:normal;font-weight:600\">Cen\u00e1rios de uso &amp; benef\u00edcios<\/h2>\n\n\n\n<p>Seu perfil de rodap\u00e9 de alum\u00ednio preto para parede de azulejos pode ser usado nos seguintes lugares:<\/p>\n\n\n\n<ul class=\"wp-block-list\">\n<li>Rodap\u00e9 LED para corredores: ilumina\u00e7\u00e3o de caminho oferece luz suave e segura ao n\u00edvel do ch\u00e3o para ajud\u00e1-lo a encontrar seu caminho.<\/li>\n\n\n\n<li>Salas de estar e quartos: use linhas de luz suaves e uniformes para tornar a atmosfera mais relaxante.<\/li>\n\n\n\n<li>Em edif\u00edcios comerciais como locais de trabalho e hot\u00e9is, a ilumina\u00e7\u00e3o arquitet\u00f4nica limpa \u00e9 importante, e as paredes devem ser protegidas de danos.<\/li>\n\n\n\n<li>Use como prote\u00e7\u00e3o de borda do piso onde os azulejos encontram a placa de gesso ou drywall.<\/li>\n\n\n\n<li>\u00d3timo para esconder fios em espa\u00e7os modernos, mantendo o design simples.<\/li>\n<\/ul>\n\n\n\n<p>Com este perfil, voc\u00ea tamb\u00e9m obt\u00e9m prote\u00e7\u00e3o contra arranh\u00f5es e sujeira, escondendo o espa\u00e7o de expans\u00e3o comum em instala\u00e7\u00f5es de pisos de azulejos.<\/p>\n<\/div>\n\n\n\n<div class=\"wp-block-group is-vertical is-layout-flex wp-container-core-group-is-layout-d255d7c4 wp-block-group-is-layout-flex\" style=\"padding-top:var(--wp--preset--spacing--80);padding-bottom:var(--wp--preset--spacing--80)\">\n<h2 class=\"wp-block-heading\" style=\"padding-top:var(--wp--preset--spacing--40);padding-bottom:var(--wp--preset--spacing--40);font-size:25px;font-style:normal;font-weight:600;text-transform:capitalize\">Produtos Relacionados<\/h2>\n\n\n\n<ul class=\"wp-block-list\">\n<li>Explore o <a href=\"https:\/\/tangooled.com\/pt\/product\/black-led-profile-with-black-diffuser-for-10mm-led-strip-light\/\"><mark style=\"background-color:rgba(0, 0, 0, 0)\" class=\"has-inline-color has-vivid-red-color\">perfil LED preto com difusor preto para fita de LED de 10mm<\/mark><\/a><\/li>\n\n\n\n<li>Veja o <a href=\"https:\/\/tangooled.com\/pt\/product\/led-strip-light-channel-aluminum-profile-with-diffused-cover-6mm-height\/\"><mark style=\"background-color:rgba(0, 0, 0, 0)\" class=\"has-inline-color has-vivid-red-color\">Canal de luz LED de alum\u00ednio com cobertura difusa, altura de 6 mm<\/mark><\/a><\/li>\n\n\n\n<li>Verifique o <a href=\"https:\/\/tangooled.com\/pt\/product\/surface-mount-led-profile-with-frosted-diffuser-for-10mm-rope-lights\/\"><mark style=\"background-color:rgba(0, 0, 0, 0)\" class=\"has-inline-color has-vivid-red-color\">perfil de LED de montagem em superf\u00edcie com difusor fosco para luzes de corda de 10mm<\/mark><\/a><\/li>\n<\/ul>\n<\/div>\n\n\n\n<div class=\"wp-block-group has-background\" style=\"background-color:#f1f1f1;padding-top:var(--wp--preset--spacing--80);padding-bottom:var(--wp--preset--spacing--80)\"><div class=\"wp-block-group__inner-container is-layout-constrained wp-block-group-is-layout-constrained\">\n<p style=\"padding-right:var(--wp--preset--spacing--50);padding-left:var(--wp--preset--spacing--50)\">Este perfil de rodap\u00e9 de alum\u00ednio para fita LED de 8mm \u00e9 uma \u00f3tima maneira de adicionar estilo e funcionalidade ao seu ambiente. Esta solu\u00e7\u00e3o de ilumina\u00e7\u00e3o arquitet\u00f4nica \u00e9 indispens\u00e1vel, pois adiciona beleza duradoura e protege as bordas dos seus pisos.<\/p>\n<\/div><\/div>\n\n\n\n<p><\/p>","protected":false},"featured_media":13626,"template":"","meta":{"_acf_changed":true,"_seopress_robots_primary_cat":"none","_seopress_titles_title":"Tile Wall Skirting Board | Recessed Aluminum LED Profile SK03","_seopress_titles_desc":"The SK03 is a professional tile wall skirting board made from black aluminum. Optimized for 8mm led strips, it creates a sleek, recessed light path between tiles and floors.","_seopress_robots_index":""},"pcb-width":[228],"product-cat":[198],"class_list":{"0":"post-42104","1":"product","2":"type-product","3":"status-publish","4":"has-post-thumbnail","6":"pcb-width-6-12mm","7":"product-cat-skirting-profile"},"acf":[],"_links":{"self":[{"href":"https:\/\/tangooled.com\/pt\/wp-json\/wp\/v2\/product\/42104","targetHints":{"allow":["GET"]}}],"collection":[{"href":"https:\/\/tangooled.com\/pt\/wp-json\/wp\/v2\/product"}],"about":[{"href":"https:\/\/tangooled.com\/pt\/wp-json\/wp\/v2\/types\/product"}],"wp:featuredmedia":[{"embeddable":true,"href":"https:\/\/tangooled.com\/pt\/wp-json\/wp\/v2\/media\/13626"}],"wp:attachment":[{"href":"https:\/\/tangooled.com\/pt\/wp-json\/wp\/v2\/media?parent=42104"}],"wp:term":[{"taxonomy":"pcb-width","embeddable":true,"href":"https:\/\/tangooled.com\/pt\/wp-json\/wp\/v2\/pcb-width?post=42104"},{"taxonomy":"product-cat","embeddable":true,"href":"https:\/\/tangooled.com\/pt\/wp-json\/wp\/v2\/product-cat?post=42104"}],"curies":[{"name":"wp","href":"https:\/\/api.w.org\/{rel}","templated":true}]}}