{"id":42071,"date":"2025-12-15T00:37:30","date_gmt":"2025-12-15T08:37:30","guid":{"rendered":"https:\/\/tangooled.com\/?post_type=product&#038;p=42071"},"modified":"2026-01-31T06:28:44","modified_gmt":"2026-01-31T14:28:44","slug":"up-lighting-led-wall-aluminum-channel-with-tall-flange-for-12mm-led-tape-light","status":"publish","type":"product","link":"https:\/\/tangooled.com\/pt\/product\/up-lighting-led-wall-aluminum-channel-with-tall-flange-for-12mm-led-tape-light\/","title":{"rendered":"canal de alum\u00ednio para parede com ilumina\u00e7\u00e3o LED com flanges altas para fita LED de 12 mm"},"content":{"rendered":"<div class=\"wp-block-group is-vertical is-layout-flex wp-container-core-group-is-layout-d255d7c4 wp-block-group-is-layout-flex\" style=\"padding-top:var(--wp--preset--spacing--80);padding-bottom:var(--wp--preset--spacing--80)\">\n<p>Nosso canal de parede LED para ilumina\u00e7\u00e3o superior tem uma flange alta que facilita e torna seguro o posicionamento na parede. Este perfil \u00e9 \u00f3timo para criar uma bonita lavagem indireta de luz nas suas paredes.<\/p>\n\n\n\n<p>O canal \u00e9 feito de alum\u00ednio extrudado 6063 T5 forte, que ajuda sua fita LED de 12mm a manter-se fresca e durar mais. Ele possui um difusor de policarbonato (PC) que se encaixa, suaviza a luz, elimina manchas e proporciona um brilho ambiente suave.<\/p>\n\n\n\n<p>Voc\u00ea pode aparafusar a flange alta diretamente na parede, o que faz um canal de montagem para ilumina\u00e7\u00e3o superior robusto. Uma vez que o perfil de alum\u00ednio na parede esteja fixado, coloque sua fita LED e encaixe as tampas de extremidade e o difusor para um acabamento limpo e profissional.<\/p>\n\n\n\n<p>Este perfil adapt\u00e1vel funciona bem para muitas utiliza\u00e7\u00f5es diferentes. Use em sua casa para adicionar um toque moderno a salas ou corredores. Ele proporciona uma sensa\u00e7\u00e3o acolhedora e elegante a hot\u00e9is e restaurantes. \u00c9 tamb\u00e9m ideal para \u00e1reas comerciais que desejam destacar elementos arquitet\u00f4nicos com uma ilumina\u00e7\u00e3o superior requintada.<\/p>\n<\/div>\n\n\n\n<div class=\"wp-block-group has-background is-vertical is-layout-flex wp-container-core-group-is-layout-d255d7c4 wp-block-group-is-layout-flex\" style=\"background-color:#f1f1f1;padding-top:var(--wp--preset--spacing--80);padding-bottom:var(--wp--preset--spacing--80)\">\n<div class=\"wp-block-group is-vertical is-layout-flex wp-container-core-group-is-layout-8cf370e7 wp-block-group-is-layout-flex\">\n<h2 class=\"wp-block-heading\" style=\"padding-top:var(--wp--preset--spacing--40);padding-bottom:var(--wp--preset--spacing--40);font-size:25px;font-style:normal;font-weight:600;text-transform:capitalize\">Por que escolher este canal de parede LED para ilumina\u00e7\u00e3o superior com flange alta?<\/h2>\n\n\n\n<ul class=\"wp-block-list\">\n<li>Controle da Dire\u00e7\u00e3o da Luz: O \u00e2ngulo de 45 graus permite que a luz flua para cima e para fora, o que \u00e9 \u00f3timo para lavagem de parede e ilumina\u00e7\u00e3o indireta.<\/li>\n\n\n\n<li>Acomoda fitas LED de at\u00e9 14mm de largura, incluindo fita LED RGB+W de alta pot\u00eancia e fitas LED COB. Isso significa que voc\u00ea pode atender todas as suas necessidades de ilumina\u00e7\u00e3o.<\/li>\n\n\n\n<li>F\u00e1cil de montar: Vem com tampas de extremidade e clipes de montagem para um acabamento organizado. Voc\u00ea pode pendur\u00e1-lo em paredes ou coloc\u00e1-lo em nichos arquitet\u00f4nicos.<\/li>\n\n\n\n<li>Funciona bem em casas modernas, escrit\u00f3rios, lojas e hot\u00e9is.<\/li>\n\n\n\n<li>Pode ser cortado no local para instala\u00e7\u00f5es exclusivas.<\/li>\n<\/ul>\n<\/div>\n<\/div>\n\n\n\n<div class=\"wp-block-group is-vertical is-layout-flex wp-container-core-group-is-layout-d255d7c4 wp-block-group-is-layout-flex\" style=\"padding-top:var(--wp--preset--spacing--80);padding-bottom:var(--wp--preset--spacing--80)\">\n<hr class=\"wp-block-separator has-alpha-channel-opacity\"\/>\n\n\n\n<div class=\"wp-block-media-text has-media-on-the-right is-stacked-on-mobile\" style=\"grid-template-columns:auto 40%\"><div class=\"wp-block-media-text__content\">\n<h2 class=\"wp-block-heading\" style=\"padding-top:var(--wp--preset--spacing--40);padding-bottom:var(--wp--preset--spacing--40);font-size:25px;font-style:normal;font-weight:600;text-transform:capitalize\">Como usar este canal de alum\u00ednio LED para ilumina\u00e7\u00e3o superior<\/h2>\n\n\n\n<ul class=\"wp-block-list\">\n<li>Corte o canal no comprimento desejado.<\/li>\n\n\n\n<li>Use parafusos para fixar o canal nos montantes da parede ou drywall.<\/li>\n\n\n\n<li>Coloque sua fita LED de 12mm dentro.<\/li>\n\n\n\n<li>Para suavizar a luz, coloque a cobertura difusora fosca.<\/li>\n\n\n\n<li>Adicione tampas de extremidade para dar um visual organizado.<\/li>\n<\/ul>\n<\/div><figure class=\"wp-block-media-text__media\"><img loading=\"lazy\" decoding=\"async\" width=\"500\" height=\"500\" src=\"https:\/\/tangooled.com\/wp-content\/uploads\/2025\/12\/wp08-ins.webp\" alt=\"up lighting wall angled led channel inner width 14mm (copy)\" class=\"wp-image-42072 size-full\" srcset=\"https:\/\/tangooled.com\/wp-content\/uploads\/2025\/12\/wp08-ins.webp 500w, https:\/\/tangooled.com\/wp-content\/uploads\/2025\/12\/wp08-ins-300x300.webp 300w, https:\/\/tangooled.com\/wp-content\/uploads\/2025\/12\/wp08-ins-150x150.webp 150w\" sizes=\"auto, (max-width: 500px) 100vw, 500px\" \/><\/figure><\/div>\n<\/div>\n\n\n\n<div class=\"wp-block-group has-background is-vertical is-layout-flex wp-container-core-group-is-layout-b429018a wp-block-group-is-layout-flex\" style=\"background-color:#f1f1f1f2;padding-top:var(--wp--preset--spacing--70);padding-bottom:var(--wp--preset--spacing--70)\">\n<h2 class=\"wp-block-heading\" style=\"padding-top:var(--wp--preset--spacing--40);padding-bottom:var(--wp--preset--spacing--40);font-size:25px;font-style:normal;font-weight:600\">Cen\u00e1rios de Uso<\/h2>\n\n\n\n<ul class=\"wp-block-list\">\n<li>Use em corredores e salas para adicionar ilumina\u00e7\u00e3o suave de cima.<\/li>\n\n\n\n<li>\u00d3timo para cozinhas modernas ou cinemas em casa onde a ilumina\u00e7\u00e3o ambiente \u00e9 crucial.<\/li>\n\n\n\n<li>\u00d3timo para as paredes de restaurantes, lobbies de hot\u00e9is, corredores de escrit\u00f3rios e exibi\u00e7\u00f5es de lojas.<\/li>\n\n\n\n<li>Cria luzes de destaque com linhas n\u00edtidas que ressaltam a arquitetura.<\/li>\n<\/ul>\n<\/div>\n\n\n\n<div class=\"wp-block-group is-vertical is-layout-flex wp-container-core-group-is-layout-d255d7c4 wp-block-group-is-layout-flex\" style=\"padding-top:var(--wp--preset--spacing--80);padding-bottom:var(--wp--preset--spacing--80)\">\n<h2 class=\"wp-block-heading\" style=\"padding-top:var(--wp--preset--spacing--40);padding-bottom:var(--wp--preset--spacing--40);font-size:25px;font-style:normal;font-weight:600;text-transform:capitalize\">Produtos Relacionados para o Seu Projeto<\/h2>\n\n\n\n<ul class=\"wp-block-list\">\n<li>Explore o <a href=\"https:\/\/tangooled.com\/pt\/product\/black-led-diffuser-aluminum-channel-for-12mm-tape-lights\/\"><mark style=\"background-color:rgba(0, 0, 0, 0)\" class=\"has-inline-color has-vivid-red-color\">canal de alum\u00ednio com difusor LED preto para luzes de fita de 12mm <\/mark><\/a>para um acabamento escuro elegante.<\/li>\n\n\n\n<li>Verifique isto <a href=\"https:\/\/tangooled.com\/pt\/product\/surface-mount-led-profile-with-frosted-diffuser-for-10mm-rope-lights\/\"><mark style=\"background-color:rgba(0, 0, 0, 0)\" class=\"has-inline-color has-vivid-red-color\">perfil de LED de montagem em superf\u00edcie com difusor fosco para luzes de corda de 10mm<\/mark><\/a> se voc\u00ea deseja uma op\u00e7\u00e3o de montagem na superf\u00edcie.<\/li>\n\n\n\n<li>Experimente o <a href=\"https:\/\/tangooled.com\/pt\/product\/18x18mm-led-strip-corner-profile-for-12mm-led-strips\/\"><mark style=\"background-color:rgba(0, 0, 0, 0)\" class=\"has-inline-color has-vivid-red-color\">Perfil de canto de fita LED 18x18mm para fitas LED de 12mm<\/mark><\/a> para instala\u00e7\u00f5es em cantos.<\/li>\n\n\n\n<li>Considere o <a href=\"https:\/\/tangooled.com\/pt\/product\/recessed-led-aluminum-profile-up-and-down-lighting-channel-for-cabinet\/\"><mark style=\"background-color:rgba(0, 0, 0, 0)\" class=\"has-inline-color has-vivid-red-color\">canal de alum\u00ednio LED embutido para ilumina\u00e7\u00e3o de arm\u00e1rio para cima e para baixo<\/mark><\/a> para efeitos de ilumina\u00e7\u00e3o para cima e para baixo.<\/li>\n\n\n\n<li>Veja o <a href=\"https:\/\/tangooled.com\/pt\/product\/25x14m-surface-mounted-led-light-aluminum-profile\/\"><mark style=\"background-color:rgba(0, 0, 0, 0)\" class=\"has-inline-color has-vivid-red-color\">Perfil de alum\u00ednio para luz LED montado na superf\u00edcie de 25x14m<\/mark><\/a> para projetos de montagem em superf\u00edcie estendida.<\/li>\n<\/ul>\n<\/div>\n\n\n\n<div class=\"wp-block-group has-background\" style=\"background-color:#f1f1f1;padding-top:var(--wp--preset--spacing--80);padding-bottom:var(--wp--preset--spacing--80)\"><div class=\"wp-block-group__inner-container is-layout-constrained wp-block-group-is-layout-constrained\">\n<h2 class=\"wp-block-heading\" style=\"padding-top:var(--wp--preset--spacing--40);padding-bottom:var(--wp--preset--spacing--40);font-size:25px;font-style:normal;font-weight:600;text-transform:capitalize\">Por que nosso canal de parede LED para ilumina\u00e7\u00e3o superior \u00e9 a melhor escolha<\/h2>\n\n\n\n<p style=\"padding-right:var(--wp--preset--spacing--50);padding-left:var(--wp--preset--spacing--50)\">This product is designed for simple installation and long-lasting. It meets the standards for professional architectural lighting and is great for anyone who wants modern lighting design.The tall flange and durable aluminum alloy keep your LED tape safe while giving it a smooth, professional look. It\u2019s also a flexible choice for many locations \u2014 from residential to office to retail.<\/p>\n<\/div><\/div>\n\n\n\n<p><\/p>","protected":false},"featured_media":13519,"template":"","meta":{"_acf_changed":true,"_seopress_robots_primary_cat":"none","_seopress_titles_title":"Up Lighting LED Wall Channel with Tall Flange | TANGOOLED","_seopress_titles_desc":"The WP08 is a professional up lighting led wall channel featuring a tall flange to eliminate glare. Optimized for 12mm led tape lights, this aluminum profile creates a clean upward glow for architectural wall washing.","_seopress_robots_index":""},"pcb-width":[228],"product-cat":[195],"class_list":{"0":"post-42071","1":"product","2":"type-product","3":"status-publish","4":"has-post-thumbnail","6":"pcb-width-6-12mm","7":"product-cat-wall-mout-profile"},"acf":[],"_links":{"self":[{"href":"https:\/\/tangooled.com\/pt\/wp-json\/wp\/v2\/product\/42071","targetHints":{"allow":["GET"]}}],"collection":[{"href":"https:\/\/tangooled.com\/pt\/wp-json\/wp\/v2\/product"}],"about":[{"href":"https:\/\/tangooled.com\/pt\/wp-json\/wp\/v2\/types\/product"}],"wp:featuredmedia":[{"embeddable":true,"href":"https:\/\/tangooled.com\/pt\/wp-json\/wp\/v2\/media\/13519"}],"wp:attachment":[{"href":"https:\/\/tangooled.com\/pt\/wp-json\/wp\/v2\/media?parent=42071"}],"wp:term":[{"taxonomy":"pcb-width","embeddable":true,"href":"https:\/\/tangooled.com\/pt\/wp-json\/wp\/v2\/pcb-width?post=42071"},{"taxonomy":"product-cat","embeddable":true,"href":"https:\/\/tangooled.com\/pt\/wp-json\/wp\/v2\/product-cat?post=42071"}],"curies":[{"name":"wp","href":"https:\/\/api.w.org\/{rel}","templated":true}]}}