{"id":38886,"date":"2025-08-20T22:52:22","date_gmt":"2025-08-21T06:52:22","guid":{"rendered":"https:\/\/tangooled.com\/?post_type=product&#038;p=38886"},"modified":"2026-02-02T02:20:38","modified_gmt":"2026-02-02T10:20:38","slug":"v-shape-diffuser-corner-led-profile-inner-20mm","status":"publish","type":"product","link":"https:\/\/tangooled.com\/pt\/product\/v-shape-diffuser-corner-led-profile-inner-20mm\/","title":{"rendered":"difusor em forma de v perfil de alum\u00ednio led para canto interno 20mm"},"content":{"rendered":"<div class=\"wp-block-group is-vertical is-layout-flex wp-container-core-group-is-layout-d255d7c4 wp-block-group-is-layout-flex\" style=\"padding-top:var(--wp--preset--spacing--80);padding-bottom:var(--wp--preset--spacing--80)\">\n<p>Nosso perfil de LED de canto difusor em forma de V \u00e9 uma maneira ideal de iluminar seus cantos. Esse canal robusto de alum\u00ednio se encaixa perfeitamente em qualquer canto de 90 graus. Ele pode suportar fitas de LED de at\u00e9 20 mm de largura adequadamente.<\/p>\n\n\n\n<p>Este perfil emite uma luz suave e uniforme, sem pontos ofuscantes, garantindo que sua ilumina\u00e7\u00e3o seja suave e limpa. A tampa difusora fosca que vem com ele cobre \u00e1reas quentes e suaviza pontos de LED afiados em luz cont\u00ednua. O robusto perfil de alum\u00ednio anodizado tamb\u00e9m ajuda a manter suas fitas de LED frescas, protegendo-as da poeira e de danos, fazendo com que durem mais.<\/p>\n<\/div>\n\n\n\n<div class=\"wp-block-group has-background is-vertical is-layout-flex wp-container-core-group-is-layout-d255d7c4 wp-block-group-is-layout-flex\" style=\"background-color:#f1f1f1;padding-top:var(--wp--preset--spacing--80);padding-bottom:var(--wp--preset--spacing--80)\">\n<div class=\"wp-block-group is-vertical is-layout-flex wp-container-core-group-is-layout-8cf370e7 wp-block-group-is-layout-flex\">\n<h2 class=\"wp-block-heading\" style=\"padding-top:var(--wp--preset--spacing--40);padding-bottom:var(--wp--preset--spacing--40);font-size:25px;font-style:normal;font-weight:600;text-transform:capitalize\">O Que Torna Este Perfil em V Especial?<\/h2>\n\n\n\n<ul class=\"wp-block-list\">\n<li>Sa\u00edda de luz uniforme: A difusora fosca cria uma linha suave de luz sem pontos ou ofuscamento.<\/li>\n\n\n\n<li>Alum\u00ednio de alta qualidade: Um canal robusto que dura muito tempo e funciona como um dissipador de calor.<\/li>\n\n\n\n<li>F\u00e1cil de montar: Basta parafusar o perfil na superf\u00edcie e encaixar a difusora.&nbsp;<\/li>\n\n\n\n<li>Funciona com fitas LED de alto l\u00famen, fitas LED inteligentes ou fitas LED de dupla fileira com espa\u00e7o extra. Funciona muito bem com fitas LED de 20mm.<\/li>\n<\/ul>\n<\/div>\n<\/div>\n\n\n\n<div class=\"wp-block-group\" style=\"padding-top:var(--wp--preset--spacing--60);padding-bottom:var(--wp--preset--spacing--60)\"><div class=\"wp-block-group__inner-container is-layout-constrained wp-block-group-is-layout-constrained\">\n<div class=\"wp-block-media-text has-media-on-the-right is-stacked-on-mobile\" style=\"grid-template-columns:auto 40%\"><div class=\"wp-block-media-text__content\">\n<h2 class=\"wp-block-heading\" style=\"padding-top:var(--wp--preset--spacing--40);padding-bottom:var(--wp--preset--spacing--40);font-size:25px;font-style:normal;font-weight:600;text-transform:capitalize\">Como Instalar Facilmente<\/h2>\n\n\n\n<ul class=\"wp-block-list\">\n<li>Use parafusos para fixar este canal ao canto.<\/li>\n\n\n\n<li>Coloque a fita de LED dentro do canal.<\/li>\n\n\n\n<li>Encaixe a difusora de LED para fazer a luz se espalhar uniformemente.<\/li>\n\n\n\n<li>Coloque as tampas de extremidade para dar um acabamento.<\/li>\n<\/ul>\n<\/div><figure class=\"wp-block-media-text__media\"><img loading=\"lazy\" decoding=\"async\" width=\"500\" height=\"500\" src=\"https:\/\/tangooled.com\/wp-content\/uploads\/2025\/08\/la30a-ins.webp\" alt=\"difusor em forma de v perfil de alum\u00ednio led para canto interno 20mm\" class=\"wp-image-41961 size-full\" srcset=\"https:\/\/tangooled.com\/wp-content\/uploads\/2025\/08\/la30a-ins.webp 500w, https:\/\/tangooled.com\/wp-content\/uploads\/2025\/08\/la30a-ins-300x300.webp 300w, https:\/\/tangooled.com\/wp-content\/uploads\/2025\/08\/la30a-ins-150x150.webp 150w\" sizes=\"auto, (max-width: 500px) 100vw, 500px\" \/><\/figure><\/div>\n<\/div><\/div>\n\n\n\n<div class=\"wp-block-group has-background is-vertical is-layout-flex wp-container-core-group-is-layout-b429018a wp-block-group-is-layout-flex\" style=\"background-color:#f1f1f1f2;padding-top:var(--wp--preset--spacing--70);padding-bottom:var(--wp--preset--spacing--70)\">\n<h2 class=\"wp-block-heading\" style=\"padding-top:var(--wp--preset--spacing--40);padding-bottom:var(--wp--preset--spacing--40);font-size:25px;font-style:normal;font-weight:600;text-transform:capitalize\">Como Usar o Perfil de LED Difusor em Forma de V<\/h2>\n\n\n\n<p style=\"padding-right:var(--wp--preset--spacing--50);padding-left:var(--wp--preset--spacing--50)\">Este canal de alum\u00ednio \u00e9 muito \u00fatil para muitos projetos de ilumina\u00e7\u00e3o. Ele projeta luz em um \u00e2ngulo de 45 graus e funciona com fitas de LED largas (at\u00e9 20mm). \u00d3timo para lugares onde a luz precisa se espalhar uniformemente em cantos.<\/p>\n\n\n\n<ul class=\"wp-block-list\">\n<li>Ilumina\u00e7\u00e3o sob os arm\u00e1rios nas cozinhas&nbsp;<\/li>\n\n\n\n<li>Ilumina\u00e7\u00e3o em guarda-roupas e closets&nbsp;<\/li>\n\n\n\n<li>Ilumina\u00e7\u00e3o em prateleiras de exibi\u00e7\u00e3o no varejo<\/li>\n\n\n\n<li>Ilumina\u00e7\u00e3o em cavas arquitet\u00f4nicas&nbsp;<\/li>\n<\/ul>\n<\/div>\n\n\n\n<div class=\"wp-block-group is-vertical is-layout-flex wp-container-core-group-is-layout-d255d7c4 wp-block-group-is-layout-flex\" style=\"padding-top:var(--wp--preset--spacing--80);padding-bottom:var(--wp--preset--spacing--80)\">\n<h2 class=\"wp-block-heading\" style=\"padding-top:var(--wp--preset--spacing--40);padding-bottom:var(--wp--preset--spacing--40);font-size:25px;font-style:normal;font-weight:600;text-transform:capitalize\">Aplica\u00e7\u00f5es do perfil de LED de montagem em superf\u00edcie<\/h2>\n\n\n\n<p>Nosso perfil de alum\u00ednio para canto difusor em forma de V foi feito para deixar suas luzes limpas, brilhantes e profissionais. Ele se adapta a fitas LED largas, protege-as e espalha a luz uniformemente em pequenos espa\u00e7os. Use-o em cozinhas, closets, escrit\u00f3rios e exibi\u00e7\u00f5es de lojas para encontrar o equil\u00edbrio adequado entre estilo e funcionalidade. Voc\u00ea pode rapidamente finalizar seu sistema de ilumina\u00e7\u00e3o olhando para v\u00e1rios <a href=\"https:\/\/tangooled.com\/pt\/led-profiles\/\"><mark style=\"background-color:rgba(0, 0, 0, 0)\" class=\"has-inline-color has-vivid-red-color\">perf\u00eds de alum\u00ednio<\/mark><\/a> no site da Tangooled<\/p>\n<\/div>","protected":false},"featured_media":40756,"template":"","meta":{"_acf_changed":false,"_seopress_robots_primary_cat":"none","_seopress_titles_title":"V Shape Diffuser Corner LED Profile | 20mm Inner Width | TANGOOLED","_seopress_titles_desc":"Source the LA30A V shape diffuser corner LED profile. Features a 20mm inner width for high-output strips and heavy-duty aluminum for heat management.","_seopress_robots_index":""},"pcb-width":[229],"product-cat":[196],"class_list":{"0":"post-38886","1":"product","2":"type-product","3":"status-publish","4":"has-post-thumbnail","6":"pcb-width-15-20mm","7":"product-cat-corner-profile"},"acf":[],"_links":{"self":[{"href":"https:\/\/tangooled.com\/pt\/wp-json\/wp\/v2\/product\/38886","targetHints":{"allow":["GET"]}}],"collection":[{"href":"https:\/\/tangooled.com\/pt\/wp-json\/wp\/v2\/product"}],"about":[{"href":"https:\/\/tangooled.com\/pt\/wp-json\/wp\/v2\/types\/product"}],"wp:featuredmedia":[{"embeddable":true,"href":"https:\/\/tangooled.com\/pt\/wp-json\/wp\/v2\/media\/40756"}],"wp:attachment":[{"href":"https:\/\/tangooled.com\/pt\/wp-json\/wp\/v2\/media?parent=38886"}],"wp:term":[{"taxonomy":"pcb-width","embeddable":true,"href":"https:\/\/tangooled.com\/pt\/wp-json\/wp\/v2\/pcb-width?post=38886"},{"taxonomy":"product-cat","embeddable":true,"href":"https:\/\/tangooled.com\/pt\/wp-json\/wp\/v2\/product-cat?post=38886"}],"curies":[{"name":"wp","href":"https:\/\/api.w.org\/{rel}","templated":true}]}}