{"id":35408,"date":"2025-07-03T22:21:36","date_gmt":"2025-07-04T06:21:36","guid":{"rendered":"https:\/\/tangooled.com\/?post_type=product&#038;p=35408"},"modified":"2026-01-31T01:47:57","modified_gmt":"2026-01-31T09:47:57","slug":"up-lighting-wall-angled-led-channel-inner-width-14mm","status":"publish","type":"product","link":"https:\/\/tangooled.com\/pt\/product\/up-lighting-wall-angled-led-channel-inner-width-14mm\/","title":{"rendered":"canal de LED angulado na parede para ilumina\u00e7\u00e3o superior largura interna 14mm"},"content":{"rendered":"<div class=\"wp-block-group is-vertical is-layout-flex wp-container-core-group-is-layout-d255d7c4 wp-block-group-is-layout-flex\" style=\"padding-top:var(--wp--preset--spacing--80);padding-bottom:var(--wp--preset--spacing--80)\">\n<p>Nosso canal LED angulado para ilumina\u00e7\u00e3o superior tornar\u00e1 suas paredes mais brilhantes. O canal \u00e9 feito de alum\u00ednio anodizado 6063-T5, que \u00e9 resistente. Ele \u00e9 projetado para iluminar as paredes em um \u00e2ngulo de 45 graus. Esta posi\u00e7\u00e3o exata emite uma luz suave sem ofuscamento ou \u00e1reas escuras.<\/p>\n\n\n\n<p>Este canal LED para ilumina\u00e7\u00e3o superior na parede pode acomodar v\u00e1rias fitas LED e possui uma largura interna de 14 mm. Tamb\u00e9m temos tr\u00eas difusores diferentes: opalino, fosco e transparente. Voc\u00ea pode escolher aquele que oferece a melhor luz. O canal cont\u00e9m tampas de extremidade e clipes de montagem para garantir que o acabamento esteja limpo e completo.<\/p>\n\n\n\n<p>Essa tecnologia \u00e9 excelente para ilumina\u00e7\u00e3o arquitet\u00f4nica, pois emite uma luz suave e sem pontos que se direciona para cima. Funciona de forma eficaz em resid\u00eancias, hot\u00e9is e empresas.<\/p>\n<\/div>\n\n\n\n<div class=\"wp-block-group has-background is-vertical is-layout-flex wp-container-core-group-is-layout-d255d7c4 wp-block-group-is-layout-flex\" style=\"background-color:#f1f1f1;padding-top:var(--wp--preset--spacing--80);padding-bottom:var(--wp--preset--spacing--80)\">\n<div class=\"wp-block-group is-vertical is-layout-flex wp-container-core-group-is-layout-8cf370e7 wp-block-group-is-layout-flex\">\n<h2 class=\"wp-block-heading\" style=\"padding-top:var(--wp--preset--spacing--40);padding-bottom:var(--wp--preset--spacing--40);font-size:25px;font-style:normal;font-weight:600;text-transform:capitalize\">Por que escolher nosso canal LED angulado para ilumina\u00e7\u00e3o superior?<\/h2>\n\n\n\n<ul class=\"wp-block-list\">\n<li>Controle da Dire\u00e7\u00e3o da Luz: O \u00e2ngulo de 45 graus permite que a luz flua para cima e para fora, o que \u00e9 \u00f3timo para lavagem de parede e ilumina\u00e7\u00e3o indireta.<\/li>\n\n\n\n<li>Acomoda fitas LED de at\u00e9 14mm de largura, incluindo fita LED RGB+W de alta pot\u00eancia e fitas LED COB. Isso significa que voc\u00ea pode atender todas as suas necessidades de ilumina\u00e7\u00e3o.<\/li>\n\n\n\n<li>F\u00e1cil de montar: Vem com tampas de extremidade e clipes de montagem para um acabamento organizado. Voc\u00ea pode pendur\u00e1-lo em paredes ou coloc\u00e1-lo em nichos arquitet\u00f4nicos.<\/li>\n\n\n\n<li>Funciona bem em casas modernas, escrit\u00f3rios, lojas e hot\u00e9is.<\/li>\n\n\n\n<li>Pode ser cortado no local para instala\u00e7\u00f5es exclusivas.<\/li>\n<\/ul>\n<\/div>\n<\/div>\n\n\n\n<div class=\"wp-block-group\" style=\"padding-top:var(--wp--preset--spacing--60);padding-bottom:var(--wp--preset--spacing--60)\"><div class=\"wp-block-group__inner-container is-layout-constrained wp-block-group-is-layout-constrained\">\n<div class=\"wp-block-media-text has-media-on-the-right is-stacked-on-mobile\"><div class=\"wp-block-media-text__content\">\n<h2 class=\"wp-block-heading\" style=\"padding-top:var(--wp--preset--spacing--40);padding-bottom:var(--wp--preset--spacing--40);font-size:25px;font-style:normal;font-weight:600;text-transform:capitalize\">Cen\u00e1rios de uso comuns<\/h2>\n\n\n\n<ul class=\"wp-block-list\">\n<li>Paredes de destaque: Use nosso canal para real\u00e7ar paredes com texturas como tijolo ou pedra.<\/li>\n\n\n\n<li>Salas de estar e quartos: Adicione ilumina\u00e7\u00e3o suave e quente para criar um ambiente acolhedor.<\/li>\n\n\n\n<li>Hallways and Corridors: Give modern lighting that doesn&#8217;t glare.<\/li>\n\n\n\n<li>Home Theaters: Make the perfect mood lighting that isn&#8217;t too bright.<\/li>\n<\/ul>\n<\/div><figure class=\"wp-block-media-text__media\"><img loading=\"lazy\" decoding=\"async\" width=\"500\" height=\"500\" src=\"https:\/\/tangooled.com\/wp-content\/uploads\/2025\/07\/wp02-ins.webp\" alt=\"up lighting led wall aluminum channel with tall flange for 12mm led tape light\" class=\"wp-image-42068 size-full\" srcset=\"https:\/\/tangooled.com\/wp-content\/uploads\/2025\/07\/wp02-ins.webp 500w, https:\/\/tangooled.com\/wp-content\/uploads\/2025\/07\/wp02-ins-300x300.webp 300w, https:\/\/tangooled.com\/wp-content\/uploads\/2025\/07\/wp02-ins-150x150.webp 150w\" sizes=\"auto, (max-width: 500px) 100vw, 500px\" \/><\/figure><\/div>\n<\/div><\/div>\n\n\n\n<div class=\"wp-block-group has-background is-vertical is-layout-flex wp-container-core-group-is-layout-b429018a wp-block-group-is-layout-flex\" style=\"background-color:#f1f1f1f2;padding-top:var(--wp--preset--spacing--70);padding-bottom:var(--wp--preset--spacing--70)\">\n<h2 class=\"wp-block-heading\" style=\"padding-top:var(--wp--preset--spacing--40);padding-bottom:var(--wp--preset--spacing--40);font-size:25px;font-style:normal;font-weight:600\">What\u2019s in the Box?<\/h2>\n\n\n\n<ul class=\"wp-block-list\">\n<li>1 x canal LED angulado de alum\u00ednio <\/li>\n\n\n\n<li>1 x tampa difusora fosca (encaixe)<\/li>\n\n\n\n<li>2 x clipes de montagem por metro<\/li>\n\n\n\n<li>2 x tampas de extremidade (simples e com furo de fio)<\/li>\n<\/ul>\n<\/div>\n\n\n\n<div class=\"wp-block-group is-vertical is-layout-flex wp-container-core-group-is-layout-d255d7c4 wp-block-group-is-layout-flex\" style=\"padding-top:var(--wp--preset--spacing--80);padding-bottom:var(--wp--preset--spacing--80)\">\n<h2 class=\"wp-block-heading\" style=\"padding-top:var(--wp--preset--spacing--40);padding-bottom:var(--wp--preset--spacing--40);font-size:25px;font-style:normal;font-weight:600;text-transform:capitalize\">Explore Produtos Relacionados<\/h2>\n\n\n\n<ul class=\"wp-block-list\">\n<li>Para fitas LED estreitas, veja este <a href=\"https:\/\/tangooled.com\/pt\/product\/black-led-profile-with-black-diffuser-for-10mm-led-strip-light\/\"><mark style=\"background-color:rgba(0, 0, 0, 0)\" class=\"has-inline-color has-vivid-red-color\">perfil LED preto com difusor preto para fita de LED de 10mm<\/mark><\/a>.<\/li>\n\n\n\n<li>Precisa de um difusor para largura m\u00e9dia? Veja o <a href=\"https:\/\/tangooled.com\/pt\/product\/black-led-diffuser-aluminum-channel-for-12mm-tape-lights\/\"><mark style=\"background-color:rgba(0, 0, 0, 0)\" class=\"has-inline-color has-vivid-red-color\">canal de alum\u00ednio difusor preto para fita de 12mm <\/mark><\/a><a href=\"https:\/\/tangooled.com\/pt\/product\/led-strip-light-channel-aluminum-profile-with-diffused-cover-6mm-height\/\"><mark style=\"background-color:rgba(0, 0, 0, 0)\" class=\"has-inline-color has-vivid-red-color\">luzes<\/mark><\/a>.<\/li>\n\n\n\n<li>Quer um perfil slim? Experimente o <a href=\"https:\/\/tangooled.com\/pt\/product\/led-strip-light-channel-aluminum-profile-with-diffused-cover-6mm-height\/\"><mark style=\"background-color:rgba(0, 0, 0, 0)\" class=\"has-inline-color has-vivid-red-color\">Canal de luz LED de alum\u00ednio com cobertura difusa, altura de 6 mm<\/mark><\/a>.<\/li>\n<\/ul>\n<\/div>\n\n\n\n<div class=\"wp-block-group has-background\" style=\"background-color:#f1f1f1;padding-top:var(--wp--preset--spacing--80);padding-bottom:var(--wp--preset--spacing--80)\"><div class=\"wp-block-group__inner-container is-layout-constrained wp-block-group-is-layout-constrained\">\n<h2 class=\"wp-block-heading\" style=\"padding-top:var(--wp--preset--spacing--40);padding-bottom:var(--wp--preset--spacing--40);font-size:25px;font-style:normal;font-weight:600;text-transform:capitalize\">Resumo<\/h2>\n\n\n\n<p style=\"padding-right:var(--wp--preset--spacing--50);padding-left:var(--wp--preset--spacing--50)\">Nosso canal LED angulado para ilumina\u00e7\u00e3o superior, com uma largura interna de 14mm, \u00e9 a melhor escolha para uma ilumina\u00e7\u00e3o limpa, brilhante e duradoura. Ele se adapta a muitas fitas LED, protege seus LEDs e cria belos efeitos de ilumina\u00e7\u00e3o indireta para qualquer espa\u00e7o.<\/p>\n<\/div><\/div>\n\n\n\n<p><\/p>","protected":false},"featured_media":13473,"template":"","meta":{"_acf_changed":true,"_seopress_robots_primary_cat":"none","_seopress_titles_title":"Up Lighting Wall Angled LED Channel | 14mm Inner Width WP01 Profile | TANGOOLED","_seopress_titles_desc":"The WP02 is a professional up lighting wall angled led channel with a 14mm inner width. Designed for indirect wall washing, its angled aluminum profile creates a soft upward glow.","_seopress_robots_index":""},"pcb-width":[228],"product-cat":[195],"class_list":{"0":"post-35408","1":"product","2":"type-product","3":"status-publish","4":"has-post-thumbnail","6":"pcb-width-6-12mm","7":"product-cat-wall-mout-profile"},"acf":[],"_links":{"self":[{"href":"https:\/\/tangooled.com\/pt\/wp-json\/wp\/v2\/product\/35408","targetHints":{"allow":["GET"]}}],"collection":[{"href":"https:\/\/tangooled.com\/pt\/wp-json\/wp\/v2\/product"}],"about":[{"href":"https:\/\/tangooled.com\/pt\/wp-json\/wp\/v2\/types\/product"}],"wp:featuredmedia":[{"embeddable":true,"href":"https:\/\/tangooled.com\/pt\/wp-json\/wp\/v2\/media\/13473"}],"wp:attachment":[{"href":"https:\/\/tangooled.com\/pt\/wp-json\/wp\/v2\/media?parent=35408"}],"wp:term":[{"taxonomy":"pcb-width","embeddable":true,"href":"https:\/\/tangooled.com\/pt\/wp-json\/wp\/v2\/pcb-width?post=35408"},{"taxonomy":"product-cat","embeddable":true,"href":"https:\/\/tangooled.com\/pt\/wp-json\/wp\/v2\/product-cat?post=35408"}],"curies":[{"name":"wp","href":"https:\/\/api.w.org\/{rel}","templated":true}]}}