{"id":35407,"date":"2025-07-03T22:18:59","date_gmt":"2025-07-04T06:18:59","guid":{"rendered":"https:\/\/tangooled.com\/?post_type=product&#038;p=35407"},"modified":"2026-01-26T23:41:44","modified_gmt":"2026-01-27T07:41:44","slug":"wall-mount-up-lighting-led-profile-with-outer-curved-aluminum-channel","status":"publish","type":"product","link":"https:\/\/tangooled.com\/pt\/product\/wall-mount-up-lighting-led-profile-with-outer-curved-aluminum-channel\/","title":{"rendered":"perfil de ilumina\u00e7\u00e3o LED montado na parede com canal de alum\u00ednio curvado externamente"},"content":{"rendered":"<div class=\"wp-block-group is-vertical is-layout-flex wp-container-core-group-is-layout-d255d7c4 wp-block-group-is-layout-flex\" style=\"padding-top:var(--wp--preset--spacing--80);padding-bottom:var(--wp--preset--spacing--80)\">\n<p>Descubra o nosso perfil de parede LED com extrus\u00e3o de alum\u00ednio curvada externamente. Este novo design tem duas partes: um canal principal para a sua fita de LED e uma&nbsp;cobertura de alum\u00ednio curvada que se encaixa na parte externa. O difusor de PC em destaque torna a luz mais suave, proporcionando um brilho suave e agrad\u00e1vel.<\/p>\n\n\n\n<p>A instala\u00e7\u00e3o \u00e9 simples. Basta parafusar o canal de montagem principal na parede, depois encaixar a cobertura de alum\u00ednio curvada para um visual suave, sem parafusos. Voc\u00ea pode mont\u00e1-lo tanto para ilumina\u00e7\u00e3o funcional para baixo quanto para ilumina\u00e7\u00e3o funcional para cima, dando-lhe controle total sobre a atmosfera do seu ambiente.<\/p>\n\n\n\n<p>O que torna este perfil especial \u00e9 sua capacidade de criar linhas cont\u00ednuas de luz. Usando conectores, voc\u00ea pode facilmente unir se\u00e7\u00f5es para navegar em cantos internos e externos, perfeito para contornar paredes ou caracter\u00edsticas arquitet\u00f4nicas.<\/p>\n\n\n\n<p>Este canal de ilumina\u00e7\u00e3o adapt\u00e1vel \u00e9 \u00f3timo para qualquer ambiente. Pode ser usado em resid\u00eancias como acentos modernos em corredores ou salas de estar, hot\u00e9is para adicionar um toque de refinamento, ou espa\u00e7os comerciais para criar ambientes din\u00e2micos e atraentes.<\/p>\n<\/div>\n\n\n\n<div class=\"wp-block-group has-background is-vertical is-layout-flex wp-container-core-group-is-layout-d255d7c4 wp-block-group-is-layout-flex\" style=\"background-color:#f1f1f1;padding-top:var(--wp--preset--spacing--80);padding-bottom:var(--wp--preset--spacing--80)\">\n<div class=\"wp-block-group is-vertical is-layout-flex wp-container-core-group-is-layout-8cf370e7 wp-block-group-is-layout-flex\">\n<h2 class=\"wp-block-heading\" style=\"padding-top:var(--wp--preset--spacing--40);padding-bottom:var(--wp--preset--spacing--40);font-size:25px;font-style:normal;font-weight:600;text-transform:capitalize\">Por que escolher este perfil?<\/h2>\n\n\n\n<ul class=\"wp-block-list\">\n<li>Feito para habita\u00e7\u00f5es modernas e usos arquitet\u00f4nicos.<\/li>\n\n\n\n<li>\u00d3timo para ilumina\u00e7\u00e3o de apliques de parede e ilumina\u00e7\u00e3o de destaque.<\/li>\n\n\n\n<li>Cria um efeito suave de lavagem de parede e efeitos de pastagem sem ofusca\u00e7\u00e3o.<\/li>\n\n\n\n<li>Funciona com uma ampla gama de usos comerciais, como ilumina\u00e7\u00e3o para hot\u00e9is, empresas e escolas.<\/li>\n<\/ul>\n<\/div>\n<\/div>\n\n\n\n<div class=\"wp-block-group\" style=\"padding-top:var(--wp--preset--spacing--60);padding-bottom:var(--wp--preset--spacing--60)\"><div class=\"wp-block-group__inner-container is-layout-constrained wp-block-group-is-layout-constrained\">\n<div class=\"wp-block-media-text has-media-on-the-right is-stacked-on-mobile\" style=\"grid-template-columns:auto 40%\"><div class=\"wp-block-media-text__content\">\n<h2 class=\"wp-block-heading\" style=\"padding-top:var(--wp--preset--spacing--40);padding-bottom:var(--wp--preset--spacing--40);font-size:25px;font-style:normal;font-weight:600;text-transform:capitalize\">Como Instalar<\/h2>\n\n\n\n<ul class=\"wp-block-list\">\n<li>Parafuse o canal de ilumina\u00e7\u00e3o de alum\u00ednio na parede.<\/li>\n\n\n\n<li>Anexe as fitas de LED dentro deste canal de ilumina\u00e7\u00e3o.<\/li>\n\n\n\n<li>Encaixe a cobertura do difusor para proteger os LEDs e suavizar a luz.<\/li>\n\n\n\n<li>Anexe a parte curvada de alum\u00ednio e as tampas finais ao canal de ilumina\u00e7\u00e3o para um acabamento limpo.<\/li>\n\n\n\n<li>Conecte a fonte de energia e desfrute da ilumina\u00e7\u00e3o indireta.<\/li>\n<\/ul>\n<\/div><figure class=\"wp-block-media-text__media\"><img loading=\"lazy\" decoding=\"async\" width=\"500\" height=\"500\" src=\"https:\/\/tangooled.com\/wp-content\/uploads\/2025\/07\/wp07-ins.webp\" alt=\"perfil de ilumina\u00e7\u00e3o LED montado na parede com canal de alum\u00ednio curvado externamente\" class=\"wp-image-42099 size-full\" srcset=\"https:\/\/tangooled.com\/wp-content\/uploads\/2025\/07\/wp07-ins.webp 500w, https:\/\/tangooled.com\/wp-content\/uploads\/2025\/07\/wp07-ins-300x300.webp 300w, https:\/\/tangooled.com\/wp-content\/uploads\/2025\/07\/wp07-ins-150x150.webp 150w\" sizes=\"auto, (max-width: 500px) 100vw, 500px\" \/><\/figure><\/div>\n<\/div><\/div>\n\n\n\n<div class=\"wp-block-group has-background is-vertical is-layout-flex wp-container-core-group-is-layout-b429018a wp-block-group-is-layout-flex\" style=\"background-color:#f1f1f1f2;padding-top:var(--wp--preset--spacing--70);padding-bottom:var(--wp--preset--spacing--70)\">\n<h2 class=\"wp-block-heading\" style=\"padding-top:var(--wp--preset--spacing--40);padding-bottom:var(--wp--preset--spacing--40);font-size:25px;font-style:normal;font-weight:600;text-transform:capitalize\">what&#8217;s in the kit?<\/h2>\n\n\n\n<ul class=\"wp-block-list\">\n<li>2x Canais de alum\u00ednio anodizado (um para montagem, um para fitas de LED)<\/li>\n\n\n\n<li>1x Difusor de luz opalina<\/li>\n\n\n\n<li>Tampas de extremidade<\/li>\n\n\n\n<li>Conectores para liga\u00e7\u00e3o cont\u00ednua<\/li>\n<\/ul>\n<\/div>\n\n\n\n<div class=\"wp-block-group is-vertical is-layout-flex wp-container-core-group-is-layout-d255d7c4 wp-block-group-is-layout-flex\" style=\"padding-top:var(--wp--preset--spacing--80);padding-bottom:var(--wp--preset--spacing--80)\">\n<h2 class=\"wp-block-heading\" style=\"padding-top:var(--wp--preset--spacing--40);padding-bottom:var(--wp--preset--spacing--40);font-size:25px;font-style:normal;font-weight:600;text-transform:capitalize\">Onde usar<\/h2>\n\n\n\n<ul class=\"wp-block-list\">\n<li>Salas de Estar: Cria uma atmosfera quente e sofisticada com luz indireta.<\/li>\n\n\n\n<li>Corredores: Adiciona luz \u00fatil sem ocupar muito espa\u00e7o.<\/li>\n\n\n\n<li>Salas de Cinema: Reduz o brilho e destaca as paredes e os tetos.<\/li>\n\n\n\n<li>Lojas de Varejo: Usa ilumina\u00e7\u00e3o de destaque moderna para atrair aten\u00e7\u00e3o aos produtos.<\/li>\n\n\n\n<li>Restaurantes: Luz suave e acolhedora faz as pessoas se sentirem melhor.<\/li>\n\n\n\n<li>Offices: A modern style and light that doesn&#8217;t glare make it comfortable.<\/li>\n<\/ul>\n<\/div>\n\n\n\n<div class=\"wp-block-group has-background\" style=\"background-color:#f1f1f1;padding-top:var(--wp--preset--spacing--80);padding-bottom:var(--wp--preset--spacing--80)\"><div class=\"wp-block-group__inner-container is-layout-constrained wp-block-group-is-layout-constrained\">\n<h2 class=\"wp-block-heading\" style=\"padding-top:var(--wp--preset--spacing--40);padding-bottom:var(--wp--preset--spacing--40);font-size:25px;font-style:normal;font-weight:600;text-transform:capitalize\">Explore Mais Perfis e Acess\u00f3rios:<\/h2>\n\n\n\n<ul class=\"wp-block-list\">\n<li><a href=\"https:\/\/tangooled.com\/pt\/product\/black-led-profile-with-black-diffuser-for-10mm-led-strip-light\/\"><mark style=\"background-color:rgba(0, 0, 0, 0)\" class=\"has-inline-color has-vivid-red-color\">Perfil LED preto com difusor preto para fita de LED de 10mm.<\/mark><\/a><\/li>\n\n\n\n<li><a href=\"https:\/\/tangooled.com\/pt\/product\/surface-mount-led-profile-with-frosted-diffuser-for-10mm-rope-lights\/\"><mark style=\"background-color:rgba(0, 0, 0, 0)\" class=\"has-inline-color has-vivid-red-color\">Perfil LED de montagem de superf\u00edcie com difusor fosco para luzes de cord\u00e3o de 10mm<\/mark><\/a>.<\/li>\n\n\n\n<li><a href=\"https:\/\/tangooled.com\/pt\/product\/aluminum-led-profile-with-30-degree-lens-diffuser-for-10mm-led-strips\/\"><mark style=\"background-color:rgba(0, 0, 0, 0)\" class=\"has-inline-color has-vivid-red-color\">Perfil LED de alum\u00ednio com difusor de lente de 30 graus para fitas de LED de 10mm<\/mark><\/a>.<\/li>\n\n\n\n<li><a href=\"https:\/\/tangooled.com\/pt\/product\/vertical-wall-mount-curved-led-profile-for-upward-lighting\/\"><mark style=\"background-color:rgba(0, 0, 0, 0)\" class=\"has-inline-color has-vivid-red-color\">Perfil LED curvado de montagem vertical na parede para ilumina\u00e7\u00e3o para cima<\/mark><\/a><\/li>\n<\/ul>\n<\/div><\/div>\n\n\n\n<div class=\"wp-block-group\" style=\"padding-top:var(--wp--preset--spacing--80);padding-bottom:var(--wp--preset--spacing--80)\"><div class=\"wp-block-group__inner-container is-layout-constrained wp-block-group-is-layout-constrained\">\n<h2 class=\"wp-block-heading\" style=\"padding-top:var(--wp--preset--spacing--40);padding-bottom:var(--wp--preset--spacing--40);font-size:25px;font-style:normal;font-weight:600;text-transform:capitalize\">por que usar nosso perfil de parede LED?<\/h2>\n\n\n\n<p>Nosso perfil de parede LED possui uma extrus\u00e3o de alum\u00ednio curvada externamente que o torna elegante e protege melhor os LEDs enquanto gerencia melhor o calor. Isso o torna excelente para belos apliques de parede e ilumina\u00e7\u00e3o indireta na arquitetura. \u00c9 projetado para funcionar em uma variedade de aplica\u00e7\u00f5es, como ilumina\u00e7\u00e3o para cima, para baixo e ilumina\u00e7\u00e3o de destaque, e possui um acabamento profissional. Voc\u00ea pode adquirir servi\u00e7os OEM e ODM para alterar os comprimentos, acabamentos e acess\u00f3rios que se compatibilizam.<\/p>\n\n\n\n<p><\/p>\n<\/div><\/div>","protected":false},"featured_media":33662,"template":"","meta":{"_acf_changed":true,"_seopress_robots_primary_cat":"none","_seopress_titles_title":"Wall Mount LED Profile with Outer Curved Aluminum Channel | TANGOOLED","_seopress_titles_desc":"The WP07 is a premium wall mount up lighting led profile featuring a distinctive outer curved aluminum channel. Designed for soft indirect illumination, this curved profile adds architectural elegance to walls while providing a smooth upward glow.","_seopress_robots_index":""},"pcb-width":[228],"product-cat":[195],"class_list":{"0":"post-35407","1":"product","2":"type-product","3":"status-publish","4":"has-post-thumbnail","6":"pcb-width-6-12mm","7":"product-cat-wall-mout-profile"},"acf":[],"_links":{"self":[{"href":"https:\/\/tangooled.com\/pt\/wp-json\/wp\/v2\/product\/35407","targetHints":{"allow":["GET"]}}],"collection":[{"href":"https:\/\/tangooled.com\/pt\/wp-json\/wp\/v2\/product"}],"about":[{"href":"https:\/\/tangooled.com\/pt\/wp-json\/wp\/v2\/types\/product"}],"wp:featuredmedia":[{"embeddable":true,"href":"https:\/\/tangooled.com\/pt\/wp-json\/wp\/v2\/media\/33662"}],"wp:attachment":[{"href":"https:\/\/tangooled.com\/pt\/wp-json\/wp\/v2\/media?parent=35407"}],"wp:term":[{"taxonomy":"pcb-width","embeddable":true,"href":"https:\/\/tangooled.com\/pt\/wp-json\/wp\/v2\/pcb-width?post=35407"},{"taxonomy":"product-cat","embeddable":true,"href":"https:\/\/tangooled.com\/pt\/wp-json\/wp\/v2\/product-cat?post=35407"}],"curies":[{"name":"wp","href":"https:\/\/api.w.org\/{rel}","templated":true}]}}