{"id":35406,"date":"2025-07-03T22:13:06","date_gmt":"2025-07-04T06:13:06","guid":{"rendered":"https:\/\/tangooled.com\/?post_type=product&#038;p=35406"},"modified":"2026-01-31T01:54:58","modified_gmt":"2026-01-31T09:54:58","slug":"low-lighting-slim-in-wall-aluminum-led-channel-for-8mm-led-strip","status":"publish","type":"product","link":"https:\/\/tangooled.com\/pt\/product\/low-lighting-slim-in-wall-aluminum-led-channel-for-8mm-led-strip\/","title":{"rendered":"canal de alum\u00ednio LED slim para ilumina\u00e7\u00e3o baixa na parede para fita LED de 8mm"},"content":{"rendered":"<div class=\"wp-block-group is-vertical is-layout-flex wp-container-core-group-is-layout-d255d7c4 wp-block-group-is-layout-flex\" style=\"padding-top:var(--wp--preset--spacing--80);padding-bottom:var(--wp--preset--spacing--80)\">\n<p>Conhe\u00e7a o nosso canal LED slim embutido para baixa ilumina\u00e7\u00e3o, uma escolha fant\u00e1stica para adicionar luzes de destaque sutis e modernas aos seus espa\u00e7os. Este canal LED de gesso embutido \u00e9 feito de um resistente alum\u00ednio 6063, que ajuda a manter suas fitas LED frescas, prolongando sua vida \u00fatil. Inclui uma cobertura de policarbonato (PC) que se encaixa no lugar, criando uma luz suave e uniforme sem pontos brilhantes.<\/p>\n\n\n\n<p>Projetado para ser embutido, este canal LED de alum\u00ednio se encaixa perfeitamente no gesso, utilizando clipes de mola f\u00e1ceis de usar, proporcionando uma apar\u00eancia profissional e integrada. O perfil projeta luz para baixo, tornando-o perfeito para criar ilumina\u00e7\u00e3o suave e indireta ao longo das paredes.<\/p>\n\n\n\n<p>It&#8217;s a versatile solution for many places. Use it in your home to light up hallways or stairs. In hotels and restaurants, it creates a warm and welcoming atmosphere. It\u2019s also great for commercial spaces like retail stores or offices wanting a touch of sleek, understated light.<\/p>\n<\/div>\n\n\n\n<div class=\"wp-block-group has-background is-vertical is-layout-flex wp-container-core-group-is-layout-d255d7c4 wp-block-group-is-layout-flex\" style=\"background-color:#f1f1f1;padding-top:var(--wp--preset--spacing--80);padding-bottom:var(--wp--preset--spacing--80)\">\n<div class=\"wp-block-group is-vertical is-layout-flex wp-container-core-group-is-layout-8cf370e7 wp-block-group-is-layout-flex\">\n<h2 class=\"wp-block-heading\" style=\"padding-top:var(--wp--preset--spacing--40);padding-bottom:var(--wp--preset--spacing--40);font-size:25px;font-style:normal;font-weight:600;text-transform:capitalize\">Por que escolher nosso canal LED slim embutido para baixa ilumina\u00e7\u00e3o<\/h2>\n\n\n\n<ul class=\"wp-block-list\">\n<li>Design sem acabamento, f\u00e1cil de usar com drywall<\/li>\n\n\n\n<li>Funciona com fitas LED t\u00edpicas de 8mm, como COB e 2835<\/li>\n\n\n\n<li>\u00d3timo para ilumina\u00e7\u00e3o em nichos ou ilumina\u00e7\u00e3o arquitet\u00f4nica<\/li>\n\n\n\n<li>Pode ser utilizado em LEDs de piso, prateleiras ou ilumina\u00e7\u00e3o para escadas<\/li>\n\n\n\n<li>O perfil super fino combina bem com estilos modernos e minimalistas.<\/li>\n<\/ul>\n<\/div>\n<\/div>\n\n\n\n<div class=\"wp-block-group\" style=\"padding-top:var(--wp--preset--spacing--60);padding-bottom:var(--wp--preset--spacing--60)\"><div class=\"wp-block-group__inner-container is-layout-constrained wp-block-group-is-layout-constrained\">\n<div class=\"wp-block-media-text has-media-on-the-right is-stacked-on-mobile\" style=\"grid-template-columns:auto 40%\"><div class=\"wp-block-media-text__content\">\n<h2 class=\"wp-block-heading\" style=\"padding-top:var(--wp--preset--spacing--40);padding-bottom:var(--wp--preset--spacing--40);font-size:25px;font-style:normal;font-weight:600;text-transform:capitalize\">como usar<\/h2>\n\n\n\n<ul class=\"wp-block-list\">\n<li>Nosso canal LED de alum\u00ednio slim de baixo perfil \u00e9 feito para instala\u00e7\u00e3o f\u00e1cil em drywall ou tetos.<\/li>\n\n\n\n<li>O canal \u00e9 fixado por clipes de suporte de mola em uma ranhura pr\u00e9-cortada, facilitando a montagem e evitando a necessidade de gesso ou massa sobre uma flange.<\/li>\n\n\n\n<li>Uma vez instalado, \u00e9 projetado para iluminar em uma dire\u00e7\u00e3o espec\u00edfica, seja para baixo ou para o lado (esquerda ou direita).<\/li>\n\n\n\n<li>Basta colocar sua fita LED de 8mm dentro do perfil e adicionar o difusor fosco para finalizar o design. Isso proporcionar\u00e1 uma ilumina\u00e7\u00e3o uniforme, sem pontos.<\/li>\n<\/ul>\n<\/div><figure class=\"wp-block-media-text__media\"><img loading=\"lazy\" decoding=\"async\" width=\"500\" height=\"500\" src=\"https:\/\/tangooled.com\/wp-content\/uploads\/2025\/07\/wp06-ins.webp\" alt=\"low lighting slim in wall aluminum led channel for 8mm led strip\" class=\"wp-image-42094 size-full\" srcset=\"https:\/\/tangooled.com\/wp-content\/uploads\/2025\/07\/wp06-ins.webp 500w, https:\/\/tangooled.com\/wp-content\/uploads\/2025\/07\/wp06-ins-300x300.webp 300w, https:\/\/tangooled.com\/wp-content\/uploads\/2025\/07\/wp06-ins-150x150.webp 150w\" sizes=\"auto, (max-width: 500px) 100vw, 500px\" \/><\/figure><\/div>\n<\/div><\/div>\n\n\n\n<div class=\"wp-block-group has-background is-vertical is-layout-flex wp-container-core-group-is-layout-b429018a wp-block-group-is-layout-flex\" style=\"background-color:#f1f1f1f2;padding-top:var(--wp--preset--spacing--70);padding-bottom:var(--wp--preset--spacing--70)\">\n<h2 class=\"wp-block-heading\" style=\"padding-top:var(--wp--preset--spacing--40);padding-bottom:var(--wp--preset--spacing--40);font-size:25px;font-style:normal;font-weight:600\">Melhores aplica\u00e7\u00f5es para o canal LED slim embutido para baixa ilumina\u00e7\u00e3o<\/h2>\n\n\n\n<ul class=\"wp-block-list\">\n<li>Ilumina\u00e7\u00e3o Arquitet\u00f4nica: Use luz linear para destacar paredes, prateleiras ou tetos.<\/li>\n\n\n\n<li>Ilumina\u00e7\u00e3o em Nicho: Coloque-o ao redor dos tetos para criar um brilho sutil e indireto.<\/li>\n\n\n\n<li>Ilumina\u00e7\u00e3o para Arm\u00e1rios e Prateleiras: Adicione bonitas fitas de luz discretas aos seus m\u00f3veis.<\/li>\n\n\n\n<li>Ilumina\u00e7\u00e3o para escadas e rodap\u00e9s: Torne os degraus ou bordas do piso seguros e sem excesso de luz.<\/li>\n\n\n\n<li>Integra\u00e7\u00e3o com drywall: Funciona com gesso ou massa, tornando-o \u00f3timo para constru\u00e7\u00f5es modernas de drywall.<\/li>\n<\/ul>\n<\/div>\n\n\n\n<div class=\"wp-block-group is-vertical is-layout-flex wp-container-core-group-is-layout-d255d7c4 wp-block-group-is-layout-flex\" style=\"padding-top:var(--wp--preset--spacing--80);padding-bottom:var(--wp--preset--spacing--80)\">\n<h2 class=\"wp-block-heading\" style=\"font-size:25px;font-style:normal;font-weight:600;text-transform:capitalize\">Produtos Relacionados<\/h2>\n\n\n\n<ul class=\"wp-block-list\">\n<li>Experimente o nosso <a href=\"https:\/\/tangooled.com\/pt\/product\/black-led-diffuser-aluminum-channel-for-12mm-tape-lights\/\"><mark style=\"background-color:rgba(0, 0, 0, 0)\" class=\"has-inline-color has-vivid-red-color\">canal de alum\u00ednio com difusor preto para fitas de 12mm<\/mark><\/a> para fitas LED mais largas.<\/li>\n\n\n\n<li>Verifique o <a href=\"https:\/\/tangooled.com\/pt\/product\/led-strip-light-channel-aluminum-profile-with-diffused-cover-6mm-height\/\"><mark style=\"background-color:rgba(0, 0, 0, 0)\" class=\"has-inline-color has-vivid-red-color\">Canal de luz LED de alum\u00ednio com cobertura difusa, altura de 6 mm<\/mark><\/a> para necessidades ultra-finas.<\/li>\n\n\n\n<li>Para necessidades de montagem em superf\u00edcie, veja nosso <a href=\"https:\/\/tangooled.com\/pt\/product\/surface-mount-led-profile-with-frosted-diffuser-for-10mm-rope-lights\/\"><mark style=\"background-color:rgba(0, 0, 0, 0)\" class=\"has-inline-color has-vivid-red-color\">perfil de LED de montagem em superf\u00edcie com difusor fosco para luzes de corda de 10mm<\/mark><\/a>.<\/li>\n<\/ul>\n<\/div>\n\n\n\n<p><\/p>","protected":false},"featured_media":13499,"template":"","meta":{"_acf_changed":true,"_seopress_robots_primary_cat":"none","_seopress_titles_title":"Slim In-Wall LED Channel for Low Lighting WP06 | TANGOOLED","_seopress_titles_desc":"The WP06 is an ultra-slim in-wall led channel designed for low lighting applications. Optimized for 8mm led strips, this minimalist aluminum profile provides subtle footlight and path illumination for modern hallways.","_seopress_robots_index":""},"pcb-width":[228],"product-cat":[195],"class_list":{"0":"post-35406","1":"product","2":"type-product","3":"status-publish","4":"has-post-thumbnail","6":"pcb-width-6-12mm","7":"product-cat-wall-mout-profile"},"acf":[],"_links":{"self":[{"href":"https:\/\/tangooled.com\/pt\/wp-json\/wp\/v2\/product\/35406","targetHints":{"allow":["GET"]}}],"collection":[{"href":"https:\/\/tangooled.com\/pt\/wp-json\/wp\/v2\/product"}],"about":[{"href":"https:\/\/tangooled.com\/pt\/wp-json\/wp\/v2\/types\/product"}],"wp:featuredmedia":[{"embeddable":true,"href":"https:\/\/tangooled.com\/pt\/wp-json\/wp\/v2\/media\/13499"}],"wp:attachment":[{"href":"https:\/\/tangooled.com\/pt\/wp-json\/wp\/v2\/media?parent=35406"}],"wp:term":[{"taxonomy":"pcb-width","embeddable":true,"href":"https:\/\/tangooled.com\/pt\/wp-json\/wp\/v2\/pcb-width?post=35406"},{"taxonomy":"product-cat","embeddable":true,"href":"https:\/\/tangooled.com\/pt\/wp-json\/wp\/v2\/product-cat?post=35406"}],"curies":[{"name":"wp","href":"https:\/\/api.w.org\/{rel}","templated":true}]}}