{"id":35405,"date":"2025-07-03T22:11:08","date_gmt":"2025-07-04T06:11:08","guid":{"rendered":"https:\/\/tangooled.com\/?post_type=product&#038;p=35405"},"modified":"2026-01-26T23:35:02","modified_gmt":"2026-01-27T07:35:02","slug":"wall-recessed-down-lighting-60mm-led-aluminum-profile","status":"publish","type":"product","link":"https:\/\/tangooled.com\/pt\/product\/wall-recessed-down-lighting-60mm-led-aluminum-profile\/","title":{"rendered":"perfil de alum\u00ednio LED embutido para ilumina\u00e7\u00e3o de parede de 60mm"},"content":{"rendered":"<div class=\"wp-block-group is-vertical is-layout-flex wp-container-core-group-is-layout-d255d7c4 wp-block-group-is-layout-flex\" style=\"padding-top:var(--wp--preset--spacing--80);padding-bottom:var(--wp--preset--spacing--80)\">\n<p>O nosso perfil de parede LED embutido de 60mm \u00e9 projetado para se integrar \u00e0 parede, conferindo \u00e0 sua ilumina\u00e7\u00e3o arquitet\u00f4nica um aspecto elegante e moderno. \u00c9 um canal para ilumina\u00e7\u00e3o embutida que se instala em drywall com clipes de mola, garantindo um visual limpo e sem molduras. Com dimens\u00f5es externas totais de 70mm (largura) e 24,5mm (profundidade), o canal \u00e9 projetado para ser embutido na parede ou no teto com uma altura incorporada de 60mm para alcan\u00e7ar o efeito desejado. Este design robusto assegura que o perfil fique nivelado e seguro, ideal para gerar efeitos de ilumina\u00e7\u00e3o linear atraentes.<\/p>\n\n\n\n<p>This 60mm downlighting LED wall profile features a simple design that makes it very useful. It can make homes&#8217; halls, living rooms, and stairs look elegant. It&#8217;s fantastic for emphasizing things in modern office environments, galleries, and stores when used for commercial lighting. It looks good and functions properly.<\/p>\n<\/div>\n\n\n\n<div class=\"wp-block-group has-background is-vertical is-layout-flex wp-container-core-group-is-layout-d255d7c4 wp-block-group-is-layout-flex\" style=\"background-color:#f1f1f1;padding-top:var(--wp--preset--spacing--80);padding-bottom:var(--wp--preset--spacing--80)\">\n<div class=\"wp-block-group is-vertical is-layout-flex wp-container-core-group-is-layout-8cf370e7 wp-block-group-is-layout-flex\">\n<h2 class=\"wp-block-heading\" style=\"padding-top:var(--wp--preset--spacing--40);padding-bottom:var(--wp--preset--spacing--40);font-size:25px;font-style:normal;font-weight:600;text-transform:capitalize\">Por que escolher nosso perfil de parede LED embutido de 60mm?<\/h2>\n\n\n\n<ul class=\"wp-block-list\">\n<li>Feito de alum\u00ednio anodizado 6063, que dissipa bem o calor e prolonga a vida \u00fatil das suas luzes LED.<\/li>\n\n\n\n<li>O design sem moldura, embutido em gesso, permite que ele se esconda dentro do drywall ou gesso. N\u00e3o h\u00e1 molduras, apenas uma linha pura de luz.<\/li>\n\n\n\n<li>Acompanha um difusor fosco que torna a luz suave e uniforme, sem manchas ou sombras ofuscantes.<\/li>\n\n\n\n<li>\u00d3timo para iluminar paredes, adicionar luz a tetos, escadas e rodap\u00e9s.<\/li>\n<\/ul>\n<\/div>\n<\/div>\n\n\n\n<div class=\"wp-block-group\" style=\"padding-top:var(--wp--preset--spacing--60);padding-bottom:var(--wp--preset--spacing--60)\"><div class=\"wp-block-group__inner-container is-layout-constrained wp-block-group-is-layout-constrained\">\n<div class=\"wp-block-media-text has-media-on-the-right is-stacked-on-mobile\" style=\"grid-template-columns:auto 40%\"><div class=\"wp-block-media-text__content\">\n<h2 class=\"wp-block-heading\" style=\"padding-top:var(--wp--preset--spacing--40);padding-bottom:var(--wp--preset--spacing--40);font-size:25px;font-style:normal;font-weight:600;text-transform:capitalize\">Como Instalar<\/h2>\n\n\n\n<ul class=\"wp-block-list\">\n<li>Cut a precise groove in the drywall or plasterboard. This cavity&#8217;s dimensions, particularly its height, must be suitable for the profile&#8217;s 60mm embedding section and allow space for the spring support clips.<\/li>\n\n\n\n<li>Segure os clipes de suporte de mola na parte de tr\u00e1s do perfil LED.<\/li>\n\n\n\n<li>Fixe a fita LED dentro do canal, depois conecte o difusor fosco e as tampas de extremidade.<\/li>\n\n\n\n<li>Insira o perfil na cavidade preparada. Os clipes de mola ir\u00e3o comprimir e, em seguida, se expandir atr\u00e1s da placa de gesso, segurando firmemente o perfil nivelado com a superf\u00edcie.<\/li>\n\n\n\n<li>Finalmente, conecte o perfil LED \u00e0 fonte de alimenta\u00e7\u00e3o.<\/li>\n<\/ul>\n<\/div><figure class=\"wp-block-media-text__media\"><img loading=\"lazy\" decoding=\"async\" width=\"500\" height=\"500\" src=\"https:\/\/tangooled.com\/wp-content\/uploads\/2025\/07\/wp05-ins.webp\" alt=\"perfil de alum\u00ednio LED embutido para ilumina\u00e7\u00e3o de parede de 60mm\" class=\"wp-image-42081 size-full\" srcset=\"https:\/\/tangooled.com\/wp-content\/uploads\/2025\/07\/wp05-ins.webp 500w, https:\/\/tangooled.com\/wp-content\/uploads\/2025\/07\/wp05-ins-300x300.webp 300w, https:\/\/tangooled.com\/wp-content\/uploads\/2025\/07\/wp05-ins-150x150.webp 150w\" sizes=\"auto, (max-width: 500px) 100vw, 500px\" \/><\/figure><\/div>\n<\/div><\/div>\n\n\n\n<div class=\"wp-block-group has-background is-vertical is-layout-flex wp-container-core-group-is-layout-b429018a wp-block-group-is-layout-flex\" style=\"background-color:#f1f1f1f2;padding-top:var(--wp--preset--spacing--70);padding-bottom:var(--wp--preset--spacing--70)\">\n<h2 class=\"wp-block-heading\" style=\"padding-top:var(--wp--preset--spacing--40);padding-bottom:var(--wp--preset--spacing--40);font-size:25px;font-style:normal;font-weight:600;text-transform:capitalize\">As melhores maneiras de usar nosso perfil de parede LED embutido de 60mm<\/h2>\n\n\n\n<ul class=\"wp-block-list\">\n<li>Corredores e passagens: Utilize luzes de parede elegantes e suaves para iluminar seu caminho.<\/li>\n\n\n\n<li>Para as escadas, deve haver ilumina\u00e7\u00e3o segura e suave nos degraus e nas paredes.<\/li>\n\n\n\n<li>Paredes de destaque: Use ilumina\u00e7\u00e3o embutida para chamar aten\u00e7\u00e3o para arte ou elementos de design.<\/li>\n\n\n\n<li>Lojas e escrit\u00f3rios: Ilumina\u00e7\u00e3o moderna e eficiente para trabalho e exposi\u00e7\u00e3o.<\/li>\n\n\n\n<li>Rodap\u00e9s: Luz de baixo n\u00edvel que apresenta boa apar\u00eancia.<\/li>\n<\/ul>\n<\/div>\n\n\n\n<div class=\"wp-block-group is-vertical is-layout-flex wp-container-core-group-is-layout-d255d7c4 wp-block-group-is-layout-flex\" style=\"padding-top:var(--wp--preset--spacing--80);padding-bottom:var(--wp--preset--spacing--80)\">\n<h2 class=\"wp-block-heading\" style=\"padding-top:var(--wp--preset--spacing--40);padding-bottom:var(--wp--preset--spacing--40);font-size:25px;font-style:normal;font-weight:600;text-transform:capitalize\">O Que H\u00e1 Dentro da Caixa?<\/h2>\n\n\n\n<ul class=\"wp-block-list\">\n<li>1 x perfil de alum\u00ednio de 2,5 metros<\/li>\n\n\n\n<li>1 x capa de difusor de 2,5 metros<\/li>\n\n\n\n<li>2 x tampas de extremidade (uma com furo para fia\u00e7\u00e3o)<\/li>\n\n\n\n<li>2x clipes de mola<\/li>\n<\/ul>\n<\/div>\n\n\n\n<div class=\"wp-block-group has-background\" style=\"background-color:#f1f1f1;padding-top:var(--wp--preset--spacing--80);padding-bottom:var(--wp--preset--spacing--80)\"><div class=\"wp-block-group__inner-container is-layout-constrained wp-block-group-is-layout-constrained\">\n<h2 class=\"wp-block-heading\" style=\"padding-top:var(--wp--preset--spacing--40);padding-bottom:var(--wp--preset--spacing--40);font-size:25px;font-style:normal;font-weight:600;text-transform:capitalize\">resumo<\/h2>\n\n\n\n<p style=\"padding-right:var(--wp--preset--spacing--50);padding-left:var(--wp--preset--spacing--50)\">It\u2019s an ideal method to bring modern, clean, and soft linear lighting to any area is with our recessed 60mm LED wall profile. The robust aluminum body, broad channel, and frosted diffuser top make it easy to put powerful LED strips in walls or ceilings to generate beautiful, smooth lines of light.<\/p>\n<\/div><\/div>\n\n\n\n<p><\/p>","protected":false},"featured_media":13493,"template":"","meta":{"_acf_changed":true,"_seopress_robots_primary_cat":"none","_seopress_titles_title":"Recessed 60mm LED Wall Profile | Wall Recessed Down Lighting Channel | TANGOOLED","_seopress_titles_desc":"The WP05 is a professional recessed 60mm led wall profile designed for seamless down lighting. This 60mm aluminum channel integrates into the wall to create a clean, modern wash light effect.","_seopress_robots_index":""},"pcb-width":[229],"product-cat":[195],"class_list":{"0":"post-35405","1":"product","2":"type-product","3":"status-publish","4":"has-post-thumbnail","6":"pcb-width-15-20mm","7":"product-cat-wall-mout-profile"},"acf":[],"_links":{"self":[{"href":"https:\/\/tangooled.com\/pt\/wp-json\/wp\/v2\/product\/35405","targetHints":{"allow":["GET"]}}],"collection":[{"href":"https:\/\/tangooled.com\/pt\/wp-json\/wp\/v2\/product"}],"about":[{"href":"https:\/\/tangooled.com\/pt\/wp-json\/wp\/v2\/types\/product"}],"wp:featuredmedia":[{"embeddable":true,"href":"https:\/\/tangooled.com\/pt\/wp-json\/wp\/v2\/media\/13493"}],"wp:attachment":[{"href":"https:\/\/tangooled.com\/pt\/wp-json\/wp\/v2\/media?parent=35405"}],"wp:term":[{"taxonomy":"pcb-width","embeddable":true,"href":"https:\/\/tangooled.com\/pt\/wp-json\/wp\/v2\/pcb-width?post=35405"},{"taxonomy":"product-cat","embeddable":true,"href":"https:\/\/tangooled.com\/pt\/wp-json\/wp\/v2\/product-cat?post=35405"}],"curies":[{"name":"wp","href":"https:\/\/api.w.org\/{rel}","templated":true}]}}