{"id":35404,"date":"2025-07-03T22:08:51","date_gmt":"2025-07-04T06:08:51","guid":{"rendered":"https:\/\/tangooled.com\/?post_type=product&#038;p=35404"},"modified":"2026-01-26T23:29:38","modified_gmt":"2026-01-27T07:29:38","slug":"up-and-down-wall-sconce-light-led-strip-channel-for-15mm-white-led-strip","status":"publish","type":"product","link":"https:\/\/tangooled.com\/pt\/product\/up-and-down-wall-sconce-light-led-strip-channel-for-15mm-white-led-strip\/","title":{"rendered":"canal de luz LED para aplique de parede em tira branca de 15 mm"},"content":{"rendered":"<div class=\"wp-block-group is-vertical is-layout-flex wp-container-core-group-is-layout-d255d7c4 wp-block-group-is-layout-flex\" style=\"padding-top:var(--wp--preset--spacing--80);padding-bottom:var(--wp--preset--spacing--80)\">\n<p>This modern wall sconce LED strip channel will make your place look better by providing balanced up and down lighting. The profile is made of long-lasting 6063 aluminum alloy, which helps it stay cool and last a long time. The entire height is 50mm, and there are two different lighting grooves, one on top and one on the bottom, each with a width of\u00a017.6mm. The two lighting surfaces shown can each hold an LED strip that is up to 15.0mm wide. The diffusers are composed of high-quality polycarbonate (PC), which makes sure that the light is smooth, soft, and even. The diffusers are composed of high-quality polycarbonate (PC), which makes sure that the light is smooth, soft, and even.<\/p>\n\n\n\n<p>Este perfil apresenta uma abordagem simples baseada em clipes de dois passos para uma instala\u00e7\u00e3o limpa e consistente de montagem em superf\u00edcie. Ele oferece uma ilumina\u00e7\u00e3o suplementar eficaz que elimina perfeitamente sombras, irradiando luz para cima e para baixo ao mesmo tempo. Este perfil de ilumina\u00e7\u00e3o para cima e para baixo \u00e9 perfeito para adicionar acentos atraentes a casas, corredores de hot\u00e9is, neg\u00f3cios e projetos de ilumina\u00e7\u00e3o arquitet\u00f4nica.<\/p>\n<\/div>\n\n\n\n<div class=\"wp-block-group has-background is-vertical is-layout-flex wp-container-core-group-is-layout-d255d7c4 wp-block-group-is-layout-flex\" style=\"background-color:#f1f1f1;padding-top:var(--wp--preset--spacing--80);padding-bottom:var(--wp--preset--spacing--80)\">\n<div class=\"wp-block-group is-vertical is-layout-flex wp-container-core-group-is-layout-8cf370e7 wp-block-group-is-layout-flex\">\n<h2 class=\"wp-block-heading\" style=\"padding-top:var(--wp--preset--spacing--40);padding-bottom:var(--wp--preset--spacing--40);font-size:25px;font-style:normal;font-weight:600;text-transform:capitalize\">Por que escolher este canal LED para aplique de parede?<\/h2>\n\n\n\n<ul class=\"wp-block-list\">\n<li>Design de Emiss\u00e3o Dupla: A luz brilha para cima e para baixo, fazendo com que suas paredes iluminem suavemente e completamente.<\/li>\n\n\n\n<li>Compat\u00edvel com Tiras LED de 15mm: Funciona bem com tiras largas, como COB (Chip on Board) e tiras LED de alta densidade.<\/li>\n\n\n\n<li>Luz Suave: A capa difusora opala torna a luz suave e homog\u00eanea, sem pontos brilhantes.<\/li>\n\n\n\n<li>Estrutura de alum\u00ednio forte: O revestimento anodizado de alum\u00ednio protege sua tira LED da corros\u00e3o e mant\u00e9m a temperatura fria.<\/li>\n\n\n\n<li>F\u00e1cil de Instalar: Os clipes permitem que voc\u00ea monte em qualquer parede. Fica bonito e se encaixa perfeitamente no seu espa\u00e7o.<\/li>\n\n\n\n<li>Cores Diferentes: Voc\u00ea pode escolher um acabamento em branco mate, preto mate ou prata que combine com seu estilo.<\/li>\n<\/ul>\n<\/div>\n<\/div>\n\n\n\n<div class=\"wp-block-group\" style=\"padding-top:var(--wp--preset--spacing--60);padding-bottom:var(--wp--preset--spacing--60)\"><div class=\"wp-block-group__inner-container is-layout-constrained wp-block-group-is-layout-constrained\">\n<div class=\"wp-block-media-text has-media-on-the-right is-stacked-on-mobile\" style=\"grid-template-columns:auto 40%\"><div class=\"wp-block-media-text__content\">\n<h2 class=\"wp-block-heading\" style=\"font-size:25px;font-style:normal;font-weight:600;text-transform:capitalize\">Onde usar seu canal LED para aplique de parede<\/h2>\n\n\n\n<ul class=\"wp-block-list\">\n<li>Corredores e escadas: Ilumina\u00e7\u00e3o de caminho que \u00e9 segura, brilhante e bonita.<\/li>\n\n\n\n<li>Quartos e salas de estar: Use luz para cima e para baixo para definir o ambiente ou acentuar paredes.<\/li>\n\n\n\n<li>Banheiros e lavat\u00f3rios: \u00d3tima para luz suave e limpa perto de espelhos.<\/li>\n\n\n\n<li>Restaurantes e hot\u00e9is: Fa\u00e7a os clientes se sentirem mais em casa com uma ilumina\u00e7\u00e3o moderna e acolhedora.<\/li>\n\n\n\n<li>Escrit\u00f3rios e lojas: luz estilosa e eficiente que ilumina os ambientes e destaca os itens.<\/li>\n<\/ul>\n<\/div><figure class=\"wp-block-media-text__media\"><img loading=\"lazy\" decoding=\"async\" width=\"500\" height=\"500\" src=\"https:\/\/tangooled.com\/wp-content\/uploads\/2025\/07\/wp04-ins.webp\" alt=\"canal de luz LED para aplique de parede em tira branca de 15 mm\" class=\"wp-image-42077 size-full\" srcset=\"https:\/\/tangooled.com\/wp-content\/uploads\/2025\/07\/wp04-ins.webp 500w, https:\/\/tangooled.com\/wp-content\/uploads\/2025\/07\/wp04-ins-300x300.webp 300w, https:\/\/tangooled.com\/wp-content\/uploads\/2025\/07\/wp04-ins-150x150.webp 150w\" sizes=\"auto, (max-width: 500px) 100vw, 500px\" \/><\/figure><\/div>\n<\/div><\/div>\n\n\n\n<div class=\"wp-block-group has-background is-vertical is-layout-flex wp-container-core-group-is-layout-b429018a wp-block-group-is-layout-flex\" style=\"background-color:#f1f1f1f2;padding-top:var(--wp--preset--spacing--70);padding-bottom:var(--wp--preset--spacing--70)\">\n<h2 class=\"wp-block-heading\" style=\"padding-top:var(--wp--preset--spacing--40);padding-bottom:var(--wp--preset--spacing--40);font-size:25px;font-style:normal;font-weight:600\">What\u2019s Inside the Box?<\/h2>\n\n\n\n<ul class=\"wp-block-list\">\n<li>Canal para aplique de parede em alum\u00ednio<\/li>\n\n\n\n<li>Capa difusora opala encaix\u00e1vel<\/li>\n\n\n\n<li>Duas tampas de extremidade (uma s\u00f3lida, uma para fia\u00e7\u00e3o)<\/li>\n\n\n\n<li>Clipes de montagem para f\u00e1cil instala\u00e7\u00e3o<\/li>\n<\/ul>\n<\/div>\n\n\n\n<div class=\"wp-block-group is-vertical is-layout-flex wp-container-core-group-is-layout-d255d7c4 wp-block-group-is-layout-flex\" style=\"padding-top:var(--wp--preset--spacing--80);padding-bottom:var(--wp--preset--spacing--80)\">\n<h2 class=\"wp-block-heading\" style=\"padding-top:var(--wp--preset--spacing--40);padding-bottom:var(--wp--preset--spacing--40);font-size:25px;font-style:normal;font-weight:600;text-transform:capitalize\">Produtos Relacionados Que Voc\u00ea Pode Gostar<\/h2>\n\n\n\n<ul class=\"wp-block-list\">\n<li>Perfil LED de Montagem em Superf\u00edcie com Difusor Fosco para Luzes de Fita de 10mm: <a href=\"https:\/\/tangooled.com\/pt\/product\/surface-mount-led-profile-with-frosted-diffuser-for-10mm-rope-lights\/\"><mark style=\"background-color:rgba(0, 0, 0, 0)\" class=\"has-inline-color has-vivid-red-color\">Ver produto<\/mark><\/a><\/li>\n\n\n\n<li>Perfil de Luz LED Montado em Superf\u00edcie de 25x14mm: <a href=\"https:\/\/tangooled.com\/pt\/product\/25x14m-surface-mounted-led-light-aluminum-profile\/\"><mark style=\"background-color:rgba(0, 0, 0, 0)\" class=\"has-inline-color has-vivid-red-color\">Ver produto<\/mark><\/a><\/li>\n\n\n\n<li>Canal de Luz Perfil LED de 22x10mm para Tiras LED Flex\u00edveis de 15mm: <a href=\"https:\/\/tangooled.com\/pt\/product\/22x10mm-led-profile-light-channel-for-15mm-flexible-led-strips\/\"><mark style=\"background-color:rgba(0, 0, 0, 0)\" class=\"has-inline-color has-vivid-red-color\">Ver produto<\/mark><\/a><\/li>\n<\/ul>\n<\/div>\n\n\n\n<div class=\"wp-block-group has-background\" style=\"background-color:#f1f1f1;padding-top:var(--wp--preset--spacing--80);padding-bottom:var(--wp--preset--spacing--80)\"><div class=\"wp-block-group__inner-container is-layout-constrained wp-block-group-is-layout-constrained\">\n<h2 class=\"wp-block-heading\" style=\"padding-top:var(--wp--preset--spacing--40);padding-bottom:var(--wp--preset--spacing--40);font-size:25px;font-style:normal;font-weight:600;text-transform:capitalize\">Resumo<\/h2>\n\n\n\n<p style=\"padding-right:var(--wp--preset--spacing--50);padding-left:var(--wp--preset--spacing--50)\">Our up and down wall sconce light led strip channel gives you modern, energy-efficient lighting. It&#8217;s the ideal choice for stylish, long-lasting, and bright light that fills your complete environment. Enjoy trendy and energy-saving illumination with our up and down wall sconce light led strip channel. It&#8217;s the best option for lighting that is elegant, works well, and lasts a long time.<\/p>\n<\/div><\/div>\n\n\n\n<p><\/p>","protected":false},"featured_media":13488,"template":"","meta":{"_acf_changed":true,"_seopress_robots_primary_cat":"none","_seopress_titles_title":"Up and Down Wall Sconce LED Strip Channel | 15mm Wide WP04 Profile | TANGOOLED","_seopress_titles_desc":"The WP04 is a professional wall sconce led strip channel designed for 15mm white led strips. This up and down aluminum profile creates a sleek, bi-directional lighting effect for hallways and living areas.","_seopress_robots_index":""},"pcb-width":[229],"product-cat":[195],"class_list":{"0":"post-35404","1":"product","2":"type-product","3":"status-publish","4":"has-post-thumbnail","6":"pcb-width-15-20mm","7":"product-cat-wall-mout-profile"},"acf":[],"_links":{"self":[{"href":"https:\/\/tangooled.com\/pt\/wp-json\/wp\/v2\/product\/35404","targetHints":{"allow":["GET"]}}],"collection":[{"href":"https:\/\/tangooled.com\/pt\/wp-json\/wp\/v2\/product"}],"about":[{"href":"https:\/\/tangooled.com\/pt\/wp-json\/wp\/v2\/types\/product"}],"wp:featuredmedia":[{"embeddable":true,"href":"https:\/\/tangooled.com\/pt\/wp-json\/wp\/v2\/media\/13488"}],"wp:attachment":[{"href":"https:\/\/tangooled.com\/pt\/wp-json\/wp\/v2\/media?parent=35404"}],"wp:term":[{"taxonomy":"pcb-width","embeddable":true,"href":"https:\/\/tangooled.com\/pt\/wp-json\/wp\/v2\/pcb-width?post=35404"},{"taxonomy":"product-cat","embeddable":true,"href":"https:\/\/tangooled.com\/pt\/wp-json\/wp\/v2\/product-cat?post=35404"}],"curies":[{"name":"wp","href":"https:\/\/api.w.org\/{rel}","templated":true}]}}