{"id":35403,"date":"2025-07-03T22:06:28","date_gmt":"2025-07-04T06:06:28","guid":{"rendered":"https:\/\/tangooled.com\/?post_type=product&#038;p=35403"},"modified":"2026-01-26T23:25:50","modified_gmt":"2026-01-27T07:25:50","slug":"ceiling-wash-linear-wall-mount-led-profile-for-10mm-led-tape-light","status":"publish","type":"product","link":"https:\/\/tangooled.com\/pt\/product\/ceiling-wash-linear-wall-mount-led-profile-for-10mm-led-tape-light\/","title":{"rendered":"Perfil LED de montagem linear para lavagem de teto, de montagem na parede, para fita LED de 10mm"},"content":{"rendered":"<div class=\"wp-block-group is-vertical is-layout-flex wp-container-core-group-is-layout-d255d7c4 wp-block-group-is-layout-flex\" style=\"padding-top:var(--wp--preset--spacing--80);padding-bottom:var(--wp--preset--spacing--80)\">\n<p>Este perfil LED de montagem na parede para lavagem de teto \u00e9 feito de liga de alum\u00ednio 6063-T5, o que o torna resistente e permite uma boa dissipa\u00e7\u00e3o de calor. O perfil possui dimens\u00f5es externas, com uma altura vertical total de 46,7 mm e uma largura da se\u00e7\u00e3o de ilumina\u00e7\u00e3o de 21,4 mm. O difusor \u00e9 feito de policarbonato (PC) de alta qualidade e pode acomodar fitas LED de at\u00e9 12 mm de largura, o que proporciona uma luz suave e livre de pontos.<\/p>\n\n\n\n<p>Este perfil para lavagem de parede possui um sistema de montagem seguro com encaixe (clip-in) que facilita a fixa\u00e7\u00e3o diretamente na parede. A forma angular direciona a luz at\u00e9 o teto, fazendo com que o ambiente pare\u00e7a maior e mais aconchegante uma vez instalado.<\/p>\n\n\n\n<p>Este perfil de alum\u00ednio adapt\u00e1vel \u00e9 excelente para ilumina\u00e7\u00e3o arquitet\u00f4nica e para melhorar o ambiente em diversos locais, como casas, sagu\u00f5es de hot\u00e9is e instala\u00e7\u00f5es comerciais.<\/p>\n<\/div>\n\n\n\n<div class=\"wp-block-group has-background is-vertical is-layout-flex wp-container-core-group-is-layout-d255d7c4 wp-block-group-is-layout-flex\" style=\"background-color:#f1f1f1;padding-top:var(--wp--preset--spacing--80);padding-bottom:var(--wp--preset--spacing--80)\">\n<div class=\"wp-block-group is-vertical is-layout-flex wp-container-core-group-is-layout-8cf370e7 wp-block-group-is-layout-flex\">\n<h2 class=\"wp-block-heading\" style=\"padding-top:var(--wp--preset--spacing--40);padding-bottom:var(--wp--preset--spacing--40);font-size:25px;font-style:normal;font-weight:600;text-transform:capitalize\">Por que escolher nosso perfil LED de montagem na parede para lavagem de teto?<\/h2>\n\n\n\n<ul class=\"wp-block-list\">\n<li>Feito de alum\u00ednio 6063-T5, que \u00e9 um material de alta qualidade que ajuda a manter os componentes frios. Isso mant\u00e9m sua fita LED fria, fazendo com que dure mais e mantendo as cores vibrantes.<\/li>\n\n\n\n<li>A tampa difusora opalina encaixa e oculta os pontos do LED, proporcionando uma luz suave e sem ofuscamento.<\/li>\n\n\n\n<li>Feito para ser montado nas paredes logo abaixo do teto para um maravilhoso efeito de ilumina\u00e7\u00e3o nas paredes.<\/li>\n\n\n\n<li>Funciona com qualquer fita LED de 10 mm ou 12 mm de largura, como os LEDs SMD 3528, 5050 e COB que s\u00e3o bem reconhecidos.<\/li>\n\n\n\n<li>Available in three colors: silver anodized, white powder-coated, or black. It&#8217;s easy to find something that fits your style!<\/li>\n\n\n\n<li>Voc\u00ea pode cortar o perfil para se ajustar a qualquer comprimento que desejar, de pequenos corredores a grandes lojas.<\/li>\n<\/ul>\n<\/div>\n<\/div>\n\n\n\n<div class=\"wp-block-group is-vertical is-layout-flex wp-container-core-group-is-layout-d255d7c4 wp-block-group-is-layout-flex\" style=\"padding-top:var(--wp--preset--spacing--80);padding-bottom:var(--wp--preset--spacing--80)\">\n<hr class=\"wp-block-separator has-alpha-channel-opacity\"\/>\n\n\n\n<div class=\"wp-block-media-text has-media-on-the-right is-stacked-on-mobile\" style=\"grid-template-columns:auto 40%\"><div class=\"wp-block-media-text__content\">\n<h2 class=\"wp-block-heading\" style=\"padding-top:var(--wp--preset--spacing--40);padding-bottom:var(--wp--preset--spacing--40);font-size:25px;font-style:normal;font-weight:600;text-transform:capitalize\">Guia de Instala\u00e7\u00e3o F\u00e1cil<\/h2>\n\n\n\n<ul class=\"wp-block-list\">\n<li>Escolha onde colocar o perfil na parede. Deve estar entre 10 e 30 cent\u00edmetros abaixo do teto.<\/li>\n\n\n\n<li>Use os clips de montagem que acompanham o perfil para fix\u00e1-lo diretamente na parede.<\/li>\n\n\n\n<li>Coloque sua fita LED de 10mm no canal.<\/li>\n\n\n\n<li>Coloque o difusor opalino por cima para fazer a luz se espalhar uniformemente.<\/li>\n\n\n\n<li>Cubra as tampas de extremidade em ambos os lados do perfil para proteger e esconder a fia\u00e7\u00e3o.<\/li>\n<\/ul>\n<\/div><figure class=\"wp-block-media-text__media\"><img loading=\"lazy\" decoding=\"async\" width=\"500\" height=\"500\" src=\"https:\/\/tangooled.com\/wp-content\/uploads\/2025\/07\/wp03-ins.webp\" alt=\"ceiling wash linear wall mount led profile for 10mm led tape light\" class=\"wp-image-42074 size-full\" srcset=\"https:\/\/tangooled.com\/wp-content\/uploads\/2025\/07\/wp03-ins.webp 500w, https:\/\/tangooled.com\/wp-content\/uploads\/2025\/07\/wp03-ins-300x300.webp 300w, https:\/\/tangooled.com\/wp-content\/uploads\/2025\/07\/wp03-ins-150x150.webp 150w\" sizes=\"auto, (max-width: 500px) 100vw, 500px\" \/><\/figure><\/div>\n<\/div>\n\n\n\n<div class=\"wp-block-group has-background is-vertical is-layout-flex wp-container-core-group-is-layout-b429018a wp-block-group-is-layout-flex\" style=\"background-color:#f1f1f1f2;padding-top:var(--wp--preset--spacing--70);padding-bottom:var(--wp--preset--spacing--70)\">\n<h2 class=\"wp-block-heading\" style=\"padding-top:var(--wp--preset--spacing--40);padding-bottom:var(--wp--preset--spacing--40);font-size:25px;font-style:normal;font-weight:600\">Melhores usos para este perfil LED<\/h2>\n\n\n\n<ul class=\"wp-block-list\">\n<li>Ilumina\u00e7\u00e3o de destaque e raspagem de paredes: Use luz suave para destacar a textura de paredes de tijolos, pedras ou pain\u00e9is decorativos.<\/li>\n\n\n\n<li>Ilumina\u00e7\u00e3o de per\u00edmetro: Use para fazer com que salas, corredores ou escrit\u00f3rios brilhem suavemente e de forma indireta.<\/li>\n\n\n\n<li>Retail and Hospitality: This lighting is great for restaurants, hotels, and stores that don&#8217;t want it to be too bright but yet need it to work.<\/li>\n\n\n\n<li>Em cima de arm\u00e1rios ou prateleiras: Ilumine superf\u00edcies sem ofuscar.<\/li>\n<\/ul>\n<\/div>\n\n\n\n<div class=\"wp-block-group is-vertical is-layout-flex wp-container-core-group-is-layout-d255d7c4 wp-block-group-is-layout-flex\" style=\"padding-top:var(--wp--preset--spacing--80);padding-bottom:var(--wp--preset--spacing--80)\">\n<h2 class=\"wp-block-heading\" style=\"padding-top:var(--wp--preset--spacing--40);padding-bottom:var(--wp--preset--spacing--40);font-size:25px;font-style:normal;font-weight:600;text-transform:capitalize\">Produtos Relacionados Que Voc\u00ea Pode Gostar<\/h2>\n\n\n\n<ul class=\"wp-block-list\">\n<li>Perfil LED preto com difusor preto para fita LED de 10mm:<mark style=\"background-color:rgba(0, 0, 0, 0)\" class=\"has-inline-color has-vivid-red-color\"> <a href=\"https:\/\/tangooled.com\/pt\/product\/black-led-profile-with-black-diffuser-for-10mm-led-strip-light\/\">Veja aqui<\/a><\/mark><\/li>\n\n\n\n<li>Perfil LED de Montagem em Superf\u00edcie com Difusor Fosco para Luzes de Fita de 10mm: <a href=\"https:\/\/tangooled.com\/pt\/product\/surface-mount-led-profile-with-frosted-diffuser-for-10mm-rope-lights\/\"><mark style=\"background-color:rgba(0, 0, 0, 0)\" class=\"has-inline-color has-vivid-red-color\">Veja aqui<\/mark><\/a><\/li>\n\n\n\n<li>Canal de LED de perfil baixo 25x6mm para fita LED de 10mm: <a href=\"https:\/\/tangooled.com\/pt\/product\/25x6mm-low-profile-led-strip-channel-for-10mm-led-strip-light\/\"><mark style=\"background-color:rgba(0, 0, 0, 0)\" class=\"has-inline-color has-vivid-red-color\">Veja aqui<\/mark><\/a><\/li>\n\n\n\n<li>Perfil de fita LED 18x9mm para instala\u00e7\u00e3o em superf\u00edcie: <a href=\"https:\/\/tangooled.com\/pt\/product\/18x9mm-led-tape-light-profile-for-surface-installation\/\"><mark style=\"background-color:rgba(0, 0, 0, 0)\" class=\"has-inline-color has-vivid-red-color\">Veja aqui<\/mark><\/a><\/li>\n<\/ul>\n<\/div>\n\n\n\n<div class=\"wp-block-group has-background is-vertical is-layout-flex wp-container-core-group-is-layout-b429018a wp-block-group-is-layout-flex\" style=\"background-color:#f1f1f1f2;padding-top:var(--wp--preset--spacing--70);padding-bottom:var(--wp--preset--spacing--70)\">\n<h2 class=\"wp-block-heading\" style=\"padding-top:var(--wp--preset--spacing--40);padding-bottom:var(--wp--preset--spacing--40);font-size:25px;font-style:normal;font-weight:600\">Resumo<\/h2>\n\n\n\n<p style=\"padding-right:var(--wp--preset--spacing--50);padding-left:var(--wp--preset--spacing--50)\">If you want smooth, indirect lighting with your 10mm LED tape light, our ceiling wash wall mount LED profile is the ideal choice. The aluminum extrusion protects your LEDs, keeps them cool, and makes them look clean with the included diffusers, end caps, and mounting clips. This profile works for any kind of lighting you want, whether it&#8217;s architectural uplighting, ambient ceiling cove lighting, or modern perimeter accent lights.<\/p>\n<\/div>\n\n\n\n<p><\/p>","protected":false},"featured_media":13477,"template":"","meta":{"_acf_changed":true,"_seopress_robots_primary_cat":"none","_seopress_titles_title":"Ceiling Wash Wall Mount LED Profile | WP03 Linear Channel for 10mm Tape | TANGOOLED","_seopress_titles_desc":"The WP03 is a sleek ceiling wash wall mount led profile tailored for 10mm LED tape lights. This linear aluminum channel creates an indirect upward glow, perfect for cove lighting and architectural accents.","_seopress_robots_index":""},"pcb-width":[228],"product-cat":[195],"class_list":{"0":"post-35403","1":"product","2":"type-product","3":"status-publish","4":"has-post-thumbnail","6":"pcb-width-6-12mm","7":"product-cat-wall-mout-profile"},"acf":[],"_links":{"self":[{"href":"https:\/\/tangooled.com\/pt\/wp-json\/wp\/v2\/product\/35403","targetHints":{"allow":["GET"]}}],"collection":[{"href":"https:\/\/tangooled.com\/pt\/wp-json\/wp\/v2\/product"}],"about":[{"href":"https:\/\/tangooled.com\/pt\/wp-json\/wp\/v2\/types\/product"}],"wp:featuredmedia":[{"embeddable":true,"href":"https:\/\/tangooled.com\/pt\/wp-json\/wp\/v2\/media\/13477"}],"wp:attachment":[{"href":"https:\/\/tangooled.com\/pt\/wp-json\/wp\/v2\/media?parent=35403"}],"wp:term":[{"taxonomy":"pcb-width","embeddable":true,"href":"https:\/\/tangooled.com\/pt\/wp-json\/wp\/v2\/pcb-width?post=35403"},{"taxonomy":"product-cat","embeddable":true,"href":"https:\/\/tangooled.com\/pt\/wp-json\/wp\/v2\/product-cat?post=35403"}],"curies":[{"name":"wp","href":"https:\/\/api.w.org\/{rel}","templated":true}]}}