{"id":35400,"date":"2025-07-03T22:02:01","date_gmt":"2025-07-04T06:02:01","guid":{"rendered":"https:\/\/tangooled.com\/?post_type=product&#038;p=35400"},"modified":"2026-02-02T02:29:35","modified_gmt":"2026-02-02T10:29:35","slug":"vertical-wall-mount-curved-led-profile-for-upward-lighting","status":"publish","type":"product","link":"https:\/\/tangooled.com\/pt\/product\/vertical-wall-mount-curved-led-profile-for-upward-lighting\/","title":{"rendered":"perfil curvo LED montado na parede para ilumina\u00e7\u00e3o para cima"},"content":{"rendered":"<div class=\"wp-block-group is-vertical is-layout-flex wp-container-core-group-is-layout-d255d7c4 wp-block-group-is-layout-flex\" style=\"padding-top:var(--wp--preset--spacing--80);padding-bottom:var(--wp--preset--spacing--80)\">\n<p>Ilumine as suas paredes com o nosso perfil de parede LED vertical curvo voltado para cima. Este perfil LED em alum\u00ednio \u00e9 feito para suportar a fita de LED e distribuir a luz pela parede. Isso cria uma ilumina\u00e7\u00e3o difusa suave e sem ofuscamento, tornando os quartos, salas de estar e outras \u00e1reas mais confort\u00e1veis. O canal \u00e9 feito de liga de alum\u00ednio 6063-T5 de alta qualidade, que mant\u00e9m a fita segura contra danos e permite que o calor escape facilmente. Com uma largura interna de 14,7 mm, \u00e9 compat\u00edvel com a maioria das fitas de LED, incluindo as RGBW.<\/p>\n\n\n\n<p>The profile comes with three different PC LED light diffusers to choose from, and it has\u00a0end caps for a clean, professional look. You can also get a mounting solution that is simple and quick to put up on the wall.<\/p>\n<\/div>\n\n\n\n<div class=\"wp-block-group has-background is-vertical is-layout-flex wp-container-core-group-is-layout-d255d7c4 wp-block-group-is-layout-flex\" style=\"background-color:#f1f1f1;padding-top:var(--wp--preset--spacing--80);padding-bottom:var(--wp--preset--spacing--80)\">\n<div class=\"wp-block-group is-vertical is-layout-flex wp-container-core-group-is-layout-8cf370e7 wp-block-group-is-layout-flex\">\n<h2 class=\"wp-block-heading\" style=\"padding-top:var(--wp--preset--spacing--40);padding-bottom:var(--wp--preset--spacing--40);font-size:25px;font-style:normal;font-weight:600;text-transform:capitalize\">Por que escolher nosso perfil de parede LED vertical curvo voltado para cima?<\/h2>\n\n\n\n<ul class=\"wp-block-list\">\n<li>O alum\u00ednio anodizado 6063-T5 de alta qualidade permite que o calor escape facilmente.<\/li>\n\n\n\n<li>Difusor fosco para uma luz suave e uniforme, sem ofuscamento intenso.<\/li>\n\n\n\n<li>Instala\u00e7\u00e3o f\u00e1cil e limpa na parede vertical.<\/li>\n\n\n\n<li>Funciona bem para ilumina\u00e7\u00e3o ambiental, de destaque e arquitet\u00f4nica.<\/li>\n\n\n\n<li>Compat\u00edvel com a maioria das fitas de LED populares de at\u00e9 14mm de largura.<\/li>\n\n\n\n<li>Inclui tampas de extremidade e clipes de montagem para um acabamento discreto.<\/li>\n<\/ul>\n<\/div>\n<\/div>\n\n\n\n<div class=\"wp-block-group\" style=\"padding-top:var(--wp--preset--spacing--60);padding-bottom:var(--wp--preset--spacing--60)\"><div class=\"wp-block-group__inner-container is-layout-constrained wp-block-group-is-layout-constrained\">\n<div class=\"wp-block-media-text has-media-on-the-right is-stacked-on-mobile\" style=\"grid-template-columns:auto 40%\"><div class=\"wp-block-media-text__content\">\n<h2 class=\"wp-block-heading\" style=\"padding-top:var(--wp--preset--spacing--40);padding-bottom:var(--wp--preset--spacing--40);font-size:25px;font-style:normal;font-weight:600;text-transform:capitalize\">Usos e benef\u00edcios<\/h2>\n\n\n\n<ul class=\"wp-block-list\">\n<li>Lobbies de hot\u00e9is, corredores e \u00e1reas de recep\u00e7\u00e3o para criar uma atmosfera amig\u00e1vel.<\/li>\n\n\n\n<li>Lojas e escrit\u00f3rios que parecem atuais e elegantes.<\/li>\n\n\n\n<li>Bares e restaurantes que fazem as pessoas se sentirem acolhidas.<\/li>\n\n\n\n<li>Corredores, escadas e \u00e1reas de estar em casas que precisam de luz suave.<\/li>\n<\/ul>\n<\/div><figure class=\"wp-block-media-text__media\"><img loading=\"lazy\" decoding=\"async\" width=\"500\" height=\"500\" src=\"https:\/\/tangooled.com\/wp-content\/uploads\/2025\/07\/wp01-ins.webp\" alt=\"perfil curvo LED montado na parede para ilumina\u00e7\u00e3o para cima\" class=\"wp-image-42065 size-full\" srcset=\"https:\/\/tangooled.com\/wp-content\/uploads\/2025\/07\/wp01-ins.webp 500w, https:\/\/tangooled.com\/wp-content\/uploads\/2025\/07\/wp01-ins-300x300.webp 300w, https:\/\/tangooled.com\/wp-content\/uploads\/2025\/07\/wp01-ins-150x150.webp 150w\" sizes=\"auto, (max-width: 500px) 100vw, 500px\" \/><\/figure><\/div>\n<\/div><\/div>\n\n\n\n<div class=\"wp-block-group has-background is-vertical is-layout-flex wp-container-core-group-is-layout-b429018a wp-block-group-is-layout-flex\" style=\"background-color:#f1f1f1f2;padding-top:var(--wp--preset--spacing--70);padding-bottom:var(--wp--preset--spacing--70)\">\n<h2 class=\"wp-block-heading\" style=\"padding-top:var(--wp--preset--spacing--40);padding-bottom:var(--wp--preset--spacing--40);font-size:25px;font-style:normal;font-weight:600\">Inclu\u00eddo no pacote<\/h2>\n\n\n\n<ul class=\"wp-block-list\">\n<li>1 x perfil LED curvo vertical em alum\u00ednio<\/li>\n\n\n\n<li>1 x difusor de policarbonato fosco<\/li>\n\n\n\n<li>2 x clipes de montagem com parafusos<\/li>\n\n\n\n<li>2 x tampas de extremidade (1 com furo para fio, 1 lisa)<\/li>\n<\/ul>\n<\/div>\n\n\n\n<div class=\"wp-block-group is-vertical is-layout-flex wp-container-core-group-is-layout-d255d7c4 wp-block-group-is-layout-flex\" style=\"padding-top:var(--wp--preset--spacing--80);padding-bottom:var(--wp--preset--spacing--80)\">\n<h2 class=\"wp-block-heading\" style=\"padding-top:var(--wp--preset--spacing--40);padding-bottom:var(--wp--preset--spacing--40);font-size:25px;font-style:normal;font-weight:600;text-transform:capitalize\">voc\u00ea tamb\u00e9m pode gostar destes produtos relacionados<\/h2>\n\n\n\n<ul class=\"wp-block-list\">\n<li><a href=\"https:\/\/tangooled.com\/pt\/product\/black-led-profile-with-black-diffuser-for-10mm-led-strip-light\/\"><mark style=\"background-color:rgba(0, 0, 0, 0)\" class=\"has-inline-color has-vivid-red-color\">Perfil LED preto com difusor preto para fita LED de 10mm<\/mark><\/a><\/li>\n\n\n\n<li><a href=\"https:\/\/tangooled.com\/pt\/product\/surface-mount-led-profile-with-frosted-diffuser-for-10mm-rope-lights\/\"><mark style=\"background-color:rgba(0, 0, 0, 0)\" class=\"has-inline-color has-vivid-red-color\">Perfil LED de montagem de superf\u00edcie com difusor fosco para luzes de cord\u00e3o de 10mm<\/mark><\/a><\/li>\n\n\n\n<li><a href=\"https:\/\/tangooled.com\/pt\/product\/25x14m-surface-mounted-led-light-aluminum-profile\/\"><mark style=\"background-color:rgba(0, 0, 0, 0)\" class=\"has-inline-color has-vivid-red-color\">Perfil de alum\u00ednio para luz LED montado na superf\u00edcie de 25x14m<\/mark><\/a><\/li>\n\n\n\n<li><a href=\"https:\/\/tangooled.com\/pt\/product\/led-strip-light-channel-aluminum-profile-with-diffused-cover-6mm-height\/\"><mark style=\"background-color:rgba(0, 0, 0, 0)\" class=\"has-inline-color has-vivid-red-color\">Canal de luz LED de alum\u00ednio com cobertura difusa, altura de 6 mm<\/mark><\/a><\/li>\n\n\n\n<li><a href=\"https:\/\/tangooled.com\/pt\/product\/black-aluminum-u-channel-profile-for-10mm-led-strips\/\"><mark style=\"background-color:rgba(0, 0, 0, 0)\" class=\"has-inline-color has-vivid-red-color\">Perfil de canal U de alum\u00ednio preto para tiras LED de 10mm<\/mark><\/a><\/li>\n<\/ul>\n<\/div>\n\n\n\n<div class=\"wp-block-group has-background is-vertical is-layout-flex wp-container-core-group-is-layout-b429018a wp-block-group-is-layout-flex\" style=\"background-color:#f1f1f1f2;padding-top:var(--wp--preset--spacing--70);padding-bottom:var(--wp--preset--spacing--70)\">\n<h2 class=\"wp-block-heading\" style=\"padding-top:var(--wp--preset--spacing--40);padding-bottom:var(--wp--preset--spacing--40);font-size:25px;font-style:normal;font-weight:600\">Por que nosso perfil de parede LED vertical curvo voltado para cima?<\/h2>\n\n\n\n<p style=\"padding-right:var(--wp--preset--spacing--50);padding-left:var(--wp--preset--spacing--50)\">Our profile is the best mix of durability, style, and adaptability. It makes it easy to add modern, stylish uplighting on interior\u00a0walls.\u00a0 The frosted diffuser and high-quality aluminum make the light look smooth and even.Plus, it\u2019s easy to fit, maintain, and customize with a range of finishes and accessories.<\/p>\n<\/div>\n\n\n\n<p><\/p>","protected":false},"featured_media":13469,"template":"","meta":{"_acf_changed":true,"_seopress_robots_primary_cat":"none","_seopress_titles_title":"Vertical Curved Upward LED Wall Profile | WP01 Ambient Light Channel | TANGOOLED","_seopress_titles_desc":"The WP01 is a premium vertical curved upward led wall profile designed for soft, indirect lighting. Its sleek aluminum design mounts vertically to create a beautiful upward glow on wall surfaces.","_seopress_robots_index":""},"pcb-width":[228],"product-cat":[195],"class_list":{"0":"post-35400","1":"product","2":"type-product","3":"status-publish","4":"has-post-thumbnail","6":"pcb-width-6-12mm","7":"product-cat-wall-mout-profile"},"acf":[],"_links":{"self":[{"href":"https:\/\/tangooled.com\/pt\/wp-json\/wp\/v2\/product\/35400","targetHints":{"allow":["GET"]}}],"collection":[{"href":"https:\/\/tangooled.com\/pt\/wp-json\/wp\/v2\/product"}],"about":[{"href":"https:\/\/tangooled.com\/pt\/wp-json\/wp\/v2\/types\/product"}],"wp:featuredmedia":[{"embeddable":true,"href":"https:\/\/tangooled.com\/pt\/wp-json\/wp\/v2\/media\/13469"}],"wp:attachment":[{"href":"https:\/\/tangooled.com\/pt\/wp-json\/wp\/v2\/media?parent=35400"}],"wp:term":[{"taxonomy":"pcb-width","embeddable":true,"href":"https:\/\/tangooled.com\/pt\/wp-json\/wp\/v2\/pcb-width?post=35400"},{"taxonomy":"product-cat","embeddable":true,"href":"https:\/\/tangooled.com\/pt\/wp-json\/wp\/v2\/product-cat?post=35400"}],"curies":[{"name":"wp","href":"https:\/\/api.w.org\/{rel}","templated":true}]}}