{"id":35304,"date":"2025-07-03T02:36:36","date_gmt":"2025-07-03T10:36:36","guid":{"rendered":"https:\/\/tangooled.com\/?post_type=product&#038;p=35304"},"modified":"2026-02-01T22:05:20","modified_gmt":"2026-02-02T06:05:20","slug":"slim-plaster-in-led-ceiling-profile-for-8mm-led-strip","status":"publish","type":"product","link":"https:\/\/tangooled.com\/pt\/product\/slim-plaster-in-led-ceiling-profile-for-8mm-led-strip\/","title":{"rendered":"perfis de gesso slim embutidos no teto para fita LED de 8mm"},"content":{"rendered":"<div class=\"wp-block-group is-vertical is-layout-flex wp-container-core-group-is-layout-d255d7c4 wp-block-group-is-layout-flex\" style=\"padding-top:var(--wp--preset--spacing--80);padding-bottom:var(--wp--preset--spacing--80)\">\n<p>Nosso perfil de teto de gesso para fita LED de 8mm&nbsp;DWP01&nbsp;oferece uma apar\u00eancia de ilumina\u00e7\u00e3o suave e moderna. Este canal de alum\u00ednio slim \u00e9 feito apenas para aplica\u00e7\u00f5es em drywall e placas de gesso. Ele oculta completamente o fixture, proporcionando um visual limpo e sem bordas. O canal tem 32,4 mm de largura e 13 mm de profundidade. A flange de montagem grande torna f\u00e1cil e seguro fix\u00e1-lo sob o gesso. Este perfil \u00e9 perfeito para criar ilumina\u00e7\u00e3o linear suave e oculta em qualquer \u00e1rea. Atende \u00e0s suas necessidades para um perfil de teto de gesso para fita LED de 8mm.<\/p>\n<\/div>\n\n\n\n<div class=\"wp-block-group has-background is-vertical is-layout-flex wp-container-core-group-is-layout-d255d7c4 wp-block-group-is-layout-flex\" style=\"background-color:#f1f1f1;padding-top:var(--wp--preset--spacing--80);padding-bottom:var(--wp--preset--spacing--80)\">\n<div class=\"wp-block-group is-vertical is-layout-flex wp-container-core-group-is-layout-8cf370e7 wp-block-group-is-layout-flex\">\n<h2 class=\"wp-block-heading\" style=\"padding-top:var(--wp--preset--spacing--40);padding-bottom:var(--wp--preset--spacing--40);font-size:25px;font-style:normal;font-weight:600;text-transform:capitalize\">Por que voc\u00ea deve escolher o perfil de gesso para fita LED de 8mm?<\/h2>\n\n\n\n<ul class=\"wp-block-list\">\n<li>Sem juntas ou bordas: O design embutido oculta o perfil quando instalado. Parece que sua luz vem do teto, e n\u00e3o de um fixture.<\/li>\n\n\n\n<li>O Tamanho Certo para Fitas LED de 8mm: Este perfil \u00e9 feito para fitas LED de at\u00e9 8mm de largura e mant\u00e9m as luzes frescas e seguras.<\/li>\n\n\n\n<li>Difus\u00e3o de Luz Suave: O difusor opalino fosco que vem com ele espalha a luz de maneira uniforme e suave, sem pontos.<\/li>\n\n\n\n<li>Forte e dur\u00e1vel: Feito de alum\u00ednio anodizado de alta qualidade (6063-T5), que ajuda a manter a fita LED&nbsp;fresca. Faz com que os LEDs durem mais e brilhem mais.<\/li>\n\n\n\n<li>Simples de instalar: Encaixa em ranhuras em drywall; o gesso cobre os buracos nas asas para um acabamento suave.<\/li>\n<\/ul>\n<\/div>\n<\/div>\n\n\n\n<div class=\"wp-block-group is-vertical is-layout-flex wp-container-core-group-is-layout-d255d7c4 wp-block-group-is-layout-flex\" style=\"padding-top:var(--wp--preset--spacing--80);padding-bottom:var(--wp--preset--spacing--80)\">\n<hr class=\"wp-block-separator has-alpha-channel-opacity\"\/>\n\n\n\n<div class=\"wp-block-media-text has-media-on-the-right is-stacked-on-mobile\" style=\"grid-template-columns:auto 40%\"><div class=\"wp-block-media-text__content\">\n<h2 class=\"wp-block-heading\" style=\"padding-top:var(--wp--preset--spacing--40);padding-bottom:var(--wp--preset--spacing--40);font-size:25px;font-style:normal;font-weight:600;text-transform:capitalize\">Como Usar este Perfil de Teto de Gesso para Fita LED de 8mm<\/h2>\n\n\n\n<ul class=\"wp-block-list\">\n<li>Fa\u00e7a um corte limpo na placa de gesso ou drywall.<\/li>\n\n\n\n<li>Use parafusos para fixar o perfil.<br>\u2022Use LED plaster ceiling profile light tape to connect your 8mm strip inside the channel.<\/li>\n\n\n\n<li>Anexe o difusor de encaixe.<\/li>\n\n\n\n<li>Coloque gesso nas flanges com buracos.<\/li>\n\n\n\n<li>Pinte a superf\u00edcie se desejar.<\/li>\n<\/ul>\n<\/div><figure class=\"wp-block-media-text__media\"><img loading=\"lazy\" decoding=\"async\" width=\"500\" height=\"500\" src=\"https:\/\/tangooled.com\/wp-content\/uploads\/2025\/07\/dwp01-ins.webp\" alt=\"perfis de gesso slim embutidos no teto para fita LED de 8mm\" class=\"wp-image-42766 size-full\" srcset=\"https:\/\/tangooled.com\/wp-content\/uploads\/2025\/07\/dwp01-ins.webp 500w, https:\/\/tangooled.com\/wp-content\/uploads\/2025\/07\/dwp01-ins-300x300.webp 300w, https:\/\/tangooled.com\/wp-content\/uploads\/2025\/07\/dwp01-ins-150x150.webp 150w\" sizes=\"auto, (max-width: 500px) 100vw, 500px\" \/><\/figure><\/div>\n<\/div>\n\n\n\n<div class=\"wp-block-group has-background is-vertical is-layout-flex wp-container-core-group-is-layout-b429018a wp-block-group-is-layout-flex\" style=\"background-color:#f1f1f1f2;padding-top:var(--wp--preset--spacing--70);padding-bottom:var(--wp--preset--spacing--70)\">\n<h2 class=\"wp-block-heading\" style=\"padding-top:var(--wp--preset--spacing--40);padding-bottom:var(--wp--preset--spacing--40);font-size:25px;font-style:normal;font-weight:600\">Onde Usar: Cen\u00e1rios de Uso<\/h2>\n\n\n\n<p>Voc\u00ea pode usar nosso perfil de gesso para fita LED de 8mm em muitos lugares diferentes:<\/p>\n\n\n\n<ul class=\"wp-block-list\">\n<li>Salas de estar para fluxos de luz ambientes e suaves em casas.<\/li>\n\n\n\n<li>Corredores e escadas para iluminar suavemente as paredes.<\/li>\n\n\n\n<li>Espa\u00e7os Comerciais: Lobbies e corredores de hot\u00e9is para toques elegantes.<\/li>\n\n\n\n<li>Escrit\u00f3rios e salas de reuni\u00f5es que parecem bem no mundo atual.<\/li>\n\n\n\n<li>Restaurantes e caf\u00e9s com ilumina\u00e7\u00e3o de clima agrad\u00e1vel.<\/li>\n<\/ul>\n<\/div>\n\n\n\n<div class=\"wp-block-group is-vertical is-layout-flex wp-container-core-group-is-layout-d255d7c4 wp-block-group-is-layout-flex\" style=\"padding-top:var(--wp--preset--spacing--80);padding-bottom:var(--wp--preset--spacing--80)\">\n<h2 class=\"wp-block-heading\" style=\"padding-top:var(--wp--preset--spacing--40);padding-bottom:var(--wp--preset--spacing--40);font-size:25px;font-style:normal;font-weight:600;text-transform:capitalize\">Produtos Relacionados<\/h2>\n\n\n\n<p>Explore estes perfis LED relacionados para complementar seu projeto:<\/p>\n\n\n\n<ul class=\"wp-block-list\">\n<li><a href=\"https:\/\/tangooled.com\/pt\/product\/10mm-led-profile-aluminum-channel-for-8mm-led-tape-lights\/\"><mark style=\"background-color:rgba(0, 0, 0, 0)\" class=\"has-inline-color has-vivid-red-color\">Perfil LED de 10mm para fitas de 8mm<\/mark><\/a>: para fitas LED um pouco mais largas com facilidade de instala\u00e7\u00e3o semelhante.<\/li>\n\n\n\n<li><a href=\"https:\/\/tangooled.com\/pt\/product\/curved-diffuser-flexible-led-strip-light-channel-for-8mm-led-strips\/\"><mark style=\"background-color:rgba(0, 0, 0, 0)\" class=\"has-inline-color has-vivid-red-color\">Canal de Luz LED Difusor Curvo para Fitas LED de 8mm<\/mark><\/a>: Modele sua luz ao redor de cantos suavemente.<\/li>\n\n\n\n<li><a href=\"https:\/\/tangooled.com\/pt\/product\/low-lighting-slim-in-wall-aluminum-led-channel-for-8mm-led-strip\/\"><mark style=\"background-color:rgba(0, 0, 0, 0)\" class=\"has-inline-color has-vivid-red-color\">Canal LED Slim de Alum\u00ednio Embutido para Fitas LED de 8mm<\/mark><\/a>: \u00d3timo para acentos em parede e ilumina\u00e7\u00e3o de degraus.<\/li>\n\n\n\n<li><a href=\"https:\/\/tangooled.com\/pt\/product\/led-strip-light-channel-aluminum-profile-with-diffused-cover-6mm-height\/\"><mark style=\"background-color:rgba(0, 0, 0, 0)\" class=\"has-inline-color has-vivid-red-color\">Perfil de Alum\u00ednio para Faixas de Luz LED com Tampa Difusora 6mm de Altura<\/mark><\/a>: Para necessidades de ilumina\u00e7\u00e3o muito discretas.<\/li>\n<\/ul>\n<\/div>\n\n\n\n<div class=\"wp-block-group is-vertical is-layout-flex wp-container-core-group-is-layout-d255d7c4 wp-block-group-is-layout-flex\" style=\"padding-top:var(--wp--preset--spacing--80);padding-bottom:var(--wp--preset--spacing--80)\">\n<p>Ilumine seu espa\u00e7o com o canal LED slim embutido perfeito, projetado para suas fitas LED de 8mm. Crie uma ilumina\u00e7\u00e3o limpa e moderna com um acabamento invis\u00edvel. Pe\u00e7a agora para uma atualiza\u00e7\u00e3o sem complica\u00e7\u00f5es que se encaixa em seus projetos de drywall e gesso!<\/p>\n<\/div>\n\n\n\n<p><\/p>","protected":false},"featured_media":13703,"template":"","meta":{"_acf_changed":true,"_seopress_robots_primary_cat":"none","_seopress_titles_title":"8mm Slim Plaster-in LED Ceiling Profile | Trimless Channel DWP01","_seopress_titles_desc":"The DWP01 is an ultra-slim plaster-in led ceiling profile optimized for 8mm strips. Achieve a seamless trimless finish on drywalls and ceilings with this professional aluminum channel.","_seopress_robots_index":""},"pcb-width":[228],"product-cat":[197],"class_list":{"0":"post-35304","1":"product","2":"type-product","3":"status-publish","4":"has-post-thumbnail","6":"pcb-width-6-12mm","7":"product-cat-plaster-in-profile"},"acf":[],"_links":{"self":[{"href":"https:\/\/tangooled.com\/pt\/wp-json\/wp\/v2\/product\/35304","targetHints":{"allow":["GET"]}}],"collection":[{"href":"https:\/\/tangooled.com\/pt\/wp-json\/wp\/v2\/product"}],"about":[{"href":"https:\/\/tangooled.com\/pt\/wp-json\/wp\/v2\/types\/product"}],"wp:featuredmedia":[{"embeddable":true,"href":"https:\/\/tangooled.com\/pt\/wp-json\/wp\/v2\/media\/13703"}],"wp:attachment":[{"href":"https:\/\/tangooled.com\/pt\/wp-json\/wp\/v2\/media?parent=35304"}],"wp:term":[{"taxonomy":"pcb-width","embeddable":true,"href":"https:\/\/tangooled.com\/pt\/wp-json\/wp\/v2\/pcb-width?post=35304"},{"taxonomy":"product-cat","embeddable":true,"href":"https:\/\/tangooled.com\/pt\/wp-json\/wp\/v2\/product-cat?post=35304"}],"curies":[{"name":"wp","href":"https:\/\/api.w.org\/{rel}","templated":true}]}}