{"id":35274,"date":"2025-07-03T02:11:20","date_gmt":"2025-07-03T10:11:20","guid":{"rendered":"https:\/\/tangooled.com\/?post_type=product&#038;p=35274"},"modified":"2026-02-02T02:03:50","modified_gmt":"2026-02-02T10:03:50","slug":"35x35mm-circular-ring-lights-led-aluminum-profile-for-hanging","status":"publish","type":"product","link":"https:\/\/tangooled.com\/pt\/product\/35x35mm-circular-ring-lights-led-aluminum-profile-for-hanging\/","title":{"rendered":"Perfis de alum\u00ednio LED de anel circular 35x35mm para pendurar"},"content":{"rendered":"<div class=\"wp-block-group is-vertical is-layout-flex wp-container-core-group-is-layout-d255d7c4 wp-block-group-is-layout-flex\" style=\"padding-top:var(--wp--preset--spacing--80);padding-bottom:var(--wp--preset--spacing--80)\">\n<p>O nosso belo perfil LED circular de 35x35mm ir\u00e1 iluminar o seu ambiente. O perfil de alum\u00ednio pode ser utilizado para pendurar como uma bela luz circular de tamanho personalizado. O di\u00e2metro deste anel pode ser personalizado para se adaptar ao seu espa\u00e7o, variando de 600mm a 3000mm. Feito de alum\u00ednio resistente, oferece aos locais de trabalho, hot\u00e9is, lojas e resid\u00eancias uma luz bonita e uniforme. Pode torn\u00e1-lo ainda mais atrativo escolhendo entre preto cl\u00e1ssico, branco limpo ou prata elegante. Tamb\u00e9m fornecemos acabamentos em cores personalizadas para garantir que correspondam \u00e0 sua vis\u00e3o espec\u00edfica de como deseja que sua casa fique por dentro.<\/p>\n<\/div>\n\n\n\n<div class=\"wp-block-group has-background is-vertical is-layout-flex wp-container-core-group-is-layout-d255d7c4 wp-block-group-is-layout-flex\" style=\"background-color:#f1f1f1;padding-top:var(--wp--preset--spacing--80);padding-bottom:var(--wp--preset--spacing--80)\">\n<div class=\"wp-block-group is-vertical is-layout-flex wp-container-core-group-is-layout-8cf370e7 wp-block-group-is-layout-flex\">\n<h2 class=\"wp-block-heading\" style=\"padding-top:var(--wp--preset--spacing--40);padding-bottom:var(--wp--preset--spacing--40);font-size:25px;font-style:normal;font-weight:600;text-transform:capitalize\">Por que escolher este perfil LED circular de 35x35mm?<\/h2>\n\n\n\n<ul class=\"wp-block-list\">\n<li>O perfil LED circular de 35x35mm \u00e9 uma extrus\u00e3o de alum\u00ednio robusta e atraente que funciona bem com ilumina\u00e7\u00e3o moderna.<\/li>\n\n\n\n<li>A forma redonda faz dele uma \u00f3tima luz de anel arquitet\u00f4nico ou luz pendente halo. <\/li>\n\n\n\n<li>O difusor fosco garante que a luz seja suave e sem pontos, sem ofuscamento. <\/li>\n\n\n\n<li>A montagem pendente \u00e9 simples com o kit de suspens\u00e3o por fio.<\/li>\n\n\n\n<li>Funciona em casas, escrit\u00f3rios, hot\u00e9is e lojas que necessitam de uma maneira moderna de pendurar luzes.<\/li>\n<\/ul>\n<\/div>\n<\/div>\n\n\n\n<div class=\"wp-block-group\" style=\"padding-top:var(--wp--preset--spacing--80);padding-bottom:var(--wp--preset--spacing--80)\"><div class=\"wp-block-group__inner-container is-layout-constrained wp-block-group-is-layout-constrained\">\n<h2 class=\"wp-block-heading\" style=\"font-size:25px;font-style:normal;font-weight:600;text-transform:capitalize\">Perfeito para Estas Aplica\u00e7\u00f5es<\/h2>\n\n\n\n<ul class=\"wp-block-list\">\n<li>Salas de reuni\u00f5es e escrit\u00f3rios comerciais\u00a0<\/li>\n\n\n\n<li>Lobbies e \u00e1trios de hot\u00e9is<\/li>\n\n\n\n<li>Showrooms e boutiques de varejo\u00a0<\/li>\n\n\n\n<li>Espa\u00e7os de estar e de jantar em casas<\/li>\n\n\n\n<li>Est\u00fadios de arte e espa\u00e7os de trabalho criativos<\/li>\n<\/ul>\n<\/div><\/div>\n\n\n\n<div class=\"wp-block-group has-background is-vertical is-layout-flex wp-container-core-group-is-layout-b429018a wp-block-group-is-layout-flex\" style=\"background-color:#f1f1f1f2;padding-top:var(--wp--preset--spacing--70);padding-bottom:var(--wp--preset--spacing--70)\">\n<h2 class=\"wp-block-heading\" style=\"padding-top:var(--wp--preset--spacing--40);padding-right:0;padding-bottom:var(--wp--preset--spacing--40);padding-left:0;font-size:25px;font-style:normal;font-weight:600\">Funciona com estas fitas de LED<\/h2>\n\n\n\n<ul class=\"wp-block-list\">\n<li>LED strips with a high CRI (Ra > 90) for accurate colors.<\/li>\n\n\n\n<li>Fitas LED brancas em uma \u00fanica cor (3000K, 4000K ou 6000K).<\/li>\n\n\n\n<li>Fitas que mudam de cor de RGB para RGBW.<\/li>\n\n\n\n<li>Fitas com at\u00e9 20mm de largura se encaixam perfeitamente no canal do perfil.<\/li>\n<\/ul>\n<\/div>\n\n\n\n<div class=\"wp-block-group\" style=\"padding-top:var(--wp--preset--spacing--80);padding-bottom:var(--wp--preset--spacing--80)\"><div class=\"wp-block-group__inner-container is-layout-constrained wp-block-group-is-layout-constrained\">\n<h2 class=\"wp-block-heading\" style=\"padding-top:var(--wp--preset--spacing--40);padding-bottom:var(--wp--preset--spacing--40);font-size:25px;font-style:normal;font-weight:600;text-transform:capitalize\">Resumo<\/h2>\n\n\n\n<p>O perfil LED circular pendente de 35x35mm \u00e9 feito de alum\u00ednio extrudado. O difusor fosco espalha a luz uniformemente sem torn\u00e1-la excessivamente brilhante. Este perfil \u00e9 perfeito para luzes pendentes modernas, luzes de anel arquitet\u00f4nicas e perfis LED circulares destacados, pois foi feito para ser montado em um pendente. Est\u00e1 dispon\u00edvel em uma infinidade de cores, pode ser dimencionado e pode ser modificado para corresponder a qualquer tamanho, funcionando bem em casas, lojas, hot\u00e9is e locais de trabalho.<\/p>\n<\/div><\/div>\n\n\n\n<p><\/p>","protected":false},"featured_media":20009,"template":"","meta":{"_acf_changed":true,"_seopress_robots_primary_cat":"none","_seopress_titles_title":"35x35mm Circular Ring LED Profile | Curved Aluminum Channel C3535","_seopress_titles_desc":"The C3535 is a premium 35x35mm circular ring led profile for bespoke curved lighting. Create elegant suspended ring lights and geometric halo fixtures with ease.","_seopress_robots_index":""},"pcb-width":[230],"product-cat":[202],"class_list":{"0":"post-35274","1":"product","2":"type-product","3":"status-publish","4":"has-post-thumbnail","6":"pcb-width-20-25mm","7":"product-cat-circular-profile"},"acf":[],"_links":{"self":[{"href":"https:\/\/tangooled.com\/pt\/wp-json\/wp\/v2\/product\/35274","targetHints":{"allow":["GET"]}}],"collection":[{"href":"https:\/\/tangooled.com\/pt\/wp-json\/wp\/v2\/product"}],"about":[{"href":"https:\/\/tangooled.com\/pt\/wp-json\/wp\/v2\/types\/product"}],"wp:featuredmedia":[{"embeddable":true,"href":"https:\/\/tangooled.com\/pt\/wp-json\/wp\/v2\/media\/20009"}],"wp:attachment":[{"href":"https:\/\/tangooled.com\/pt\/wp-json\/wp\/v2\/media?parent=35274"}],"wp:term":[{"taxonomy":"pcb-width","embeddable":true,"href":"https:\/\/tangooled.com\/pt\/wp-json\/wp\/v2\/pcb-width?post=35274"},{"taxonomy":"product-cat","embeddable":true,"href":"https:\/\/tangooled.com\/pt\/wp-json\/wp\/v2\/product-cat?post=35274"}],"curies":[{"name":"wp","href":"https:\/\/api.w.org\/{rel}","templated":true}]}}