{"id":35252,"date":"2025-07-03T01:29:32","date_gmt":"2025-07-03T09:29:32","guid":{"rendered":"https:\/\/tangooled.com\/?post_type=product&#038;p=35252"},"modified":"2026-02-02T02:14:09","modified_gmt":"2026-02-02T10:14:09","slug":"20mm-round-led-profile-light-aluminum-channel-for-12mm-strip-light","status":"publish","type":"product","link":"https:\/\/tangooled.com\/pt\/product\/20mm-round-led-profile-light-aluminum-channel-for-12mm-strip-light\/","title":{"rendered":"Canal de alum\u00ednio redondo LED de 20mm para fita de luz de 12mm"},"content":{"rendered":"<div class=\"wp-block-group is-vertical is-layout-flex wp-container-core-group-is-layout-d255d7c4 wp-block-group-is-layout-flex\" style=\"padding-top:var(--wp--preset--spacing--80);padding-bottom:var(--wp--preset--spacing--80)\">\n<p>The 20mm Round LED Profile we sell is made to work with LED strips that are up to 12mm wide. This profile has a sleek outer diameter of 20.8 mm, which makes it more of a design element than just a functional channel. The channel&#8217;s inside width is 12.2mm, which is perfect for 12mm LED light strips.The strong aluminum profile keeps your LED strip safe and cool, while the included diffuser makes the light smooth and dotless.<\/p>\n\n\n\n<p>It&#8217;s easy and flexible to put together. The application diagram shows that the profile may be hung from a wire, which makes it a great alternative for modern interiors and high ceilings.<\/p>\n\n\n\n<p>Este canal redondo de alum\u00ednio forte pode ser usado tanto para projetos profissionais quanto para fa\u00e7a-voc\u00ea-mesmo. \u00c9 perfeito para ilumina\u00e7\u00e3o decorativa e ambiental em casas, escrit\u00f3rios e neg\u00f3cios, pois emite uma luz constante e uniforme.<\/p>\n<\/div>\n\n\n\n<div class=\"wp-block-group has-background is-vertical is-layout-flex wp-container-core-group-is-layout-d255d7c4 wp-block-group-is-layout-flex\" style=\"background-color:#f1f1f1;padding-top:var(--wp--preset--spacing--80);padding-bottom:var(--wp--preset--spacing--80)\">\n<div class=\"wp-block-group is-vertical is-layout-flex wp-container-core-group-is-layout-8cf370e7 wp-block-group-is-layout-flex\">\n<h2 class=\"wp-block-heading\" style=\"padding-top:var(--wp--preset--spacing--40);padding-bottom:var(--wp--preset--spacing--40);font-size:25px;font-style:normal;font-weight:600;text-transform:capitalize\">Por que escolher este Perfil Redondo LED de 20mm?<\/h2>\n\n\n\n<ul class=\"wp-block-list\">\n<li>Feito de alum\u00ednio anodizado 6063-T5, que \u00e9 dur\u00e1vel e permite a boa dissipa\u00e7\u00e3o do calor.\u00a0<\/li>\n\n\n\n<li>Funciona com todas as fitas LED padr\u00e3o de 12mm, como 5050, 2835 e fitas RGB. <\/li>\n\n\n\n<li>Vem com um difusor fosco (opal) que espalha a luz uniformemente sem pontos quentes.<\/li>\n\n\n\n<li>F\u00e1cil de montar com kits de fio<\/li>\n\n\n\n<li>Protege suas fitas LED de sujeira, poeira e danos.<\/li>\n<\/ul>\n<\/div>\n<\/div>\n\n\n\n<div class=\"wp-block-group\" style=\"padding-top:var(--wp--preset--spacing--60);padding-bottom:var(--wp--preset--spacing--60)\"><div class=\"wp-block-group__inner-container is-layout-constrained wp-block-group-is-layout-constrained\">\n<div class=\"wp-block-media-text has-media-on-the-right is-stacked-on-mobile\" style=\"grid-template-columns:auto 40%\"><div class=\"wp-block-media-text__content\">\n<h2 class=\"wp-block-heading\" style=\"padding-top:var(--wp--preset--spacing--40);padding-bottom:var(--wp--preset--spacing--40);font-size:25px;font-style:normal;font-weight:600;text-transform:capitalize\">Como configur\u00e1-lo?<\/h2>\n\n\n\n<ul class=\"wp-block-list\">\n<li>Corte o canal de alum\u00ednio e o difusor para um comprimento adequado.<\/li>\n\n\n\n<li>Coloque a fita LED de 12mm dentro do canal.<\/li>\n\n\n\n<li>Coloque os cabos de suspens\u00e3o na parte de tr\u00e1s da ranhura do canal.<\/li>\n\n\n\n<li>Coloque o difusor e coloque tampas nas duas extremidades.<\/li>\n\n\n\n<li>Pendure este canal de alum\u00ednio no local desejado.<\/li>\n<\/ul>\n<\/div><figure class=\"wp-block-media-text__media\"><img loading=\"lazy\" decoding=\"async\" width=\"500\" height=\"500\" src=\"https:\/\/tangooled.com\/wp-content\/uploads\/2025\/07\/ar01-ins.webp\" alt=\"20mm round led profile light aluminum channel for 12mm led strip\" class=\"wp-image-42267 size-full\" srcset=\"https:\/\/tangooled.com\/wp-content\/uploads\/2025\/07\/ar01-ins.webp 500w, https:\/\/tangooled.com\/wp-content\/uploads\/2025\/07\/ar01-ins-300x300.webp 300w, https:\/\/tangooled.com\/wp-content\/uploads\/2025\/07\/ar01-ins-150x150.webp 150w\" sizes=\"auto, (max-width: 500px) 100vw, 500px\" \/><\/figure><\/div>\n<\/div><\/div>\n\n\n\n<div class=\"wp-block-group has-background is-vertical is-layout-flex wp-container-core-group-is-layout-b429018a wp-block-group-is-layout-flex\" style=\"background-color:#f1f1f1f2;padding-top:var(--wp--preset--spacing--70);padding-bottom:var(--wp--preset--spacing--70)\">\n<h2 class=\"wp-block-heading\" style=\"padding-top:var(--wp--preset--spacing--40);padding-bottom:var(--wp--preset--spacing--40);font-size:25px;font-style:normal;font-weight:600\">Onde Pode Us\u00e1-lo?<\/h2>\n\n\n\n<p>Voc\u00ea pode usar este canal LED de alum\u00ednio redondo de 20mm com uma variedade de ideias de ilumina\u00e7\u00e3o:<\/p>\n\n\n\n<ul class=\"wp-block-list\">\n<li>Luzes pendentes e suspensas sobre ilhas de cozinha ou mesas.<\/li>\n\n\n\n<li>Barras de closet e ilumina\u00e7\u00e3o de guarda-roupa para ajud\u00e1-lo a ver melhor.\u00a0<\/li>\n\n\n\n<li>Under-cabinet and shelf lighting to assist you see what you&#8217;re doing.<\/li>\n\n\n\n<li>Ilumina\u00e7\u00e3o para vitrines de lojas para chamar a aten\u00e7\u00e3o para os produtos.<\/li>\n<\/ul>\n<\/div>\n\n\n\n<div class=\"wp-block-group is-vertical is-layout-flex wp-container-core-group-is-layout-d255d7c4 wp-block-group-is-layout-flex\" style=\"padding-top:var(--wp--preset--spacing--80);padding-bottom:var(--wp--preset--spacing--80)\">\n<h2 class=\"wp-block-heading\" style=\"padding-top:var(--wp--preset--spacing--40);padding-bottom:var(--wp--preset--spacing--40);font-size:25px;font-style:normal;font-weight:600;text-transform:capitalize\">What\u2019s In The Box?<\/h2>\n\n\n\n<ul class=\"wp-block-list\">\n<li>Um canal de alum\u00ednio redondo com di\u00e2metro de 20mm\u00a0<\/li>\n\n\n\n<li>Uma cobertura difusora fosca ou opal<\/li>\n\n\n\n<li>Duas tampas de extremidade (uma com um furo para fia\u00e7\u00e3o)<\/li>\n\n\n\n<li>Dois fios de suspens\u00e3o para instala\u00e7\u00e3o suspensa<\/li>\n<\/ul>\n<\/div>\n\n\n\n<div class=\"wp-block-group has-background\" style=\"background-color:#f1f1f1;padding-top:var(--wp--preset--spacing--80);padding-bottom:var(--wp--preset--spacing--80)\"><div class=\"wp-block-group__inner-container is-layout-constrained wp-block-group-is-layout-constrained\">\n<h2 class=\"wp-block-heading\" style=\"font-size:25px;font-style:normal;font-weight:600;text-transform:capitalize\">produtos relacionados que voc\u00ea pode gostar<\/h2>\n\n\n\n<ul class=\"wp-block-list\">\n<li>Explore nosso <a href=\"https:\/\/tangooled.com\/pt\/product\/surface-mount-led-profile-with-frosted-diffuser-for-10mm-rope-lights\/\"><mark style=\"background-color:rgba(0, 0, 0, 0)\" class=\"has-inline-color has-vivid-red-color\">Perfil LED de Montagem Superficial com Difusor Fosco para Luzes de Cord\u00e3o de 10mm<\/mark><\/a> para fitas menores<\/li>\n\n\n\n<li>Experimente o <a href=\"https:\/\/tangooled.com\/pt\/product\/17mm-led-strip-light-aluminum-channel-for-surface-mounting\/\"><mark style=\"background-color:rgba(0, 0, 0, 0)\" class=\"has-inline-color has-vivid-red-color\">Canal de Alum\u00ednio para Faixa de Luz LED de 17mm para Montagem Superficial<\/mark><\/a> para um efeito de ilumina\u00e7\u00e3o mais amplo<\/li>\n\n\n\n<li>Confira <a href=\"https:\/\/tangooled.com\/pt\/product\/wardrobe-closet-hanging-rod-aluminum-led-profile-for-12mm-led-strip-lights\/\"><mark style=\"background-color:rgba(0, 0, 0, 0)\" class=\"has-inline-color has-vivid-red-color\">Perfil de Alum\u00ednio para Fitas LED de 12mm para Barra de Pendurar em Guarda-Roupa<\/mark><\/a> para solu\u00e7\u00f5es de ilumina\u00e7\u00e3o de closet<\/li>\n<\/ul>\n<\/div><\/div>\n\n\n\n<div class=\"wp-block-group\" style=\"padding-top:var(--wp--preset--spacing--80);padding-bottom:var(--wp--preset--spacing--80)\"><div class=\"wp-block-group__inner-container is-layout-constrained wp-block-group-is-layout-constrained\">\n<h2 class=\"wp-block-heading\" style=\"font-size:25px;font-style:normal;font-weight:600;text-transform:capitalize\">Resumo<\/h2>\n\n\n\n<p>O nosso canal de alum\u00ednio LED redondo de 20mm para fitas LED de 12mm \u00e9 uma escolha inteligente para quem deseja uma apar\u00eancia limpa e uniforme, al\u00e9m de confiabilidade na dissipa\u00e7\u00e3o de calor e prote\u00e7\u00e3o. Funciona bem como uma luz pendente, luz de barra de guarda-roupa ou luz sob arm\u00e1rio. O difusor liso e sem pontos transforma pontos de luz em um brilho linear suave. Ideal para muitos usos, \u00e9 compat\u00edvel com todas as fitas LED padr\u00e3o de 12mm a 12V ou 24V.<\/p>\n<\/div><\/div>\n\n\n\n<p><\/p>","protected":false},"featured_media":14282,"template":"","meta":{"_acf_changed":true,"_seopress_robots_primary_cat":"none","_seopress_titles_title":"20mm Round LED Profile Aluminum Channel AR01 | TANGOOLED","_seopress_titles_desc":"The AR01 is a 20mm round led profile designed for 12mm strips. Create elegant pendant lights or decorative luminous tubes with this circular aluminum channel. Perfect for modern interior accents.","_seopress_robots_index":""},"pcb-width":[228],"product-cat":[234],"class_list":{"0":"post-35252","1":"product","2":"type-product","3":"status-publish","4":"has-post-thumbnail","6":"pcb-width-6-12mm","7":"product-cat-round-tube-profile"},"acf":[],"_links":{"self":[{"href":"https:\/\/tangooled.com\/pt\/wp-json\/wp\/v2\/product\/35252","targetHints":{"allow":["GET"]}}],"collection":[{"href":"https:\/\/tangooled.com\/pt\/wp-json\/wp\/v2\/product"}],"about":[{"href":"https:\/\/tangooled.com\/pt\/wp-json\/wp\/v2\/types\/product"}],"wp:featuredmedia":[{"embeddable":true,"href":"https:\/\/tangooled.com\/pt\/wp-json\/wp\/v2\/media\/14282"}],"wp:attachment":[{"href":"https:\/\/tangooled.com\/pt\/wp-json\/wp\/v2\/media?parent=35252"}],"wp:term":[{"taxonomy":"pcb-width","embeddable":true,"href":"https:\/\/tangooled.com\/pt\/wp-json\/wp\/v2\/pcb-width?post=35252"},{"taxonomy":"product-cat","embeddable":true,"href":"https:\/\/tangooled.com\/pt\/wp-json\/wp\/v2\/product-cat?post=35252"}],"curies":[{"name":"wp","href":"https:\/\/api.w.org\/{rel}","templated":true}]}}